{"id":2994,"date":"2017-01-04T11:37:21","date_gmt":"2017-01-04T11:37:21","guid":{"rendered":"https:\/\/www.hotelarcadia.net\/breakfast\/"},"modified":"2022-04-08T17:16:56","modified_gmt":"2022-04-08T17:16:56","slug":"fruhstuck","status":"publish","type":"page","link":"https:\/\/hotelarcadia.net\/de\/hotel\/fruhstuck\/","title":{"rendered":"FR\u00dcHST\u00dcCK"},"content":{"rendered":"<p>Das Fr\u00fchst\u00fcck im Arcadia Boutique Hotel zu genie\u00dfen, ist ein ganz besonderes Erlebnis, ein einzigartiger und raffinierter Moment, der aus Tausend magischen Empfindungen besteht.<br \/>\nDer gro\u00dfe Salon auf unserer Beletage bildet die Kulisse. Sie k\u00f6nnen hier, unterst\u00fctzt von der Eleganz eines zeitlosen Raums, die Emotion erleben, in die goldenen Jahre Venedigs im 18. Jahrhundert zur\u00fcckkatapultiert zu werden.<br \/>\nW\u00e4hrend unser prachtvoller Kronleuchter aus Muranoglas schweigend kontrolliert, ob alles perfekt vonstattengeht, und das Morgenlicht durch das gro\u00dfe vierbogige Fenster in den Salon f\u00e4llt, k\u00f6nnen Sie sich ohne Eile entspannen und eine gro\u00dfe Auswahl der besten italienischen Produkte genie\u00dfen, die mit Sorgfalt gew\u00e4hlt wurden, um Ihrem Geschmack und Wohlbefinden nur das Beste zu bieten.<br \/>\nVon Keksen und Konditoreikuchen bis zu Bio-Marmeladen, von hausgemachten herzhaften Kuchen bis zu Eiern, hier wurde alles mit Liebe ausgew\u00e4hlt und ist immer ausschlie\u00dflich frisch.<br \/>\nWir erwarten Sie hier, um Sie mit einem warmen L\u00e4cheln zu begr\u00fc\u00dfen und um Sie bei Ihrem leckersten Erwachen aller Zeiten zu begleiten.<br \/>\nUnd warum nicht, auch um Ihnen stolz einen unserer mittlerweile ber\u00fchmten und hochgesch\u00e4tzten Cappuccini anzubieten.<\/p>\n","protected":false},"excerpt":{"rendered":"<p>Das Fr\u00fchst\u00fcck im Arcadia Boutique Hotel zu genie\u00dfen, ist ein ganz besonderes Erlebnis, ein einzigartiger und raffinierter Moment, der aus Tausend magischen Empfindungen besteht. Der gro\u00dfe Salon auf unserer Beletage bildet die Kulisse. Sie k\u00f6nnen hier, unterst\u00fctzt von der Eleganz eines zeitlosen Raums, die Emotion erleben, in die goldenen Jahre Venedigs im 18. Jahrhundert zur\u00fcckkatapultiert [&hellip;]<\/p>\n","protected":false},"author":1,"featured_media":4618,"parent":3009,"menu_order":0,"comment_status":"closed","ping_status":"closed","template":"template-pages-arcadia.php","meta":{"_acf_changed":false,"footnotes":""},"class_list":["post-2994","page","type-page","status-publish","has-post-thumbnail","hentry"],"acf":[],"_links":{"self":[{"href":"https:\/\/hotelarcadia.net\/de\/wp-json\/wp\/v2\/pages\/2994","targetHints":{"allow":["GET"]}}],"collection":[{"href":"https:\/\/hotelarcadia.net\/de\/wp-json\/wp\/v2\/pages"}],"about":[{"href":"https:\/\/hotelarcadia.net\/de\/wp-json\/wp\/v2\/types\/page"}],"author":[{"embeddable":true,"href":"https:\/\/hotelarcadia.net\/de\/wp-json\/wp\/v2\/users\/1"}],"replies":[{"embeddable":true,"href":"https:\/\/hotelarcadia.net\/de\/wp-json\/wp\/v2\/comments?post=2994"}],"version-history":[{"count":0,"href":"https:\/\/hotelarcadia.net\/de\/wp-json\/wp\/v2\/pages\/2994\/revisions"}],"up":[{"embeddable":true,"href":"https:\/\/hotelarcadia.net\/de\/wp-json\/wp\/v2\/pages\/3009"}],"wp:featuredmedia":[{"embeddable":true,"href":"https:\/\/hotelarcadia.net\/de\/wp-json\/wp\/v2\/media\/4618"}],"wp:attachment":[{"href":"https:\/\/hotelarcadia.net\/de\/wp-json\/wp\/v2\/media?parent=2994"}],"curies":[{"name":"wp","href":"https:\/\/api.w.org\/{rel}","templated":true}]}}