{"id":3012,"date":"2021-12-01T16:17:57","date_gmt":"2021-12-01T16:17:57","guid":{"rendered":"https:\/\/www.hotelarcadia.net\/feel-safe-with-us\/"},"modified":"2022-04-08T15:55:19","modified_gmt":"2022-04-08T15:55:19","slug":"sicher-reisen","status":"publish","type":"page","link":"https:\/\/hotelarcadia.net\/de\/sicher-reisen\/","title":{"rendered":"SICHER REISEN!"},"content":{"rendered":"\n<p class=\"has-text-align-left\">Jetzt, wo wir endlich wieder reisen k\u00f6nnen, ist es wichtig, dies in v\u00f6lliger Sicherheit und Gelassenheit tun zu k\u00f6nnen. Aus diesem Grund m\u00f6chten wir alle Ihren Aufenthalt in unserem eleganten Boutiquehotel nicht nur unvergesslich, sondern auch besonders sicher gestalten, jeden Tag und bei all unseren Aktivit\u00e4ten. Immer und auf jeden Fall.<br>Wir haben daher eine ganze Reihe von Ma\u00dfnahmen untersucht und umgesetzt, die von Sicherheitsexperten genehmigt wurden, um Ihnen und uns gleicherma\u00dfen eine stets hygienische und sichere Umgebung zu garantieren.<br>Wir wissen, dass diese Ma\u00dfnahmen manchmal l\u00e4stig sind und in einigen F\u00e4llen Standardleistungen einschr\u00e4nken k\u00f6nnen<br>wie beispielsweise im Fr\u00fchst\u00fccksraum, aber wir glauben fest daran, dass dies zum Wohl und zur Sicherheit aller getan werden muss.<\/p>\n\n\n\n<p class=\"has-text-align-left\">Fortschrittliche digitale Dienste Zur Minimierung der Interaktion und des direkten Kontakts mit Oberfl\u00e4chen bieten wir unseren G\u00e4sten auf Wunsch ein Online-Service f\u00fcr Check-in, Check-out, Zahlung und Zimmerauswahl, der die Interaktion mit dem Personal begrenzt.<\/p>\n\n\n\n<p class=\"has-text-align-left\">Verbesserte Hygiene- und Desinfizierungsprotokolle Unser Hotel befolgt Protokolle, die von der Weltgesundheitsorganisation genehmigten wurden und auf zertifizierten Gesundheitsstandards basieren.<\/p>\n\n\n\n<p class=\"has-text-align-left\">\u25cf Oberfl\u00e4chenreinigung in Gemeinschaftsbereichen&nbsp;\u2013 Rezeption, Lobby, Korridore, Toiletten und andere Gemeinschaftsbereiche des Hotels werden gem\u00e4\u00df den empfohlenen Hygieneprotokollen mit den empfohlenen Produkten und H\u00e4ufigkeiten desinfiziert.<br>\u25cf Desinfektion von Umgebungen&nbsp;\u2013 wir verwenden Technologien und hochwirksame Reinigungsprodukte auf allen Oberfl\u00e4chen, Gegenst\u00e4nden und Einrichtungsgegenst\u00e4nden sowie gepr\u00fcfte Protokolle beim Waschen von Stoffen.<br>\u25cf Sterilisation des Fr\u00fchst\u00fccksraums und der Utensilien&nbsp;\u2013 Verwendung von Reinigungsprodukten und Praktiken gem\u00e4\u00df den Krankenhausprotokollen.<\/p>\n\n\n\n<p class=\"has-text-align-left\"><strong>Protokolle und individuelle Schutzvorrichtungen<\/strong><br>Wir bieten allen unseren G\u00e4sten, Mitarbeitenden und Lieferunternehmen w\u00e4hrend ihres Aufenthalts Schutzvorrichtungen.<br>\u25cf Schutz- und Hygienevorrichtungen f\u00fcr G\u00e4ste\u00a0\u2013 Zugang zu Desinfektionsgel und Masken w\u00e4hrend des Aufenthalts.<br>\u25cf Schutz der Mitarbeitenden\u00a0\u2013 Mitarbeitende des Hotels haben Zugang zu den notwendigen Vorrichtungen, um ihre Arbeit unter maximaler Gew\u00e4hrleistung der Gesundheit auszuf\u00fchren.<br>\u25cf Obligatorische Ausr\u00fcstung f\u00fcr Lieferunternehmen\u00a0\u2013 Lieferunternehmen, die das Hotel betreten, m\u00fcssen die erforderlichen Sicherheitsma\u00dfnahmen treffen.<\/p>\n\n\n\n<p class=\"has-text-align-left\"><strong>Gesundheits- und Sicherheitsprotokolle f\u00fcr Mitarbeitende<\/strong><br>F\u00fcr zus\u00e4tzliche Sicherheit sind alle unsere Mitarbeitenden angehalten, die Hygienevorschriften am Arbeitsplatz einzuhalten.<br>\u25cf T\u00e4gliche Kontrollverfahren\u00a0\u2013 Mitarbeitende werden vor und nach jeder Schicht kontrolliert.<br>\u25cf Fr\u00fcherkennungsprotokolle\u00a0\u2013 und Interventionsma\u00dfnahmen bei gesundheitlichen Problemen der G\u00e4ste mit m\u00f6glicher Isolierung, Schutzvorrichtung, Interaktion mit medizinischen Diensten und Transportlogistik.<br>\u25cf Fachpersonalschulung\u00a0\u2013 in Bezug auf die Einhaltung von Sicherheitsprotokollen und -praktiken gem\u00e4\u00df den Gesundheitsvorschriften.<\/p>\n\n\n\n<p class=\"has-text-align-left\"><strong>Gesundheits- und Sicherheitsbeauftragte Person des Hotels<\/strong><br>Wir haben in unserem Hotel eine mit der Gesundheit und Sicherheit beauftragte Person, die \u00fcber besondere Erfahrung bei der Einf\u00fchrung neuer Ma\u00dfnahmen und der Schulung aller Mitarbeitenden verf\u00fcgt.<br>\u25cf Ma\u00dfnahmeneinf\u00fchrung\u00a0\u2013 verantwortlich f\u00fcr die Einf\u00fchrung und Aktualisierung der notwendigen Ma\u00dfnahmen.<br>\u25cf Schulung der Mitarbeitenden\u00a0\u2013 unterweist alle Mitarbeitende in Verfahren, die zum Schutz anderer erforderlich sind,<br>Mitarbeitende, G\u00e4ste und Lieferunternehmen.<\/p>\n","protected":false},"excerpt":{"rendered":"<p>Jetzt, wo wir endlich wieder reisen k\u00f6nnen, ist es wichtig, dies in v\u00f6lliger Sicherheit und Gelassenheit tun zu k\u00f6nnen. Aus diesem Grund m\u00f6chten wir alle Ihren Aufenthalt in unserem eleganten Boutiquehotel nicht nur unvergesslich, sondern auch besonders sicher gestalten, jeden Tag und bei all unseren Aktivit\u00e4ten. Immer und auf jeden Fall.Wir haben daher eine ganze [&hellip;]<\/p>\n","protected":false},"author":1,"featured_media":0,"parent":0,"menu_order":0,"comment_status":"closed","ping_status":"closed","template":"","meta":{"_acf_changed":false,"footnotes":""},"class_list":["post-3012","page","type-page","status-publish","hentry"],"acf":[],"_links":{"self":[{"href":"https:\/\/hotelarcadia.net\/de\/wp-json\/wp\/v2\/pages\/3012","targetHints":{"allow":["GET"]}}],"collection":[{"href":"https:\/\/hotelarcadia.net\/de\/wp-json\/wp\/v2\/pages"}],"about":[{"href":"https:\/\/hotelarcadia.net\/de\/wp-json\/wp\/v2\/types\/page"}],"author":[{"embeddable":true,"href":"https:\/\/hotelarcadia.net\/de\/wp-json\/wp\/v2\/users\/1"}],"replies":[{"embeddable":true,"href":"https:\/\/hotelarcadia.net\/de\/wp-json\/wp\/v2\/comments?post=3012"}],"version-history":[{"count":0,"href":"https:\/\/hotelarcadia.net\/de\/wp-json\/wp\/v2\/pages\/3012\/revisions"}],"wp:attachment":[{"href":"https:\/\/hotelarcadia.net\/de\/wp-json\/wp\/v2\/media?parent=3012"}],"curies":[{"name":"wp","href":"https:\/\/api.w.org\/{rel}","templated":true}]}}