{"id":3018,"date":"2017-06-13T08:10:41","date_gmt":"2017-06-13T08:10:41","guid":{"rendered":"https:\/\/www.hotelarcadia.net\/palazzo\/"},"modified":"2025-04-29T09:06:27","modified_gmt":"2025-04-29T09:06:27","slug":"der-palazzo","status":"publish","type":"page","link":"https:\/\/hotelarcadia.net\/de\/hotel\/der-palazzo\/","title":{"rendered":"DER PALAZZO"},"content":{"rendered":"<p>Bei der Restaurierung des Palazzo wurde versucht, ein dynamisches Gleichgewicht zwischen der Architektur, den urspr\u00fcnglichen Dekorationen und den modernsten Technologien aufrechtzuerhalten. Dabei ist es unser Anliegen, den Dialog zwischen Antike und Moderne st\u00e4ndig weiter zu f\u00fchren.<br \/>\nUnd vor allem die hundertj\u00e4hrige Pers\u00f6nlichkeit eines eindrucksvollen und prestigetr\u00e4chtigen Geb\u00e4udes mit tiefem Respekt zu bewahren.<br \/>\nDer wahre und unbestreitbare Herr des Hauses ist der majest\u00e4tische Kronleuchter aus Muranoglas, der seit Jahrhunderten schweigend die Beletage des Palazzo bewacht und dominiert.<br \/>\nWer wei\u00df, wie viele Geschichten er in all den Jahren gesehen hat, wie viele Liebschaften, Verschw\u00f6rungen und Intrigen&nbsp;&#8230; und wie viele G\u00e4ste ihn w\u00e4hrend der Tausend pr\u00e4chtigen Feste bewundert und begehrt haben, wer wei\u00df&nbsp;&#8230;<br \/>\nEr allein ist der wahre Zeuge der Erinnerung dieser Mauern und der zwei wohlhabenden Patrizierfamilien, die hier gelebt haben.<br \/>\nUnd er ist es immer noch, der das Leben in unserem kleinen Boutiquehotel zwar nur schweigend \u00fcberwacht, aber auch immer mit einem gewissen autorit\u00e4ren Stirnrunzeln \u00fcberpr\u00fcft, ob alles optimal vonstattengeht&nbsp;&#8230;<\/p>\n<p>In Venedig kommt es oft vor, dass sich Realit\u00e4t und Fiktion verflechten, und jeder Palazzo, der diesen Namen verdient, hat hier seine Geschichte, seine Geheimnisse und seine Mysterien.<br \/>\nNat\u00fcrlich ist unserer keine Ausnahme. Der antike Kronleuchter hat sie alle gesehen und sich jahrelang schweigend und aristokratisch zur\u00fcckgehalten.<br \/>\nAn einem etwas melancholischen Abend vor ein paar Jahren war er jedoch seltsamerweise in einer vertraulichen Stimmung und erz\u00e4hlte mir eines seiner Geheimnisse&nbsp;&#8230;<br \/>\nWenn Sie mehr wissen m\u00f6chten, werfen Sie einen Blick in das&nbsp; <a style=\"font-size: inherit;\" href=\"\/?page_id=2456\" target=\"_blank\" rel=\"noopener\"><strong>Arcadia History Book.<\/strong><\/a><\/p>\n","protected":false},"excerpt":{"rendered":"<p>Bei der Restaurierung des Palazzo wurde versucht, ein dynamisches Gleichgewicht zwischen der Architektur, den urspr\u00fcnglichen Dekorationen und den modernsten Technologien aufrechtzuerhalten. Dabei ist es unser Anliegen, den Dialog zwischen Antike und Moderne st\u00e4ndig weiter zu f\u00fchren. Und vor allem die hundertj\u00e4hrige Pers\u00f6nlichkeit eines eindrucksvollen und prestigetr\u00e4chtigen Geb\u00e4udes mit tiefem Respekt zu bewahren. Der wahre und [&hellip;]<\/p>\n","protected":false},"author":1,"featured_media":3488,"parent":3009,"menu_order":0,"comment_status":"closed","ping_status":"closed","template":"template-pages-2-arcadia.php","meta":{"_acf_changed":false,"footnotes":""},"class_list":["post-3018","page","type-page","status-publish","has-post-thumbnail","hentry"],"acf":[],"_links":{"self":[{"href":"https:\/\/hotelarcadia.net\/de\/wp-json\/wp\/v2\/pages\/3018","targetHints":{"allow":["GET"]}}],"collection":[{"href":"https:\/\/hotelarcadia.net\/de\/wp-json\/wp\/v2\/pages"}],"about":[{"href":"https:\/\/hotelarcadia.net\/de\/wp-json\/wp\/v2\/types\/page"}],"author":[{"embeddable":true,"href":"https:\/\/hotelarcadia.net\/de\/wp-json\/wp\/v2\/users\/1"}],"replies":[{"embeddable":true,"href":"https:\/\/hotelarcadia.net\/de\/wp-json\/wp\/v2\/comments?post=3018"}],"version-history":[{"count":0,"href":"https:\/\/hotelarcadia.net\/de\/wp-json\/wp\/v2\/pages\/3018\/revisions"}],"up":[{"embeddable":true,"href":"https:\/\/hotelarcadia.net\/de\/wp-json\/wp\/v2\/pages\/3009"}],"wp:featuredmedia":[{"embeddable":true,"href":"https:\/\/hotelarcadia.net\/de\/wp-json\/wp\/v2\/media\/3488"}],"wp:attachment":[{"href":"https:\/\/hotelarcadia.net\/de\/wp-json\/wp\/v2\/media?parent=3018"}],"curies":[{"name":"wp","href":"https:\/\/api.w.org\/{rel}","templated":true}]}}