{"id":3093,"date":"2017-10-18T11:00:23","date_gmt":"2017-10-18T11:00:23","guid":{"rendered":"https:\/\/www.hotelarcadia.net\/privacy\/"},"modified":"2022-04-08T06:34:09","modified_gmt":"2022-04-08T06:34:09","slug":"privacy","status":"publish","type":"page","link":"https:\/\/hotelarcadia.net\/de\/privacy\/","title":{"rendered":"Privacy"},"content":{"rendered":"<p>Informationen gem\u00e4\u00df Artikel 13<br \/>\nVerordnung (EU) 2016\/679<\/p>\n<p>Wir m\u00f6chten Sie dar\u00fcber informieren, dass die EU-Verordnung 2016\/679 die Verarbeitung von personenbezogenen Daten nat\u00fcrlicher Personen regelt. Gem\u00e4\u00df der oben genannten Verordnung wird diese Verarbeitung auf den Grunds\u00e4tzen der Korrektheit, Rechtm\u00e4\u00dfigkeit, Transparenz und des Schutzes Ihrer personenbezogenen Daten und Ihrer Rechte beruhen.<br \/>\nDer Unterzeichner teilt Ihnen mit, dass er f\u00fcr die Aufnahme und Durchf\u00fchrung der laufenden vertraglichen Beziehungen mit Ihnen im Besitz von Daten ist, die sich auf Sie beziehen und die er auch m\u00fcndlich, direkt oder \u00fcber Dritte erhalten hat und die nach der oben genannten Verordnung als personenbezogen gelten.<\/p>\n<p>Gem\u00e4\u00df Art. 13 des GDPR stellen wir Ihnen daher die folgenden Informationen zur Verf\u00fcgung:<\/p>\n<p>1. Identit\u00e4t und Kontaktangaben des f\u00fcr die Datenverarbeitung Verantwortlichen<br \/>\nBianco Hotel S.r.l., Piazza Brescia, 10\/A 30016 Jesolo (VE), P.IVA &#8211; C.F. 03229600279, Telefon 041 717355, Fax 041 714361, E-Mail: info@hotelarcadia.net<\/p>\n<p>2. Zwecke, Rechtsgrundlage der Verarbeitung, f\u00fcr die die Daten bestimmt sind Die Verarbeitung erfolgt zu folgenden Zwecken:<br \/>\na) Analyse der Gesamtheit der Besuche auf der Website zu statistischen Zwecken: Die Informatiksysteme und Softwareverfahren, die f\u00fcr den Betrieb dieser Website verwendet werden, erfassen w\u00e4hrend ihres normalen Betriebs einige personenbezogene Daten, deren \u00dcbermittlung bei der Verwendung von Internet-Kommunikationsprotokollen implizit ist. In Bezug auf Cookies von Drittanbietern ist anzumerken, dass der Autor Instrumente eingesetzt hat, die die Macht der<br \/>\nDer Dritte kann die gesammelten Informationen nicht mit anderen ihm zur Verf\u00fcgung stehenden Informationen abgleichen;<br \/>\nb) Vom Nutzer freiwillig zur Verf\u00fcgung gestellte Daten: Das fakultative, ausdr\u00fcckliche und freiwillige Versenden von elektronischer Post an die auf dieser Website angegebenen Adressen hat zur Folge, dass die Adresse des Absenders, die f\u00fcr die Beantwortung von Anfragen erforderlich ist, sowie alle anderen in der Nachricht enthaltenen personenbezogenen Daten erfasst werden.<\/p>\n<p>3. Dauer der Datenspeicherung<br \/>\nCookies werden auf dem Ger\u00e4t des Besuchers f\u00fcr den Zeitraum gespeichert, der f\u00fcr jedes Cookie vorgesehen ist (weitere Informationen finden Sie auf der Seite Cookie-Richtlinie).<\/p>\n<p>4. Verarbeitungsmethoden<br \/>\nDie Verarbeitung erfolgt mit Hilfe von IT-Tools und\/oder Papierunterlagen.<\/p>\n<p>5. Art der personenbezogenen Daten<br \/>\nIhre pers\u00f6nlichen Daten und Navigationsdaten werden verarbeitet.<\/p>\n<p>6. Obligatorischer oder fakultativer Charakter der Verleihung<br \/>\nDie Bereitstellung der Daten ist obligatorisch, soweit sie f\u00fcr die oben genannten Zwecke erforderlich ist.<\/p>\n<p>7. Umfang der Kommunikation und Verbreitung der Daten<br \/>\nDie auf der Website enthaltenen Daten k\u00f6nnen f\u00fcr die Wartung und Aktualisierung der Website selbst und durch den Anbieter der Website selbst an externe Lieferanten weitergegeben werden. Die Daten werden jedoch nicht au\u00dferhalb der EU weitergegeben.<\/p>\n<p>8. Rechte der betroffenen Partei<br \/>\nIn Bezug auf die Daten selbst kann Ihr Unternehmen die in Artikel 15 (Zugang), 16 (Berichtigung), 17 (L\u00f6schung), 18 (Einschr\u00e4nkung), 20 (\u00dcbertragbarkeit) und 21 (Widerspruch) der Verordnung vorgesehenen Rechte aus\u00fcben.<\/p>\n<p>9. Widerruf der Zustimmung zur Verarbeitung und Aus\u00fcbung der Rechte nach Abschnitt 8<br \/>\nWenn Sie weitere Informationen \u00fcber die Verarbeitung Ihrer personenbezogenen Daten erhalten m\u00f6chten, wenn Sie die unter Punkt 8 genannten Rechte aus\u00fcben m\u00f6chten oder wenn Sie Ihre Zustimmung zur Verarbeitung Ihrer personenbezogenen Daten widerrufen m\u00f6chten, k\u00f6nnen Sie ein Einschreiben mit R\u00fcckschein an die unter Punkt 1 angegebene Adresse senden.<\/p>\n<p>10. Recht auf Beschwerde bei einer Aufsichtsbeh\u00f6rde<br \/>\nSie haben das Recht, bei einer Aufsichtsbeh\u00f6rde eine Beschwerde gem\u00e4\u00df den gesetzlichen Bestimmungen einzureichen. Nachstehend finden Sie einen Verweis auf die Website des Garante della Privacy (Datenschutzgarant), auf der Sie erfahren k\u00f6nnen, wie Sie Ihre Daten sch\u00fctzen k\u00f6nnen: <a href=\"https:\/\/www.garanteprivacy.it\/home\/diritti\/come-agire-per-tutelare-i-tuoi-dati-personali\" target=\"_blank\" rel=\"noopener\">Datenschutz-Garant<\/a><\/p>\n","protected":false},"excerpt":{"rendered":"<p>Informationen gem\u00e4\u00df Artikel 13 Verordnung (EU) 2016\/679 Wir m\u00f6chten Sie dar\u00fcber informieren, dass die EU-Verordnung 2016\/679 die Verarbeitung von personenbezogenen Daten nat\u00fcrlicher Personen regelt. Gem\u00e4\u00df der oben genannten Verordnung wird diese Verarbeitung auf den Grunds\u00e4tzen der Korrektheit, Rechtm\u00e4\u00dfigkeit, Transparenz und des Schutzes Ihrer personenbezogenen Daten und Ihrer Rechte beruhen. Der Unterzeichner teilt Ihnen mit, dass [&hellip;]<\/p>\n","protected":false},"author":1,"featured_media":0,"parent":0,"menu_order":0,"comment_status":"closed","ping_status":"closed","template":"","meta":{"_acf_changed":false,"footnotes":""},"class_list":["post-3093","page","type-page","status-publish","hentry"],"acf":[],"_links":{"self":[{"href":"https:\/\/hotelarcadia.net\/de\/wp-json\/wp\/v2\/pages\/3093","targetHints":{"allow":["GET"]}}],"collection":[{"href":"https:\/\/hotelarcadia.net\/de\/wp-json\/wp\/v2\/pages"}],"about":[{"href":"https:\/\/hotelarcadia.net\/de\/wp-json\/wp\/v2\/types\/page"}],"author":[{"embeddable":true,"href":"https:\/\/hotelarcadia.net\/de\/wp-json\/wp\/v2\/users\/1"}],"replies":[{"embeddable":true,"href":"https:\/\/hotelarcadia.net\/de\/wp-json\/wp\/v2\/comments?post=3093"}],"version-history":[{"count":0,"href":"https:\/\/hotelarcadia.net\/de\/wp-json\/wp\/v2\/pages\/3093\/revisions"}],"wp:attachment":[{"href":"https:\/\/hotelarcadia.net\/de\/wp-json\/wp\/v2\/media?parent=3093"}],"curies":[{"name":"wp","href":"https:\/\/api.w.org\/{rel}","templated":true}]}}