{"id":3096,"date":"2017-06-13T08:09:56","date_gmt":"2017-06-13T08:09:56","guid":{"rendered":"https:\/\/www.hotelarcadia.net\/pure-emotions\/"},"modified":"2025-04-02T13:04:53","modified_gmt":"2025-04-02T13:04:53","slug":"pure-emotionen","status":"publish","type":"page","link":"https:\/\/hotelarcadia.net\/de\/hotel\/pure-emotionen\/","title":{"rendered":"PURE EMOTIONEN"},"content":{"rendered":"<p>Lassen Sie unsere Gastfreundschaft und unseren zuvorkommenden und diskreten Service Ihren Geist und Ihr Herz erw\u00e4rmen, so wie es eine Unterbringung bei lieben Freunden zu Hause vermag.<br \/>\nDas Arcadia Boutique Hotel ist der perfekte Erholungsort f\u00fcr Ihren Urlaub im chaotischen Venedig. Wir bieten eine unerwartete Synthese aus raffinierter Einfachheit, bestehend aus vielen kleinen, aber wichtigen Details und der diskreten Harmonie, die unseren Empfang begleitet.<\/p>\n<p>F\u00fcr unser Zuhause und f\u00fcr Sie haben wir mit Liebe und Stolz nur die besten Materialien ausgew\u00e4hlt.<br \/>\nZum Teil, weil es uns am Herzen liegt, alles richtig zu machen, aber vor allem, um eine einwandfreie und kompromisslose Qualit\u00e4t w\u00e4hrend Ihres Aufenthalts zu gew\u00e4hrleisten.<\/p>\n","protected":false},"excerpt":{"rendered":"<p>Lassen Sie unsere Gastfreundschaft und unseren zuvorkommenden und diskreten Service Ihren Geist und Ihr Herz erw\u00e4rmen, so wie es eine Unterbringung bei lieben Freunden zu Hause vermag. Das Arcadia Boutique Hotel ist der perfekte Erholungsort f\u00fcr Ihren Urlaub im chaotischen Venedig. Wir bieten eine unerwartete Synthese aus raffinierter Einfachheit, bestehend aus vielen kleinen, aber wichtigen [&hellip;]<\/p>\n","protected":false},"author":1,"featured_media":4492,"parent":3009,"menu_order":0,"comment_status":"closed","ping_status":"closed","template":"template-pages-arcadia.php","meta":{"_acf_changed":false,"footnotes":""},"class_list":["post-3096","page","type-page","status-publish","has-post-thumbnail","hentry"],"acf":[],"_links":{"self":[{"href":"https:\/\/hotelarcadia.net\/de\/wp-json\/wp\/v2\/pages\/3096","targetHints":{"allow":["GET"]}}],"collection":[{"href":"https:\/\/hotelarcadia.net\/de\/wp-json\/wp\/v2\/pages"}],"about":[{"href":"https:\/\/hotelarcadia.net\/de\/wp-json\/wp\/v2\/types\/page"}],"author":[{"embeddable":true,"href":"https:\/\/hotelarcadia.net\/de\/wp-json\/wp\/v2\/users\/1"}],"replies":[{"embeddable":true,"href":"https:\/\/hotelarcadia.net\/de\/wp-json\/wp\/v2\/comments?post=3096"}],"version-history":[{"count":0,"href":"https:\/\/hotelarcadia.net\/de\/wp-json\/wp\/v2\/pages\/3096\/revisions"}],"up":[{"embeddable":true,"href":"https:\/\/hotelarcadia.net\/de\/wp-json\/wp\/v2\/pages\/3009"}],"wp:featuredmedia":[{"embeddable":true,"href":"https:\/\/hotelarcadia.net\/de\/wp-json\/wp\/v2\/media\/4492"}],"wp:attachment":[{"href":"https:\/\/hotelarcadia.net\/de\/wp-json\/wp\/v2\/media?parent=3096"}],"curies":[{"name":"wp","href":"https:\/\/api.w.org\/{rel}","templated":true}]}}