{"id":3099,"date":"2017-01-03T12:12:25","date_gmt":"2017-01-03T12:12:25","guid":{"rendered":"https:\/\/www.hotelarcadia.net\/reach-the-hotel\/"},"modified":"2025-04-29T08:55:23","modified_gmt":"2025-04-29T08:55:23","slug":"unser-standort","status":"publish","type":"page","link":"https:\/\/hotelarcadia.net\/de\/unser-standort\/","title":{"rendered":"UNSER STANDORT"},"content":{"rendered":"<p>Venedig ist die sch\u00f6nste Stadt der Welt, ein einzigartiger und magischer Ort, der sich im Laufe der Zeit ver\u00e4ndert hat, sich aber am Ende immer treu geblieben ist.<br \/>\nF\u00fcr die Stadt z\u00e4hlt es nicht, ob Sie sie zum ersten Mal besuchen oder ob Sie schon ihre verborgensten Ecken kennen. Sie spricht immer direkt zu Ihrem Herzen und sobald Sie hier sind, werden Sie sehen, dass sich alles ver\u00e4ndert und Sie werden beginnen, die Dinge mit neuen Augen zu sehen.<br \/>\nJedes Sestiere der Stadt ist f\u00fcr sich genommen einzigartig und reich an Geschichte, aber unser Cannaregio ist wirklich das sch\u00f6nste und faszinierendste Viertel. Sie glauben mir nicht?<br \/>\nHier \u00e4ndert sich je nach Tages- oder Jahreszeit st\u00e4ndig alles.<br \/>\nAm Morgen ist die \u201eStrada Nova\u201c voller Aktivit\u00e4ten, Ger\u00e4usche, Venezianer und Gesch\u00e4ftsleute, die sich unterhalten und feilschen, Bars und Gesch\u00e4fte, die G\u00e4ste und Touristen unterhalten, als h\u00e4tten wir die B\u00fchne eines gro\u00dfen Theaters vor uns.<br \/>\nAm Abend jedoch \u00e4ndert sich alles und wie durch Zauber h\u00f6rt man nur noch die Brise der Lagune oder den Gesang einer M\u00f6we oder eines Liebhabers&nbsp;&#8230;<br \/>\nBiegen Sie einfach um die Ecke unseres kleinen Hotels und verirren Sie sich in den Gassen und Fundamenten von Cannaregio. So k\u00f6nnen Sie sofort in das Venedig des 17. oder 14., 15. oder 16. Jahrhunderts eintauchen&nbsp;&#8230;<br \/>\nHier erinnert alles an eine glorreiche und bewegte Vergangenheit, ein byzantinischer Kleeblattbogen hier, ein hohes osmanisches Relief dort, ein napoleonischer Friedhof auf der anderen Seite des Kanals&nbsp;&#8230;<br \/>\nSie sind genau hier, wo Stille auf Wasser trifft und wo die Sterne Ihre Emotionen bet\u00f6ren.<\/p>\n","protected":false},"excerpt":{"rendered":"<p>Venedig ist die sch\u00f6nste Stadt der Welt, ein einzigartiger und magischer Ort, der sich im Laufe der Zeit ver\u00e4ndert hat, sich aber am Ende immer treu geblieben ist. F\u00fcr die Stadt z\u00e4hlt es nicht, ob Sie sie zum ersten Mal besuchen oder ob Sie schon ihre verborgensten Ecken kennen. Sie spricht immer direkt zu Ihrem [&hellip;]<\/p>\n","protected":false},"author":1,"featured_media":3676,"parent":0,"menu_order":0,"comment_status":"closed","ping_status":"closed","template":"template-pages-arcadia.php","meta":{"_acf_changed":false,"footnotes":""},"class_list":["post-3099","page","type-page","status-publish","has-post-thumbnail","hentry"],"acf":[],"_links":{"self":[{"href":"https:\/\/hotelarcadia.net\/de\/wp-json\/wp\/v2\/pages\/3099","targetHints":{"allow":["GET"]}}],"collection":[{"href":"https:\/\/hotelarcadia.net\/de\/wp-json\/wp\/v2\/pages"}],"about":[{"href":"https:\/\/hotelarcadia.net\/de\/wp-json\/wp\/v2\/types\/page"}],"author":[{"embeddable":true,"href":"https:\/\/hotelarcadia.net\/de\/wp-json\/wp\/v2\/users\/1"}],"replies":[{"embeddable":true,"href":"https:\/\/hotelarcadia.net\/de\/wp-json\/wp\/v2\/comments?post=3099"}],"version-history":[{"count":0,"href":"https:\/\/hotelarcadia.net\/de\/wp-json\/wp\/v2\/pages\/3099\/revisions"}],"wp:featuredmedia":[{"embeddable":true,"href":"https:\/\/hotelarcadia.net\/de\/wp-json\/wp\/v2\/media\/3676"}],"wp:attachment":[{"href":"https:\/\/hotelarcadia.net\/de\/wp-json\/wp\/v2\/media?parent=3099"}],"curies":[{"name":"wp","href":"https:\/\/api.w.org\/{rel}","templated":true}]}}