{"id":3102,"date":"2017-01-30T17:13:51","date_gmt":"2017-01-30T17:13:51","guid":{"rendered":"https:\/\/www.hotelarcadia.net\/reach-the-hotel\/from-airports\/"},"modified":"2025-04-29T09:45:22","modified_gmt":"2025-04-29T09:45:22","slug":"vom-flughafen","status":"publish","type":"page","link":"https:\/\/hotelarcadia.net\/de\/unser-standort\/vom-flughafen\/","title":{"rendered":"VOM FLUGHAFEN"},"content":{"rendered":"<p><strong>VOM FLUGHAFEN VON VENEDIG \u201eMARCO POLO\u201c<\/strong><\/p>\n<p>Alilaguna&nbsp;\u2013 orangefarbene Linie: Steigen Sie nach 45 Minuten an der Haltestelle Guglie aus, biegen Sie rechts ab und dann, wenn Sie Ponte delle Guglie erreichen, biegen Sie links auf Rio Ter\u00e0 San Leonardo ab. Das Arcadia Boutique Hotel befindet sich nach 30 Metern auf der linken Seite.<\/p>\n<p>Privates Wassertaxi: Die Anlegestelle Ponte delle Guglie ist in 20 Minuten erreicht. Das Arcadia Boutique Hotel liegt 30 Meter weiter auf der linken Seite.<\/p>\n<p>ATVO-Bus oder ACTV-Bus, Linie 5: Sie erreichen Piazzale Roma in 25 Minuten.<\/p>\n<p>Taxi: Sie erreichen Piazzale Roma in 20 Minuten<br \/>\n*&nbsp;Nehmen Sie von Piazzale Roma die Vaporetto-Linie 4.2 oder 5.2 und steigen Sie an der Haltestelle Guglie aus. Biegen Sie rechts ab und dann, wenn Sie Ponte delle Guglie erreichen, biegen Sie links auf Rio Ter\u00e0 San Leonardo ab. Das Arcadia Boutique Hotel befindet sich nach 30 Metern auf der linken Seite.<br \/>\nAlternativ nehmen Sie die Linie 2 in Richtung San Marcuola-Casino. Wenn Sie die Hauptstra\u00dfe Rio Ter\u00e0 San Leonardo erreichen, biegen Sie links in Richtung Ponte delle Guglie ab. Das Arcadia Boutique Hotel befindet sich nach 200 Metern auf der rechten Seite vor der Br\u00fccke.<\/p>\n<p>Zu Fu\u00df: Das Arcadia Boutique Hotel ist in nur 10 Minuten zu Fu\u00df erreichbar. Nach Ponte di Calatrava gehen Sie geradeaus entlang der Lista di Spagna und \u00fcberqueren Sie Ponte delle Guglie. Das Arcadia Boutique Hotel liegt 30 Meter weiter auf der linken Seite.<\/p>\n<p>Privates Wassertaxi: Von der Anlegestelle Piazzale Roma ist die Anlegestelle Ponte delle Guglie in 5 Minuten zu erreichen. Das Arcadia Boutique Hotel befindet sich nach 30 Metern auf der linken Seite.<\/p>\n<hr>\n<p><strong>VOM FLUGHAFEN CANOVA VON TREVISO<\/strong><\/p>\n<p>ATVO-Buslinie \u201eVenezia-Piazzale Roma\u201c: Sie erreichen Piazzale Roma in 1 Stunde.<\/p>\n","protected":false},"excerpt":{"rendered":"<p>VOM FLUGHAFEN VON VENEDIG \u201eMARCO POLO\u201c Alilaguna&nbsp;\u2013 orangefarbene Linie: Steigen Sie nach 45 Minuten an der Haltestelle Guglie aus, biegen Sie rechts ab und dann, wenn Sie Ponte delle Guglie erreichen, biegen Sie links auf Rio Ter\u00e0 San Leonardo ab. Das Arcadia Boutique Hotel befindet sich nach 30 Metern auf der linken Seite. Privates Wassertaxi: [&hellip;]<\/p>\n","protected":false},"author":1,"featured_media":0,"parent":3099,"menu_order":0,"comment_status":"closed","ping_status":"closed","template":"","meta":{"_acf_changed":false,"footnotes":""},"class_list":["post-3102","page","type-page","status-publish","hentry"],"acf":[],"_links":{"self":[{"href":"https:\/\/hotelarcadia.net\/de\/wp-json\/wp\/v2\/pages\/3102","targetHints":{"allow":["GET"]}}],"collection":[{"href":"https:\/\/hotelarcadia.net\/de\/wp-json\/wp\/v2\/pages"}],"about":[{"href":"https:\/\/hotelarcadia.net\/de\/wp-json\/wp\/v2\/types\/page"}],"author":[{"embeddable":true,"href":"https:\/\/hotelarcadia.net\/de\/wp-json\/wp\/v2\/users\/1"}],"replies":[{"embeddable":true,"href":"https:\/\/hotelarcadia.net\/de\/wp-json\/wp\/v2\/comments?post=3102"}],"version-history":[{"count":0,"href":"https:\/\/hotelarcadia.net\/de\/wp-json\/wp\/v2\/pages\/3102\/revisions"}],"up":[{"embeddable":true,"href":"https:\/\/hotelarcadia.net\/de\/wp-json\/wp\/v2\/pages\/3099"}],"wp:attachment":[{"href":"https:\/\/hotelarcadia.net\/de\/wp-json\/wp\/v2\/media?parent=3102"}],"curies":[{"name":"wp","href":"https:\/\/api.w.org\/{rel}","templated":true}]}}