{"id":3105,"date":"2017-01-30T17:34:38","date_gmt":"2017-01-30T17:34:38","guid":{"rendered":"https:\/\/www.hotelarcadia.net\/reach-the-hotel\/from-cruise-terminal\/"},"modified":"2025-04-29T09:29:12","modified_gmt":"2025-04-29T09:29:12","slug":"vom-kreuzfahrtterminal","status":"publish","type":"page","link":"https:\/\/hotelarcadia.net\/de\/unser-standort\/vom-kreuzfahrtterminal\/","title":{"rendered":"VOM KREUZFAHRTTERMINAL TRONCHETTO"},"content":{"rendered":"<p>Nehmen Sie den People Mover und erreichen Sie Piazzale Roma.<br \/>\nNehmen Sie von Piazzale Roma die Vaporetto-Linie 4.2 oder 5.2 und steigen Sie an der Haltestelle Guglie aus. Biegen Sie rechts und dann links auf Rio Ter\u00e0 San Leonardo ab. Das Arcadia Boutique Hotel befindet sich nach 30 Metern auf der linken Seite.<br \/>\nAlternativ nehmen Sie die Linie 2 in Richtung San Marcuola-Casino und steigen an der Haltestelle Guglie aus. Wenn Sie die Hauptstra\u00dfe Rio Ter\u00e0 San Leonardo erreichen, biegen Sie links in Richtung Ponte delle Guglie ab. Das Arcadia Boutique Hotel befindet sich nach 200 Metern auf der rechten Seite.<\/p>\n<p>Das Arcadia Boutique Hotel kann auch in nur 10 Minuten zu Fu\u00df von Piazzale Roma erreicht werden. Nach Ponte di Calatrava gehen Sie geradeaus entlang der Lista di Spagna und \u00fcberqueren Ponte delle Guglie. Das Arcadia Boutique Hotel befindet sich nach 30 Metern auf der linken Seite.<br \/>\nVon Piazzale Roma k\u00f6nnen Sie sich auch f\u00fcr ein privates Wassertaxi entscheiden und die Anlegestelle Ponte delle Guglie in 5 Minuten erreichen. Das Arcadia Boutique Hotel befindet sich nach 30 Metern auf der linken Seite. Begeben Sie sich zur Haltestelle People Mover (U-Bahn) Richtung Piazzale Roma. Nehmen Sie von hier aus die Vaporetto-Linie 4.2 oder 5.2 und steigen Sie an der Haltestelle \u201eGuglie\u201c aus.<\/p>\n<p>Biegen Sie rechts in Richtung Ponte delle Guglie und dann links auf Rio Ter\u00e0 San Leonardo ab.<br \/>\nDas Boutique Hotel Arcadia befindet sich nach 30 Metern auf der linken Seite.<\/p>\n<p>Wenn Sie uns lieber zu Fu\u00df erreichen m\u00f6chten, haben Sie einen Spaziergang von nur 10 Minuten vor sich: \u00dcberqueren Sie Ponte di Calatrava und nehmen Sie nach dem Bahnhof die Stra\u00dfe \u201eLista di Spagna\u201c und \u00fcberqueren Sie \u201ePonte delle Guglie\u201c, die zweite und letzte zu \u00fcberquerende Br\u00fccke.<br \/>\nDas Boutiquehotel Arcadia befindet sich 30 Meter nach der Br\u00fccke auf der linken Stra\u00dfenseite.<\/p>\n<p>Vom Hafen k\u00f6nnen Sie das Hotel auch mit einem privaten Taxiservice erreichen, mit dem Sie an der Wasseranlegestelle Ponte delle Guglie aussteigen, nur wenige Meter vom Arcadia Boutique Hotel entfernt.<\/p>\n","protected":false},"excerpt":{"rendered":"<p>Nehmen Sie den People Mover und erreichen Sie Piazzale Roma. Nehmen Sie von Piazzale Roma die Vaporetto-Linie 4.2 oder 5.2 und steigen Sie an der Haltestelle Guglie aus. Biegen Sie rechts und dann links auf Rio Ter\u00e0 San Leonardo ab. Das Arcadia Boutique Hotel befindet sich nach 30 Metern auf der linken Seite. Alternativ nehmen [&hellip;]<\/p>\n","protected":false},"author":1,"featured_media":0,"parent":3099,"menu_order":0,"comment_status":"closed","ping_status":"closed","template":"","meta":{"_acf_changed":false,"footnotes":""},"class_list":["post-3105","page","type-page","status-publish","hentry"],"acf":[],"_links":{"self":[{"href":"https:\/\/hotelarcadia.net\/de\/wp-json\/wp\/v2\/pages\/3105","targetHints":{"allow":["GET"]}}],"collection":[{"href":"https:\/\/hotelarcadia.net\/de\/wp-json\/wp\/v2\/pages"}],"about":[{"href":"https:\/\/hotelarcadia.net\/de\/wp-json\/wp\/v2\/types\/page"}],"author":[{"embeddable":true,"href":"https:\/\/hotelarcadia.net\/de\/wp-json\/wp\/v2\/users\/1"}],"replies":[{"embeddable":true,"href":"https:\/\/hotelarcadia.net\/de\/wp-json\/wp\/v2\/comments?post=3105"}],"version-history":[{"count":0,"href":"https:\/\/hotelarcadia.net\/de\/wp-json\/wp\/v2\/pages\/3105\/revisions"}],"up":[{"embeddable":true,"href":"https:\/\/hotelarcadia.net\/de\/wp-json\/wp\/v2\/pages\/3099"}],"wp:attachment":[{"href":"https:\/\/hotelarcadia.net\/de\/wp-json\/wp\/v2\/media?parent=3105"}],"curies":[{"name":"wp","href":"https:\/\/api.w.org\/{rel}","templated":true}]}}