{"id":3114,"date":"2017-01-03T10:23:32","date_gmt":"2017-01-03T10:23:32","guid":{"rendered":"https:\/\/www.hotelarcadia.net\/rooms\/"},"modified":"2025-04-29T07:17:09","modified_gmt":"2025-04-29T07:17:09","slug":"zimmer","status":"publish","type":"page","link":"https:\/\/hotelarcadia.net\/de\/zimmer\/","title":{"rendered":"ZIMMER"},"content":{"rendered":"<p>\u201eDas Arcadia ist ein kleines, sehr raffiniertes und elegantes Boutiquehotel in den Beletagen eines venezianischen Palazzo aus dem 17. Jahrhundert.<br \/>\nDie Restaurierung wurde von meiner Familie ausgef\u00fchrt, um die urspr\u00fcngliche Architektur und Dekoration des Geb\u00e4udes so weit wie m\u00f6glich zu bewahren und all die Leidenschaft und Liebe, die wir f\u00fcr unsere Arbeit und f\u00fcr diese Stadt haben, in diese Mauern zu bringen.<br \/>\nEin Aufenthalt hier bedeutet, die Urspr\u00fcnge und die Geschichte dieses Geb\u00e4udes zu verstehen und unsere Mission als Familie zu teilen, die sich der Gastfreundschaft verschrieben hat.<br \/>\nArcadia Boutique ist f\u00fcr uns nicht nur ein Hotel, es ist unser Zuhause.<br \/>\nEin Aufenthalt hier bedeutet auch, ein kleines St\u00fcck Leben in unserer wunderbaren Stadt zu teilen und ihre zarten und surrealen Gleichgewichte zu verstehen, die immer zwischen Land, Wasser und Luft aufgeteilt sind.<br \/>\nDas Ergebnis unserer Konservierungsarbeit ist ein eleganter und komfortabler Raum, in dem Antike und Moderne auf ungew\u00f6hnlich leichte Art ineinanderflie\u00dfen.\u201c<\/p>\n<p>Das Arcadia Boutique Hotel hat nur wenige Zimmer, und obwohl sich jedes in Gr\u00f6\u00dfe und Aufteilung von den anderen unterscheidet, verf\u00fcgen alle \u00fcber die beste Ausstattung und die besten Accessoires. Alle ausgew\u00e4hlt mit obsessiver Sorgfalt und mit dem einzigen Wunsch, Ihnen erstklassigen Komfort und einen Aufenthalt von absoluter Qualit\u00e4t zu garantieren.<br \/>\nWahre Qualit\u00e4t sowie die kleinsten Details sind uns wichtig und wird \u00fcberlassen dabei nichts dem Zufall. Das k\u00f6nnen Sie uns glauben.<br \/>\nDas offizielle Logo von Arcadia ist ein stilisierter Kleeblattbogen. Dieser repr\u00e4sentiert f\u00fcr unser Projekt die magische Verschmelzung von Orient und Abendland.<br \/>\nWir haben das Symbol als Synthese unserer Philosophie f\u00fcr dieses kleine charmante Hotel gew\u00e4hlt. Sie finden es in vielen unserer Dekorationen und Einrichtungsdetails, sowohl in den Zimmern als auch in den Gemeinschaftsbereichen. Es unterstreicht unser st\u00e4ndiges Engagement, jede einzelne Emotion, die Sie hier mit uns teilen m\u00f6chten, mit Ehre und Respekt zu behandeln.<\/p>\n<p><span lang=\"EN-GB\">&nbsp;<\/span><\/p>\n","protected":false},"excerpt":{"rendered":"<p>\u201eDas Arcadia ist ein kleines, sehr raffiniertes und elegantes Boutiquehotel in den Beletagen eines venezianischen Palazzo aus dem 17. Jahrhundert. Die Restaurierung wurde von meiner Familie ausgef\u00fchrt, um die urspr\u00fcngliche Architektur und Dekoration des Geb\u00e4udes so weit wie m\u00f6glich zu bewahren und all die Leidenschaft und Liebe, die wir f\u00fcr unsere Arbeit und f\u00fcr diese [&hellip;]<\/p>\n","protected":false},"author":1,"featured_media":0,"parent":0,"menu_order":0,"comment_status":"closed","ping_status":"closed","template":"template-pages-arcadia.php","meta":{"_acf_changed":false,"footnotes":""},"class_list":["post-3114","page","type-page","status-publish","hentry"],"acf":[],"_links":{"self":[{"href":"https:\/\/hotelarcadia.net\/de\/wp-json\/wp\/v2\/pages\/3114","targetHints":{"allow":["GET"]}}],"collection":[{"href":"https:\/\/hotelarcadia.net\/de\/wp-json\/wp\/v2\/pages"}],"about":[{"href":"https:\/\/hotelarcadia.net\/de\/wp-json\/wp\/v2\/types\/page"}],"author":[{"embeddable":true,"href":"https:\/\/hotelarcadia.net\/de\/wp-json\/wp\/v2\/users\/1"}],"replies":[{"embeddable":true,"href":"https:\/\/hotelarcadia.net\/de\/wp-json\/wp\/v2\/comments?post=3114"}],"version-history":[{"count":0,"href":"https:\/\/hotelarcadia.net\/de\/wp-json\/wp\/v2\/pages\/3114\/revisions"}],"wp:attachment":[{"href":"https:\/\/hotelarcadia.net\/de\/wp-json\/wp\/v2\/media?parent=3114"}],"curies":[{"name":"wp","href":"https:\/\/api.w.org\/{rel}","templated":true}]}}