{"id":3117,"date":"2017-01-03T12:14:22","date_gmt":"2017-01-03T12:14:22","guid":{"rendered":"https:\/\/www.hotelarcadia.net\/rooms\/double-classic\/"},"modified":"2025-11-04T18:21:12","modified_gmt":"2025-11-04T18:21:12","slug":"classic-doppelzimmer","status":"publish","type":"page","link":"https:\/\/hotelarcadia.net\/de\/zimmer\/classic-doppelzimmer\/","title":{"rendered":"Classic Doppelzimmer"},"content":{"rendered":"<p>Das Classic Doppelzimmer bietet den besten Komfort und wurde mit besonderer Aufmerksamkeit f\u00fcr jedes einzelne Detail gestaltet.<\/p>\n<p>Es ist mit Holzboden, emissionsarmem WLAN, individuell regulierbarer Klimaanlage und Heizung, Smart-TV mit Sky und internationalen Kan\u00e4len, Minibar der neuesten Generation, elektronischem Safe und Wasserkocher mit einer Auswahl an Tees und Kaffee ausgestattet.<br \/>\nDie hypoallergene Matratze und die Auswahl an Kissen mit unterschiedlicher Dichte wurden mit besonderer Sorgfalt gew\u00e4hlt, w\u00e4hrend die bestickten Laken aus reinem \u00e4gyptischem Baumwollsatin sind.<br \/>\nDas Badezimmer mit Dusche hat ein pr\u00e4chtiges Waschbecken aus Muranoglas, die weichen Handt\u00fccher, der Bademantel und die Hausschuhe sind aus reiner amerikanischer Baumwolle. Die Pflegeprodukte sind ein kleines Aush\u00e4ngeschild unseres Services, da sie exklusiv f\u00fcr Venedig von Roberto Cavalli f\u00fcr das Arcadia Boutique Hotel geschaffen wurden.<\/p>\n<p>FR\u00dcHST\u00dcCK VON 7:30 BIS 10:30<br \/>\nCHECK-OUT BIS 11:00<\/p>\n","protected":false},"excerpt":{"rendered":"<p>Das Classic Doppelzimmer bietet den besten Komfort und wurde mit besonderer Aufmerksamkeit f\u00fcr jedes einzelne Detail gestaltet. Es ist mit Holzboden, emissionsarmem WLAN, individuell regulierbarer Klimaanlage und Heizung, Smart-TV mit Sky und internationalen Kan\u00e4len, Minibar der neuesten Generation, elektronischem Safe und Wasserkocher mit einer Auswahl an Tees und Kaffee ausgestattet. Die hypoallergene Matratze und die [&hellip;]<\/p>\n","protected":false},"author":1,"featured_media":461,"parent":3114,"menu_order":0,"comment_status":"closed","ping_status":"closed","template":"template-room-page.php","meta":{"_acf_changed":false,"footnotes":""},"class_list":["post-3117","page","type-page","status-publish","has-post-thumbnail","hentry"],"acf":[],"_links":{"self":[{"href":"https:\/\/hotelarcadia.net\/de\/wp-json\/wp\/v2\/pages\/3117","targetHints":{"allow":["GET"]}}],"collection":[{"href":"https:\/\/hotelarcadia.net\/de\/wp-json\/wp\/v2\/pages"}],"about":[{"href":"https:\/\/hotelarcadia.net\/de\/wp-json\/wp\/v2\/types\/page"}],"author":[{"embeddable":true,"href":"https:\/\/hotelarcadia.net\/de\/wp-json\/wp\/v2\/users\/1"}],"replies":[{"embeddable":true,"href":"https:\/\/hotelarcadia.net\/de\/wp-json\/wp\/v2\/comments?post=3117"}],"version-history":[{"count":0,"href":"https:\/\/hotelarcadia.net\/de\/wp-json\/wp\/v2\/pages\/3117\/revisions"}],"up":[{"embeddable":true,"href":"https:\/\/hotelarcadia.net\/de\/wp-json\/wp\/v2\/pages\/3114"}],"wp:featuredmedia":[{"embeddable":true,"href":"https:\/\/hotelarcadia.net\/de\/wp-json\/wp\/v2\/media\/461"}],"wp:attachment":[{"href":"https:\/\/hotelarcadia.net\/de\/wp-json\/wp\/v2\/media?parent=3117"}],"curies":[{"name":"wp","href":"https:\/\/api.w.org\/{rel}","templated":true}]}}