{"id":3120,"date":"2017-01-03T12:14:41","date_gmt":"2017-01-03T12:14:41","guid":{"rendered":"https:\/\/www.hotelarcadia.net\/rooms\/double-deluxe\/"},"modified":"2025-11-05T08:22:27","modified_gmt":"2025-11-05T08:22:27","slug":"deluxe-doppelzimmer","status":"publish","type":"page","link":"https:\/\/hotelarcadia.net\/de\/zimmer\/deluxe-doppelzimmer\/","title":{"rendered":"Deluxe Doppelzimmer"},"content":{"rendered":"<p>Das Deluxe Doppelzimmer wurde f\u00fcr einen exklusiven Aufenthalt konzipiert. Die gro\u00dfz\u00fcgigen Abmessungen und die gro\u00dfe Fensterfl\u00e4che garantieren absoluten Komfort, ideal auch f\u00fcr einen Langzeitaufenthalt in maximaler Entspannung.<\/p>\n<p>Es ist mit Holzboden, emissionsarmem WLAN, individuell regulierbarer Klimaanlage und Heizung, Smart-TV mit Sky und internationalen Kan\u00e4len, Minibar der neuesten Generation, elektronischem Safe und Wasserkocher mit einer Auswahl an Tees und Kaffee ausgestattet.<br \/>\nDie hypoallergene Matratze und die Auswahl an Kissen mit unterschiedlicher Dichte wurden mit besonderer Sorgfalt gew\u00e4hlt, w\u00e4hrend die bestickten Laken aus reinem \u00e4gyptischem Baumwollsatin sind.<br \/>\nDas Badezimmer mit Dusche hat ein pr\u00e4chtiges Waschbecken aus Muranoglas, die weichen Handt\u00fccher, der Bademantel und die Hausschuhe sind aus reiner amerikanischer Baumwolle. Die Pflegeprodukte sind ein kleines Aush\u00e4ngeschild unseres Services, da sie exklusiv f\u00fcr Venedig von Roberto Cavalli f\u00fcr das Arcadia Boutique Hotel geschaffen wurden.<\/p>\n<p>FR\u00dcHST\u00dcCK VON 7:30 BIS 10:30<br \/>\nCHECK-OUT BIS 11:00<\/p>\n","protected":false},"excerpt":{"rendered":"<p>Das Deluxe Doppelzimmer wurde f\u00fcr einen exklusiven Aufenthalt konzipiert. Die gro\u00dfz\u00fcgigen Abmessungen und die gro\u00dfe Fensterfl\u00e4che garantieren absoluten Komfort, ideal auch f\u00fcr einen Langzeitaufenthalt in maximaler Entspannung. Es ist mit Holzboden, emissionsarmem WLAN, individuell regulierbarer Klimaanlage und Heizung, Smart-TV mit Sky und internationalen Kan\u00e4len, Minibar der neuesten Generation, elektronischem Safe und Wasserkocher mit einer Auswahl [&hellip;]<\/p>\n","protected":false},"author":1,"featured_media":582,"parent":3114,"menu_order":0,"comment_status":"closed","ping_status":"closed","template":"template-room-page.php","meta":{"_acf_changed":false,"footnotes":""},"class_list":["post-3120","page","type-page","status-publish","has-post-thumbnail","hentry"],"acf":[],"_links":{"self":[{"href":"https:\/\/hotelarcadia.net\/de\/wp-json\/wp\/v2\/pages\/3120","targetHints":{"allow":["GET"]}}],"collection":[{"href":"https:\/\/hotelarcadia.net\/de\/wp-json\/wp\/v2\/pages"}],"about":[{"href":"https:\/\/hotelarcadia.net\/de\/wp-json\/wp\/v2\/types\/page"}],"author":[{"embeddable":true,"href":"https:\/\/hotelarcadia.net\/de\/wp-json\/wp\/v2\/users\/1"}],"replies":[{"embeddable":true,"href":"https:\/\/hotelarcadia.net\/de\/wp-json\/wp\/v2\/comments?post=3120"}],"version-history":[{"count":0,"href":"https:\/\/hotelarcadia.net\/de\/wp-json\/wp\/v2\/pages\/3120\/revisions"}],"up":[{"embeddable":true,"href":"https:\/\/hotelarcadia.net\/de\/wp-json\/wp\/v2\/pages\/3114"}],"wp:featuredmedia":[{"embeddable":true,"href":"https:\/\/hotelarcadia.net\/de\/wp-json\/wp\/v2\/media\/582"}],"wp:attachment":[{"href":"https:\/\/hotelarcadia.net\/de\/wp-json\/wp\/v2\/media?parent=3120"}],"curies":[{"name":"wp","href":"https:\/\/api.w.org\/{rel}","templated":true}]}}