{"id":3123,"date":"2017-01-03T12:15:05","date_gmt":"2017-01-03T12:15:05","guid":{"rendered":"https:\/\/www.hotelarcadia.net\/rooms\/junior-suite\/"},"modified":"2025-11-05T17:41:09","modified_gmt":"2025-11-05T17:41:09","slug":"juniorsuite","status":"publish","type":"page","link":"https:\/\/hotelarcadia.net\/de\/zimmer\/juniorsuite\/","title":{"rendered":"Juniorsuite"},"content":{"rendered":"<p>Die Juniorsuite ist unser exklusivster Raum und die beste Art, einen unvergesslichen Aufenthalt in Venedig und im Arcadia Boutique Hotel zu erleben.<br \/>\nSie ist mit einem Ruhebereich und Holzboden ausgestattet.<\/p>\n<p>Es ist mit Holzboden, emissionsarmem WLAN, individuell regulierbarer Klimaanlage und Heizung, Smart-TV mit Sky und internationalen Kan\u00e4len, Minibar der neuesten Generation, elektronischem Safe und Wasserkocher mit einer Auswahl an Tees und Kaffee ausgestattet.<br \/>\nDie hypoallergene Matratze und die Auswahl an Kissen mit unterschiedlicher Dichte wurden mit besonderer Sorgfalt gew\u00e4hlt, w\u00e4hrend die bestickten Laken aus reinem \u00e4gyptischem Baumwollsatin sind.<br \/>\nDas Badezimmer mit Dusche hat ein pr\u00e4chtiges Waschbecken aus Muranoglas, die weichen Handt\u00fccher, der Bademantel und die Hausschuhe sind aus reiner amerikanischer Baumwolle. Die Pflegeprodukte sind ein kleines Aush\u00e4ngeschild unseres Services, da sie exklusiv f\u00fcr Venedig von Roberto Cavalli f\u00fcr das Arcadia Boutique Hotel geschaffen wurden.<\/p>\n<p>FR\u00dcHST\u00dcCK VON 7:30 BIS 10:30<br \/>\nCHECK-OUT BIS 11:00<\/p>\n","protected":false},"excerpt":{"rendered":"<p>Die Juniorsuite ist unser exklusivster Raum und die beste Art, einen unvergesslichen Aufenthalt in Venedig und im Arcadia Boutique Hotel zu erleben. Sie ist mit einem Ruhebereich und Holzboden ausgestattet. Es ist mit Holzboden, emissionsarmem WLAN, individuell regulierbarer Klimaanlage und Heizung, Smart-TV mit Sky und internationalen Kan\u00e4len, Minibar der neuesten Generation, elektronischem Safe und Wasserkocher [&hellip;]<\/p>\n","protected":false},"author":1,"featured_media":518,"parent":3114,"menu_order":0,"comment_status":"closed","ping_status":"closed","template":"template-room-page.php","meta":{"_acf_changed":false,"footnotes":""},"class_list":["post-3123","page","type-page","status-publish","has-post-thumbnail","hentry"],"acf":[],"_links":{"self":[{"href":"https:\/\/hotelarcadia.net\/de\/wp-json\/wp\/v2\/pages\/3123","targetHints":{"allow":["GET"]}}],"collection":[{"href":"https:\/\/hotelarcadia.net\/de\/wp-json\/wp\/v2\/pages"}],"about":[{"href":"https:\/\/hotelarcadia.net\/de\/wp-json\/wp\/v2\/types\/page"}],"author":[{"embeddable":true,"href":"https:\/\/hotelarcadia.net\/de\/wp-json\/wp\/v2\/users\/1"}],"replies":[{"embeddable":true,"href":"https:\/\/hotelarcadia.net\/de\/wp-json\/wp\/v2\/comments?post=3123"}],"version-history":[{"count":0,"href":"https:\/\/hotelarcadia.net\/de\/wp-json\/wp\/v2\/pages\/3123\/revisions"}],"up":[{"embeddable":true,"href":"https:\/\/hotelarcadia.net\/de\/wp-json\/wp\/v2\/pages\/3114"}],"wp:featuredmedia":[{"embeddable":true,"href":"https:\/\/hotelarcadia.net\/de\/wp-json\/wp\/v2\/media\/518"}],"wp:attachment":[{"href":"https:\/\/hotelarcadia.net\/de\/wp-json\/wp\/v2\/media?parent=3123"}],"curies":[{"name":"wp","href":"https:\/\/api.w.org\/{rel}","templated":true}]}}