{"id":3136,"date":"2017-01-31T10:39:38","date_gmt":"2017-01-31T10:39:38","guid":{"rendered":"https:\/\/www.hotelarcadia.net\/skyfall-bar\/"},"modified":"2025-04-29T10:59:19","modified_gmt":"2025-04-29T10:59:19","slug":"skyfall-bar","status":"publish","type":"page","link":"https:\/\/hotelarcadia.net\/de\/hotel\/skyfall-bar\/","title":{"rendered":"SKYFALL BAR"},"content":{"rendered":"<p>Die Skyfall Bar befindet sich im Salon der Beletage des Palazzo und ist das wahre, intime Herzst\u00fcck unseres eleganten Boutiquehotels. Hier k\u00f6nnen Sie sich je nach Tages- oder Jahreszeit einen Moment purer Entspannung g\u00f6nnen.<\/p>\n<p>Die Zeit au\u00dferhalb unseres kleinen Hotels vergeht schnell, aber in der Skyfall Bar scheint sie anzuhalten, um f\u00fcr einen Moment zwischen Zeit und Raum zu schweben. Gerade lange genug, um einen unserer Kr\u00e4utertees oder einen Drink, vielleicht sogar einen unbeschwerten Spritz, zu sich zu nehmen und Ihren Geist mit neuer Lebensenergie zu versorgen.<br \/>\nIn der Skyfall Bar stehen Ihnen italienische und internationale Zeitungen und sorgf\u00e4ltig ausgew\u00e4hlte Kunstb\u00fccher \u00fcber die Exzellenz unseres immensen k\u00fcnstlerischen Erbes zur Verf\u00fcgung.<\/p>\n","protected":false},"excerpt":{"rendered":"<p>Die Skyfall Bar befindet sich im Salon der Beletage des Palazzo und ist das wahre, intime Herzst\u00fcck unseres eleganten Boutiquehotels. Hier k\u00f6nnen Sie sich je nach Tages- oder Jahreszeit einen Moment purer Entspannung g\u00f6nnen. Die Zeit au\u00dferhalb unseres kleinen Hotels vergeht schnell, aber in der Skyfall Bar scheint sie anzuhalten, um f\u00fcr einen Moment zwischen [&hellip;]<\/p>\n","protected":false},"author":1,"featured_media":1762,"parent":3009,"menu_order":0,"comment_status":"closed","ping_status":"closed","template":"template-pages-arcadia.php","meta":{"_acf_changed":false,"footnotes":""},"class_list":["post-3136","page","type-page","status-publish","has-post-thumbnail","hentry"],"acf":[],"_links":{"self":[{"href":"https:\/\/hotelarcadia.net\/de\/wp-json\/wp\/v2\/pages\/3136","targetHints":{"allow":["GET"]}}],"collection":[{"href":"https:\/\/hotelarcadia.net\/de\/wp-json\/wp\/v2\/pages"}],"about":[{"href":"https:\/\/hotelarcadia.net\/de\/wp-json\/wp\/v2\/types\/page"}],"author":[{"embeddable":true,"href":"https:\/\/hotelarcadia.net\/de\/wp-json\/wp\/v2\/users\/1"}],"replies":[{"embeddable":true,"href":"https:\/\/hotelarcadia.net\/de\/wp-json\/wp\/v2\/comments?post=3136"}],"version-history":[{"count":0,"href":"https:\/\/hotelarcadia.net\/de\/wp-json\/wp\/v2\/pages\/3136\/revisions"}],"up":[{"embeddable":true,"href":"https:\/\/hotelarcadia.net\/de\/wp-json\/wp\/v2\/pages\/3009"}],"wp:featuredmedia":[{"embeddable":true,"href":"https:\/\/hotelarcadia.net\/de\/wp-json\/wp\/v2\/media\/1762"}],"wp:attachment":[{"href":"https:\/\/hotelarcadia.net\/de\/wp-json\/wp\/v2\/media?parent=3136"}],"curies":[{"name":"wp","href":"https:\/\/api.w.org\/{rel}","templated":true}]}}