{"id":5619,"date":"2025-03-21T11:30:45","date_gmt":"2025-03-21T11:30:45","guid":{"rendered":"https:\/\/www.hotelarcadia.net\/?page_id=5619"},"modified":"2025-11-13T11:25:31","modified_gmt":"2025-11-13T11:25:31","slug":"das-romantischste-hotel-in-venedig","status":"publish","type":"page","link":"https:\/\/hotelarcadia.net\/de\/das-romantischste-hotel-in-venedig\/","title":{"rendered":"Das romantischste Hotel in Venedig"},"content":{"rendered":"\n<h3 class=\"wp-block-heading has-text-align-left\">Erleben Sie die Magie der Liebe im wahren Herzen der Serenissima<\/h3>\n\n\n\n<p class=\"has-text-align-left\">Wenn Sie das romantischste Hotel in Venedig suchen, hei\u00dfen wir Sie willkommen an einem Ort, an dem jedes Detail eine Liebesgeschichte erz\u00e4hlt. Wir befinden uns nicht im klassischen Touristenpfad: Hier, zwischen stillen Gassen und steinernen Br\u00fccken, sp\u00fcrt man das authentischste und intimste Wesen der Stadt. Unser Boutique-Hotel im charmanten Stadtteil Cannaregio ist das perfekte Refugium f\u00fcr Paare, die Emotionen, Privatsph\u00e4re und Sch\u00f6nheit suchen.<\/p>\n\n\n\n<h3 class=\"wp-block-heading has-text-align-left\">Ein unvergesslicher Aufenthalt \u2013 zu jeder Jahreszeit<\/h3>\n\n\n\n<p class=\"has-text-align-left\">Ob Flitterwochen, Jahrestag oder ein einfacher romantischer Kurztrip \u2013 unser Hotel ist f\u00fcr besondere Momente gemacht. Die Zimmer, geschmackvoll venezianisch eingerichtet mit modernen Details, bieten Komfort und Charme. Einige bieten <strong>Blick auf die D\u00e4cher der Stadt oder auf ruhige Kan\u00e4le<\/strong>, ideal f\u00fcr einen Sonnenuntergangs-Toast mit einem Glas Prosecco.<\/p>\n\n\n\n<p class=\"has-text-align-left\">Dank unserer <strong>strategischen Lage<\/strong>, nur wenige Schritte von der Ponte delle Guglie und dem J\u00fcdischen Ghetto entfernt, entdecken Sie Venedig authentisch \u2013 abseits der \u00fcberf\u00fcllten Wege. Direkt vor unserer T\u00fcr beginnen <strong>romantische Spazierg\u00e4nge<\/strong>, durch poetische Kulissen, versteckte Bacari und unerwartete Ecken zum Tr\u00e4umen.<\/p>\n\n\n\n<h3 class=\"wp-block-heading has-text-align-left\">Das romantischste Hotel in Venedig ganz f\u00fcr Sie<\/h3>\n\n\n\n<p class=\"has-text-align-left\">Neben der Unterkunft bieten wir Erlebnisse, die speziell f\u00fcr Paare konzipiert sind:<\/p>\n\n\n\n<p class=\"has-text-align-left\">&#8211; <strong>Romantisches Abendessen bei Kerzenschein<\/strong> in ausgew\u00e4hlten traditionellen Restaurants<\/p>\n\n\n\n<p class=\"has-text-align-left\">&#8211; <strong>Gondelfahrt bei Sonnenuntergang<\/strong> durch versteckte Kan\u00e4le<\/p>\n\n\n\n<p class=\"has-text-align-left\">&#8211; <strong>Romantisches Willkommenspaket<\/strong> im Zimmer (frische Blumen, Prosecco, handgemachte Pralinen)<\/p>\n\n\n\n<p class=\"has-text-align-left\">&#8211; <strong>Vorgeschlagene Spazierg\u00e4nge<\/strong>, um die romantischsten Orte Venedigs zu entdecken<\/p>\n\n\n\n<p class=\"has-text-align-left\"> Jedes Detail ist darauf ausgerichtet, Sie in einen Liebesfilm zu versetzen \u2013 mit Venedig als Kulisse.<\/p>\n\n\n\n<h3 class=\"wp-block-heading has-text-align-left\">Unser Geheimnis? Ein Venedig, das man zu zweit erlebt<\/h3>\n\n\n\n<p class=\"has-text-align-left\">Was unser Hotel so besonders macht, ist nicht nur die Eleganz der Zimmer oder die Herzlichkeit des Services, sondern das Erlebnis, das wir gemeinsam mit Ihnen schaffen. Venedig ist eine Stadt der Seele \u2013 und wir m\u00f6chten, dass Sie sie <strong>langsam, authentisch und mit Leidenschaft erleben<\/strong>.<\/p>\n\n\n\n<p class=\"has-text-align-left\">Wir befinden uns im Herzen eines echten venezianischen Viertels, bewohnt von Einheimischen, mit kleinen Werkst\u00e4tten, Caf\u00e9s vergangener Zeiten und Stille, die sich \u00fcber das Wasser legt. Von hier aus wird jeder Spaziergang zur Entdeckung. Unverzichtbare Stopps f\u00fcr verliebte Paare:<\/p>\n\n\n\n<p class=\"has-text-align-left\">&#8211; <strong>Ponte delle Guglie<\/strong>, ideal bei Sonnenuntergang<\/p>\n\n\n\n<p class=\"has-text-align-left\">&#8211; <strong>J\u00fcdisches Ghetto<\/strong>, mit seiner stillen und geheimnisvollen Atmosph\u00e4re<\/p>\n\n\n\n<p class=\"has-text-align-left\">&#8211; <strong>Campo dei Mori<\/strong>, ein Ort wie aus der Zeit gefallen<strong>Fondamenta della Misericordia<\/strong>, perfekt f\u00fcr einen Aperitif am Kanal<\/p>\n\n\n\n<p class=\"has-text-align-left\">All diese Erlebnisse finden Sie detailliert in unseren Seiten zu <strong>romantischen Spazierg\u00e4ngen<\/strong>, die Sie am Ende dieser Seite entdecken k\u00f6nnen.<\/p>\n\n\n\n<h3 class=\"wp-block-heading has-text-align-left\">Das romantischste Hotel in Venedig<\/h3>\n\n\n\n<p class=\"has-text-align-left\">Um Ihren Aufenthalt noch unvergesslicher zu machen, haben wir ein <strong>Exklusives Romantik-Angebot<\/strong> vorbereitet:<\/p>\n\n\n\n<p class=\"has-text-align-left\">&#8211; Sonderrabatt bei Aufenthalten ab 2 N\u00e4chten<\/p>\n\n\n\n<p class=\"has-text-align-left\">&#8211; Kostenloses Romantikpaket<\/p>\n\n\n\n<p class=\"has-text-align-left\">&#8211; Sp\u00e4ter Check-out auf Anfrage (nach Verf\u00fcgbarkeit)<\/p>\n\n\n\n<p class=\"has-text-align-left\">&#8211; Pers\u00f6nliche Route und Karte mit romantischen Orten<\/p>\n\n\n\n<p class=\"has-text-align-left\">Bei Direktbuchung \u00fcber unsere Website erhalten Sie immer <strong>den garantiert besten Preis<\/strong> und ein spezielles Willkommen f\u00fcr Paare.<\/p>\n\n\n\n<h3 class=\"wp-block-heading has-text-align-left\">Echte Bewertungen von G\u00e4sten, die aus Liebe gebucht haben<\/h3>\n\n\n\n<p class=\"has-text-align-left\"><em>&#8222;Wir haben unseren Jahrestag in diesem Hotel gefeiert und waren begeistert. Die Lage ist perfekt \u2013 ruhig, aber zentral \u2013 und das Personal hat uns verw\u00f6hnt.&#8220;<\/em><br>\u2014 <strong>Giulia &amp; Andrea<\/strong><\/p>\n\n\n\n<p class=\"has-text-align-left\"><em>&#8222;Ein magischer Ort. Das Zimmer war wundersch\u00f6n, mit raffinierten Details und einer traumhaften Atmosph\u00e4re. Wir folgten dem romantischen Spaziergang und verliebten uns noch mehr in Venedig.&#8220;<\/em><br>\u2014 <strong>Sophie &amp; Marc<\/strong><\/p>\n","protected":false},"excerpt":{"rendered":"<p>Erleben Sie die Magie der Liebe im wahren Herzen der Serenissima Wenn Sie das romantischste Hotel in Venedig suchen, hei\u00dfen wir Sie willkommen an einem Ort, an dem jedes Detail eine Liebesgeschichte erz\u00e4hlt. Wir befinden uns nicht im klassischen Touristenpfad: Hier, zwischen stillen Gassen und steinernen Br\u00fccken, sp\u00fcrt man das authentischste und intimste Wesen der [&hellip;]<\/p>\n","protected":false},"author":1,"featured_media":6253,"parent":0,"menu_order":0,"comment_status":"closed","ping_status":"closed","template":"template-pages-arcadia.php","meta":{"_acf_changed":true,"footnotes":""},"class_list":["post-5619","page","type-page","status-publish","has-post-thumbnail","hentry"],"acf":[],"_links":{"self":[{"href":"https:\/\/hotelarcadia.net\/de\/wp-json\/wp\/v2\/pages\/5619","targetHints":{"allow":["GET"]}}],"collection":[{"href":"https:\/\/hotelarcadia.net\/de\/wp-json\/wp\/v2\/pages"}],"about":[{"href":"https:\/\/hotelarcadia.net\/de\/wp-json\/wp\/v2\/types\/page"}],"author":[{"embeddable":true,"href":"https:\/\/hotelarcadia.net\/de\/wp-json\/wp\/v2\/users\/1"}],"replies":[{"embeddable":true,"href":"https:\/\/hotelarcadia.net\/de\/wp-json\/wp\/v2\/comments?post=5619"}],"version-history":[{"count":0,"href":"https:\/\/hotelarcadia.net\/de\/wp-json\/wp\/v2\/pages\/5619\/revisions"}],"wp:featuredmedia":[{"embeddable":true,"href":"https:\/\/hotelarcadia.net\/de\/wp-json\/wp\/v2\/media\/6253"}],"wp:attachment":[{"href":"https:\/\/hotelarcadia.net\/de\/wp-json\/wp\/v2\/media?parent=5619"}],"curies":[{"name":"wp","href":"https:\/\/api.w.org\/{rel}","templated":true}]}}