{"id":5639,"date":"2025-03-21T11:58:47","date_gmt":"2025-03-21T11:58:47","guid":{"rendered":"https:\/\/www.hotelarcadia.net\/?page_id=5639"},"modified":"2025-07-18T11:49:47","modified_gmt":"2025-07-18T11:49:47","slug":"hotel-arcadia-ein-romantischer-rueckzugsort-fuer-paare-im-herzen-venedigs","status":"publish","type":"page","link":"https:\/\/hotelarcadia.net\/de\/das-romantischste-hotel-in-venedig\/hotel-arcadia-ein-romantischer-rueckzugsort-fuer-paare-im-herzen-venedigs\/","title":{"rendered":"Welches Hotel ist ideal f\u00fcr einen romantischen R\u00fcckzugsort?"},"content":{"rendered":"\n<p class=\"has-text-align-left\">Im lebendigen Herzen von Cannaregio \u2013 fernab der \u00fcberf\u00fcllten Touristenrouten und doch nur wenige Schritte von den ber\u00fchmtesten Sch\u00e4tzen Venedigs entfernt \u2013 ist das <strong>Arcadia Boutique Hotel<\/strong> weit mehr als nur ein Hotel: Es ist ein romantischer R\u00fcckzugsort, geschaffen f\u00fcr alle, die Venedig mit dem Herzen erleben m\u00f6chten. <strong>Zeitlose Eleganz<\/strong>, <strong>herzliche Gastfreundschaft<\/strong> und <strong>liebevolle Details<\/strong> machen jeden Aufenthalt zu einer unvergesslichen Liebesreise.<\/p>\n\n\n\n<h3 class=\"has-text-align-left wp-block-heading\">Ein Boutique-Hotel, in dem die Liebe in jedem Detail sp\u00fcrbar ist<\/h3>\n\n\n\n<p class=\"has-text-align-left\">Die Atmosph\u00e4re im Arcadia ist gepr\u00e4gt von goldenem Licht, sanfter Stille und venezianischem Charme. Das Geb\u00e4ude aus dem 18. Jahrhundert wurde mit viel Liebe und Respekt restauriert: <strong>Originalstuck<\/strong>, <strong>Holzb\u00f6den<\/strong> und ein <strong>majest\u00e4tischer Murano-Glasleuchter<\/strong>, der den pr\u00e4chtigen Salon dominiert, erz\u00e4hlen Geschichten von Eleganz und Intimit\u00e4t.<\/p>\n\n\n\n<p class=\"has-text-align-left\">Das Hotel ist ausschlie\u00dflich Erwachsenen vorbehalten und somit ideal f\u00fcr romantische Kurzurlaube, Flitterwochen oder besondere Jubil\u00e4en. Jedes Paar findet hier einen gesch\u00fctzten, ruhigen Raum, um einzigartige Momente zu teilen \u2013 mit der diskreten Aufmerksamkeit eines aufmerksamen Teams.<\/p>\n\n\n\n<h3 class=\"has-text-align-left wp-block-heading\">Stilvolle Zimmer f\u00fcr zeitlose Zweisamkeit<\/h3>\n\n\n\n<p class=\"has-text-align-left\">Alle Zimmer im Arcadia sind mit viel Liebe zum Detail gestaltet, doch besonders empfehlenswert f\u00fcr Paare sind die <strong>Deluxe-Zimmer<\/strong> und die <strong>Junior Suite<\/strong>. Ger\u00e4umig, hell und elegant eingerichtet, bieten sie eine perfekte Kombination aus klassischem Stil und modernem Komfort. Hypoallergene Matratzen, \u00e4gyptische Baumwollbettw\u00e4sche und Waschbecken aus Murano-Glas schaffen ein einzigartiges, sinnliches Erlebnis.<\/p>\n\n\n\n<p class=\"has-text-align-left\">F\u00fcr alle, die das Maximum an Romantik suchen, sind diese beiden Zimmerkategorien exklusiv im <strong>\u201cI Love You\u201d<\/strong>-Paket enthalten.<\/p>\n\n\n\n<h3 class=\"has-text-align-left wp-block-heading\">\u201cI Love You\u201d: die perfekte Art, es ohne Worte zu sagen<\/h3>\n\n\n\n<p class=\"has-text-align-left\">Das <strong>\u201cI Love You\u201d<\/strong>-Paket ist eine liebevolle Hommage an die Liebe in all ihren Formen. Es wurde f\u00fcr diejenigen entwickelt, die ihre\/n Liebste\/n mit einer unvergesslichen Geste \u00fcberraschen m\u00f6chten, und beinhaltet:<\/p>\n\n\n\n<p class=\"has-text-align-left\">&#8211; Eine Flasche Prosecco und frische Erdbeeren (oder saisonales Obst) bei der Ankunft im Zimmer<\/p>\n\n\n\n<p class=\"has-text-align-left\">&#8211; Rosenbl\u00e4tter und herzf\u00f6rmige Pralinen auf dem Bett<\/p>\n\n\n\n<p class=\"has-text-align-left\">&#8211; Eine personalisierte \u201cI Love You\u201d-Karte<\/p>\n\n\n\n<p class=\"has-text-align-left\">&#8211; Fr\u00fchst\u00fcck auf dem Zimmer auf Wunsch<\/p>\n\n\n\n<p class=\"has-text-align-left\">&#8211; Abendausklang mit Aperitif in der Skyfall Bar des Hotels<\/p>\n\n\n\n<p class=\"has-text-align-left\">Das Paket ist im Voraus zahlbar und flexibel \u2013 die Reisedaten k\u00f6nnen bis zu 15 Tage vor der Ankunft ge\u00e4ndert werden. Ideal auch als Geschenk zum Jahrestag oder f\u00fcr einen spontanen Liebesausflug.<\/p>\n\n\n\n<h3 class=\"has-text-align-left wp-block-heading\">Skyfall Bar und Adelssalon: ein Ort, der verzaubert<\/h3>\n\n\n\n<p class=\"has-text-align-left\">Das emotionale Zentrum des Hotels ist die <strong>Skyfall Bar<\/strong>, die sich im gleichen historischen Salon befindet, in dem morgens das Fr\u00fchst\u00fcck serviert wird. Zwischen antiken Spiegeln, sorgf\u00e4ltig ausgew\u00e4hlten Kunstb\u00fcchern und ged\u00e4mpftem Licht scheint die Zeit stillzustehen. Ein idealer Ort f\u00fcr einen Drink zu zweit, ein ruhiges Gespr\u00e4ch oder einen abendlichen Tee mit dem\/der Liebsten.<\/p>\n\n\n\n<p class=\"has-text-align-left\">Auf Wunsch empfiehlt das Team Cocktails mit venezianischer Inspiration oder italienische Weine mit kleinen, feinen H\u00e4ppchen.<\/p>\n\n\n\n<h3 class=\"has-text-align-left wp-block-heading\">Ein Aufenthalt, der im Herzen bleibt<\/h3>\n\n\n\n<p class=\"has-text-align-left\">Viele G\u00e4ste beschreiben das Arcadia als \u201eein M\u00e4rchen\u201c, \u201eein verborgenes Juwel\u201c oder \u201eeinen magischen Ort, der sich wie Zuhause anf\u00fchlt\u201c. In den Bewertungen werden die ruhigen, hellen Zimmer, die herzliche Begr\u00fc\u00dfung, das k\u00f6stliche Fr\u00fchst\u00fcck und die liebevollen Gesten des Personals hervorgehoben. F\u00fcr Paare bedeutet das: eine intime und unvergessliche Auszeit \u2013 weit entfernt vom typischen Hotelstandard.<\/p>\n\n\n\n<h3 class=\"has-text-align-left wp-block-heading\">Beginnen Sie Ihre Liebesgeschichte in Venedig<\/h3>\n\n\n\n<p class=\"has-text-align-left\">Ob zum Jahrestag, Heiratsantrag oder einfach f\u00fcr eine romantische Auszeit zwischen Gassen und Kan\u00e4len: Das <strong>Arcadia Boutique Hotel<\/strong> ist der perfekte Ausgangspunkt f\u00fcr eine unvergessliche Reise zu zweit.<\/p>\n\n\n\n<p class=\"has-text-align-left\"><strong>Buchen Sie direkt \u00fcber unsere Website<\/strong>, um von den besten Preisen und exklusiven Angeboten zu profitieren, oder <strong><a href=\"https:\/\/hotelarcadia.net\/de\/\" data-type=\"URL\" data-id=\"https:\/\/hotelarcadia.net\/de\/\">kontaktieren Sie uns f\u00fcr weitere Informationen<\/a><\/strong> zum romantischen \u201cI Love You\u201d-Paket oder zur Gestaltung eines ma\u00dfgeschneiderten Aufenthalts.<\/p>\n","protected":false},"excerpt":{"rendered":"<p>Im lebendigen Herzen von Cannaregio \u2013 fernab der \u00fcberf\u00fcllten Touristenrouten und doch nur wenige Schritte von den ber\u00fchmtesten Sch\u00e4tzen Venedigs entfernt \u2013 ist das Arcadia Boutique Hotel weit mehr als nur ein Hotel: Es ist ein romantischer R\u00fcckzugsort, geschaffen f\u00fcr alle, die Venedig mit dem Herzen erleben m\u00f6chten. Zeitlose Eleganz, herzliche Gastfreundschaft und liebevolle Details [&hellip;]<\/p>\n","protected":false},"author":1,"featured_media":6306,"parent":5619,"menu_order":0,"comment_status":"closed","ping_status":"closed","template":"","meta":{"_acf_changed":false,"footnotes":""},"class_list":["post-5639","page","type-page","status-publish","has-post-thumbnail","hentry"],"acf":[],"_links":{"self":[{"href":"https:\/\/hotelarcadia.net\/de\/wp-json\/wp\/v2\/pages\/5639","targetHints":{"allow":["GET"]}}],"collection":[{"href":"https:\/\/hotelarcadia.net\/de\/wp-json\/wp\/v2\/pages"}],"about":[{"href":"https:\/\/hotelarcadia.net\/de\/wp-json\/wp\/v2\/types\/page"}],"author":[{"embeddable":true,"href":"https:\/\/hotelarcadia.net\/de\/wp-json\/wp\/v2\/users\/1"}],"replies":[{"embeddable":true,"href":"https:\/\/hotelarcadia.net\/de\/wp-json\/wp\/v2\/comments?post=5639"}],"version-history":[{"count":0,"href":"https:\/\/hotelarcadia.net\/de\/wp-json\/wp\/v2\/pages\/5639\/revisions"}],"up":[{"embeddable":true,"href":"https:\/\/hotelarcadia.net\/de\/wp-json\/wp\/v2\/pages\/5619"}],"wp:featuredmedia":[{"embeddable":true,"href":"https:\/\/hotelarcadia.net\/de\/wp-json\/wp\/v2\/media\/6306"}],"wp:attachment":[{"href":"https:\/\/hotelarcadia.net\/de\/wp-json\/wp\/v2\/media?parent=5639"}],"curies":[{"name":"wp","href":"https:\/\/api.w.org\/{rel}","templated":true}]}}