{"id":5883,"date":"2025-03-25T13:46:02","date_gmt":"2025-03-25T13:46:02","guid":{"rendered":"https:\/\/www.hotelarcadia.net\/das-romantischste-hotel-in-venedig\/i-luoghi-piu-fotogenici-per-coppie\/"},"modified":"2025-07-21T09:22:02","modified_gmt":"2025-07-21T09:22:02","slug":"wo-kann-man-in-venedig-die-romantischsten-paarfotos-machen","status":"publish","type":"page","link":"https:\/\/hotelarcadia.net\/de\/das-romantischste-hotel-in-venedig\/wo-kann-man-in-venedig-die-romantischsten-paarfotos-machen\/","title":{"rendered":"Wo kann man in Venedig die romantischsten Paarfotos machen?"},"content":{"rendered":"\n<p class=\"has-text-align-left\">Venedig ist eine Stadt, die darauf ausgelegt ist, fotografiert zu werden. Ihre engen Gassen, Kan\u00e4le und Pl\u00e4tze bieten Panoramen, die wie aus einem Traum zu stammen scheinen, an denen jede Ecke eine Liebesgeschichte erz\u00e4hlt. Wenn Sie auf der Suche nach den <strong>perfekten Orten f\u00fcr romantische Paarfotos<\/strong> mit Ihrem Partner sind, ist das <strong>Arcadia Boutique Hotel<\/strong> der ideale Ausgangspunkt, um die fotogensten Ecken dieser zeitlosen Stadt zu erkunden.<\/p>\n\n\n\n<h3 class=\"wp-block-heading has-text-align-left\">Der Rialtobr\u00fccke: Venedigs romantisches Wahrzeichen f\u00fcr Paarfotos<\/h3>\n\n\n\n<p class=\"has-text-align-left\">Die <strong>Rialtobr\u00fccke<\/strong> ist einer der bekanntesten Fotospots der Welt \u2013 und das aus gutem Grund: Von hier aus hat man einen atemberaubenden Blick auf den Canal Grande. Hier halten Paare an, um den Moment festzuhalten, besonders bei Sonnenuntergang, wenn die Sonne das Wasser und die Geb\u00e4ude in goldene T\u00f6ne taucht.<\/p>\n\n\n\n<blockquote class=\"wp-block-quote has-text-align-left is-layout-flow wp-block-quote-is-layout-flow\">\n<p><strong>Romantischer Tipp<\/strong>: Ein Foto bei Sonnenuntergang, mit der Sonne, die sich im Kanal widerspiegelt und die Stadt in warmes Licht taucht, ist ein unvergessliches Erinnerungsst\u00fcck.<\/p>\n<\/blockquote>\n\n\n\n<h3 class=\"wp-block-heading has-text-align-left\">Die Basilika San Marco: Zeitlose Eleganz<\/h3>\n\n\n\n<p class=\"has-text-align-left\"><strong>Markusplatz<\/strong> ist ein weiteres ikonisches Ziel f\u00fcr romantische Fotos. Die majest\u00e4tische <strong>Basilika San Marco<\/strong>, mit ihren Kuppeln und goldenen Mosaiken, bildet den perfekten Hintergrund f\u00fcr jedes Foto. Die architektonischen Details, die Gr\u00f6\u00dfe des Platzes und die magische Atmosph\u00e4re machen ihn zum idealen Ort f\u00fcr Fotos.<\/p>\n\n\n\n<blockquote class=\"wp-block-quote has-text-align-left is-layout-flow wp-block-quote-is-layout-flow\">\n<p><strong>Romantischer Tipp<\/strong>: Gehen Sie fr\u00fch am Morgen auf den Platz, wenn er noch leer ist, und machen Sie ein Foto unter den Arkaden der Basilika, um ihre Gro\u00dfartigkeit ohne die Menschenmengen einzufangen.<\/p>\n<\/blockquote>\n\n\n\n<h3 class=\"wp-block-heading has-text-align-left\">Gondeln: Ein Symbol Venedigs f\u00fcr Paarfotos<\/h3>\n\n\n\n<p class=\"has-text-align-left\">An Venedig kann man sich keine Gondelfahrt und keine romantischen Fotos ohne die ikonischen <strong>Gondeln<\/strong> vorstellen. Eine Gondelfahrt ist eines der bekanntesten romantischen Erlebnisse in der Stadt, und es ist ein Muss, diesen Moment in einem Foto festzuhalten. Ob ein Kuss unter einer Br\u00fccke oder ein Bild, das Sie langsam auf dem Wasser treiben zeigt \u2013 jeder Ort in Venedig mit einer Gondel im Vordergrund ist perfekt f\u00fcr eine Erinnerung.<\/p>\n\n\n\n<blockquote class=\"wp-block-quote has-text-align-left is-layout-flow wp-block-quote-is-layout-flow\">\n<p><strong>Romantischer Tipp<\/strong>: Machen Sie ein Foto bei Sonnenuntergang, mit der Gondel, die \u00fcber das spiegelnde Wasser gleitet \u2013 es ist eine Filmszene, von der jedes Paar tr\u00e4umt.<\/p>\n<\/blockquote>\n\n\n\n<h3 class=\"wp-block-heading has-text-align-left\">Ponte delle Guglie: Romantisch und authentisch<\/h3>\n\n\n\n<p class=\"has-text-align-left\">Wenn Sie eine ruhigere, authentische Ecke von Venedig suchen, ist der <strong><a href=\"https:\/\/hotelarcadia.net\/de\/das-romantischste-hotel-in-venedig\/ponte-delle-guglie\/\" data-type=\"URL\" data-id=\"https:\/\/hotelarcadia.net\/de\/das-romantischste-hotel-in-venedig\/ponte-delle-guglie\/\"><em>Ponte delle Guglie<\/em><\/a><\/strong> perfekt. Nur wenige Schritte vom <strong>Arcadia Boutique Hotel<\/strong> entfernt, ist er weniger \u00fcberlaufen als andere ber\u00fchmte Br\u00fccken, aber genauso malerisch. Die wei\u00dfen Steins\u00e4ulen, die sich gegen den Himmel abheben, und die Spiegelungen auf dem Kanal schaffen eine ruhige, romantische Szene.<\/p>\n\n\n\n<blockquote class=\"wp-block-quote has-text-align-left is-layout-flow wp-block-quote-is-layout-flow\">\n<p><strong>Romantischer Tipp<\/strong>: Machen Sie ein Foto bei Sonnenuntergang oder im Morgengrauen, wenn das Licht weicher ist und der Br\u00fccke sich im Wasser spiegelt \u2013 der perfekte Moment f\u00fcr einen Kuss.<\/p>\n<\/blockquote>\n\n\n\n<h3 class=\"wp-block-heading has-text-align-left\">Die G\u00e4rten der Villa Nettuno: Gr\u00fcn und Frieden f\u00fcr Paarfotos<\/h3>\n\n\n\n<p class=\"has-text-align-left\">Ein weiterer versteckter Ort f\u00fcr romantische Aufnahmen ist die <strong><em>Villa Nettuno<\/em><\/strong>, die wundersch\u00f6ne G\u00e4rten und einen Panoramablick auf die Stadt bietet. Dieser gr\u00fcne R\u00fcckzugsort, fernab vom touristischen Trubel, ist der perfekte Ort f\u00fcr Paare, die Fotos inmitten der Natur machen m\u00f6chten.<\/p>\n\n\n\n<blockquote class=\"wp-block-quote has-text-align-left is-layout-flow wp-block-quote-is-layout-flow\">\n<p><strong>Romantischer Tipp<\/strong>: Setzen Sie sich auf eine Bank im Garten, mit dem Canal Grande im Hintergrund, und halten Sie einen Moment der Ruhe und Zweisamkeit in einem Foto fest.<\/p>\n<\/blockquote>\n\n\n\n<h3 class=\"wp-block-heading has-text-align-left\">Die Calli von Cannaregio: Ein verstecktes Juwel Venedigs f\u00fcr Paarfotos<\/h3>\n\n\n\n<p>Wenn Sie das wahre Venedig erleben m\u00f6chten, das aus <strong>engen Gassen und versteckten Ecken<\/strong> besteht, ist <em>Cannaregio<\/em> der richtige Ort. Hier ist jeder Winkel perfekt f\u00fcr ein romantisches Foto: kleine Br\u00fccken, Wasserreflexionen und geheime Innenh\u00f6fe bieten charmante Kulissen f\u00fcr Aufnahmen.<\/p>\n\n\n\n<blockquote class=\"wp-block-quote has-text-align-left is-layout-flow wp-block-quote-is-layout-flow\">\n<p><strong>Romantischer Tipp<\/strong>: Lassen Sie Ihre Kamera ein Bild von einem Kuss machen, w\u00e4hrend Sie entlang einer der ruhigen Fondamente spazieren, fernab vom Trubel.<\/p>\n<\/blockquote>\n\n\n\n<h3 class=\"wp-block-heading has-text-align-left\">Arcadia: Das Hotel, das inspiriert<\/h3>\n\n\n\n<p class=\"has-text-align-left\">Das <strong>Arcadia Boutique Hotel<\/strong> selbst ist ein romantischer Ort, der es wert ist, fotografiert zu werden. Die <strong>eleganten Salons<\/strong>, der <strong>Murano-Glas-Chandelier<\/strong>, der den Hauptbereich erleuchtet, und die <strong>intimen Zimmer<\/strong> sind der perfekte Hintergrund f\u00fcr intime Aufnahmen, bei denen die romantische Atmosph\u00e4re mit der Eleganz des Ortes verschmilzt.<\/p>\n\n\n\n<blockquote class=\"wp-block-quote has-text-align-left is-layout-flow wp-block-quote-is-layout-flow\">\n<p><strong>Romantischer Tipp<\/strong>: Nutzen Sie das sanfte Licht am Abend und machen Sie ein Foto im Salon, mit dem Murano-Glas-Chandelier, der eine warme und einladende Atmosph\u00e4re schafft.<\/p>\n<\/blockquote>\n\n\n\n<h3 class=\"wp-block-heading has-text-align-left\">Tipps vom Arcadia-Team<\/h3>\n\n\n\n<blockquote class=\"wp-block-quote has-text-align-left is-layout-flow wp-block-quote-is-layout-flow\">\n<p>\u201eTragen Sie immer eine Kamera oder ein Smartphone mit viel Speicher: Venedig ist zu sch\u00f6n, um es an jeder Ecke nicht festzuhalten.\u201c<br>\u201eDer Sonnenuntergang ist der perfekte Zeitpunkt f\u00fcr romantische Fotos: Das Licht ist warm und schafft eine Magie, die Sie nirgendwo anders finden.\u201c<br>\u201eVergessen Sie nicht, ein Selfie unter der Rialtobr\u00fccke oder mit den Gondeln im Hintergrund zu machen!\u201c<\/p>\n<\/blockquote>\n\n\n\n<p class=\"has-text-align-left\"><strong>Buchen Sie Ihren Aufenthalt im Arcadia Boutique Hotel<\/strong> und entdecken Sie Venedig durch die Linse Ihrer Kamera.<br>Oder <strong><a href=\"https:\/\/hotelarcadia.net\/de\/\" data-type=\"URL\" data-id=\"https:\/\/hotelarcadia.net\/de\/\">kontaktieren Sie uns<\/a><\/strong> f\u00fcr personalisierte Tipps zu den fotogensten und romantischsten Orten in Venedig.<\/p>\n","protected":false},"excerpt":{"rendered":"<p>Venedig ist eine Stadt, die darauf ausgelegt ist, fotografiert zu werden. Ihre engen Gassen, Kan\u00e4le und Pl\u00e4tze bieten Panoramen, die wie aus einem Traum zu stammen scheinen, an denen jede Ecke eine Liebesgeschichte erz\u00e4hlt. Wenn Sie auf der Suche nach den perfekten Orten f\u00fcr romantische Paarfotos mit Ihrem Partner sind, ist das Arcadia Boutique Hotel [&hellip;]<\/p>\n","protected":false},"author":1,"featured_media":8972,"parent":5619,"menu_order":0,"comment_status":"closed","ping_status":"closed","template":"","meta":{"_acf_changed":false,"footnotes":""},"class_list":["post-5883","page","type-page","status-publish","has-post-thumbnail","hentry"],"acf":[],"_links":{"self":[{"href":"https:\/\/hotelarcadia.net\/de\/wp-json\/wp\/v2\/pages\/5883","targetHints":{"allow":["GET"]}}],"collection":[{"href":"https:\/\/hotelarcadia.net\/de\/wp-json\/wp\/v2\/pages"}],"about":[{"href":"https:\/\/hotelarcadia.net\/de\/wp-json\/wp\/v2\/types\/page"}],"author":[{"embeddable":true,"href":"https:\/\/hotelarcadia.net\/de\/wp-json\/wp\/v2\/users\/1"}],"replies":[{"embeddable":true,"href":"https:\/\/hotelarcadia.net\/de\/wp-json\/wp\/v2\/comments?post=5883"}],"version-history":[{"count":0,"href":"https:\/\/hotelarcadia.net\/de\/wp-json\/wp\/v2\/pages\/5883\/revisions"}],"up":[{"embeddable":true,"href":"https:\/\/hotelarcadia.net\/de\/wp-json\/wp\/v2\/pages\/5619"}],"wp:featuredmedia":[{"embeddable":true,"href":"https:\/\/hotelarcadia.net\/de\/wp-json\/wp\/v2\/media\/8972"}],"wp:attachment":[{"href":"https:\/\/hotelarcadia.net\/de\/wp-json\/wp\/v2\/media?parent=5883"}],"curies":[{"name":"wp","href":"https:\/\/api.w.org\/{rel}","templated":true}]}}