{"id":5931,"date":"2025-03-26T08:10:29","date_gmt":"2025-03-26T08:10:29","guid":{"rendered":"https:\/\/www.hotelarcadia.net\/das-romantischste-hotel-in-venedig\/passeggiata-romantica-in-gondola\/"},"modified":"2025-07-16T09:39:58","modified_gmt":"2025-07-16T09:39:58","slug":"wo-kann-man-in-venedig-eine-romantische-gondelfahrt-machen","status":"publish","type":"page","link":"https:\/\/hotelarcadia.net\/de\/das-romantischste-hotel-in-venedig\/wo-kann-man-in-venedig-eine-romantische-gondelfahrt-machen\/","title":{"rendered":"Wo kann man in Venedig eine romantische Gondelfahrt machen?"},"content":{"rendered":"\n<p class=\"has-text-align-left\">Kein Besuch in Venedig ist komplett ohne eine romantische Gondelfahrt. Lautlos \u00fcber die malerischsten Kan\u00e4le der Stadt zu gleiten, eng umschlungen und umgeben von der Magie einer einzigartigen Landschaft, ist die ultimative romantische Erfahrung. F\u00fcr Paare, die Intimit\u00e4t und Staunen suchen, ist eine Gondel der perfekte Weg, um ein verborgenes Venedig abseits der Touristenmassen zu entdecken.<\/p>\n\n\n\n<p class=\"has-text-align-left\">Nur wenige Schritte vom <strong><a href=\"https:\/\/hotelarcadia.net\/de\/das-romantischste-hotel-in-venedig\/hotel-arcadia-ein-romantischer-rueckzugsort-fuer-paare-im-herzen-venedigs\/\" data-type=\"URL\" data-id=\"https:\/\/hotelarcadia.net\/de\/das-romantischste-hotel-in-venedig\/hotel-arcadia-ein-romantischer-rueckzugsort-fuer-paare-im-herzen-venedigs\/\">Arcadia Boutique Hotel<\/a><\/strong> entfernt haben Sie die Gelegenheit, in eine Gondel einzutauchen und eine Reise zu beginnen, die ein unvergesslicher Teil Ihrer Liebesgeschichte wird.<\/p>\n\n\n\n<h3 class=\"wp-block-heading has-text-align-left\">Eine Gondel, die Liebesgeschichten erz\u00e4hlt<\/h3>\n\n\n\n<p class=\"has-text-align-left\">Die Gondel ist mehr als nur ein Fortbewegungsmittel. Mit ihrer eleganten Form und der langsamen Bewegung verk\u00f6rpert sie die Ruhe und Sch\u00f6nheit von Venedig. Jede dieser Boote erz\u00e4hlt jahrhundertealte Liebesgeschichten, w\u00e4hrend sie die romantischeren, kleineren Kan\u00e4le \u00fcberqueren. Der <strong>friedliche Moment<\/strong> und die <strong>einzigartige Aussicht<\/strong>, die eine Gondel bietet, machen jede Fahrt zu etwas Besonderem.<\/p>\n\n\n\n<blockquote class=\"wp-block-quote has-text-align-left is-layout-flow wp-block-quote-is-layout-flow\">\n<p><strong>Romantischer Tipp<\/strong>: Buchen Sie eine Gondelfahrt bei Sonnenuntergang, wenn die Stadt in goldene Farben getaucht wird, um eine traumhafte Atmosph\u00e4re zu erleben \u2013 perfekt f\u00fcr einen Kuss.<\/p>\n<\/blockquote>\n\n\n\n<h3 class=\"wp-block-heading has-text-align-left\">Entdecken Sie die verborgenen Kan\u00e4le von Venedig<\/h3>\n\n\n\n<p class=\"has-text-align-left\">W\u00e4hrend die ber\u00fchmten Kan\u00e4le wie der <strong><em>Canal Grande<\/em><\/strong> atemberaubend sind, bieten die schmaleren, ruhigeren Kan\u00e4le, die abseits der gro\u00dfen Touristenstr\u00f6me verlaufen, eine <strong>intimere und authentischere Sicht<\/strong> auf die Stadt. Mit einer Gondel k\u00f6nnen Sie durch Ecken Venedigs fahren, die zu Fu\u00df nicht leicht zug\u00e4nglich sind. Unter kleinen Br\u00fccken hindurch, an ruhigen Gew\u00e4ssern vorbei und in geheime H\u00f6hlen einzutauchen sind Erlebnisse, die nur eine Gondel erm\u00f6glichen kann.<\/p>\n\n\n\n<blockquote class=\"wp-block-quote has-text-align-left is-layout-flow wp-block-quote-is-layout-flow\">\n<p><strong>Romantischer Tipp<\/strong>: Bitten Sie den Gondoliere, Sie durch die weniger bekannten Kan\u00e4le von <strong><em>San Marco<\/em><\/strong> oder <strong><em>Cannaregio<\/em><\/strong> zu f\u00fchren, um ein intimeres Venedig zu erleben.<\/p>\n<\/blockquote>\n\n\n\n<h3 class=\"wp-block-heading has-text-align-left\">Ein Gondoliere, der f\u00fcr Sie singt<\/h3>\n\n\n\n<p class=\"has-text-align-left\">Viele Gondolieri singen traditionelle Lieder, w\u00e4hrend sie lautlos \u00fcber die Kan\u00e4le gleiten. Stellen Sie sich vor, Sie genie\u00dfen eine Fahrt zu zweit, begleitet von den sanften Melodien einer Serenade, die sich mit dem Klang des Wassers mischen. Dies ist einer der <strong>romantischsten Momente<\/strong>, die ein Paar in Venedig erleben kann.<\/p>\n\n\n\n<blockquote class=\"wp-block-quote has-text-align-left is-layout-flow wp-block-quote-is-layout-flow\">\n<p><strong>Romantischer Tipp<\/strong>: Bitten Sie den Gondoliere, w\u00e4hrend der Fahrt ein traditionelles Lied zu singen, um der Erfahrung eine besondere Note zu verleihen.<\/p>\n<\/blockquote>\n\n\n\n<h3 class=\"wp-block-heading has-text-align-left\">Eine Erfahrung, die man teilt, ein Andenken, das bleibt<\/h3>\n\n\n\n<p class=\"has-text-align-left\">Jede Gondelfahrt ist einzigartig. Sie dauert zwischen 30 Minuten und einer Stunde, aber jeder Moment ist kostbar. Sie haben die Gelegenheit, anzuhalten, <strong>den Spiegel der Geb\u00e4ude<\/strong> im Wasser zu beobachten, sich z\u00e4rtlich anzusehen und ohne Eile zu sprechen. Nach der Fahrt entscheiden sich viele Paare, f\u00fcr ein <strong>Aperitif<\/strong> an einem der Kan\u00e4le zu halten, um weiter in der Magie von Venedig zu schwelgen.<\/p>\n\n\n\n<blockquote class=\"wp-block-quote has-text-align-left is-layout-flow wp-block-quote-is-layout-flow\">\n<p><strong>Romantischer Tipp<\/strong>: Nach der Gondelfahrt, stoppen Sie auf der <strong><em>Piazza San Marco<\/em><\/strong> f\u00fcr einen ruhigen Abendspaziergang unter den Laternen. Der perfekte Abschluss der Erfahrung.<\/p>\n<\/blockquote>\n\n\n\n<h3 class=\"wp-block-heading has-text-align-left\">Was unsere G\u00e4ste \u00fcber die Gondelfahrt sagen<\/h3>\n\n\n\n<blockquote class=\"wp-block-quote has-text-align-left is-layout-flow wp-block-quote-is-layout-flow\">\n<p>\u201eDie Gondelfahrt war der romantischste Teil unserer Reise. Der <em>Gondoliere<\/em> hat f\u00fcr uns gesungen, w\u00e4hrend wir durch die Kan\u00e4le glitten. Es war pure Magie.\u201c<br>\u201eWir machten eine private Gondelfahrt, nur wir zwei. Es war das romantischste, was wir je erlebt haben. Wir empfehlen es auf jeden Fall!\u201c<br>\u201eDie Gondelfahrt war perfekt, alles wurde von unserem Hotel organisiert. Wir haben uns so besonders gef\u00fchlt.\u201c<\/p>\n<\/blockquote>\n\n\n\n<h3 class=\"wp-block-heading has-text-align-left\">Warum eine Gondelfahrt mit Arcadia w\u00e4hlen<\/h3>\n\n\n\n<p class=\"has-text-align-left\">Das <strong>Arcadia Boutique Hotel<\/strong> ist der ideale Ausgangspunkt, um Ihre Gondelfahrt zu organisieren. Unser Team freut sich, f\u00fcr Sie eine einzigartige Erfahrung zu buchen, und w\u00e4hlt den Zeitpunkt und die Route, die Ihnen am besten gefallen, sei es ein Sonnenuntergangs- oder n\u00e4chtlicher Ausflug unter den Sternen.<\/p>\n\n\n\n<p class=\"has-text-align-left\"><strong>Buchen Sie Ihren Aufenthalt im Arcadia Boutique Hotel<\/strong> und erleben Sie die romantische Gondelfahrt in Venedig.<br>Oder <strong><a href=\"https:\/\/hotelarcadia.net\/de\/\" data-type=\"URL\" data-id=\"https:\/\/hotelarcadia.net\/de\/\">kontaktieren Sie uns<\/a><\/strong>, um eine personalisierte Gondelfahrt zu arrangieren, mit der perfekten Route f\u00fcr Ihre Liebesgeschichte.<\/p>\n","protected":false},"excerpt":{"rendered":"<p>Kein Besuch in Venedig ist komplett ohne eine romantische Gondelfahrt. Lautlos \u00fcber die malerischsten Kan\u00e4le der Stadt zu gleiten, eng umschlungen und umgeben von der Magie einer einzigartigen Landschaft, ist die ultimative romantische Erfahrung. F\u00fcr Paare, die Intimit\u00e4t und Staunen suchen, ist eine Gondel der perfekte Weg, um ein verborgenes Venedig abseits der Touristenmassen zu [&hellip;]<\/p>\n","protected":false},"author":1,"featured_media":6363,"parent":5619,"menu_order":0,"comment_status":"closed","ping_status":"closed","template":"","meta":{"_acf_changed":false,"footnotes":""},"class_list":["post-5931","page","type-page","status-publish","has-post-thumbnail","hentry"],"acf":[],"_links":{"self":[{"href":"https:\/\/hotelarcadia.net\/de\/wp-json\/wp\/v2\/pages\/5931","targetHints":{"allow":["GET"]}}],"collection":[{"href":"https:\/\/hotelarcadia.net\/de\/wp-json\/wp\/v2\/pages"}],"about":[{"href":"https:\/\/hotelarcadia.net\/de\/wp-json\/wp\/v2\/types\/page"}],"author":[{"embeddable":true,"href":"https:\/\/hotelarcadia.net\/de\/wp-json\/wp\/v2\/users\/1"}],"replies":[{"embeddable":true,"href":"https:\/\/hotelarcadia.net\/de\/wp-json\/wp\/v2\/comments?post=5931"}],"version-history":[{"count":0,"href":"https:\/\/hotelarcadia.net\/de\/wp-json\/wp\/v2\/pages\/5931\/revisions"}],"up":[{"embeddable":true,"href":"https:\/\/hotelarcadia.net\/de\/wp-json\/wp\/v2\/pages\/5619"}],"wp:featuredmedia":[{"embeddable":true,"href":"https:\/\/hotelarcadia.net\/de\/wp-json\/wp\/v2\/media\/6363"}],"wp:attachment":[{"href":"https:\/\/hotelarcadia.net\/de\/wp-json\/wp\/v2\/media?parent=5931"}],"curies":[{"name":"wp","href":"https:\/\/api.w.org\/{rel}","templated":true}]}}