{"id":5950,"date":"2025-03-26T08:50:11","date_gmt":"2025-03-26T08:50:11","guid":{"rendered":"https:\/\/www.hotelarcadia.net\/das-romantischste-hotel-in-venedig\/passeggiata-romantica-sul-ponte-di-rialto\/"},"modified":"2025-04-02T10:56:27","modified_gmt":"2025-04-02T10:56:27","slug":"romantischer-spaziergang-ueber-die-rialtobruecke","status":"publish","type":"page","link":"https:\/\/hotelarcadia.net\/de\/das-romantischste-hotel-in-venedig\/romantischer-spaziergang-ueber-die-rialtobruecke\/","title":{"rendered":"Romantischer Spaziergang \u00fcber die Rialtobr\u00fccke: Geschichte, Kunst und atemberaubende Ausblicke"},"content":{"rendered":"\n<p class=\"has-text-align-left\">Die <strong>Rialtobr\u00fccke<\/strong> ist zweifellos eines der ikonischsten Wahrzeichen Venedigs und geh\u00f6rt zu den Elementen, die das Bild der Stadt weltweit pr\u00e4gen. Mit ihrer spektakul\u00e4ren Architektur, dem atemberaubenden Blick auf den <strong><em>Canal Grande<\/em><\/strong> und ihrer historischen Lage im Herzen Venedigs ist sie ein absolutes Muss f\u00fcr jeden, der in die Geschichte und Sch\u00f6nheit der Stadt eintauchen m\u00f6chte.<\/p>\n\n\n\n<p class=\"has-text-align-left\">F\u00fcr Paare, die einen <strong>romantischen Spaziergang durch Kunst, Geschichte und zeitlose Sch\u00f6nheit<\/strong> erleben m\u00f6chten, ist die Rialtobr\u00fccke der perfekte Ort, um innezuhalten, Fotos zu machen und nat\u00fcrlich einen Moment der Intimit\u00e4t fernab der Menschenmengen zu genie\u00dfen.<\/p>\n\n\n\n<h3 class=\"has-text-align-left wp-block-heading\">Die Geschichte, die durch die Br\u00fccke spricht<\/h3>\n\n\n\n<p class=\"has-text-align-left\">Die Rialtobr\u00fccke wurde zwischen <strong>1588<\/strong> und <strong>1591<\/strong> erbaut und ist eines der bekanntesten und \u00e4ltesten Wahrzeichen Venedigs, ein wahres Meisterwerk der Ingenieurkunst ihrer Zeit. Entworfen von dem Architekten <strong>Antonio da Ponte<\/strong>, \u00fcberspannt die Br\u00fccke den Canal Grande und verbindet die beiden Ufer, sodass Kaufleute, Touristen und Venezianer hindurchziehen k\u00f6nnen. Mit ihrer einzigartigen <strong>Einbogenkonstruktion<\/strong> hat sie den Test der Zeit, Feuer und \u00dcberschwemmungen \u00fcberstanden und ist zu einem Symbol der Widerstandskraft und Sch\u00f6nheit der Stadt geworden.<\/p>\n\n\n\n<p class=\"has-text-align-left\">Wenn man unter der Br\u00fccke hindurchgeht, sp\u00fcrt man das Gewicht der Geschichte, das sich in den Steinen, den architektonischen Details und dem stetigen Verkehr von Gondeln und Booten widerspiegelt, die den Kanal durchqueren. <strong><a href=\"https:\/\/hotelarcadia.net\/live-venice\/\" data-type=\"URL\" data-id=\"https:\/\/hotelarcadia.net\/live-venice\/\">Jeder Schritt auf der Rialtobr\u00fccke ist eine Reise in die venezianische Vergangenheit<\/a>.<\/strong><\/p>\n\n\n\n<h3 class=\"has-text-align-left wp-block-heading\">Der atemberaubende Blick von der Br\u00fccke<\/h3>\n\n\n\n<p class=\"has-text-align-left\">Der <strong>Blick von der Rialtobr\u00fccke<\/strong> ist zweifellos einer der spektakul\u00e4rsten der Stadt. Auf der einen Seite der Br\u00fccke bietet sich ein Blick auf den <strong><em>Canal Grande<\/em><\/strong>, mit seinen Gondeln und Booten, die \u00fcber das Wasser gleiten \u2013 ein wahrhaft poetischer Anblick. Auf der anderen Seite schaffen die Architektur der <strong>alten Gesch\u00e4fte<\/strong>, die den Br\u00fcckenbogen s\u00e4umen, eine visuelle Wirkung, die uns in die Vergangenheit zur\u00fcckversetzt und den Handel evozieren, der schon immer ein zentraler Bestandteil des venezianischen Lebens war.<\/p>\n\n\n\n<p class=\"has-text-align-left\">F\u00fcr einen <strong>romantischen Spaziergang<\/strong> bietet die Rialtobr\u00fccke eine der malerischsten Kulissen, um innezuhalten, den Ausblick gemeinsam zu genie\u00dfen und den Moment in einem Foto festzuhalten. Wenn man Gl\u00fcck hat, bietet ein <strong>sonniger Tag in Venedig<\/strong> Wasserreflexionen, die wie Gem\u00e4lde wirken und die perfekte Kulisse f\u00fcr einen Kuss oder einen Spaziergang Hand in Hand bieten.<\/p>\n\n\n\n<blockquote class=\"wp-block-quote has-text-align-left is-layout-flow wp-block-quote-is-layout-flow\"><p class=\"\"><strong>Romantischer Tipp<\/strong>: Wenn Sie die Magie der Rialtobr\u00fccke ohne die Menschenmengen erleben m\u00f6chten, <strong>gehen Sie fr\u00fch am Morgen<\/strong>, wenn die Stadt noch schl\u00e4ft und die Atmosph\u00e4re ruhig ist. Das weiche Morgenlicht und die Stadt, die langsam erwacht, machen dies zum idealen Moment f\u00fcr einen entspannten Spaziergang und eine ruhige Pause zu zweit.<\/p><\/blockquote>\n\n\n\n<h3 class=\"has-text-align-left wp-block-heading\">Der Rialtomarkt: Ein lebendiger und authentischer Ort in Venedig<\/h3>\n\n\n\n<p class=\"has-text-align-left\">Direkt neben der Br\u00fccke befindet sich der <strong>Rialtomarkt<\/strong>, einer der lebendigsten und authentischsten Orte in Venedig. Hier, zwischen St\u00e4nden mit frischem Fisch, buntem Gem\u00fcse und saisonalen Fr\u00fcchten, sp\u00fcrt man das wahre Leben der Stadt. Obwohl der Markt eine der wichtigsten Touristenattraktionen Venedigs ist, hat er <strong>seinen authentischen Charme und Alltag bewahrt<\/strong>, und ein Spaziergang durch ihn ist eine der malerischsten Erfahrungen der Stadt.<\/p>\n\n\n\n<blockquote class=\"wp-block-quote has-text-align-left is-layout-flow wp-block-quote-is-layout-flow\"><p class=\"\"><strong>Romantischer Tipp<\/strong>: \u00dcberqueren Sie den Markt und machen Sie eine Pause in einer der traditionellen <strong>Osterien<\/strong>, um einige <strong>Cicchetti<\/strong> (venezianische Tapas) zu probieren. Ein kleiner Geschmack der lokalen K\u00fcche ist eine gro\u00dfartige M\u00f6glichkeit, Ihre romantische Erfahrung zu bereichern.<\/p><\/blockquote>\n\n\n\n<h3 class=\"has-text-align-left wp-block-heading\">Ein romantischer Spaziergang entlang des Canal Grande<\/h3>\n\n\n\n<p class=\"has-text-align-left\">Jenseits der Rialtobr\u00fccke ist der <strong>Canal Grande<\/strong> der Hauptakteur der Stadt. Mit seinen <strong>historischen Pal\u00e4sten<\/strong>, die sich im Wasser spiegeln, und den Gondeln, die vorbeigleiten, ist er einer der romantischsten Orte f\u00fcr einen Spaziergang. Der ideale Ort ist, entlang der <strong><em>Fondamenta<\/em><\/strong> zu gehen, wo man ruhigere Pl\u00e4tze findet, fernab von den Touristenmassen. Dies erm\u00f6glicht es, sich vollkommen in die Sch\u00f6nheit Venedigs zu vertiefen.<\/p>\n\n\n\n<blockquote class=\"wp-block-quote has-text-align-left is-layout-flow wp-block-quote-is-layout-flow\"><p><strong>Romantischer Tipp<\/strong>: Genie\u00dfen Sie einen ruhigen Spaziergang entlang des <strong><em>Canal Grande<\/em><\/strong> bei Sonnenuntergang. Das Licht, das sich im Wasser widerspiegelt, schafft eine einzigartige Atmosph\u00e4re f\u00fcr einen romantischen Kuss oder ein tiefes Gespr\u00e4ch.<\/p><\/blockquote>\n\n\n\n<h3 class=\"has-text-align-left wp-block-heading\">Ein unvergesslicher Sonnenuntergang<\/h3>\n\n\n\n<p class=\"has-text-align-left\">Was k\u00f6nnte romantischer sein, als den <strong>Sonnenuntergang \u00fcber dem <em>Canal Grande<\/em><\/strong> zu beobachten, wenn das goldene Licht die Fassaden der Geb\u00e4ude streift und sich der Br\u00fccke \u00fcber den Kanal erstreckt? Der Sonnenuntergang in Venedig hat eine unvergleichliche Sch\u00f6nheit, die man am besten von der <strong>Rialtobr\u00fccke<\/strong> aus genie\u00dfen kann.<\/p>\n\n\n\n<blockquote class=\"wp-block-quote has-text-align-left is-layout-flow wp-block-quote-is-layout-flow\"><p><strong>Romantischer Tipp<\/strong>: Bringen Sie eine <strong>Flasche <em>Prosecco<\/em><\/strong> mit und genie\u00dfen Sie gemeinsam den Sonnenuntergang, vielleicht bei einem Halt in einem der Panorama-Caf\u00e9s in der N\u00e4he der Br\u00fccke. <strong>Der Sonnenuntergang in Venedig ist ein Erlebnis, das jedes Paar zusammen erleben sollte.<\/strong><\/p><\/blockquote>\n\n\n\n<h3 class=\"has-text-align-left wp-block-heading\">Die Emotionen, die bleiben<\/h3>\n\n\n\n<p class=\"has-text-align-left\">Jedes Paar, das Venedig besucht, hat eine besondere Erinnerung an den <strong>Rialtobr\u00fccke<\/strong>. F\u00fcr manche ist es der erste Ort, den sie beim Ankommen in der Stadt sehen, f\u00fcr andere markiert er den Beginn einer unvergesslichen Reise. Was auch immer Ihre Geschichte ist, die Rialtobr\u00fccke wird immer ein magischer Ort bleiben, um innezuhalten, <strong>ein Foto zu machen und sich an einen besonderen Moment zu erinnern<\/strong>.<\/p>\n\n\n\n<blockquote class=\"wp-block-quote has-text-align-left is-layout-flow wp-block-quote-is-layout-flow\"><p class=\"\"><strong>Romantischer Tipp<\/strong>: Bevor Sie gehen, halten Sie an und machen Sie ein <strong>Foto unter der Br\u00fccke<\/strong>, mit dem <strong>hinter Ihnen flie\u00dfenden Kanal<\/strong>. Ein Erinnerungsfoto von einer Liebe, die mit der Stadt wachsen wird.<\/p><\/blockquote>\n\n\n\n<h3 class=\"has-text-align-left wp-block-heading\">Tipps vom Arcadia-Team<\/h3>\n\n\n\n<blockquote class=\"wp-block-quote has-text-align-left is-layout-flow wp-block-quote-is-layout-flow\"><p class=\"\">\u201cDie Rialtobr\u00fccke ist das Herz von Venedig. Nutzen Sie den Sonnenuntergang f\u00fcr einen ruhigen Spaziergang.\u201d<br>\u201cWenn Sie eine intimere Seite Venedigs erleben m\u00f6chten, gehen Sie entlang des Kanals und entdecken Sie versteckte Ecken.\u201d<br>\u201cDer Rialtomarkt ist der perfekte Ort f\u00fcr eine romantische Pause mit etwas zu essen.\u201d<\/p><\/blockquote>\n\n\n\n<p class=\"has-text-align-left\"><strong>Buchen Sie Ihren Aufenthalt im Arcadia Boutique Hotel<\/strong> und beginnen Sie Ihre romantische Spaziergang in Venedig vom Rialtobr\u00fccke.<br>Oder <strong><a href=\"https:\/\/hotelarcadia.net\/de\/\" data-type=\"URL\" data-id=\"https:\/\/hotelarcadia.net\/de\/\">kontaktieren Sie uns<\/a><\/strong> f\u00fcr pers\u00f6nliche Empfehlungen, wie Sie Ihre romantische Erfahrung in Venedig noch spezieller machen k\u00f6nnen.<\/p>\n","protected":false},"excerpt":{"rendered":"<p>Die Rialtobr\u00fccke ist zweifellos eines der ikonischsten Wahrzeichen Venedigs und geh\u00f6rt zu den Elementen, die das Bild der Stadt weltweit pr\u00e4gen. Mit ihrer spektakul\u00e4ren Architektur, dem atemberaubenden Blick auf den Canal Grande und ihrer historischen Lage im Herzen Venedigs ist sie ein absolutes Muss f\u00fcr jeden, der in die Geschichte und Sch\u00f6nheit der Stadt eintauchen [&hellip;]<\/p>\n","protected":false},"author":1,"featured_media":6418,"parent":5619,"menu_order":0,"comment_status":"closed","ping_status":"closed","template":"","meta":{"_acf_changed":false,"footnotes":""},"class_list":["post-5950","page","type-page","status-publish","has-post-thumbnail","hentry"],"acf":[],"_links":{"self":[{"href":"https:\/\/hotelarcadia.net\/de\/wp-json\/wp\/v2\/pages\/5950","targetHints":{"allow":["GET"]}}],"collection":[{"href":"https:\/\/hotelarcadia.net\/de\/wp-json\/wp\/v2\/pages"}],"about":[{"href":"https:\/\/hotelarcadia.net\/de\/wp-json\/wp\/v2\/types\/page"}],"author":[{"embeddable":true,"href":"https:\/\/hotelarcadia.net\/de\/wp-json\/wp\/v2\/users\/1"}],"replies":[{"embeddable":true,"href":"https:\/\/hotelarcadia.net\/de\/wp-json\/wp\/v2\/comments?post=5950"}],"version-history":[{"count":0,"href":"https:\/\/hotelarcadia.net\/de\/wp-json\/wp\/v2\/pages\/5950\/revisions"}],"up":[{"embeddable":true,"href":"https:\/\/hotelarcadia.net\/de\/wp-json\/wp\/v2\/pages\/5619"}],"wp:featuredmedia":[{"embeddable":true,"href":"https:\/\/hotelarcadia.net\/de\/wp-json\/wp\/v2\/media\/6418"}],"wp:attachment":[{"href":"https:\/\/hotelarcadia.net\/de\/wp-json\/wp\/v2\/media?parent=5950"}],"curies":[{"name":"wp","href":"https:\/\/api.w.org\/{rel}","templated":true}]}}