{"id":5975,"date":"2025-03-26T09:26:22","date_gmt":"2025-03-26T09:26:22","guid":{"rendered":"https:\/\/www.hotelarcadia.net\/das-romantischste-hotel-in-venedig\/passeggiata-romantica-a-piazza-san-marco\/"},"modified":"2025-04-03T12:50:03","modified_gmt":"2025-04-03T12:50:03","slug":"romantischer-spaziergang-zum-markusplatz","status":"publish","type":"page","link":"https:\/\/hotelarcadia.net\/de\/das-romantischste-hotel-in-venedig\/romantischer-spaziergang-zum-markusplatz\/","title":{"rendered":"Romantischer Spaziergang zum Markusplatz: Majest\u00e4t und Intimit\u00e4t"},"content":{"rendered":"\n<p class=\"has-text-align-left\">Der <strong>Markusplatz<\/strong> ist die Seele von Venedig. Mit seiner Gro\u00dfartigkeit, der <strong><em>Basilika von San Marco<\/em><\/strong> und dem <strong><em>Campanile<\/em><\/strong>, ist es ein Ort, der einem den Atem raubt durch seine historische Sch\u00f6nheit. Aber abgesehen von seinem weltweiten Ruhm und seiner Gr\u00f6\u00dfe gibt es auch eine intimere und verborgene Seite der <em>Piazza San Marco<\/em>, die sich nur den romantischen Herzen offenbart. Ein Spaziergang bei Sonnenuntergang, wenn sich der Platz leert und die Lichter zu leuchten beginnen, ist ein Erlebnis, das jedes Paar erleben sollte, um <strong>die Magie Venedigs zu erfahren<\/strong>.<\/p>\n\n\n\n<h3 class=\"has-text-align-left wp-block-heading\">Die Majest\u00e4t der Piazza San Marco<\/h3>\n\n\n\n<p class=\"has-text-align-left\">Die <em>Piazza San Marco<\/em> ist einer der sch\u00f6nsten und bekanntesten Pl\u00e4tze der Welt. Sie ist das Herz der Stadt, mit der <strong><em><a href=\"https:\/\/hotelarcadia.net\/de\/exhibition\/kuriositaeten-ueber-die-basilika-san-marco\/\" data-type=\"URL\" data-id=\"https:\/\/hotelarcadia.net\/de\/exhibition\/kuriositaeten-ueber-die-basilika-san-marco\/\">Basilika von San Marco<\/a><\/em><\/strong>, die die Szenerie dominiert, dem <strong><em>Campanile<\/em><\/strong>, der \u00fcber die D\u00e4cher hinausragt, und dem <strong><em><a href=\"https:\/\/hotelarcadia.net\/de\/exhibition\/tickets-fuer-den-dogenpalast\/\" data-type=\"URL\" data-id=\"https:\/\/hotelarcadia.net\/de\/exhibition\/tickets-fuer-den-dogenpalast\/\">Palazzo Ducale<\/a><\/em><\/strong>, der die jahrhundertealte Geschichte von Venedig erz\u00e4hlt. Der Platz ist gro\u00df und oft \u00fcberf\u00fcllt, aber es gibt immer einen ruhigen Winkel, an dem man innehalten kann, auch wenn es nur f\u00fcr einen <strong>Moment<\/strong> ist, und die Sch\u00f6nheit genie\u00dfen kann, <strong>die einen umgibt<\/strong>.<\/p>\n\n\n\n<blockquote class=\"wp-block-quote has-text-align-left is-layout-flow wp-block-quote-is-layout-flow\"><p class=\"\"><strong>Romantischer Tipp<\/strong>: Spazieren Sie \u00fcber den Platz bei Sonnenuntergang, wenn das weiche Licht sich im Marmor und den S\u00e4ulen widerspiegelt und eine einzigartige romantische Atmosph\u00e4re schafft.<\/p><\/blockquote>\n\n\n\n<h3 class=\"has-text-align-left wp-block-heading\">Die Details, die den Unterschied machen<\/h3>\n\n\n\n<p class=\"has-text-align-left\">W\u00e4hrend die <em>Piazza San Marco<\/em> f\u00fcr ihre Gr\u00f6\u00dfe und ihre Monumente ber\u00fchmt ist, liegt ihre wahre Sch\u00f6nheit in den Details. Die <strong>verzierten B\u00e4nke<\/strong>, die <strong>versteckten Pl\u00e4tze<\/strong> und der Blick auf die <strong><em>Fondamenta<\/em><\/strong>, die entlang des Kanals verlaufen, sind perfekte Orte, um eine Pause zu machen oder ein romantisches Foto zu schie\u00dfen. Die <strong>S\u00e4ulen des <em>Palazzos Ducale<\/em><\/strong>, die <strong>Blumen<\/strong> auf den Balkonen, die <strong>M\u00f6wen<\/strong>, die \u00fcber den Platz fliegen: Jeder kleine Detail erz\u00e4hlt eine Geschichte und tr\u00e4gt zum Charme des Ortes bei.<\/p>\n\n\n\n<blockquote class=\"wp-block-quote has-text-align-left is-layout-flow wp-block-quote-is-layout-flow\"><p class=\"\"><strong>Romantischer Tipp<\/strong>: Halten Sie auf einer Bank in der N\u00e4he des <strong>Caff\u00e8 Florian<\/strong> an, einem der historischsten Caf\u00e9s auf dem Platz, und genie\u00dfen Sie einen venezianischen Kaffee, w\u00e4hrend Sie den Sonnenuntergang auf dem Platz beobachten.<\/p><\/blockquote>\n\n\n\n<h3 class=\"has-text-align-left wp-block-heading\">Die Magie des <strong>Campanile<\/strong> bei Sonnenuntergang<\/h3>\n\n\n\n<p class=\"has-text-align-left\">Der <strong><em>Campanile von San Marco<\/em><\/strong> ist eines der h\u00f6chsten Bauwerke in Venedig und bietet einen der besten Panoramablicke auf die Stadt. Es ist der ideale Ort, um <strong>romantische Fotos<\/strong> zu machen und die Aussicht auf die gesamte Stadt zu genie\u00dfen. Von hier aus kann man die venezianischen D\u00e4cher, die Kan\u00e4le und die Lagune sehen, mit einem unvergleichlichen Blick.<\/p>\n\n\n\n<blockquote class=\"wp-block-quote has-text-align-left is-layout-flow wp-block-quote-is-layout-flow\"><p class=\"\"><strong>Romantischer Tipp<\/strong>: Wenn Sie abenteuerlustig sind, steigen Sie auf den <strong>Campanile<\/strong> f\u00fcr einen unvergesslichen Panoramablick. Der Sonnenuntergang von hier oben ist atemberaubend.<\/p><\/blockquote>\n\n\n\n<h3 class=\"has-text-align-left wp-block-heading\">Die Ruhe des Platzes in der Nacht<\/h3>\n\n\n\n<p class=\"has-text-align-left\">Obwohl die <em>Piazza San Marco<\/em> tags\u00fcber oft \u00fcberf\u00fcllt ist, verwandelt sie sich in der Nacht in einen <strong>romantischen und ruhigen<\/strong> Ort. Das Licht der Laternen reflektiert sich auf dem Steinboden und der Klang der <strong>Musiker<\/strong>, die unter den Arkaden spielen, vermischt sich mit dem Ger\u00e4usch der Wellen, die sanft am Kanal pl\u00e4tschern. Der <strong>leere Platz<\/strong> und der Klang der Glocken, die die Stunde schlagen, schaffen eine einzigartige Atmosph\u00e4re, die perfekt f\u00fcr einen <strong>n\u00e4chtlichen Spaziergang zu zweit<\/strong> ist.<\/p>\n\n\n\n<blockquote class=\"wp-block-quote has-text-align-left is-layout-flow wp-block-quote-is-layout-flow\"><p class=\"\"><strong>Romantischer Tipp<\/strong>: Machen Sie einen Spaziergang <strong>unter den Arkaden<\/strong> des Palazzo Ducale, wo es wenig Menschen gibt und Sie die magische Atmosph\u00e4re von Venedig bei Nacht genie\u00dfen k\u00f6nnen.<\/p><\/blockquote>\n\n\n\n<h3 class=\"has-text-align-left wp-block-heading\">Aperitifs auf der Piazza San Marco<\/h3>\n\n\n\n<p class=\"has-text-align-left\">Nach einem romantischen Spaziergang, was gibt es besseres, als in einem der <strong>historischen Caf\u00e9s<\/strong> auf der <em>Piazza San Marco<\/em> anzuhalten und einen <strong>venezianischen Aperitif<\/strong> zu genie\u00dfen? Das <strong><em>Caff\u00e8 Florian<\/em><\/strong> und das <strong><em>Caff\u00e8 Quadri<\/em><\/strong>, beide mit Blick auf den Platz, sind ikonische Orte, um ein typisches venezianisches Getr\u00e4nk zu probieren. Hier scheint die Zeit langsamer zu vergehen und alles wird intimer.<\/p>\n\n\n\n<blockquote class=\"wp-block-quote has-text-align-left is-layout-flow wp-block-quote-is-layout-flow\"><p class=\"\"><strong>Romantischer Tipp<\/strong>: W\u00e4hlen Sie einen <strong>Spritz-Aperitif<\/strong> und genie\u00dfen Sie die Live-Musik, w\u00e4hrend der Platz abends erleuchtet.<\/p><\/blockquote>\n\n\n\n<h3 class=\"has-text-align-left wp-block-heading\">Der zeitlose Charme von Venedig<\/h3>\n\n\n\n<p class=\"has-text-align-left\">Die <em>Piazza San Marco<\/em> ist das Herz der Stadt, aber bei Sonnenuntergang oder in der Nacht <strong>verwandelt sie sich in einen intimeren und geheimen Ort<\/strong>, an dem romantische Momente intensiver werden. Hier kann sich jedes Paar wie ein Teil der Geschichte von Venedig f\u00fchlen, wo jeder Stein, jede Ecke und jeder Ausblick einen einl\u00e4dt, die Magie der Stadt zu erleben.<\/p>\n\n\n\n<blockquote class=\"wp-block-quote has-text-align-left is-layout-flow wp-block-quote-is-layout-flow\"><p class=\"\"><strong>Romantischer Tipp<\/strong>: Halten Sie an und <strong>sehen Sie den Spiegel<\/strong> des Palazzo Ducale und der Basilika im Kanal \u2013 ein Bild, das f\u00fcr immer in Ihrem Herzen und Ihren Erinnerungen bleibt.<\/p><\/blockquote>\n\n\n\n<h3 class=\"has-text-align-left wp-block-heading\">Erlebnisse unserer G\u00e4ste aus dem Arcadia<\/h3>\n\n\n\n<blockquote class=\"wp-block-quote has-text-align-left is-layout-flow wp-block-quote-is-layout-flow\"><p class=\"\">\u201eWir verbrachten den ganzen Abend auf dem Platz bei Sonnenuntergang, dann sa\u00dfen wir im Caff\u00e8 Florian bei einem Glas Prosecco. Der perfekte Moment.\u201c<br>\u201eUnser Foto unter dem Campanile ist das sch\u00f6nste unserer Hochzeitsreise. Die Piazza San Marco bei Sonnenuntergang ist eines der romantischsten Erlebnisse, die wir je hatten.\u201c<br>\u201eEs gibt nichts Magischeres als die Piazza San Marco bei Nacht. Wir spazierten unter den Arkaden, ganz ruhig, mit nur der Musik im Hintergrund.\u201c<\/p><\/blockquote>\n\n\n\n<h3 class=\"has-text-align-left wp-block-heading\">Tipps vom Arcadia-Team<\/h3>\n\n\n\n<blockquote class=\"wp-block-quote has-text-align-left is-layout-flow wp-block-quote-is-layout-flow\"><p class=\"\">\u201eWenn Sie den Platz ohne die Menschenmengen genie\u00dfen m\u00f6chten, gehen Sie fr\u00fch am Morgen oder sp\u00e4t in der Nacht.\u201c<br>\u201eVergessen Sie nicht, im <strong>Caff\u00e8 Florian<\/strong> einen Aperitif mit Aussicht zu genie\u00dfen.\u201c<br>\u201eMachen Sie eine Pause auf der Bank vor der <strong>Basilika von San Marco<\/strong> und bewundern Sie den Ausblick: Es ist der perfekte Ort f\u00fcr einen ruhigen Moment zu zweit.\u201c<\/p><\/blockquote>\n\n\n\n<p class=\"has-text-align-left\"><strong>Buchen Sie Ihren Aufenthalt im Arcadia Boutique Hotel<\/strong> und beginnen Sie Ihren romantischen Spaziergang in Venedig auf der <em>Piazza San Marco<\/em>.<br>Oder <strong><a href=\"https:\/\/hotelarcadia.net\/de\/\" data-type=\"URL\" data-id=\"https:\/\/hotelarcadia.net\/de\/\">kontaktieren Sie uns<\/a><\/strong> f\u00fcr pers\u00f6nliche Tipps zu den romantischsten Orten in Venedig, die Sie zu Fu\u00df besuchen k\u00f6nnen.<\/p>\n\n\n\n<hr class=\"wp-block-separator\"\/>\n\n\n\n<p><\/p>\n","protected":false},"excerpt":{"rendered":"<p>Der Markusplatz ist die Seele von Venedig. Mit seiner Gro\u00dfartigkeit, der Basilika von San Marco und dem Campanile, ist es ein Ort, der einem den Atem raubt durch seine historische Sch\u00f6nheit. Aber abgesehen von seinem weltweiten Ruhm und seiner Gr\u00f6\u00dfe gibt es auch eine intimere und verborgene Seite der Piazza San Marco, die sich nur [&hellip;]<\/p>\n","protected":false},"author":1,"featured_media":6371,"parent":5619,"menu_order":0,"comment_status":"closed","ping_status":"closed","template":"","meta":{"_acf_changed":false,"footnotes":""},"class_list":["post-5975","page","type-page","status-publish","has-post-thumbnail","hentry"],"acf":[],"_links":{"self":[{"href":"https:\/\/hotelarcadia.net\/de\/wp-json\/wp\/v2\/pages\/5975","targetHints":{"allow":["GET"]}}],"collection":[{"href":"https:\/\/hotelarcadia.net\/de\/wp-json\/wp\/v2\/pages"}],"about":[{"href":"https:\/\/hotelarcadia.net\/de\/wp-json\/wp\/v2\/types\/page"}],"author":[{"embeddable":true,"href":"https:\/\/hotelarcadia.net\/de\/wp-json\/wp\/v2\/users\/1"}],"replies":[{"embeddable":true,"href":"https:\/\/hotelarcadia.net\/de\/wp-json\/wp\/v2\/comments?post=5975"}],"version-history":[{"count":0,"href":"https:\/\/hotelarcadia.net\/de\/wp-json\/wp\/v2\/pages\/5975\/revisions"}],"up":[{"embeddable":true,"href":"https:\/\/hotelarcadia.net\/de\/wp-json\/wp\/v2\/pages\/5619"}],"wp:featuredmedia":[{"embeddable":true,"href":"https:\/\/hotelarcadia.net\/de\/wp-json\/wp\/v2\/media\/6371"}],"wp:attachment":[{"href":"https:\/\/hotelarcadia.net\/de\/wp-json\/wp\/v2\/media?parent=5975"}],"curies":[{"name":"wp","href":"https:\/\/api.w.org\/{rel}","templated":true}]}}