{"id":6010,"date":"2025-03-26T10:28:10","date_gmt":"2025-03-26T10:28:10","guid":{"rendered":"https:\/\/www.hotelarcadia.net\/?page_id=6010"},"modified":"2025-04-04T13:11:05","modified_gmt":"2025-04-04T13:11:05","slug":"romantischer-spaziergang-entlang-der-fondamenta-delle-zattere","status":"publish","type":"page","link":"https:\/\/hotelarcadia.net\/de\/das-romantischste-hotel-in-venedig\/romantischer-spaziergang-entlang-der-fondamenta-delle-zattere\/","title":{"rendered":"Romantischer Spaziergang entlang der Fondamenta delle Zattere: Kunst, Wasser und atemberaubende Sonnenunterg\u00e4nge"},"content":{"rendered":"\n<p class=\"has-text-align-left\">Die <strong><em>Fondamenta della Zattere<\/em><\/strong> geh\u00f6ren zu den malerischsten Orten in Venedig, perfekt f\u00fcr einen <strong>romantischen Spaziergang<\/strong> abseits der Menschenmengen. Mit Blick auf die <strong><em>Insel Giudecca<\/em><\/strong> bieten diese langen Ufer einen spektakul\u00e4ren Blick auf den <strong><em>Canal della Giudecca<\/em><\/strong> und sind ein ruhiger R\u00fcckzugsort f\u00fcr Paare, die die Stadt aus einer ruhigeren und intimeren Perspektive entdecken m\u00f6chten. Die Sch\u00f6nheit der <strong>venezianischen Lagune<\/strong> bei Sonnenuntergang ist etwas, das f\u00fcr immer im Herzen bleibt.<\/p>\n\n\n\n<h3 class=\"has-text-align-left wp-block-heading\">Fondamenta della Zattere: Der beste Blick auf Giudecca<\/h3>\n\n\n\n<p class=\"has-text-align-left\">Die <strong><em>Fondamenta della Zattere<\/em><\/strong> erstrecken sich entlang des <strong><em>Canal della Giudecca<\/em><\/strong>, eines breiten, ruhigen Kanals, ges\u00e4umt von historischen Geb\u00e4uden. Diese Gegend von Venedig geh\u00f6rt zu den <strong>ruhigsten und malerischsten<\/strong>, mit einem Blick auf die <strong>Lagune<\/strong>, der sich harmonisch mit der Architektur der Pal\u00e4ste an der Uferpromenade verbindet. Die Anwesenheit der Boote, die sanft \u00fcber das Wasser gleiten, schafft eine einzigartige Atmosph\u00e4re, die perfekt f\u00fcr einen romantischen Spaziergang geeignet ist.<\/p>\n\n\n\n<blockquote class=\"wp-block-quote has-text-align-left is-layout-flow wp-block-quote-is-layout-flow\"><p class=\"\"><strong>Romantischer Tipp<\/strong>: Spazieren Sie entlang der Fondamenta zum Sonnenuntergang, wenn sich der Himmel im Wasser spiegelt und die Stadt in goldenes Licht getaucht ist. Es entsteht eine magische, romantische Atmosph\u00e4re.<\/p><\/blockquote>\n\n\n\n<h3 class=\"has-text-align-left wp-block-heading\">Kunst und Geschichte entlang der Zattere<\/h3>\n\n\n\n<p class=\"has-text-align-left\">Die <strong><em>Fondamenta della Zattere<\/em><\/strong> sind nicht nur ein spektakul\u00e4rer Ort, um die Lagune zu bewundern, sondern auch ein Ort voller Geschichte und Kunst. W\u00e4hrend Sie entlang des Ufers spazieren, werden Sie einige der wichtigsten Kirchen Venedigs entdecken, wie die <strong><em>Chiesa di San Trovas<\/em>o<\/strong> und die <strong><em>Chiesa della Santissima Trinit\u00e0<\/em><\/strong>. Auf dem Weg kommen Sie auch am <strong><em>Museo della Giudecca<\/em><\/strong> vorbei, das die Geschichte der Insel und ihrer Bewohner erz\u00e4hlt.<\/p>\n\n\n\n<blockquote class=\"wp-block-quote has-text-align-left is-layout-flow wp-block-quote-is-layout-flow\"><p class=\"\"><strong>Romantischer Tipp<\/strong>: Halten Sie an, um eine der Kirchen oder eines der Museen entlang der Zattere zu besuchen, f\u00fcr einen ruhigen Moment abseits der Touristenschw\u00e4rme, bevor Sie Ihre Spaziergang fortsetzen.<\/p><\/blockquote>\n\n\n\n<h3 class=\"has-text-align-left wp-block-heading\">Ein verstecktes Juwel in Venedig<\/h3>\n\n\n\n<p class=\"has-text-align-left\">Im Gegensatz zu den touristischeren Gebieten sind die <strong><em>Fondamenta della Zattere<\/em><\/strong> ruhiger und bieten den Besuchern die M\u00f6glichkeit, in die <strong>wahre Venedig<\/strong> einzutauchen. Entlang des Weges haben Sie die M\u00f6glichkeit, die <strong><a href=\"https:\/\/hotelarcadia.net\/exhibition\/venice-islands-which-to-visit\/\" data-type=\"URL\" data-id=\"https:\/\/hotelarcadia.net\/exhibition\/venice-islands-which-to-visit\/\">nahegelegenen Inseln<\/a><\/strong> wie <strong>Murano<\/strong> und <strong>Burano<\/strong> zu bewundern und die <strong>Ruhe und Gelassenheit<\/strong> zu genie\u00dfen, die nur wenige Orte in Venedig bieten. Es ist der ideale Ort, um anzuhalten, die Sch\u00f6nheit der Stadt zu atmen, ein romantisches Foto zu machen oder einfach <strong>zu sitzen und die vorbeifahrenden Boote zu beobachten<\/strong>.<\/p>\n\n\n\n<blockquote class=\"wp-block-quote has-text-align-left is-layout-flow wp-block-quote-is-layout-flow\"><p class=\"\"><strong>Romantischer Tipp<\/strong>: Setzen Sie sich auf eine Bank entlang des Ufers und genie\u00dfen Sie den <strong>Blick auf die Lagune<\/strong>, w\u00e4hrend Sie sich entspannen und dem Ger\u00e4usch der Wellen lauschen, die sanft das Ufer ber\u00fchren.<\/p><\/blockquote>\n\n\n\n<h3 class=\"has-text-align-left wp-block-heading\">Die Sch\u00f6nheit des Sonnenuntergangs \u00fcber der Lagune<\/h3>\n\n\n\n<p class=\"has-text-align-left\">Eine der romantischsten Erlebnisse, die Sie entlang der <strong><em>Fondamenta della Zattere<\/em><\/strong> haben k\u00f6nnen, ist der <strong>Blick auf den Sonnenuntergang<\/strong> \u00fcber der Lagune. Wenn die Sonne beginnt unterzugehen und der Himmel in rosa, orange und goldene T\u00f6ne geh\u00fcllt wird, ist der Blick auf die <strong>venezianische Lagune<\/strong> wirklich einzigartig. Dies ist der perfekte Moment, um mit Ihrem Partner anzuhalten, ein Glas Wein oder einen Aperitif zu genie\u00dfen und die Sch\u00f6nheit von Venedig bei Sonnenuntergang zu erleben.<\/p>\n\n\n\n<blockquote class=\"wp-block-quote has-text-align-left is-layout-flow wp-block-quote-is-layout-flow\"><p class=\"\"><strong>Romantischer Tipp<\/strong>: Bringen Sie eine Flasche <strong>Prosecco<\/strong> oder einen <strong>Cocktail<\/strong> mit, halten Sie an einem der Caf\u00e9s am Kanal an und sto\u00dfen Sie auf den Sonnenuntergang an, w\u00e4hrend der Himmel sich in goldene Farben verwandelt.<\/p><\/blockquote>\n\n\n\n<h3 class=\"has-text-align-left wp-block-heading\">Bacari entlang der Fondamenta: venezianische Aperitifs und Cicchetti<\/h3>\n\n\n\n<p class=\"has-text-align-left\">Eine weitere gro\u00dfartige M\u00f6glichkeit, Ihren romantischen Spaziergang zu vervollst\u00e4ndigen, ist ein Halt in einem der typischen <strong><em>Bacari<\/em><\/strong> (traditionelle Bars) entlang der Fondamenta della Zattere. Diese kleinen Lokale sind ideal, um <strong><em>Cicchetti<\/em><\/strong> (venezianische Tapas) zu probieren und <strong>ein Glas Wein zu genie\u00dfen<\/strong>, w\u00e4hrend Sie am Wasser sitzen. Die gem\u00fctliche und famili\u00e4re Atmosph\u00e4re der Bacari verleiht Ihrer romantischen Erfahrung eine authentische Note.<\/p>\n\n\n\n<blockquote class=\"wp-block-quote has-text-align-left is-layout-flow wp-block-quote-is-layout-flow\"><p class=\"\"><strong>Romantischer Tipp<\/strong>: W\u00e4hlen Sie einen Bacaro mit Blick auf den Kanal, genie\u00dfen Sie <strong>frische Cicchetti<\/strong> und sto\u00dfen Sie auf die Liebe an, w\u00e4hrend Sie den <strong>Canal della Giudecca<\/strong> bewundern.<\/p><\/blockquote>\n\n\n\n<h3 class=\"has-text-align-left wp-block-heading\">Ein perfekter Weg zu zweit<\/h3>\n\n\n\n<p class=\"has-text-align-left\">Die <strong><em>Fondamenta della Zattere<\/em><\/strong> bieten <strong>eine intime Ecke<\/strong> von Venedig, die perfekt f\u00fcr Paare ist, die Ruhe und Sch\u00f6nheit suchen. Der Spaziergang ist lang und einfach zu gehen, ohne Eile oder Stress, was ihn zu einem idealen Ort f\u00fcr <strong>einen gem\u00e4chlichen Spaziergang zu zweit<\/strong> macht. Von hier aus k\u00f6nnen Sie die <strong>wundersch\u00f6nen Reflexionen auf der Lagune<\/strong> bewundern und die Stadt aus einer intimeren, romantischeren Perspektive erleben.<\/p>\n\n\n\n<blockquote class=\"wp-block-quote has-text-align-left is-layout-flow wp-block-quote-is-layout-flow\"><p class=\"\"><strong>Romantischer Tipp<\/strong>: Gehen Sie bis zur <strong>Ponte della Dogana<\/strong>, wo der Panorama von <strong>Piazza San Marco<\/strong> und dem <strong>Canal Grande<\/strong> Sie \u00fcberraschen wird.<\/p><\/blockquote>\n\n\n\n<h3 class=\"has-text-align-left wp-block-heading\">Romantische Erlebnisse von Arcadia-G\u00e4sten<\/h3>\n\n\n\n<blockquote class=\"wp-block-quote has-text-align-left is-layout-flow wp-block-quote-is-layout-flow\"><p class=\"\">\u201eWir haben einen romantischen Spaziergang entlang der Zattere bei Sonnenuntergang gemacht. Das Licht war magisch und die Aussicht auf die Lagune unvergesslich.\u201c<br>\u201eWir haben in einem traditionellen Bacaro angehalten und auf den Sonnenuntergang angesto\u00dfen. Es war der perfekte Moment, um unseren romantischen Tag abzuschlie\u00dfen.\u201c<br>\u201eDie Zattere ist der ideale Ort f\u00fcr einen ruhigen Spaziergang, abseits der Menschenmengen. Wir haben wundersch\u00f6ne Fotos am Wasser gemacht.\u201c<\/p><\/blockquote>\n\n\n\n<h3 class=\"has-text-align-left wp-block-heading\">Tipps vom Arcadia-Team<\/h3>\n\n\n\n<blockquote class=\"wp-block-quote has-text-align-left is-layout-flow wp-block-quote-is-layout-flow\"><p class=\"\">\u201cDie Zattere ist ein romantischer Ort, den nur wenige Touristen kennen. Gehen Sie dort zum Sonnenuntergang f\u00fcr eine spektakul\u00e4re Aussicht.\u201d<br>\u201cWenn Sie einen ruhigen Ort suchen, sind die Fondamenta della Zattere ideal.\u201d<br>\u201cVergessen Sie nicht, in einem der Bacari anzuhalten, um einen <strong>Cicchetto<\/strong> mit Blick auf den <strong>Canal della Giudecca<\/strong> zu genie\u00dfen.\u201d<\/p><\/blockquote>\n\n\n\n<p class=\"has-text-align-left\"><strong>Buchen Sie Ihren Aufenthalt im Arcadia Boutique Hotel<\/strong> und genie\u00dfen Sie einen romantischen Spaziergang entlang der <em>Fondamenta della Zattere<\/em>, mit Sonnenunterg\u00e4ngen, Wasserblicken und venezianischen Traditionen.<br>Oder <strong><a href=\"https:\/\/hotelarcadia.net\/de\/\" data-type=\"URL\" data-id=\"https:\/\/hotelarcadia.net\/de\/\">kontaktieren Sie uns<\/a><\/strong>, um Tipps zu erhalten, wie Sie Ihren Aufenthalt noch spezieller gestalten k\u00f6nnen.<\/p>\n","protected":false},"excerpt":{"rendered":"<p>Die Fondamenta della Zattere geh\u00f6ren zu den malerischsten Orten in Venedig, perfekt f\u00fcr einen romantischen Spaziergang abseits der Menschenmengen. Mit Blick auf die Insel Giudecca bieten diese langen Ufer einen spektakul\u00e4ren Blick auf den Canal della Giudecca und sind ein ruhiger R\u00fcckzugsort f\u00fcr Paare, die die Stadt aus einer ruhigeren und intimeren Perspektive entdecken m\u00f6chten. [&hellip;]<\/p>\n","protected":false},"author":1,"featured_media":6388,"parent":5619,"menu_order":0,"comment_status":"closed","ping_status":"closed","template":"","meta":{"_acf_changed":false,"footnotes":""},"class_list":["post-6010","page","type-page","status-publish","has-post-thumbnail","hentry"],"acf":[],"_links":{"self":[{"href":"https:\/\/hotelarcadia.net\/de\/wp-json\/wp\/v2\/pages\/6010","targetHints":{"allow":["GET"]}}],"collection":[{"href":"https:\/\/hotelarcadia.net\/de\/wp-json\/wp\/v2\/pages"}],"about":[{"href":"https:\/\/hotelarcadia.net\/de\/wp-json\/wp\/v2\/types\/page"}],"author":[{"embeddable":true,"href":"https:\/\/hotelarcadia.net\/de\/wp-json\/wp\/v2\/users\/1"}],"replies":[{"embeddable":true,"href":"https:\/\/hotelarcadia.net\/de\/wp-json\/wp\/v2\/comments?post=6010"}],"version-history":[{"count":0,"href":"https:\/\/hotelarcadia.net\/de\/wp-json\/wp\/v2\/pages\/6010\/revisions"}],"up":[{"embeddable":true,"href":"https:\/\/hotelarcadia.net\/de\/wp-json\/wp\/v2\/pages\/5619"}],"wp:featuredmedia":[{"embeddable":true,"href":"https:\/\/hotelarcadia.net\/de\/wp-json\/wp\/v2\/media\/6388"}],"wp:attachment":[{"href":"https:\/\/hotelarcadia.net\/de\/wp-json\/wp\/v2\/media?parent=6010"}],"curies":[{"name":"wp","href":"https:\/\/api.w.org\/{rel}","templated":true}]}}