{"id":6030,"date":"2025-03-26T11:10:51","date_gmt":"2025-03-26T11:10:51","guid":{"rendered":"https:\/\/www.hotelarcadia.net\/das-romantischste-hotel-in-venedig\/passeggiata-romantica-a-murano-e-burano\/"},"modified":"2025-07-11T13:28:48","modified_gmt":"2025-07-11T13:28:48","slug":"was-ist-der-romantischste-ausflug-zu-den-inseln-von-venedig-entdecke-murano-burano-und-torcello-zu-zweit","status":"publish","type":"page","link":"https:\/\/hotelarcadia.net\/de\/das-romantischste-hotel-in-venedig\/was-ist-der-romantischste-ausflug-zu-den-inseln-von-venedig-entdecke-murano-burano-und-torcello-zu-zweit\/","title":{"rendered":"Was ist der romantischste Ausflug zu den Inseln von Venedig? Entdecke Murano, Burano und Torcello zu zweit"},"content":{"rendered":"\n<p class=\"has-text-align-left\">Die Inseln <a href=\"https:\/\/hotelarcadia.net\/de\/exhibition\/venedig-und-seine-inseln\/\" data-type=\"URL\" data-id=\"https:\/\/hotelarcadia.net\/de\/exhibition\/venedig-und-seine-inseln\/\"><strong>Murano<\/strong>, <strong>Burano<\/strong> und <strong>Torcello<\/strong><\/a> geh\u00f6ren zu den faszinierendsten Zielen, die man bei einem romantischen Aufenthalt in Venedig erkunden kann. Jede <a href=\"https:\/\/hotelarcadia.net\/de\/exhibition\/venedig-und-seine-inseln\/\" data-type=\"URL\" data-id=\"https:\/\/hotelarcadia.net\/exhibition\/venice-islands-which-to-visit\/\">Insel<\/a> hat ihre eigene Geschichte, ihren Charme und ihre Einzigartigkeit, und eine Exkursion zwischen ihnen erm\u00f6glicht es, versteckte Ecken der venezianischen Lagune zu entdecken, fernab vom Trubel der Stadt. Stellen Sie sich vor, durch die <strong>bunten H\u00e4user<\/strong> von Burano zu schlendern, die <strong>Glasmanufakturen<\/strong> von Murano zu besichtigen oder die Ruhe von Torcello mit seinen jahrhundertealten Kirchen zu entdecken. Eine romantische Exkursion, die Ihnen Venetiens andere Seite zeigt.<\/p>\n\n\n\n<h3 class=\"has-text-align-left wp-block-heading\">Murano: Die Insel des Glases und der Kunst<\/h3>\n\n\n\n<p class=\"has-text-align-left\"><strong>Murano<\/strong> ist weltweit ber\u00fchmt f\u00fcr seine Tradition in der Glasherstellung, die bis in die Antike zur\u00fcckreicht. Wenn Sie durch die Stra\u00dfen der Insel schlendern, k\u00f6nnen Sie die Glasfabriken und Werkst\u00e4tten bewundern, in denen Handwerker wahre Kunstwerke aus Glas schaffen. Die Sch\u00f6nheit von Murano liegt nicht nur in den Glasmanufakturen, sondern auch in seinen <strong>ruhigen Kan\u00e4len<\/strong>, seinen <strong>kleinen Pl\u00e4tzen<\/strong> und seinen <strong>historischen Kirchen<\/strong>. Die Insel bietet die M\u00f6glichkeit, in die <strong>Kreativit\u00e4t<\/strong> und <strong>Tradition<\/strong> Venedigs einzutauchen und eine romantische Erfahrung zwischen Kunst und Geschichte zu erleben.<\/p>\n\n\n\n<blockquote class=\"wp-block-quote has-text-align-left is-layout-flow wp-block-quote-is-layout-flow\"><p class=\"\"><strong>Romantischer Tipp<\/strong>: Besuchen Sie eine der <strong>Glasmanufakturen<\/strong> in Murano und beobachten Sie einen Glasbl\u00e4ser bei der Arbeit. Vergessen Sie nicht, ein kleines <strong>Glasobjekt<\/strong> als Souvenir zu kaufen.<\/p><\/blockquote>\n\n\n\n<h3 class=\"has-text-align-left wp-block-heading\">Burano: Die Insel der Farben und der Ruhe<\/h3>\n\n\n\n<p class=\"has-text-align-left\"><strong>Burano<\/strong> ist bekannt f\u00fcr seine <strong>bunten H\u00e4user<\/strong> und seine <strong>friedliche Atmosph\u00e4re<\/strong>. Ein Spaziergang durch die Stra\u00dfen von Burano ist ein einzigartiges Erlebnis, da jeder Winkel der Insel in lebendigen Farben gemalt zu sein scheint, was jeden Moment besonders macht. Neben den H\u00e4usern ist Burano auch ber\u00fchmt f\u00fcr seine <strong>handgemachten Spitzen<\/strong> und seine <strong>lokalen Museen<\/strong>, die die Geschichte der Insel erz\u00e4hlen. Die Ruhe und Sch\u00f6nheit von Burano machen es zu einem idealen Ziel f\u00fcr einen romantischen Spaziergang.<\/p>\n\n\n\n<blockquote class=\"wp-block-quote has-text-align-left is-layout-flow wp-block-quote-is-layout-flow\"><p class=\"\"><strong>Romantischer Tipp<\/strong>: Halten Sie in einem der kleinen <strong>Restaurants<\/strong> von Burano an und genie\u00dfen Sie ein <strong>Risotto mit Meeresfr\u00fcchten<\/strong>, w\u00e4hrend Sie die Aussicht genie\u00dfen. Ein einzigartiger Blick, der Ihre Erfahrung noch spezieller macht.<\/p><\/blockquote>\n\n\n\n<h3 class=\"has-text-align-left wp-block-heading\">Torcello: Die Insel der Geschichte und Spiritualit\u00e4t<\/h3>\n\n\n\n<p class=\"has-text-align-left\"><strong>Torcello<\/strong> ist die ruhigste und am wenigsten bekannte der drei Inseln, aber keineswegs weniger faszinierend. Mit ihren <strong>historischen Kirchen<\/strong>, <strong>Mosaiken<\/strong> und <strong>alten Ruinen<\/strong> ist Torcello ein Ort des <strong>Friedens<\/strong> und der <strong>Spiritualit\u00e4t<\/strong>. Ein Spaziergang \u00fcber diese Insel bedeutet, in die Geschichte von Venedig einzutauchen, fernab des Trubels der Stadt. Die <strong><em>Basilica di Santa Maria Assunta<\/em><\/strong>, mit ihren wundersch\u00f6nen <strong>mittelalterlichen Mosaiken<\/strong>, ist einer der eindrucksvollsten Orte der Insel.<\/p>\n\n\n\n<blockquote class=\"wp-block-quote has-text-align-left is-layout-flow wp-block-quote-is-layout-flow\"><p class=\"\"><strong>Romantischer Tipp<\/strong>: Besuchen Sie die <strong>Basilica di Santa Maria Assunta<\/strong> und nehmen Sie sich Zeit, die goldenen Mosaiken zu bewundern. Es ist der ideale Ort f\u00fcr einen Moment der Besinnung und Intimit\u00e4t mit Ihrem Partner.<\/p><\/blockquote>\n\n\n\n<h3 class=\"has-text-align-left wp-block-heading\">Eine romantische Bootsfahrt zwischen den Inseln<\/h3>\n\n\n\n<p class=\"has-text-align-left\">Einer der romantischsten Erlebnisse in Venedig ist eine <strong>Bootsfahrt<\/strong> zwischen den Inseln Murano, Burano und Torcello. Durch das ruhige Wasser der Lagune zu fahren, w\u00e4hrend sich die Landschaft vor Ihren Augen entfaltet, ist ein einzigartiges Gef\u00fchl. Jede Insel hat ihren eigenen Charakter und ihre Sch\u00f6nheit, und die Exkursion erm\u00f6glicht es Ihnen, alle mit der richtigen Menge an Ruhe zu erleben.<\/p>\n\n\n\n<blockquote class=\"wp-block-quote has-text-align-left is-layout-flow wp-block-quote-is-layout-flow\"><p class=\"\"><strong>Romantischer Tipp<\/strong>: Buchen Sie eine <strong>private Bootsfahrt<\/strong>, um die Lagune in aller Ruhe zu genie\u00dfen, fernab der Menschenmengen. W\u00e4hrend der Fahrt k\u00f6nnen Sie unvergessliche Fotos beim Sonnenuntergang machen.<\/p><\/blockquote>\n\n\n\n<h3 class=\"has-text-align-left wp-block-heading\">Erfahrungsberichte von Arcadia-G\u00e4sten<\/h3>\n\n\n\n<blockquote class=\"wp-block-quote has-text-align-left is-layout-flow wp-block-quote-is-layout-flow\"><p class=\"\">\u201cUnser Besuch auf Burano war eine unvergessliche Erfahrung. Die bunten H\u00e4user und der Charme der Insel machten unseren Tag wirklich besonders.\u201d<br>\u201cMurano hat uns mit seinen Glasmanufakturen fasziniert. Wir haben einen Glasbl\u00e4ser bei der Arbeit gesehen. Es war eine Erfahrung, die wir nie vergessen werden.\u201d<br>\u201cTorcello war die \u00fcberraschendste Entdeckung. Die Basilika und die Ruhe der Insel haben uns einen Moment der Besinnung und Intimit\u00e4t geschenkt, den wir nie vergessen werden.\u201d<\/p><\/blockquote>\n\n\n\n<h3 class=\"has-text-align-left wp-block-heading\">Tipps vom Arcadia-Team<\/h3>\n\n\n\n<blockquote class=\"wp-block-quote has-text-align-left is-layout-flow wp-block-quote-is-layout-flow\"><p class=\"\">\u201cBuchen Sie eine <strong>private Bootsfahrt<\/strong>, um die Inseln exklusiv zu erkunden. Es wird eine romantische Erfahrung, die Ihnen unvergessliche Erinnerungen bescheren wird.\u201d<br>\u201cIn Murano sollten Sie die <strong>historischen Glasmanufakturen<\/strong> besuchen, um die Tradition des Glasbl\u00e4serhandwerks zu entdecken. Jedes St\u00fcck ist ein Kunstwerk, das die Geschichte der Insel erz\u00e4hlt.\u201d<br>\u201cIn Burano sollten Sie einen Spaziergang zwischen den <strong>bunten H\u00e4usern<\/strong> machen und ein frisches Fischgericht genie\u00dfen. Es ist der perfekte Ort f\u00fcr einen romantischen Moment.\u201d<\/p><\/blockquote>\n\n\n\n<p class=\"has-text-align-left\"><strong>Buchen Sie Ihren Aufenthalt im Arcadia Boutique Hotel<\/strong> und entdecken Sie die romantischsten Inseln von Venedig bei einer einzigartigen Exkursion.<br>Oder <strong><a href=\"https:\/\/hotelarcadia.net\/de\/\" data-type=\"URL\" data-id=\"https:\/\/hotelarcadia.net\/de\/\">kontaktieren Sie uns<\/a><\/strong> f\u00fcr weitere Informationen zur Organisation eines romantischen Tagesausflugs zwischen den Inseln Murano, Burano und Torcello.<\/p>\n","protected":false},"excerpt":{"rendered":"<p>Die Inseln Murano, Burano und Torcello geh\u00f6ren zu den faszinierendsten Zielen, die man bei einem romantischen Aufenthalt in Venedig erkunden kann. Jede Insel hat ihre eigene Geschichte, ihren Charme und ihre Einzigartigkeit, und eine Exkursion zwischen ihnen erm\u00f6glicht es, versteckte Ecken der venezianischen Lagune zu entdecken, fernab vom Trubel der Stadt. Stellen Sie sich vor, [&hellip;]<\/p>\n","protected":false},"author":1,"featured_media":6282,"parent":5619,"menu_order":0,"comment_status":"closed","ping_status":"closed","template":"","meta":{"_acf_changed":false,"footnotes":""},"class_list":["post-6030","page","type-page","status-publish","has-post-thumbnail","hentry"],"acf":[],"_links":{"self":[{"href":"https:\/\/hotelarcadia.net\/de\/wp-json\/wp\/v2\/pages\/6030","targetHints":{"allow":["GET"]}}],"collection":[{"href":"https:\/\/hotelarcadia.net\/de\/wp-json\/wp\/v2\/pages"}],"about":[{"href":"https:\/\/hotelarcadia.net\/de\/wp-json\/wp\/v2\/types\/page"}],"author":[{"embeddable":true,"href":"https:\/\/hotelarcadia.net\/de\/wp-json\/wp\/v2\/users\/1"}],"replies":[{"embeddable":true,"href":"https:\/\/hotelarcadia.net\/de\/wp-json\/wp\/v2\/comments?post=6030"}],"version-history":[{"count":0,"href":"https:\/\/hotelarcadia.net\/de\/wp-json\/wp\/v2\/pages\/6030\/revisions"}],"up":[{"embeddable":true,"href":"https:\/\/hotelarcadia.net\/de\/wp-json\/wp\/v2\/pages\/5619"}],"wp:featuredmedia":[{"embeddable":true,"href":"https:\/\/hotelarcadia.net\/de\/wp-json\/wp\/v2\/media\/6282"}],"wp:attachment":[{"href":"https:\/\/hotelarcadia.net\/de\/wp-json\/wp\/v2\/media?parent=6030"}],"curies":[{"name":"wp","href":"https:\/\/api.w.org\/{rel}","templated":true}]}}