{"id":6045,"date":"2025-03-26T11:40:14","date_gmt":"2025-03-26T11:40:14","guid":{"rendered":"https:\/\/www.hotelarcadia.net\/das-romantischste-hotel-in-venedig\/passeggiata-romantica-a-cannaregio\/"},"modified":"2025-04-04T07:22:33","modified_gmt":"2025-04-04T07:22:33","slug":"romantischer-spaziergang-durch-cannaregio","status":"publish","type":"page","link":"https:\/\/hotelarcadia.net\/de\/das-romantischste-hotel-in-venedig\/romantischer-spaziergang-durch-cannaregio\/","title":{"rendered":"Romantischer Spaziergang durch Cannaregio: Geschichte, Tradition und versteckte Ecken"},"content":{"rendered":"\n<p class=\"has-text-align-left\"><strong><em><a href=\"https:\/\/hotelarcadia.net\/de\/exhibition\/5-gruende-cannaregio-deinen-aufenthalt-in-venedig-waehlen\/\" data-type=\"URL\" data-id=\"https:\/\/hotelarcadia.net\/de\/exhibition\/5-gruende-cannaregio-deinen-aufenthalt-in-venedig-waehlen\/\">Cannaregio<\/a><\/em><\/strong> ist eines der charmantesten und authentischsten Viertel in Venedig, perfekt f\u00fcr einen <strong>romantischen Spaziergang<\/strong> durch <strong>Geschichte, Tradition und versteckte Ecken<\/strong>. Abseits der Touristenmengen l\u00e4sst sich hier ein intimeres Venedig erleben, wo enge Gassen und ruhige <em>Fondamenta<\/em> auf kleine L\u00e4den, traditionelle Caf\u00e9s und historische Pal\u00e4ste treffen. Ein Spaziergang durch <em>Cannaregio<\/em> bedeutet, in die einzigartige Atmosph\u00e4re eines Viertels einzutauchen, das seine venezianische Seele bewahrt hat.<\/p>\n\n\n\n<p class=\"has-text-align-left\">Nur einen kurzen Spaziergang vom <strong>Arcadia Boutique Hotel<\/strong> entfernt ist das <strong><em>Cannaregio<\/em>-Viertel<\/strong> das perfekte Ziel f\u00fcr einen Spaziergang zu zweit, bei dem die Geschichte der Stadt und die Ruhe der Gassen eine romantische Erfahrung abseits des Trubels bieten.<\/p>\n\n\n\n<h3 class=\"has-text-align-left wp-block-heading\">Cannaregio: Ein authentisches St\u00fcck Venedig<\/h3>\n\n\n\n<p class=\"has-text-align-left\"><em>Cannaregio<\/em> ist eines der weniger touristischen Viertel Venedigs, was es zu einem idealen Ort f\u00fcr diejenigen macht, die eine authentischere Erfahrung suchen. Hier verl\u00e4uft das t\u00e4gliche Leben in aller Ruhe zwischen historischen Gesch\u00e4ften, kleinen Handwerksl\u00e4den und <strong>Traditionen<\/strong>, die seit Jahrhunderten weitergegeben werden. Beim Spazieren entlang der <strong><em>Fondamenta<\/em><\/strong> k\u00f6nnen Sie einen der sch\u00f6nsten Ausblicke auf Venedig genie\u00dfen, mit dem <strong><em>Canal della Misericordia<\/em><\/strong> und den alten Geb\u00e4uden, die sich im Wasser spiegeln.<\/p>\n\n\n\n<blockquote class=\"wp-block-quote has-text-align-left is-layout-flow wp-block-quote-is-layout-flow\"><p class=\"\"><strong>Romantischer Tipp<\/strong>: Spazieren Sie entlang der <strong>Fondamenta della Misericordia<\/strong> und halten Sie an, um ein romantisches Foto auf einer der Br\u00fccken zu machen, die den Kanal \u00fcberspannen. Die Ruhe und Sch\u00f6nheit dieses Ortes machen ihn perfekt f\u00fcr einen Moment zu zweit.<\/p><\/blockquote>\n\n\n\n<h3 class=\"has-text-align-left wp-block-heading\">Das j\u00fcdische Ghetto: Geschichte und zeitlose Sch\u00f6nheit<\/h3>\n\n\n\n<p class=\"has-text-align-left\">Das <strong>j\u00fcdische Ghetto<\/strong>, das im Herzen von <em>Cannaregio<\/em> liegt, ist einer der faszinierendsten und historisch bedeutendsten Orte in Venedig. Es wurde 1516 gegr\u00fcndet und ist das erste <a href=\"https:\/\/hotelarcadia.net\/de\/das-romantischste-hotel-in-venedig\/juedische-ghetto\/\" data-type=\"URL\" data-id=\"https:\/\/hotelarcadia.net\/de\/das-romantischste-hotel-in-venedig\/juedische-ghetto\/\">j\u00fcdische Ghetto<\/a> der Welt, das auch heute noch seinen antiken Charme bewahrt. Beim Spazieren durch die <strong>engen Gassen<\/strong> und \u00fcber die <strong>kleinen Br\u00fccken<\/strong> sp\u00fcrt man die einzigartige Atmosph\u00e4re dieses Ortes. Die <strong>historischen Synagogen<\/strong>, Handwerksgesch\u00e4fte und alten Wohnh\u00e4user erz\u00e4hlen die Geschichte einer Gemeinschaft, die in Venedig \u00fcber Jahrhunderte hinweg lebte und florierte.<\/p>\n\n\n\n<blockquote class=\"wp-block-quote has-text-align-left is-layout-flow wp-block-quote-is-layout-flow\"><p class=\"\"><strong>Romantischer Tipp<\/strong>: Besuchen Sie die <strong>Synagogen<\/strong> im Ghetto und tauchen Sie ein in die Geschichte und Spiritualit\u00e4t dieses Teils von Venedig. Nach dem Besuch genie\u00dfen Sie einen ruhigen Spaziergang im Park des Ghettos, wo Frieden herrscht.<\/p><\/blockquote>\n\n\n\n<h3 class=\"has-text-align-left wp-block-heading\">Die historischen Caf\u00e9s von Cannaregio: F\u00fcr einen romantischen Aperitif<\/h3>\n\n\n\n<p class=\"has-text-align-left\"><em>Cannaregio<\/em> ist bekannt f\u00fcr seine <strong>historischen Caf\u00e9s<\/strong> und traditionellen <strong><em>Bacari<\/em><\/strong>. Viele der \u00f6rtlichen Lokale bieten eine intime, einladende Atmosph\u00e4re, die ideal f\u00fcr einen <strong><a href=\"https:\/\/hotelarcadia.net\/de\/exhibition\/wo-man-in-cannaregio-wie-ein-venezianer-isst-6-nicht-touristische-lokale\/\" data-type=\"URL\" data-id=\"https:\/\/hotelarcadia.net\/de\/exhibition\/wo-man-in-cannaregio-wie-ein-venezianer-isst-6-nicht-touristische-lokale\/\">romantischen Aperitif<\/a><\/strong> ist. Das Viertel ist voll von kleinen <em>Bars<\/em> und Tavernen, in denen man einen <strong>Spritz<\/strong> oder einige <strong><em>Cicchetti<\/em><\/strong>, die typischen venezianischen H\u00e4ppchen, genie\u00dfen kann. Die Atmosph\u00e4re dieser Orte, oft mit vintage Dekor und sanftem Licht, macht jeden Moment besonders.<\/p>\n\n\n\n<blockquote class=\"wp-block-quote has-text-align-left is-layout-flow wp-block-quote-is-layout-flow\"><p class=\"\"><strong>Romantischer Tipp<\/strong>: Halten Sie an einem kleinen <strong>Bacaro<\/strong> entlang des Kanals und genie\u00dfen Sie ein Glas Wein, w\u00e4hrend die Stadt langsam einschl\u00e4ft.<\/p><\/blockquote>\n\n\n\n<h3 class=\"has-text-align-left wp-block-heading\">Die Ruhe des Canal della Misericordia<\/h3>\n\n\n\n<p class=\"has-text-align-left\">Der <strong><em>Canal della Misericordia<\/em><\/strong> ist einer der ruhigeren Kan\u00e4le Venedigs, bietet jedoch einen der malerischsten Ausblicke der Stadt. Beim Spazieren entlang der <strong><a href=\"https:\/\/hotelarcadia.net\/de\/das-romantischste-hotel-in-venedig\/fondamenta-della-misericordia\/\" data-type=\"URL\" data-id=\"https:\/\/hotelarcadia.net\/de\/das-romantischste-hotel-in-venedig\/fondamenta-della-misericordia\/\"><em>Fondamenta<\/em><\/a><\/strong> mit dem langsam flie\u00dfenden Wasser unter den F\u00fc\u00dfen und den Spiegelungen der Pal\u00e4ste auf dem ruhigen Wasser erleben Sie die <strong>Gelassenheit eines verborgenen Teils<\/strong> von Venedig. Hier scheint das Tempo des Lebens langsamer zu werden, und die einzige Gesellschaft, die Sie haben, ist Ihr Partner und das sanfte Pl\u00e4tschern des Wassers gegen die W\u00e4nde der Geb\u00e4ude.<\/p>\n\n\n\n<blockquote class=\"wp-block-quote has-text-align-left is-layout-flow wp-block-quote-is-layout-flow\"><p class=\"\"><strong>Romantischer Tipp<\/strong>: Gehen Sie entlang des <strong>Canal della Misericordia<\/strong> bei Sonnenuntergang, wenn der Himmel warme Farben annimmt und die Stadt sich auf die Nacht vorbereitet. Dies ist der ideale Moment, um zusammen ein Foto zu machen und sich einen Kuss unter den Br\u00fccken zu geben.<\/p><\/blockquote>\n\n\n\n<h3 class=\"has-text-align-left wp-block-heading\">Die handwerklichen Traditionen von Cannaregio<\/h3>\n\n\n\n<p class=\"has-text-align-left\"><em>Cannaregio<\/em> ist auch das Herz der <strong>handwerklichen Werkst\u00e4tten<\/strong> von Venedig. Hier k\u00f6nnen Sie kleine <strong>Glasgesch\u00e4fte<\/strong>, <strong>Schmuckboutiquen<\/strong> und <strong>L\u00e4den f\u00fcr Stoffe und Spitze<\/strong> entdecken, in denen traditionelles Handwerk noch lebendig ist. W\u00e4hrend Sie durch das Viertel spazieren, haben Sie die Gelegenheit, einzigartige Objekte zu kaufen, die die Geschichte und Traditionen von Venedig widerspiegeln.<\/p>\n\n\n\n<blockquote class=\"wp-block-quote has-text-align-left is-layout-flow wp-block-quote-is-layout-flow\"><p class=\"\"><strong>Romantischer Tipp<\/strong>: Halten Sie in einem der <strong>Glasgesch\u00e4fte<\/strong> an und w\u00e4hlen Sie ein kleines Souvenir, um sich an Ihre Reise nach Venedig zu erinnern. Jede Ecke von Cannaregio ist perfekt, um ein Objekt zu finden, das Ihre Liebesgeschichte symbolisiert.<\/p><\/blockquote>\n\n\n\n<h3 class=\"has-text-align-left wp-block-heading\">Die Magie eines verborgenen Winkels<\/h3>\n\n\n\n<p class=\"has-text-align-left\"><em>Cannaregio<\/em> ist der ideale Ort f\u00fcr <strong>einen romantischen Spaziergang ohne festes Ziel<\/strong>, bei dem jede Ecke eine neue Entdeckung bereith\u00e4lt. Die kleinen ruhigen Pl\u00e4tze, die engen Gassen und die Br\u00fccken, die den Kanal \u00fcberspannen, schaffen eine intime und friedliche Atmosph\u00e4re, in der jeder Schritt Teil Ihrer Liebesgeschichte wird.<\/p>\n\n\n\n<blockquote class=\"wp-block-quote has-text-align-left is-layout-flow wp-block-quote-is-layout-flow\"><p class=\"\"><strong>Romantischer Tipp<\/strong>: \u00dcberqueren Sie eine der <strong>Br\u00fccken in Cannaregio<\/strong> und halten Sie an, um den Blick auf den Kanal zu bewundern, w\u00e4hrend das Licht des Sonnenuntergangs das Wasser noch magischer macht.<\/p><\/blockquote>\n\n\n\n<h3 class=\"has-text-align-left wp-block-heading\">Erlebnisse unserer G\u00e4ste aus dem Arcadia<\/h3>\n\n\n\n<blockquote class=\"wp-block-quote has-text-align-left is-layout-flow wp-block-quote-is-layout-flow\"><p class=\"\">\u201eCannaregio war unser geheimes Venedig. Wir verbrachten Stunden damit, durch das Viertel zu schlendern und hielten an einem Bacaro f\u00fcr ein Glas Wein.\u201c<br>\u201eDas j\u00fcdische Ghetto war ein bewegender und friedlicher Ort, an dem wir zusammen nachdenken konnten.\u201c<br>\u201eDer Spaziergang entlang des Canal della Misericordia bei Sonnenuntergang war ein Moment reiner Magie. Wir h\u00e4tten uns nichts Besseres w\u00fcnschen k\u00f6nnen.\u201c<\/p><\/blockquote>\n\n\n\n<h3 class=\"has-text-align-left wp-block-heading\">Tipps vom Arcadia-Team<\/h3>\n\n\n\n<blockquote class=\"wp-block-quote has-text-align-left is-layout-flow wp-block-quote-is-layout-flow\"><p class=\"\">\u201eBesuchen Sie Cannaregio fr\u00fch am Morgen, um die <strong>Ruhe des Viertels<\/strong> zu genie\u00dfen, bevor die Menschenmengen kommen.\u201c<br>\u201eHalten Sie in einem der <strong>historischen Caf\u00e9s<\/strong> an und genie\u00dfen Sie einen ruhigen Moment zu zweit.\u201c<br>\u201eEntdecken Sie die <strong>handwerklichen L\u00e4den<\/strong> und Sie werden versteckte Ecken von Venedig finden, die nicht in Reisef\u00fchrern stehen.\u201c<\/p><\/blockquote>\n\n\n\n<p class=\"has-text-align-left\"><strong>Buchen Sie Ihren Aufenthalt im Arcadia Boutique Hotel<\/strong> und entdecken Sie die Magie von <em>Cannaregio<\/em>, einem der romantischsten Viertel von Venedig.<br>Oder <strong><a href=\"https:\/\/hotelarcadia.net\/de\/\" data-type=\"URL\" data-id=\"https:\/\/hotelarcadia.net\/de\/\">kontaktieren Sie uns<\/a><\/strong> f\u00fcr pers\u00f6nliche Tipps f\u00fcr Ihren romantischen Spaziergang durch die Stadt.<\/p>\n","protected":false},"excerpt":{"rendered":"<p>Cannaregio ist eines der charmantesten und authentischsten Viertel in Venedig, perfekt f\u00fcr einen romantischen Spaziergang durch Geschichte, Tradition und versteckte Ecken. Abseits der Touristenmengen l\u00e4sst sich hier ein intimeres Venedig erleben, wo enge Gassen und ruhige Fondamenta auf kleine L\u00e4den, traditionelle Caf\u00e9s und historische Pal\u00e4ste treffen. Ein Spaziergang durch Cannaregio bedeutet, in die einzigartige Atmosph\u00e4re [&hellip;]<\/p>\n","protected":false},"author":1,"featured_media":6338,"parent":5619,"menu_order":0,"comment_status":"closed","ping_status":"closed","template":"","meta":{"_acf_changed":false,"footnotes":""},"class_list":["post-6045","page","type-page","status-publish","has-post-thumbnail","hentry"],"acf":[],"_links":{"self":[{"href":"https:\/\/hotelarcadia.net\/de\/wp-json\/wp\/v2\/pages\/6045","targetHints":{"allow":["GET"]}}],"collection":[{"href":"https:\/\/hotelarcadia.net\/de\/wp-json\/wp\/v2\/pages"}],"about":[{"href":"https:\/\/hotelarcadia.net\/de\/wp-json\/wp\/v2\/types\/page"}],"author":[{"embeddable":true,"href":"https:\/\/hotelarcadia.net\/de\/wp-json\/wp\/v2\/users\/1"}],"replies":[{"embeddable":true,"href":"https:\/\/hotelarcadia.net\/de\/wp-json\/wp\/v2\/comments?post=6045"}],"version-history":[{"count":0,"href":"https:\/\/hotelarcadia.net\/de\/wp-json\/wp\/v2\/pages\/6045\/revisions"}],"up":[{"embeddable":true,"href":"https:\/\/hotelarcadia.net\/de\/wp-json\/wp\/v2\/pages\/5619"}],"wp:featuredmedia":[{"embeddable":true,"href":"https:\/\/hotelarcadia.net\/de\/wp-json\/wp\/v2\/media\/6338"}],"wp:attachment":[{"href":"https:\/\/hotelarcadia.net\/de\/wp-json\/wp\/v2\/media?parent=6045"}],"curies":[{"name":"wp","href":"https:\/\/api.w.org\/{rel}","templated":true}]}}