{"id":6115,"date":"2025-03-27T10:04:28","date_gmt":"2025-03-27T10:04:28","guid":{"rendered":"https:\/\/www.hotelarcadia.net\/das-romantischste-hotel-in-venedig\/escursione-romantica-in-vaporetto\/"},"modified":"2025-07-16T09:02:56","modified_gmt":"2025-07-16T09:02:56","slug":"wo-kann-man-in-venedig-eine-romantische-vaporetto-fahrt-machen","status":"publish","type":"page","link":"https:\/\/hotelarcadia.net\/de\/das-romantischste-hotel-in-venedig\/wo-kann-man-in-venedig-eine-romantische-vaporetto-fahrt-machen\/","title":{"rendered":"Wo kann man in Venedig eine romantische Vaporetto-Fahrt machen?"},"content":{"rendered":"\n<p class=\"has-text-align-left\">Eine <strong><em>Vaporetto<\/em>-Fahrt<\/strong> ist eine der romantischsten M\u00f6glichkeiten, die <strong>Venezianische Lagune<\/strong> zu erkunden. Sanft gleitend auf dem ruhigen Wasser und dabei die umgebende Landschaft zu genie\u00dfen, bietet diese Reise <strong>atemberaubende Panoramen<\/strong>, eine Aussicht auf die nahegelegenen Inseln und den Charme Venedigs aus einer einzigartigen Perspektive. Perfekt f\u00fcr Paare, die eine romantische Erfahrung abseits der Menschenmengen suchen, erm\u00f6glicht eine <em>Vaporetto<\/em>-Fahrt das Entdecken der Sch\u00f6nheit der Lagune, mit ihrem weiten Himmel, dem klaren Wasser und den verborgenen Inseln.<\/p>\n\n\n\n<h3 class=\"wp-block-heading has-text-align-left\">Die Lagune von Venedig: Ein Meer der Sch\u00f6nheit und Ruhe<\/h3>\n\n\n\n<p class=\"has-text-align-left\">Die <strong>Lagune von Venedig<\/strong> ist ein au\u00dfergew\u00f6hnliches Gebiet von nat\u00fcrlicher Sch\u00f6nheit, das sich \u00fcber mehrere Kilometer um die Stadt erstreckt. Eine <em>Vaporetto<\/em>-Fahrt ist die perfekte M\u00f6glichkeit, <strong>Venedig<\/strong> und seine Inseln aus einer einzigartigen Perspektive zu genie\u00dfen, fernab von den Touristenmengen. Die Boote gleiten langsam \u00fcber das Wasser, sodass man jede Ecke dieses <strong>nat\u00fcrlichen Wunders<\/strong> in vollen Z\u00fcgen genie\u00dfen kann, w\u00e4hrend das klare Wasser die lebendigen Farben des Himmels und der Inseln widerspiegelt. Ein traumhafter Blick f\u00fcr jedes Paar.<\/p>\n\n\n\n<blockquote class=\"wp-block-quote has-text-align-left is-layout-flow wp-block-quote-is-layout-flow\">\n<p><strong>Romantischer Tipp<\/strong>: Setzen Sie sich auf die Seite des Vaporetto, die auf das Panorama von Venedig zeigt, um die Fahrt zu genie\u00dfen und einzigartige Fotos zusammen zu machen. Jeder Moment auf der Lagune wird zu einer Erinnerung, die man bewahren sollte.<\/p>\n<\/blockquote>\n\n\n\n<h3 class=\"wp-block-heading has-text-align-left\">Der Weg zu den Inseln: Murano, Burano und Torcello<\/h3>\n\n\n\n<p class=\"has-text-align-left\">Das <em>Vaporetto<\/em> ist auch das ideale Verkehrsmittel, um die <strong>Inseln in der N\u00e4he<\/strong> von Venedig zu besuchen. <strong><a href=\"https:\/\/hotelarcadia.net\/de\/das-romantischste-hotel-in-venedig\/romantischer-spaziergang-nach-murano-und-burano\/\" data-type=\"URL\" data-id=\"https:\/\/hotelarcadia.net\/de\/das-romantischste-hotel-in-venedig\/romantischer-spaziergang-nach-murano-und-burano\/\">Murano<\/a><\/strong>, ber\u00fchmt f\u00fcr seine Glasbl\u00e4serkunst, <strong><a href=\"https:\/\/hotelarcadia.net\/de\/das-romantischste-hotel-in-venedig\/romantischer-spaziergang-nach-murano-und-burano\/\" data-type=\"URL\" data-id=\"https:\/\/hotelarcadia.net\/de\/das-romantischste-hotel-in-venedig\/romantischer-spaziergang-nach-murano-und-burano\/\">Burano<\/a><\/strong>, bekannt f\u00fcr seine bunten H\u00e4user, und <strong>Torcello<\/strong>, die ruhigste und historischste Insel, sind perfekte romantische Ziele. Jede Insel hat ihren einzigartigen Charakter und bietet eine <strong>andere Perspektive<\/strong> der Lagune. Eine <em>Vaporetto<\/em>-Fahrt zu diesen Inseln ist ein unvergessliches Erlebnis, das <strong>einzigartige Panoramen<\/strong> bietet und die Gelegenheit gibt, den Charme dieser Orte in Ruhe zu genie\u00dfen.<\/p>\n\n\n\n<blockquote class=\"wp-block-quote has-text-align-left is-layout-flow wp-block-quote-is-layout-flow\">\n<p><strong>Romantischer Tipp<\/strong>: Bewundern Sie w\u00e4hrend der Fahrt nach <strong>Burano<\/strong> den Kontrast zwischen den ruhigen Gew\u00e4ssern und den <strong>bunten H\u00e4usern<\/strong>, die am Horizont auftauchen. Wenn Sie dort angekommen sind, machen Sie einen romantischen Spaziergang entlang der Kan\u00e4le und halten Sie in einem der Caf\u00e9s f\u00fcr einen Aperitif.<\/p>\n<\/blockquote>\n\n\n\n<h3 class=\"wp-block-heading has-text-align-left\">Die Aussicht auf Venedig von der Lagune: Eine exklusive Perspektive<\/h3>\n\n\n\n<p class=\"has-text-align-left\">Beim Reisen mit dem <em>Vaporetto<\/em> genie\u00dfen Sie eine <strong>exklusive Aussicht auf Venedig<\/strong>, die es Ihnen erm\u00f6glicht, die Stadt aus einem neuen Blickwinkel zu betrachten. Vom Wasser aus k\u00f6nnen Sie ihre <strong>historischen Pal\u00e4ste<\/strong>, <strong>majest\u00e4tischen Kirchen<\/strong> und <strong>charmanten Br\u00fccken<\/strong> bewundern, die sich im Wasser spiegeln. Eine <em>Vaporetto<\/em>-Fahrt gibt Ihnen die M\u00f6glichkeit, die Stadt zu sehen, wie nur wenige sie kennen: ein Ort, an dem architektonische Sch\u00f6nheit auf die Ruhe der umgebenden Natur trifft.<\/p>\n\n\n\n<blockquote class=\"wp-block-quote has-text-align-left is-layout-flow wp-block-quote-is-layout-flow\">\n<p><strong>Romantischer Tipp<\/strong>: Stoppen Sie mit Ihrem Partner, um den Panorama-Blick auf <strong>Piazza San Marco<\/strong> und die <strong>Basilika<\/strong> aus der Ferne zu genie\u00dfen, w\u00e4hrend das Vaporetto den Kanal entlang gleitet. Der Kontrast zwischen Himmel, Wasser und Architektur wird Ihnen einen der romantischsten Ausblicke auf Venedig bieten.<\/p>\n<\/blockquote>\n\n\n\n<h3 class=\"wp-block-heading has-text-align-left\">Der Sonnenuntergang \u00fcber der Lagune: Ein gemeinsames Erlebnis<\/h3>\n\n\n\n<p class=\"has-text-align-left\">Es gibt nichts Romantischeres als einen <strong>Sonnenuntergang \u00fcber der Lagune von Venedig<\/strong>. An Bord eines <em>Vaporetto<\/em> k\u00f6nnen Sie die Sch\u00f6nheit der sich ver\u00e4ndernden Farben genie\u00dfen, w\u00e4hrend die Sonne hinter den Inseln untergeht, sich auf dem Wasser spiegelt und eine einzigartige Atmosph\u00e4re schafft. Der Sonnenuntergang, <strong>der sich auf dem goldenen Wasser widerspiegelt<\/strong> und der Himmel, der sich in Rosa und Orange verf\u00e4rbt, bieten den perfekten Rahmen f\u00fcr einen unvergesslichen romantischen Moment.<\/p>\n\n\n\n<blockquote class=\"wp-block-quote has-text-align-left is-layout-flow wp-block-quote-is-layout-flow\">\n<p><strong>Romantischer Tipp<\/strong>: Buchen Sie eine <strong>Vaporetto-Fahrt zum Sonnenuntergang<\/strong>, um die Landschaft in einem bezaubernden Licht zu genie\u00dfen. Machen Sie gemeinsam Fotos, w\u00e4hrend Sie \u00fcber das ruhige Wasser der Lagune gleiten.<\/p>\n<\/blockquote>\n\n\n\n<h3 class=\"wp-block-heading has-text-align-left\">Die Ruhe der Lagune: Ein intimes und entspannendes Erlebnis<\/h3>\n\n\n\n<p class=\"has-text-align-left\">Die Lagune von Venedig ist der ideale Ort f\u00fcr eine <strong>romantische <em>Vaporetto<\/em>-Fahrt<\/strong>. Die Ruhe des Wassers, die Friedlichkeit der Inseln und die Stille, die die Stadt umgibt, schaffen eine einzigartige Atmosph\u00e4re. Es ist die perfekte Gelegenheit f\u00fcr Paare, die <strong>intime Momente<\/strong> und Entspannung suchen, fernab der Menschenmengen, um den Charme von Venedig auf authentische und pers\u00f6nliche Weise zu erleben.<\/p>\n\n\n\n<blockquote class=\"wp-block-quote has-text-align-left is-layout-flow wp-block-quote-is-layout-flow\">\n<p><strong>Romantischer Tipp<\/strong>: W\u00e4hrend das Vaporetto durch die Kan\u00e4le gleitet, nehmen Sie sich Zeit, die Aussicht zu genie\u00dfen und die Gesellschaft des anderen zu sch\u00e4tzen. Jeder Moment auf der Lagune wird eine wertvolle Erinnerung sein.<\/p>\n<\/blockquote>\n\n\n\n<h3 class=\"wp-block-heading has-text-align-left\">Erfahrungen unserer G\u00e4ste aus dem Arcadia<\/h3>\n\n\n\n<blockquote class=\"wp-block-quote has-text-align-left is-layout-flow wp-block-quote-is-layout-flow\">\n<p>\u201eUnsere Vaporetto-Fahrt zum Sonnenuntergang war einer der romantischsten Momente unseres Urlaubs. Der Blick auf die Lagune bei Sonnenuntergang ist einfach magisch.\u201c<br>\u201eDie Fahrt entlang der Kan\u00e4le hat uns erm\u00f6glicht, Venedig aus einer einzigartigen Perspektive zu entdecken. Die Ruhe der Lagune ist unglaublich.\u201c<br>\u201eWir nahmen das Vaporetto, um Murano und Burano zu besuchen. Es war eine fantastische M\u00f6glichkeit, die Stadt und die Inseln romantisch zu erkunden.\u201c<\/p>\n<\/blockquote>\n\n\n\n<h3 class=\"wp-block-heading has-text-align-left\">Tipps vom Arcadia-Team<\/h3>\n\n\n\n<blockquote class=\"wp-block-quote has-text-align-left is-layout-flow wp-block-quote-is-layout-flow\">\n<p>\u201eBuchen Sie eine <strong>Vaporetto-Fahrt zum Sonnenuntergang<\/strong>, um die romantischsten Aussichten auf Venedig zu genie\u00dfen, w\u00e4hrend die Sonne hinter den Inseln der Lagune untergeht.\u201c<br>\u201cHalten Sie unterwegs an, um <strong>unvergessliche Fotos<\/strong> von <strong>Venedig vom Wasser aus<\/strong> zu machen.\u201d<br>\u201eWenn Sie eine ruhigere Erfahrung suchen, fragen Sie, ob Sie entlang der <strong>sekund\u00e4ren Kan\u00e4le<\/strong> der Lagune fahren k\u00f6nnen, fern von der Menge.\u201c<\/p>\n<\/blockquote>\n\n\n\n<p class=\"has-text-align-left\"><strong>Buchen Sie Ihren Aufenthalt im Arcadia Boutique Hotel<\/strong> und genie\u00dfen Sie eine romantische <em>Vaporetto<\/em>-Fahrt \u00fcber die Lagune von Venedig.<br>Oder <strong><a href=\"https:\/\/hotelarcadia.net\/de\/\" data-type=\"URL\" data-id=\"https:\/\/hotelarcadia.net\/de\/\">kontaktieren Sie uns<\/a><\/strong> f\u00fcr weitere Informationen zur Organisation eines unvergesslichen romantischen Erlebnisses in Venedig.<\/p>\n","protected":false},"excerpt":{"rendered":"<p>Eine Vaporetto-Fahrt ist eine der romantischsten M\u00f6glichkeiten, die Venezianische Lagune zu erkunden. Sanft gleitend auf dem ruhigen Wasser und dabei die umgebende Landschaft zu genie\u00dfen, bietet diese Reise atemberaubende Panoramen, eine Aussicht auf die nahegelegenen Inseln und den Charme Venedigs aus einer einzigartigen Perspektive. Perfekt f\u00fcr Paare, die eine romantische Erfahrung abseits der Menschenmengen suchen, [&hellip;]<\/p>\n","protected":false},"author":1,"featured_media":6290,"parent":5619,"menu_order":0,"comment_status":"closed","ping_status":"closed","template":"","meta":{"_acf_changed":false,"footnotes":""},"class_list":["post-6115","page","type-page","status-publish","has-post-thumbnail","hentry"],"acf":[],"_links":{"self":[{"href":"https:\/\/hotelarcadia.net\/de\/wp-json\/wp\/v2\/pages\/6115","targetHints":{"allow":["GET"]}}],"collection":[{"href":"https:\/\/hotelarcadia.net\/de\/wp-json\/wp\/v2\/pages"}],"about":[{"href":"https:\/\/hotelarcadia.net\/de\/wp-json\/wp\/v2\/types\/page"}],"author":[{"embeddable":true,"href":"https:\/\/hotelarcadia.net\/de\/wp-json\/wp\/v2\/users\/1"}],"replies":[{"embeddable":true,"href":"https:\/\/hotelarcadia.net\/de\/wp-json\/wp\/v2\/comments?post=6115"}],"version-history":[{"count":0,"href":"https:\/\/hotelarcadia.net\/de\/wp-json\/wp\/v2\/pages\/6115\/revisions"}],"up":[{"embeddable":true,"href":"https:\/\/hotelarcadia.net\/de\/wp-json\/wp\/v2\/pages\/5619"}],"wp:featuredmedia":[{"embeddable":true,"href":"https:\/\/hotelarcadia.net\/de\/wp-json\/wp\/v2\/media\/6290"}],"wp:attachment":[{"href":"https:\/\/hotelarcadia.net\/de\/wp-json\/wp\/v2\/media?parent=6115"}],"curies":[{"name":"wp","href":"https:\/\/api.w.org\/{rel}","templated":true}]}}