{"id":6141,"date":"2025-03-27T11:38:01","date_gmt":"2025-03-27T11:38:01","guid":{"rendered":"https:\/\/www.hotelarcadia.net\/das-romantischste-hotel-in-venedig\/passeggiata-romantica-a-piedi-a-venezia\/"},"modified":"2025-04-03T13:26:21","modified_gmt":"2025-04-03T13:26:21","slug":"romantischer-spaziergang-zu-fuss-in-venedig","status":"publish","type":"page","link":"https:\/\/hotelarcadia.net\/de\/das-romantischste-hotel-in-venedig\/romantischer-spaziergang-zu-fuss-in-venedig\/","title":{"rendered":"Romantischer Spaziergang zu Fu\u00df in Venedig: Zwischen Gassen, Pl\u00e4tzen und versteckten Ecken"},"content":{"rendered":"\n<p class=\"has-text-align-left\"><strong>Venedig<\/strong> ist eine Stadt, die sich langsam offenbart \u2013 jeder Schritt f\u00fchrt uns zu neuen, faszinierenden Ecken, versteckten Pl\u00e4tzen und ruhigen Gassen, die scheinbar einer anderen Zeit angeh\u00f6ren. Ein <strong>romantischer <a href=\"https:\/\/hotelarcadia.net\/de\/exhibition\/stadtrundgang-in-venedig-dorsoduro\/\" data-type=\"URL\" data-id=\"https:\/\/hotelarcadia.net\/de\/exhibition\/stadtrundgang-in-venedig-dorsoduro\/\">Spaziergang<\/a> zu Fu\u00df<\/strong> ist zweifellos eine der besten M\u00f6glichkeiten, die Stadt zu erleben, sich zwischen ihren engen <strong>Gassen zu verlieren<\/strong>, ihre historischen <strong>Pl\u00e4tze zu bewundern<\/strong> und die einzigartige Atmosph\u00e4re zu atmen, die nur Venedig bieten kann. Mit ihrem zeitlosen Charme bietet Venedig jedem Paar ein intimes Erlebnis, bei dem jede Ecke eine Geschichte von Liebe und Sch\u00f6nheit erz\u00e4hlt.<\/p>\n\n\n\n<h3 class=\"has-text-align-left wp-block-heading\">Piazza San Marco: Das pulsierende Herz von Venedig<\/h3>\n\n\n\n<p class=\"has-text-align-left\">Die <strong><a href=\"https:\/\/hotelarcadia.net\/de\/das-romantischste-hotel-in-venedig\/romantischer-spaziergang-zum-markusplatz\/\" data-type=\"URL\" data-id=\"https:\/\/hotelarcadia.net\/de\/das-romantischste-hotel-in-venedig\/romantischer-spaziergang-zum-markusplatz\/\"><em>Piazza San Marco<\/em><\/a><\/strong> ist das <strong>pulsierende Herz<\/strong> von Venedig, ein Ort voller Geschichte und Sch\u00f6nheit, der jeden Besucher fasziniert. Mit ihrer <strong><em>Basilika<\/em><\/strong>, dem <strong><em>Campanile<\/em><\/strong> und dem <strong>Dogenpalast<\/strong> ist der Platz ein perfektes Beispiel f\u00fcr die Gro\u00dfartigkeit der Stadt. Ein Spaziergang hier, w\u00e4hrend man die Majest\u00e4t der Geb\u00e4ude und das Panorama bewundert, ist ein Erlebnis, das einem den Atem raubt. Es ist der ideale Ort, um mit Ihrem <strong>romantischen Spaziergang<\/strong> zu beginnen und die magische Atmosph\u00e4re zu genie\u00dfen, die nur die Piazza San Marco bietet.<\/p>\n\n\n\n<blockquote class=\"wp-block-quote has-text-align-left is-layout-flow wp-block-quote-is-layout-flow\"><p class=\"\"><strong>Romantischer Tipp<\/strong>: Nehmen Sie sich einen Moment, um den <strong>Campanile<\/strong> und die <strong>Basilika San Marco<\/strong> aus einer ruhigen Ecke des Platzes zu bewundern, fernab von der Menschenmenge. Teilen Sie einen Kuss im Schatten der historischen Pal\u00e4ste und sp\u00fcren Sie die Ruhe dieses Ortes.<\/p><\/blockquote>\n\n\n\n<h3 class=\"has-text-align-left wp-block-heading\">Die Gassen von Venedig: Sich in der Sch\u00f6nheit verlieren<\/h3>\n\n\n\n<p class=\"has-text-align-left\">Die <strong>Gassen von Venedig<\/strong>, die kleinen, engen Stra\u00dfen, die die verschiedenen Stadtteile miteinander verbinden, sind die verborgene Seele von Venedig. Wenn man durch diese Gassen geht, f\u00fchlt man sich wie in eine andere Zeit versetzt und entdeckt das <strong>wahre Wesen<\/strong> von Venedig, <strong>fernab der touristischen Massen<\/strong>. Die Gassen sind voller kleiner Gesch\u00e4fte, historischer Caf\u00e9s und malerischer Ecken, die dazu einladen, anzuhalten und die Ruhe der Stadt zu genie\u00dfen.<\/p>\n\n\n\n<blockquote class=\"wp-block-quote has-text-align-left is-layout-flow wp-block-quote-is-layout-flow\"><p class=\"\"><strong>Romantischer Tipp<\/strong>: F\u00fcr einen intimen Spaziergang verlieren Sie sich in den <strong>ruhigeren Gassen<\/strong> von Venedig, wie zum Beispiel denen rund um den <strong>Campo dei Mori<\/strong>. Hier finden Sie die perfekte Atmosph\u00e4re f\u00fcr einen Spaziergang zu zweit, mit dem entfernten Klang des Wassers und dem Schatten der Pal\u00e4ste, die sich im Kanal spiegeln.<\/p><\/blockquote>\n\n\n\n<h3 class=\"has-text-align-left wp-block-heading\">Der Rialtobr\u00fccke: Das Wahrzeichen von Venedig<\/h3>\n\n\n\n<p class=\"has-text-align-left\">Die <strong><a href=\"https:\/\/hotelarcadia.net\/de\/das-romantischste-hotel-in-venedig\/romantischer-spaziergang-ueber-die-rialtobruecke\/\" data-type=\"URL\" data-id=\"https:\/\/hotelarcadia.net\/de\/das-romantischste-hotel-in-venedig\/romantischer-spaziergang-ueber-die-rialtobruecke\/\"><em>Rialtobr\u00fccke<\/em><\/a><\/strong> ist eines der ikonischsten Wahrzeichen von Venedig. Diese Br\u00fccke, die den <strong><em>Canal Grande<\/em><\/strong> \u00fcberspannt, bietet eine spektakul\u00e4re Aussicht auf die Stadt. Es gibt nichts Romantischeres, als zusammen auf dieser Br\u00fccke zu spazieren, die <strong>Gondeln<\/strong> unter Ihnen hindurchfahren zu sehen und <strong>die historischen Pal\u00e4ste<\/strong> entlang des Kanals zu bewundern. Ihre zentrale Lage macht sie zu einem unverzichtbaren Halt w\u00e4hrend eines romantischen Spaziergangs.<\/p>\n\n\n\n<blockquote class=\"wp-block-quote has-text-align-left is-layout-flow wp-block-quote-is-layout-flow\"><p class=\"\"><strong>Romantischer Tipp<\/strong>: Halten Sie in der Mitte der Br\u00fccke an und genie\u00dfen Sie den Blick auf den Canal Grande bei Sonnenuntergang, wenn die Farben des Himmels sich auf dem Wasser spiegeln. Ein perfekter Moment f\u00fcr einen Kuss unter dem venezianischen Himmel.<\/p><\/blockquote>\n\n\n\n<h3 class=\"has-text-align-left wp-block-heading\">Campo dei Mori: Ein verstecktes Juwel von Venedig<\/h3>\n\n\n\n<p class=\"has-text-align-left\">Wenn Sie eine <strong>geheime und ruhige<\/strong> Ecke von Venedig entdecken m\u00f6chten, empfehle ich Ihnen den<em> <strong><a href=\"https:\/\/hotelarcadia.net\/de\/das-romantischste-hotel-in-venedig\/campo-dei-mori\/\" data-type=\"URL\" data-id=\"https:\/\/hotelarcadia.net\/de\/das-romantischste-hotel-in-venedig\/campo-dei-mori\/\">Campo dei Mori<\/a><\/strong><\/em>, einen kleinen versteckten Platz, der fernab der touristischen Massen liegt. Dieser Platz hat seinen Namen von einer der geheimnisvollsten Statuen Venedigs, den <strong>drei Mauren<\/strong>, die eines der Geb\u00e4ude schm\u00fccken. Es ist der ideale Ort f\u00fcr einen <strong>romantischen Spaziergang<\/strong>, abseits des L\u00e4rms, wo Sie die <strong>alten H\u00e4user<\/strong> und den <strong>Kanal<\/strong>, der den Platz durchzieht, bewundern k\u00f6nnen.<\/p>\n\n\n\n<blockquote class=\"wp-block-quote has-text-align-left is-layout-flow wp-block-quote-is-layout-flow\"><p class=\"\"><strong>Romantischer Tipp<\/strong>: Spazieren Sie Hand in Hand entlang des Kanals und halten Sie vor der <strong>Maurenstatue<\/strong> f\u00fcr ein romantisches Foto, w\u00e4hrend Sie eines der charmantesten und weniger bekannten Fleckchen Venedigs entdecken.<\/p><\/blockquote>\n\n\n\n<h3 class=\"has-text-align-left wp-block-heading\">Fondamenta della Misericordia: Der Charme der Kan\u00e4le<\/h3>\n\n\n\n<p class=\"has-text-align-left\">Die <strong><em>Fondamenta della Misericordia<\/em><\/strong> ist eines der <strong>romantischsten<\/strong> Viertel in Venedig. Diese lange Allee entlang des Kanals ist der perfekte Ort f\u00fcr einen ruhigen Spaziergang, fernab der Menschenmassen. Die <strong>Gondeln<\/strong>, die langsam vorbeifahren, und die Spiegelung der Pal\u00e4ste im Kanal schaffen eine intime und bezaubernde Atmosph\u00e4re. Es ist der ideale Ort, um einen besonderen Moment mit Ihrem Partner zu genie\u00dfen.<\/p>\n\n\n\n<blockquote class=\"wp-block-quote has-text-align-left is-layout-flow wp-block-quote-is-layout-flow\"><p class=\"\"><strong>Romantischer Tipp<\/strong>: Spazieren Sie entlang der <strong>Fondamenta della Misericordia<\/strong> bei Sonnenuntergang, wenn der Kanal von goldenem Licht erleuchtet wird und die Farben des Wassers mit denen des Himmels verschmelzen. Es ist der perfekte Zeitpunkt f\u00fcr eine romantische Umarmung.<\/p><\/blockquote>\n\n\n\n<h3 class=\"has-text-align-left wp-block-heading\">Erfahrungen unserer G\u00e4ste aus dem Arcadia<\/h3>\n\n\n\n<blockquote class=\"wp-block-quote has-text-align-left is-layout-flow wp-block-quote-is-layout-flow\"><p class=\"\">\u201eWir haben uns in den <strong>Gassen von Venedig<\/strong> verloren und verborgene Ecken entdeckt und in traditionellen Caf\u00e9s gehalten. Es war die perfekte Art, die Stadt zu erleben.\u201c<br>\u201eDie Rialtobr\u00fccke war unser besonderer Ort. Wir haben den Sonnenuntergang \u00fcber dem Canal Grande bewundert. Ein Moment, den wir nie vergessen werden.\u201c<br>\u201eDer <strong>Campo dei Mori<\/strong> hat uns mit seiner Ruhe \u00fcberrascht. Es ist ein verstecktes Juwel, das ich allen Paaren empfehle, die Venedig auf intime Weise erleben wollen.\u201c<\/p><\/blockquote>\n\n\n\n<h3 class=\"has-text-align-left wp-block-heading\">Tipps vom Arcadia-Team<\/h3>\n\n\n\n<blockquote class=\"wp-block-quote has-text-align-left is-layout-flow wp-block-quote-is-layout-flow\"><p class=\"\">\u201eF\u00fcr einen wirklich besonderen romantischen Spaziergang entdecken Sie die <strong>weniger frequentierten Gassen<\/strong> und halten an, um die kleinen Details zu bewundern, die Venedig einzigartig machen.\u201c<br>\u201eVerpassen Sie nicht die Gelegenheit, bei Sonnenuntergang \u00fcber die <strong>Rialtobr\u00fccke<\/strong> zu gehen und den Blick auf den Canal Grande zu genie\u00dfen.\u201c<br>\u201eDie <strong>Fondamenta della Misericordia<\/strong> sind der perfekte Ort f\u00fcr einen Abendspaziergang, bei dem die Ruhe der Lagune und die Spiegelung der Pal\u00e4ste eine magische Atmosph\u00e4re schaffen.\u201c<\/p><\/blockquote>\n\n\n\n<p class=\"has-text-align-left\"><strong>Buchen Sie Ihren Aufenthalt im Arcadia Boutique Hotel<\/strong> und entdecken Sie die romantischsten Ecken Venedigs w\u00e4hrend eines unvergesslichen Spaziergangs.<br>Oder <strong><a href=\"https:\/\/hotelarcadia.net\/de\/\" data-type=\"URL\" data-id=\"https:\/\/hotelarcadia.net\/de\/\">kontaktieren Sie uns<\/a><\/strong> f\u00fcr personalisierte Tipps zu romantischen Spazierg\u00e4ngen in der Stadt.<\/p>\n","protected":false},"excerpt":{"rendered":"<p>Venedig ist eine Stadt, die sich langsam offenbart \u2013 jeder Schritt f\u00fchrt uns zu neuen, faszinierenden Ecken, versteckten Pl\u00e4tzen und ruhigen Gassen, die scheinbar einer anderen Zeit angeh\u00f6ren. Ein romantischer Spaziergang zu Fu\u00df ist zweifellos eine der besten M\u00f6glichkeiten, die Stadt zu erleben, sich zwischen ihren engen Gassen zu verlieren, ihre historischen Pl\u00e4tze zu bewundern [&hellip;]<\/p>\n","protected":false},"author":1,"featured_media":6346,"parent":5619,"menu_order":0,"comment_status":"closed","ping_status":"closed","template":"","meta":{"_acf_changed":false,"footnotes":""},"class_list":["post-6141","page","type-page","status-publish","has-post-thumbnail","hentry"],"acf":[],"_links":{"self":[{"href":"https:\/\/hotelarcadia.net\/de\/wp-json\/wp\/v2\/pages\/6141","targetHints":{"allow":["GET"]}}],"collection":[{"href":"https:\/\/hotelarcadia.net\/de\/wp-json\/wp\/v2\/pages"}],"about":[{"href":"https:\/\/hotelarcadia.net\/de\/wp-json\/wp\/v2\/types\/page"}],"author":[{"embeddable":true,"href":"https:\/\/hotelarcadia.net\/de\/wp-json\/wp\/v2\/users\/1"}],"replies":[{"embeddable":true,"href":"https:\/\/hotelarcadia.net\/de\/wp-json\/wp\/v2\/comments?post=6141"}],"version-history":[{"count":0,"href":"https:\/\/hotelarcadia.net\/de\/wp-json\/wp\/v2\/pages\/6141\/revisions"}],"up":[{"embeddable":true,"href":"https:\/\/hotelarcadia.net\/de\/wp-json\/wp\/v2\/pages\/5619"}],"wp:featuredmedia":[{"embeddable":true,"href":"https:\/\/hotelarcadia.net\/de\/wp-json\/wp\/v2\/media\/6346"}],"wp:attachment":[{"href":"https:\/\/hotelarcadia.net\/de\/wp-json\/wp\/v2\/media?parent=6141"}],"curies":[{"name":"wp","href":"https:\/\/api.w.org\/{rel}","templated":true}]}}