{"id":6171,"date":"2025-03-27T13:27:48","date_gmt":"2025-03-27T13:27:48","guid":{"rendered":"https:\/\/www.hotelarcadia.net\/das-romantischste-hotel-in-venedig\/cena-romantica-gourmet-a-venezia\/"},"modified":"2025-07-21T09:36:14","modified_gmt":"2025-07-21T09:36:14","slug":"wo-kann-man-in-venedig-ein-romantisches-abendessen-geniessen","status":"publish","type":"page","link":"https:\/\/hotelarcadia.net\/de\/das-romantischste-hotel-in-venedig\/wo-kann-man-in-venedig-ein-romantisches-abendessen-geniessen\/","title":{"rendered":"Wo kann man in Venedig ein romantisches Abendessen genie\u00dfen?"},"content":{"rendered":"\n<p class=\"has-text-align-left\"><strong>Venedig<\/strong> ist nicht nur eine Stadt der Kunst und Geschichte, sondern auch eine Stadt der <strong>raffinierten Gastronomie<\/strong>. Ein <strong>romantisches Abendessen<\/strong> in einem der exklusivsten Restaurants der Stadt ist der perfekte Abschluss eines Tages, der mit der Entdeckung der Magie von Venedig verbracht wurde. Von traditionellen venezianischen Gerichten bis hin zu innovativeren Kreationen feiert die venezianische K\u00fcche die <strong>Aromen der Lagune<\/strong>, in der frischer Fisch, lokale Gem\u00fcse und typische Produkte zu <strong>einzigartigen kulinarischen Erlebnissen verschmelzen<\/strong>. Ein romantischer Abend mit einem Gourmet-Dinner ist die perfekte Art, die Liebe in einer der romantischsten St\u00e4dte der Welt zu feiern.<\/p>\n\n\n\n<h3 class=\"wp-block-heading has-text-align-left\">Gourmet-Restaurants in Venedig: Eine Reise durch die Aromen der Lagune<\/h3>\n\n\n\n<p class=\"has-text-align-left\">Venedig bietet eine gro\u00dfe Auswahl an <strong>Gourmet-Restaurants<\/strong>, die raffinierte K\u00fcche und Gerichte aus den frischesten Zutaten anbieten. Von Restaurants mit Blick auf den <strong><em>Canal Grande<\/em><\/strong>, die einen spektakul\u00e4ren Ausblick bieten, bis hin zu <strong>historischen Lokalen<\/strong> im Herzen der Stadt hat jedes Restaurant in Venedig etwas Besonderes zu bieten. Ein romantisches Abendessen in einem dieser Restaurants ist eine Gelegenheit, die lokale K\u00fcche zu genie\u00dfen und gleichzeitig eine elegante und intime Atmosph\u00e4re zu erleben.<\/p>\n\n\n\n<blockquote class=\"wp-block-quote has-text-align-left is-layout-flow wp-block-quote-is-layout-flow\">\n<p><strong>Romantischer Tipp<\/strong>: W\u00e4hlen Sie ein Restaurant mit einer <strong>panoramen Aussicht<\/strong> auf den Canal Grande oder einen der ikonischen Pl\u00e4tze der Stadt, um ein magisches Abendessen zu genie\u00dfen, das von der atemberaubenden Aussicht auf Venedig begleitet wird.<\/p>\n<\/blockquote>\n\n\n\n<h3 class=\"wp-block-heading has-text-align-left\">Venezianische K\u00fcche: Typische Gerichte zum Genie\u00dfen<\/h3>\n\n\n\n<p class=\"has-text-align-left\">Die venezianische K\u00fcche ist eine Mischung aus Tradition und Innovation, mit Gerichten, die die <a href=\"https:\/\/hotelarcadia.net\/exhibition\/eat-venice-traditional-food-must-try\/\" data-type=\"URL\" data-id=\"https:\/\/hotelarcadia.net\/exhibition\/eat-venice-traditional-food-must-try\/\">typischen Produkte<\/a> der Lagune feiern. Zu den repr\u00e4sentativsten Gerichten der lokalen K\u00fcche geh\u00f6ren <strong><em>Risotto<\/em> mit Tintenfischblut<\/strong>, <strong><em>Cicchetti<\/em><\/strong> (venezianische Tapas) und <strong><em>Baccal\u00e0 mantecato<\/em><\/strong>, eine cremige Spezialit\u00e4t aus Stockfisch, die ein echtes Muss der venezianischen K\u00fcche ist. Vergessen Sie nicht, ein <strong><em>fritto misto di pesce<\/em><\/strong> (gemischtes frittierte Fischgericht) zu probieren, das aus dem frischen Fisch zubereitet wird, der t\u00e4glich aus den Gew\u00e4ssern der Lagune kommt. Jedes Gericht ist eine Feier der einzigartigen Aromen der Stadt.<\/p>\n\n\n\n<blockquote class=\"wp-block-quote has-text-align-left is-layout-flow wp-block-quote-is-layout-flow\">\n<p><strong>Romantischer Tipp<\/strong>: Kombinieren Sie das Abendessen mit einem Glas <strong>Prosecco<\/strong> oder einem <strong>venezianischen Wein<\/strong>, um den Geschmack der Gerichte zu unterstreichen und auf Ihre Liebe anzusto\u00dfen.<\/p>\n<\/blockquote>\n\n\n\n<h3 class=\"wp-block-heading has-text-align-left\">Ein romantisches Dinner mit frischem Fisch<\/h3>\n\n\n\n<p class=\"has-text-align-left\">Der <strong>frische Fisch<\/strong> ist ein grundlegender Bestandteil der venezianischen K\u00fcche, da er aus den Gew\u00e4ssern der Lagune stammt. Viele Restaurants in Venedig haben sich auf Fischgerichte spezialisiert, die mit gro\u00dfer Sorgfalt und Aufmerksamkeit zubereitet werden, um ein einzigartiges Erlebnis zu bieten. <strong>Frische Meeresfr\u00fcchte<\/strong>, <strong>Krebse<\/strong>, <strong>Garnelen<\/strong> und <strong>Tintenfische<\/strong> sind nur einige der Zutaten, die Sie bei einem romantischen Abendessen in Venedig genie\u00dfen k\u00f6nnen.<\/p>\n\n\n\n<blockquote class=\"wp-block-quote has-text-align-left is-layout-flow wp-block-quote-is-layout-flow\">\n<p><strong>Romantischer Tipp<\/strong>: Bestellen Sie ein <strong>Fischmen\u00fc<\/strong> und lassen Sie sich vom Sommelier des Restaurants den besten Wein aus der Region empfehlen, um jedes Gericht zu begleiten. Es wird ein vollst\u00e4ndiges sensorisches Erlebnis sein.<\/p>\n<\/blockquote>\n\n\n\n<h3 class=\"wp-block-heading has-text-align-left\">Candle-Light-Dinner: Die perfekte Atmosph\u00e4re<\/h3>\n\n\n\n<p class=\"has-text-align-left\">F\u00fcr ein wirklich einzigartiges romantisches Erlebnis gibt es nichts Sch\u00f6neres als ein <strong>Candle-Light-Dinner<\/strong>. Viele Restaurants in Venedig bieten die M\u00f6glichkeit, in einem intimen Rahmen zu speisen, mit Kerzen, die ein sanftes, romantisches Licht verbreiten. Der Kontrast zwischen der Sch\u00f6nheit der Stadt und der magischen Atmosph\u00e4re, die durch die Kerzen geschaffen wird, ist ideal f\u00fcr <strong>einen besonderen Moment<\/strong> mit Ihrem Partner.<\/p>\n\n\n\n<blockquote class=\"wp-block-quote has-text-align-left is-layout-flow wp-block-quote-is-layout-flow\">\n<p><strong>Romantischer Tipp<\/strong>: W\u00e4hlen Sie ein Restaurant, das ein <strong>Candle-Light-Dinner<\/strong> anbietet, und fragen Sie nach einem Tisch mit Blick auf den <strong>Canal Grande<\/strong> oder in einem <strong>geheimen Garten<\/strong>, um ein wirklich exklusives romantisches Erlebnis zu genie\u00dfen.<\/p>\n<\/blockquote>\n\n\n\n<h3 class=\"wp-block-heading has-text-align-left\">Degustationserlebnis: Eine Reise durch die Aromen Venedigs<\/h3>\n\n\n\n<p class=\"has-text-align-left\">Wenn Sie ein echtes <strong>gastronomisches Erlebnis<\/strong> in Venedig erleben m\u00f6chten, k\u00f6nnen Sie ein <strong>Degustationsmen\u00fc<\/strong> w\u00e4hlen, das Ihnen eine Auswahl der besten venezianischen Gerichte bietet, die mit <strong>Hingabe<\/strong> und <strong>Liebe<\/strong> zum Detail zubereitet werden. Jedes Gericht erz\u00e4hlt eine Geschichte der lokalen kulinarischen Tradition und wird Sie in die authentischen Aromen der Stadt eintauchen lassen.<\/p>\n\n\n\n<blockquote class=\"wp-block-quote has-text-align-left is-layout-flow wp-block-quote-is-layout-flow\">\n<p><strong>Romantischer Tipp<\/strong>: W\u00e4hrend der <strong>Degustation<\/strong> nehmen Sie sich die Zeit, jeden Bissen zu genie\u00dfen, und lassen Sie die Aromen mit dem Wein verschmelzen, um ein einzigartiges und romantisches Erlebnis zu teilen.<\/p>\n<\/blockquote>\n\n\n\n<h3 class=\"wp-block-heading has-text-align-left\">Erfahrungsberichte von Arcadia-G\u00e4sten<\/h3>\n\n\n\n<blockquote class=\"wp-block-quote has-text-align-left is-layout-flow wp-block-quote-is-layout-flow\">\n<p>\u201eWir haben in einem Restaurant mit Blick auf den <strong>Canal Grande<\/strong> gegessen und das Abendessen war absolut unvergesslich. Der frischeste Fisch und der Panoramablick waren die perfekte Erg\u00e4nzung zu unserem romantischen Abend.\u201c<br>\u201eDas Candle-Light-Dinner in einem intimen Restaurant war der beste Teil unseres Aufenthalts in Venedig. Die Atmosph\u00e4re war magisch und das Essen k\u00f6stlich.\u201c<br>\u201eDas Degustationsmen\u00fc, das uns empfohlen wurde, war unglaublich. Jedes Gericht hat uns \u00fcberrascht und der Abend war perfekt. Besser h\u00e4tten wir es nicht haben k\u00f6nnen!\u201c<\/p>\n<\/blockquote>\n\n\n\n<h3 class=\"wp-block-heading has-text-align-left\">Tipps vom Arcadia-Team<\/h3>\n\n\n\n<blockquote class=\"wp-block-quote has-text-align-left is-layout-flow wp-block-quote-is-layout-flow\">\n<p>\u201eBuchen Sie ein <strong>Candle-Light-Dinner<\/strong> in einem der Restaurants mit Blick auf den Canal Grande oder <strong>Piazza San Marco<\/strong>, f\u00fcr ein wirklich unvergessliches Erlebnis.\u201c<br>\u201eWenn Sie die authentische venezianische K\u00fcche probieren m\u00f6chten, fragen Sie nach einem <strong>Degustationsmen\u00fc<\/strong>, um eine Auswahl der besten lokalen Gerichte zu probieren.\u201c<br>\u201eVergessen Sie nicht, einen guten <strong>Prosecco<\/strong> oder <strong>venezianischen Wein<\/strong> zu bestellen, um Ihre Gerichte zu begleiten und auf Ihren romantischen Abend anzusto\u00dfen.\u201c<\/p>\n<\/blockquote>\n\n\n\n<p class=\"has-text-align-left\"><strong>Buchen Sie Ihren Aufenthalt im Arcadia Boutique Hotel<\/strong> und erleben Sie ein romantisches Gourmet-Dinner in den besten Restaurants von Venedig.<br>Oder <strong><a href=\"https:\/\/hotelarcadia.net\/de\/\" data-type=\"URL\" data-id=\"https:\/\/hotelarcadia.net\/de\/\">kontaktieren Sie uns<\/a><\/strong> f\u00fcr Empfehlungen zu romantischen Restaurants in Venedig.<\/p>\n","protected":false},"excerpt":{"rendered":"<p>Venedig ist nicht nur eine Stadt der Kunst und Geschichte, sondern auch eine Stadt der raffinierten Gastronomie. Ein romantisches Abendessen in einem der exklusivsten Restaurants der Stadt ist der perfekte Abschluss eines Tages, der mit der Entdeckung der Magie von Venedig verbracht wurde. Von traditionellen venezianischen Gerichten bis hin zu innovativeren Kreationen feiert die venezianische [&hellip;]<\/p>\n","protected":false},"author":1,"featured_media":8988,"parent":5619,"menu_order":0,"comment_status":"closed","ping_status":"closed","template":"","meta":{"_acf_changed":false,"footnotes":""},"class_list":["post-6171","page","type-page","status-publish","has-post-thumbnail","hentry"],"acf":[],"_links":{"self":[{"href":"https:\/\/hotelarcadia.net\/de\/wp-json\/wp\/v2\/pages\/6171","targetHints":{"allow":["GET"]}}],"collection":[{"href":"https:\/\/hotelarcadia.net\/de\/wp-json\/wp\/v2\/pages"}],"about":[{"href":"https:\/\/hotelarcadia.net\/de\/wp-json\/wp\/v2\/types\/page"}],"author":[{"embeddable":true,"href":"https:\/\/hotelarcadia.net\/de\/wp-json\/wp\/v2\/users\/1"}],"replies":[{"embeddable":true,"href":"https:\/\/hotelarcadia.net\/de\/wp-json\/wp\/v2\/comments?post=6171"}],"version-history":[{"count":0,"href":"https:\/\/hotelarcadia.net\/de\/wp-json\/wp\/v2\/pages\/6171\/revisions"}],"up":[{"embeddable":true,"href":"https:\/\/hotelarcadia.net\/de\/wp-json\/wp\/v2\/pages\/5619"}],"wp:featuredmedia":[{"embeddable":true,"href":"https:\/\/hotelarcadia.net\/de\/wp-json\/wp\/v2\/media\/8988"}],"wp:attachment":[{"href":"https:\/\/hotelarcadia.net\/de\/wp-json\/wp\/v2\/media?parent=6171"}],"curies":[{"name":"wp","href":"https:\/\/api.w.org\/{rel}","templated":true}]}}