{"id":6505,"date":"2025-03-31T08:57:59","date_gmt":"2025-03-31T08:57:59","guid":{"rendered":"https:\/\/www.hotelarcadia.net\/das-romantischste-hotel-in-venedig\/tramonto-sulla-laguna-di-venezia\/"},"modified":"2025-07-16T09:54:30","modified_gmt":"2025-07-16T09:54:30","slug":"wo-kann-man-den-romantischsten-sonnenuntergang-ueber-der-lagune-von-venedig-sehen","status":"publish","type":"page","link":"https:\/\/hotelarcadia.net\/de\/das-romantischste-hotel-in-venedig\/wo-kann-man-den-romantischsten-sonnenuntergang-ueber-der-lagune-von-venedig-sehen\/","title":{"rendered":"Wo kann man den romantischsten Sonnenuntergang \u00fcber der Lagune von Venedig sehen?"},"content":{"rendered":"\n<p class=\"has-text-align-left\">Ein <a href=\"https:\/\/hotelarcadia.net\/de\/exhibition\/orte-sonnenuntergang-venedig\/\" data-type=\"URL\" data-id=\"https:\/\/hotelarcadia.net\/de\/exhibition\/orte-sonnenuntergang-venedig\/\">Sonnenuntergang<\/a> \u00fcber der <strong>Lagune von Venedig<\/strong> ist zweifellos einer der romantischsten Momente, die man in der Stadt erleben kann. Die Stadt, die ohnehin schon magisch ist, erh\u00e4lt eine noch au\u00dfergew\u00f6hnlichere Sch\u00f6nheit, <strong>wenn die Sonne hinter den Inseln und den Geb\u00e4uden von Venedig untergeht<\/strong>. Der goldene Lichtreflex auf dem Wasser und die Ruhe der Lagune schaffen die perfekte Atmosph\u00e4re f\u00fcr einen romantischen Spaziergang oder eine Bootsfahrt zum Sonnenuntergang. Ob Sie die Aussicht vom Ufer genie\u00dfen oder die Kan\u00e4le entlangfahren, der Sonnenuntergang \u00fcber der Lagune ist ein Erlebnis, das Sie nicht verpassen sollten.<\/p>\n\n\n\n<h3 class=\"wp-block-heading has-text-align-left\">Die Magie des Sonnenuntergangs \u00fcber der Lagune<\/h3>\n\n\n\n<p class=\"has-text-align-left\">Wenn die Sonne beginnt, hinter dem Horizont zu sinken, verwandelt sich die <strong>Lagune von Venedig<\/strong> in ein Kunstwerk. Der Himmel f\u00e4rbt sich in <strong>Rosat\u00f6ne<\/strong>, <strong>Oranget\u00f6ne<\/strong> und <strong>Gold<\/strong>, w\u00e4hrend das Wasser der Lagune das Licht in einem Spiel von Farben widerspiegelt, das jeden Besucher fasziniert. Der Sonnenuntergang in Venedig ist ein wirklich <strong>magischer Moment<\/strong>, der perfekt ist, um ihn mit einem besonderen Menschen zu teilen. Ob bei einer Gondelfahrt, einem Spaziergang entlang der Uferpromenaden oder einem Halt in einem der historischen Caf\u00e9s der Stadt \u2013 der Sonnenuntergang ist der <strong>ideale Moment, um innezuhalten, nachzudenken und den Panoramaausblick zu genie\u00dfen<\/strong>.<\/p>\n\n\n\n<blockquote class=\"wp-block-quote has-text-align-left is-layout-flow wp-block-quote-is-layout-flow\">\n<p><strong>Romantischer Tipp<\/strong>: Nehmen Sie sich Zeit, um an der <strong>Campo San Giorgio<\/strong> oder der <strong>Fondamenta delle Zattere<\/strong> zu sitzen, zwei der besten Orte, um den Sonnenuntergang zu beobachten. Der Blick auf den <strong>Canal Grande<\/strong> bei Sonnenuntergang ist wirklich etwas Besonderes.<\/p>\n<\/blockquote>\n\n\n\n<h3 class=\"wp-block-heading has-text-align-left\">Eine Gondelfahrt bei Sonnenuntergang<\/h3>\n\n\n\n<p class=\"has-text-align-left\">Was k\u00f6nnte romantischer sein als eine <strong>Gondelfahrt<\/strong> bei Sonnenuntergang? Mit der Gondel die Kan\u00e4le Venedigs entlangzufahren, w\u00e4hrend die Sonne hinter den historischen Geb\u00e4uden untergeht, ist ein unvergessliches Erlebnis. Der <strong>Silence der Gondel<\/strong>, der nur vom Ger\u00e4usch des Wassers, das sanft an die Seite des Bootes schl\u00e4gt, unterbrochen wird, und das atemberaubende Panorama der Stadt, die von der goldenen Sonne erleuchtet wird, machen dieses Erlebnis einzigartig. Ob f\u00fcr einen besonderen Anlass oder einen Moment purer Intimit\u00e4t \u2013 eine <a href=\"https:\/\/hotelarcadia.net\/de\/das-romantischste-hotel-in-venedig\/romantische-gondelfahrt\/\" data-type=\"URL\" data-id=\"https:\/\/hotelarcadia.net\/de\/das-romantischste-hotel-in-venedig\/romantische-gondelfahrt\/\"><strong>Gondelfahrt<\/strong><\/a> bei Sonnenuntergang geh\u00f6rt zu den romantischsten Erlebnissen, die Venedig zu bieten hat.<\/p>\n\n\n\n<blockquote class=\"wp-block-quote has-text-align-left is-layout-flow wp-block-quote-is-layout-flow\">\n<p><strong>Romantischer Tipp<\/strong>: Buchen Sie eine <strong>private Gondelfahrt bei Sonnenuntergang<\/strong>, um das Erlebnis in v\u00f6lliger Privatsph\u00e4re zu genie\u00dfen. An Bord werden Sie sich f\u00fchlen, als w\u00e4ren Sie die einzigen in der Stadt.<\/p>\n<\/blockquote>\n\n\n\n<h3 class=\"wp-block-heading has-text-align-left\">Die historischen Caf\u00e9s von Venedig: Eine romantische Pause beim Sonnenuntergang<\/h3>\n\n\n\n<p class=\"has-text-align-left\">Die <strong>historischen Caf\u00e9s<\/strong> von Venedig, wie das ber\u00fchmte <strong><em>Caff\u00e8 Florian<\/em><\/strong> oder das <strong><em>Caff\u00e8 Quadri<\/em><\/strong>, sind der ideale Ort, um einen Aperitif zu genie\u00dfen und dabei den Sonnenuntergang \u00fcber dem Platz zu beobachten. Diese Caf\u00e9s sind bekannt f\u00fcr ihre Eleganz und ihre jahrhundertealte Geschichte. Wenn Sie drau\u00dfen unter den Arkaden sitzen, mit Blick auf die <strong><em><a href=\"https:\/\/hotelarcadia.net\/de\/das-romantischste-hotel-in-venedig\/romantischer-spaziergang-zum-markusplatz\/\" data-type=\"URL\" data-id=\"https:\/\/hotelarcadia.net\/de\/das-romantischste-hotel-in-venedig\/romantischer-spaziergang-zum-markusplatz\/\">Piazza San Marco<\/a><\/em><\/strong> oder den <strong><em>Canal Grande<\/em><\/strong>, k\u00f6nnen Sie die Sch\u00f6nheit der Stadt w\u00e4hrend der goldenen Stunde des Sonnenuntergangs in vollen Z\u00fcgen genie\u00dfen.<\/p>\n\n\n\n<blockquote class=\"wp-block-quote has-text-align-left is-layout-flow wp-block-quote-is-layout-flow\">\n<p><strong>Romantischer Tipp<\/strong>: Genie\u00dfen Sie einen <strong>Sonnenuntergangs-Aperitif<\/strong> in einem der historischen Caf\u00e9s von Venedig. Die Atmosph\u00e4re mit Live-Musik und dem Blick auf den Platz wird diesen Moment perfekt f\u00fcr einen romantischen Abend machen.<\/p>\n<\/blockquote>\n\n\n\n<h3 class=\"wp-block-heading has-text-align-left\">Die Ruhe der Lagune: Ein intimes Erlebnis<\/h3>\n\n\n\n<p class=\"has-text-align-left\">Die <strong>Lagune von Venedig<\/strong> ist ein Ort der <strong>Ruhe<\/strong> und <strong>Gelassenheit<\/strong>, besonders bei Sonnenuntergang. W\u00e4hrend sich die Stadt auf die Nacht vorbereitet, bleibt die Lagune ruhig und still, ein idealer Ort f\u00fcr alle, die ein wenig Frieden und Intimit\u00e4t suchen. Beim Sonnenuntergang schaffen die Lichtreflexionen auf dem Wasser eine Atmosph\u00e4re, die zu <strong>Reflexion<\/strong> und <strong>Besinnung<\/strong> einl\u00e4dt. Es ist der perfekte Zeitpunkt, um zusammen zu sein und die Gesellschaft des eigenen Partners zu genie\u00dfen.<\/p>\n\n\n\n<blockquote class=\"wp-block-quote has-text-align-left is-layout-flow wp-block-quote-is-layout-flow\">\n<p><strong>Romantischer Tipp<\/strong>: Machen Sie einen Spaziergang entlang der <strong>Riva degli Schiavoni<\/strong> oder der <strong>Fondamenta della Misericordia<\/strong>, um den Sonnenuntergang \u00fcber der Lagune zu bewundern. Die Stille und Sch\u00f6nheit der Landschaft machen diesen Moment noch spezieller.<\/p>\n<\/blockquote>\n\n\n\n<h3 class=\"wp-block-heading has-text-align-left\">Erfahrungsberichte von Arcadia-G\u00e4sten<\/h3>\n\n\n\n<blockquote class=\"wp-block-quote has-text-align-left is-layout-flow wp-block-quote-is-layout-flow\">\n<p>\u201cDer Sonnenuntergang in Venedig war einer der romantischsten Momente in unserem Leben. Wir machten eine Gondelfahrt, und die Stadt, beleuchtet vom untergehenden Sonnenlicht, schien einem Traum zu entspringen.\u201d<br>\u201cWir haben drau\u00dfen in einem Caf\u00e9 auf der <strong>Piazza San Marco<\/strong> zu Abend gegessen, w\u00e4hrend der Sonnenuntergang den Himmel malte. Es war einer der besonderen Momente unserer Reise.\u201d<br>\u201cWir spazierten entlang der <strong>Riva degli Schiavoni<\/strong> w\u00e4hrend des Sonnenuntergangs, es war ein Moment purer Magie. Die Ruhe der Lagune und der goldene Himmel machten den Abend perfekt.\u201d<\/p>\n<\/blockquote>\n\n\n\n<h3 class=\"wp-block-heading has-text-align-left\">Tipps vom Arcadia-Team<\/h3>\n\n\n\n<blockquote class=\"wp-block-quote has-text-align-left is-layout-flow wp-block-quote-is-layout-flow\">\n<p>\u201cBuchen Sie eine <strong>Gondelfahrt bei Sonnenuntergang<\/strong>, f\u00fcr ein wirklich einzigartiges romantisches Erlebnis. Der Sonnenuntergang \u00fcber der Lagune von Venedig ist unvergesslich.\u201d<br>\u201cWenn Sie eine intime Atmosph\u00e4re w\u00fcnschen, empfehle ich Ihnen, die <strong>Fondamenta delle Zattere<\/strong> beim Sonnenuntergang zu besuchen. Ein ruhiger Ort, an dem Sie sich entspannen k\u00f6nnen.\u201d<br>\u201cVerpassen Sie nicht die Gelegenheit, einen <strong>romantischen Spaziergang<\/strong> entlang der <strong>Riva degli Schiavoni<\/strong> bei Sonnenuntergang zu machen. Es ist ein Erlebnis, das Ihnen unvergessliche Erinnerungen bescheren wird.\u201d<\/p>\n<\/blockquote>\n\n\n\n<p class=\"has-text-align-left\"><strong>Buchen Sie Ihren Aufenthalt im Arcadia Boutique Hotel<\/strong> und erleben Sie den Sonnenuntergang \u00fcber der Lagune von Venedig mit einem einzigartigen romantischen Erlebnis.<br>Oder <strong><a href=\"https:\/\/hotelarcadia.net\/de\/\" data-type=\"URL\" data-id=\"https:\/\/hotelarcadia.net\/de\/\">kontaktieren Sie uns<\/a><\/strong>, um mehr dar\u00fcber zu erfahren, wie Sie einen besonderen Abend bei Sonnenuntergang organisieren k\u00f6nnen.<\/p>\n","protected":false},"excerpt":{"rendered":"<p>Ein Sonnenuntergang \u00fcber der Lagune von Venedig ist zweifellos einer der romantischsten Momente, die man in der Stadt erleben kann. Die Stadt, die ohnehin schon magisch ist, erh\u00e4lt eine noch au\u00dfergew\u00f6hnlichere Sch\u00f6nheit, wenn die Sonne hinter den Inseln und den Geb\u00e4uden von Venedig untergeht. Der goldene Lichtreflex auf dem Wasser und die Ruhe der Lagune [&hellip;]<\/p>\n","protected":false},"author":1,"featured_media":6500,"parent":5619,"menu_order":0,"comment_status":"closed","ping_status":"closed","template":"","meta":{"_acf_changed":false,"footnotes":""},"class_list":["post-6505","page","type-page","status-publish","has-post-thumbnail","hentry"],"acf":[],"_links":{"self":[{"href":"https:\/\/hotelarcadia.net\/de\/wp-json\/wp\/v2\/pages\/6505","targetHints":{"allow":["GET"]}}],"collection":[{"href":"https:\/\/hotelarcadia.net\/de\/wp-json\/wp\/v2\/pages"}],"about":[{"href":"https:\/\/hotelarcadia.net\/de\/wp-json\/wp\/v2\/types\/page"}],"author":[{"embeddable":true,"href":"https:\/\/hotelarcadia.net\/de\/wp-json\/wp\/v2\/users\/1"}],"replies":[{"embeddable":true,"href":"https:\/\/hotelarcadia.net\/de\/wp-json\/wp\/v2\/comments?post=6505"}],"version-history":[{"count":0,"href":"https:\/\/hotelarcadia.net\/de\/wp-json\/wp\/v2\/pages\/6505\/revisions"}],"up":[{"embeddable":true,"href":"https:\/\/hotelarcadia.net\/de\/wp-json\/wp\/v2\/pages\/5619"}],"wp:featuredmedia":[{"embeddable":true,"href":"https:\/\/hotelarcadia.net\/de\/wp-json\/wp\/v2\/media\/6500"}],"wp:attachment":[{"href":"https:\/\/hotelarcadia.net\/de\/wp-json\/wp\/v2\/media?parent=6505"}],"curies":[{"name":"wp","href":"https:\/\/api.w.org\/{rel}","templated":true}]}}