{"id":8350,"date":"2025-05-19T09:24:33","date_gmt":"2025-05-19T09:24:33","guid":{"rendered":"https:\/\/hotelarcadia.net\/das-romantischste-hotel-in-venedig\/fuga-romantica-a-venezia\/"},"modified":"2025-07-21T10:04:10","modified_gmt":"2025-07-21T10:04:10","slug":"romantische-auszeit-in-venedig","status":"publish","type":"page","link":"https:\/\/hotelarcadia.net\/de\/das-romantischste-hotel-in-venedig\/romantische-auszeit-in-venedig\/","title":{"rendered":"Welches Hotel ist ideal f\u00fcr eine Romantische Auszeit in Venedig?"},"content":{"rendered":"\n<p class=\"\" style=\"text-align: left;\" data-start=\"214\" data-end=\"757\">Venedig ist seit jeher eine der romantischsten St\u00e4dte der Welt, ein Ort, an dem zeitlose Sch\u00f6nheit, ruhige Kan\u00e4le und eine magische Atmosph\u00e4re den perfekten Rahmen f\u00fcr einen romantische Auszeit schaffen. Das <strong data-start=\"426\" data-end=\"452\">Arcadia Boutique Hotel<\/strong>, im Herzen von <strong data-start=\"468\" data-end=\"482\">Cannaregio<\/strong> gelegen, ist die ideale Wahl f\u00fcr Paare, die ein einzigartiges Wochenende in der Magie der Serenissima verbringen m\u00f6chten. Mit seiner zentralen Lage, eleganten Zimmern und einem makellosen Service bietet das Arcadia die perfekte Umgebung f\u00fcr einen unvergesslichen Aufenthalt.<\/p>\n<h3 class=\"\" style=\"text-align: left;\" data-start=\"759\" data-end=\"812\">Eine Romantische Auszeit im Herzen von Venedig<\/h3>\n<p class=\"\" style=\"text-align: left;\" data-start=\"814\" data-end=\"1313\">Das <strong data-start=\"818\" data-end=\"844\">Arcadia Boutique Hotel<\/strong> ist der Ort, an dem venezianische Eleganz auf modernen Komfort und herzliche Gastfreundschaft trifft. Unser Hotel wurde so konzipiert, dass es den Paaren eine intime und raffinierte Atmosph\u00e4re bietet, in der jedes Detail darauf ausgelegt ist, Ihnen das Gef\u00fchl zu geben, zu Hause und verw\u00f6hnt zu sein. Die Zimmer, geschmackvoll eingerichtet, sind perfekt f\u00fcr einen romantischen Aufenthalt, und jeder Winkel des Hotels spiegelt die Sch\u00f6nheit und Harmonie Venedigs wider.<\/p>\n<blockquote data-start=\"1315\" data-end=\"1549\">\n<p class=\"\" style=\"text-align: left;\" data-start=\"1317\" data-end=\"1549\"><strong data-start=\"1317\" data-end=\"1338\">Romantischer Tipp<\/strong>: Buchen Sie eine <a href=\"https:\/\/hotelarcadia.net\/de\/das-romantischste-hotel-in-venedig\/junior-suite-und-deluxe-zimmer-der-perfekte-rueckzugsort-fuer-verliebte\/\"><strong data-start=\"1356\" data-end=\"1372\">Junior Suite<\/strong> oder ein <strong data-start=\"1382\" data-end=\"1405\">Deluxe Doppelzimmer<\/strong> <\/a>f\u00fcr ein noch exklusiveres Erlebnis. Der Blick auf die venezianischen Kan\u00e4le von Ihrem Fenster aus wird Ihren Aufenthalt noch spezieller machen.<\/p>\n<\/blockquote>\n<h3 class=\"\" style=\"text-align: left;\" data-start=\"1551\" data-end=\"1598\">Eine Ideale Lage, um die Stadt zu Entdecken<\/h3>\n<p class=\"\" style=\"text-align: left;\" data-start=\"1600\" data-end=\"2072\">Das Hotel befindet sich nur wenige Schritte vom <a href=\"https:\/\/hotelarcadia.net\/de\/das-romantischste-hotel-in-venedig\/romantischer-spaziergang-ueber-die-rialtobruecke\/\"><strong data-start=\"1648\" data-end=\"1670\">Ponte delle Guglie<\/strong><\/a> und dem <a href=\"https:\/\/hotelarcadia.net\/de\/das-romantischste-hotel-in-venedig\/ponte-delle-guglie\/\"><strong data-start=\"1679\" data-end=\"1698\">Ponte di Rialto<\/strong><\/a>, was es ideal macht, die Stadt zu Fu\u00df zu erkunden. In nur wenigen Minuten k\u00f6nnen Sie durch die romantischsten Orte Venedigs spazieren, wie <a href=\"https:\/\/hotelarcadia.net\/de\/das-romantischste-hotel-in-venedig\/romantischer-spaziergang-zum-markusplatz\/\"><strong data-start=\"1838\" data-end=\"1858\">Piazza San Marco<\/strong><\/a> und den <strong data-start=\"1867\" data-end=\"1883\">Canal Grande<\/strong>. Wenn Sie es bevorzugen, ist die n\u00e4chste Vaporetto-Station, <strong data-start=\"1944\" data-end=\"1956\">Marcuola<\/strong>, nur zwei Gehminuten entfernt, sodass Sie ganz einfach auf das \u00f6ffentliche Verkehrsnetz der Stadt zugreifen k\u00f6nnen.<\/p>\n<blockquote data-start=\"2074\" data-end=\"2344\">\n<p class=\"\" style=\"text-align: left;\" data-start=\"2076\" data-end=\"2344\"><strong data-start=\"2076\" data-end=\"2097\">Romantischer Tipp<\/strong>: Genie\u00dfen Sie einen Spaziergang bei Sonnenuntergang Hand in Hand entlang des <strong data-start=\"2175\" data-end=\"2191\">Canal Grande<\/strong> oder durch die ruhigen <a href=\"https:\/\/hotelarcadia.net\/de\/das-romantischste-hotel-in-venedig\/fondamenta-della-misericordia\/\"><strong data-start=\"2215\" data-end=\"2248\">Fondamenta della Misericordia<\/strong><\/a>, ein verstecktes Viertel Venedigs, das eine charmante und intime Aussicht auf die Stadt bietet.<\/p>\n<\/blockquote>\n<h3 class=\"\" style=\"text-align: left;\" data-start=\"2346\" data-end=\"2394\">Eine Romantische Auszeit im Hotel Arcadia<\/h3>\n<p class=\"\" style=\"text-align: left;\" data-start=\"2396\" data-end=\"2931\">Das <strong data-start=\"2400\" data-end=\"2426\">Arcadia Boutique Hotel<\/strong> ist die perfekte Wahl f\u00fcr eine romantische Auszeit, dank der Kombination aus Komfort und Charme. Jeden Morgen k\u00f6nnen Sie den Tag mit einem unvergesslichen Fr\u00fchst\u00fcck beginnen, das unter dem <strong data-start=\"2616\" data-end=\"2644\">dekorierten Deckenfresko<\/strong> unseres Hauptraums serviert wird, einem Ambiente, das den venezianischen Stil widerspiegelt. Das Fr\u00fchst\u00fcck umfasst frisch zubereitete, hochwertige K\u00f6stlichkeiten wie <strong data-start=\"2811\" data-end=\"2834\">handgemachte Kuchen<\/strong>, <strong data-start=\"2836\" data-end=\"2862\">biologische Marmeladen<\/strong>, <strong data-start=\"2864\" data-end=\"2880\">frische Eier<\/strong> und Cappuccinos, die in ganz Venedig ber\u00fchmt sind.<\/p>\n<blockquote data-start=\"2933\" data-end=\"3156\">\n<p class=\"\" style=\"text-align: left;\" data-start=\"2935\" data-end=\"3156\"><strong data-start=\"2935\" data-end=\"2956\">Romantischer Tipp<\/strong>: Beenden Sie den Tag mit einem Drink in unserer <a href=\"https:\/\/hotelarcadia.net\/de\/das-romantischste-hotel-in-venedig\/skyfall-bar\/\"><strong data-start=\"3005\" data-end=\"3020\">Skyfall Bar<\/strong><\/a>, wo Sie einen Aperitif genie\u00dfen k\u00f6nnen, w\u00e4hrend Sie den Sonnenuntergang beobachten, umgeben von einer eleganten und ruhigen Atmosph\u00e4re.<\/p>\n<\/blockquote>\n<h3 class=\"\" data-start=\"3158\" data-end=\"3207\">Eine Romantische und Unvergessliche Erfahrung<\/h3>\n<p class=\"\" style=\"text-align: left;\" data-start=\"3209\" data-end=\"3620\">Venedig ist eine Stadt, die zur <strong data-start=\"3241\" data-end=\"3255\">Entdeckung<\/strong> und <strong data-start=\"3260\" data-end=\"3270\">Wunder<\/strong> einl\u00e4dt. Ein Spaziergang durch seine Gassen, eine Gondelfahrt bei Sonnenuntergang oder ein romantisches Abendessen in einem der vielen Restaurants entlang der Kan\u00e4le sind Erlebnisse, die Ihren Aufenthalt wirklich unvergesslich machen. Im <strong data-start=\"3509\" data-end=\"3535\">Arcadia Boutique Hotel<\/strong> bieten wir exklusiven Service f\u00fcr diejenigen, die in jedem Detail Perfektion suchen.<\/p>\n<blockquote data-start=\"3622\" data-end=\"3791\">\n<p class=\"\" style=\"text-align: left;\" data-start=\"3624\" data-end=\"3791\"><strong data-start=\"3624\" data-end=\"3645\">Romantischer Tipp<\/strong>: Verpassen Sie nicht die Gelegenheit zu einer <strong data-start=\"3692\" data-end=\"3716\">privaten <a href=\"https:\/\/hotelarcadia.net\/de\/das-romantischste-hotel-in-venedig\/romantische-gondelfahrt\/\">Gondelfahrt<\/a><\/strong>, um die wahre Magie Venedigs auf intime und einzigartige Weise zu erleben.<\/p>\n<\/blockquote>\n<h3 class=\"\" style=\"text-align: left;\" data-start=\"3793\" data-end=\"3854\">Buchen Sie Ihren Romantischen Aufenthalt im Hotel Arcadia<\/h3>\n<p class=\"\" style=\"text-align: left;\" data-start=\"3856\" data-end=\"4271\">Wenn Sie nach dem perfekten Ort f\u00fcr eine <strong data-start=\"3897\" data-end=\"3931\">romantische Auszeit in Venedig<\/strong> suchen, ist das <strong data-start=\"3948\" data-end=\"3974\">Arcadia Boutique Hotel<\/strong> die ideale Wahl. Mit eleganten Zimmern, einer raffinierten Atmosph\u00e4re und einem makellosen Service bietet unser Hotel ein einzigartiges Erlebnis, das in Ihrem Herzen bleiben wird. Buchen Sie noch heute und beginnen Sie mit der Planung Ihrer <strong data-start=\"4216\" data-end=\"4239\">romantischen Flucht<\/strong> in die sch\u00f6nste Stadt der Welt.<\/p>\n<blockquote data-start=\"4273\" data-end=\"4470\">\n<p class=\"\" style=\"text-align: left;\" data-start=\"4275\" data-end=\"4470\"><a href=\"https:\/\/hotelarcadia.net\/de\/\"><strong data-start=\"4275\" data-end=\"4336\">Buchen Sie Ihren romantischen Aufenthalt im Hotel Arcadia<\/strong><\/a> und erleben Sie die Magie von Venedig in einer exklusiven und intimen Atmosph\u00e4re. <strong data-start=\"4419\" data-end=\"4443\">Kontaktieren Sie uns<\/strong> f\u00fcr weitere Informationen.<\/p>\n<\/blockquote>\n","protected":false},"excerpt":{"rendered":"<p>Venedig ist seit jeher eine der romantischsten St\u00e4dte der Welt, ein Ort, an dem zeitlose Sch\u00f6nheit, ruhige Kan\u00e4le und eine magische Atmosph\u00e4re den perfekten Rahmen f\u00fcr einen romantische Auszeit schaffen. Das Arcadia Boutique Hotel, im Herzen von Cannaregio gelegen, ist die ideale Wahl f\u00fcr Paare, die ein einzigartiges Wochenende in der Magie der Serenissima verbringen [&hellip;]<\/p>\n","protected":false},"author":1,"featured_media":9008,"parent":5619,"menu_order":0,"comment_status":"closed","ping_status":"closed","template":"","meta":{"_acf_changed":false,"footnotes":""},"class_list":["post-8350","page","type-page","status-publish","has-post-thumbnail","hentry"],"acf":[],"_links":{"self":[{"href":"https:\/\/hotelarcadia.net\/de\/wp-json\/wp\/v2\/pages\/8350","targetHints":{"allow":["GET"]}}],"collection":[{"href":"https:\/\/hotelarcadia.net\/de\/wp-json\/wp\/v2\/pages"}],"about":[{"href":"https:\/\/hotelarcadia.net\/de\/wp-json\/wp\/v2\/types\/page"}],"author":[{"embeddable":true,"href":"https:\/\/hotelarcadia.net\/de\/wp-json\/wp\/v2\/users\/1"}],"replies":[{"embeddable":true,"href":"https:\/\/hotelarcadia.net\/de\/wp-json\/wp\/v2\/comments?post=8350"}],"version-history":[{"count":0,"href":"https:\/\/hotelarcadia.net\/de\/wp-json\/wp\/v2\/pages\/8350\/revisions"}],"up":[{"embeddable":true,"href":"https:\/\/hotelarcadia.net\/de\/wp-json\/wp\/v2\/pages\/5619"}],"wp:featuredmedia":[{"embeddable":true,"href":"https:\/\/hotelarcadia.net\/de\/wp-json\/wp\/v2\/media\/9008"}],"wp:attachment":[{"href":"https:\/\/hotelarcadia.net\/de\/wp-json\/wp\/v2\/media?parent=8350"}],"curies":[{"name":"wp","href":"https:\/\/api.w.org\/{rel}","templated":true}]}}