{"id":8384,"date":"2025-05-19T10:59:27","date_gmt":"2025-05-19T10:59:27","guid":{"rendered":"https:\/\/hotelarcadia.net\/anniversario-a-venezia\/"},"modified":"2025-07-21T11:35:11","modified_gmt":"2025-07-21T11:35:11","slug":"hochzeitsjubilaeum-in-venedig","status":"publish","type":"page","link":"https:\/\/hotelarcadia.net\/de\/das-romantischste-hotel-in-venedig\/hochzeitsjubilaeum-in-venedig\/","title":{"rendered":"Welches Hotel ist ideal f\u00fcr ein Hochzeitsjubil\u00e4um in Venedig?"},"content":{"rendered":"\n<p class=\"\" style=\"text-align: left;\" data-start=\"195\" data-end=\"856\">Venedig ist die Stadt der Liebe, und es gibt keinen besseren Ort, um ein besonderes <strong>Hochzeitsjubil\u00e4um<\/strong> zu feiern, als die Serenissima. Ihre <strong data-start=\"329\" data-end=\"338\">Calli<\/strong> voller Geschichte, die ruhigen <strong data-start=\"370\" data-end=\"380\">Kan\u00e4le<\/strong> und die romantische Atmosph\u00e4re, die in jeder Ecke der Stadt sp\u00fcrbar ist, machen sie zum idealen Ziel, um ein besonderes Datum mit Ihrem Partner zu feiern. Das <strong data-start=\"540\" data-end=\"566\">Arcadia Boutique Hotel<\/strong>, im Herzen von <strong data-start=\"582\" data-end=\"596\">Cannaregio<\/strong> gelegen, ist der perfekte Ort, um ein <strong data-start=\"635\" data-end=\"663\">unvergessliches Jubil\u00e4um<\/strong> zu verbringen. Mit seiner zentralen Lage, eleganten Zimmern und makellosem Service bietet das Arcadia alles, was sich ein Paar w\u00fcnscht, um die Liebe und das Bestehen ihrer Beziehung zu feiern.<\/p>\n<h3 class=\"\" style=\"text-align: left;\" data-start=\"858\" data-end=\"905\">Eine Romantische und Raffinierte Atmosph\u00e4re<\/h3>\n<p class=\"\" style=\"text-align: left;\" data-start=\"907\" data-end=\"1553\">Das <strong data-start=\"911\" data-end=\"937\">Arcadia Boutique Hotel<\/strong> zeichnet sich durch seine intime und romantische Atmosph\u00e4re aus, die den perfekten R\u00fcckzugsort f\u00fcr Paare bietet. Jedes Detail des Hotels wurde entworfen, um Komfort und Raffinesse zu bieten. Die Zimmer, geschmackvoll eingerichtet, sind ein idealer Zufluchtsort f\u00fcr Paare, die nach Intimit\u00e4t und Ruhe suchen. Die <a href=\"https:\/\/hotelarcadia.net\/de\/das-romantischste-hotel-in-venedig\/junior-suite-und-deluxe-zimmer-der-perfekte-rueckzugsort-fuer-verliebte\/\"><strong data-start=\"1250\" data-end=\"1267\">Junior Suiten<\/strong> und <strong data-start=\"1272\" data-end=\"1289\">Deluxe Zimmer<\/strong><\/a> bieten ger\u00e4umige R\u00e4ume, die mit edlen Materialien wie Holz und \u00e4gyptischer Baumwolle ausgestattet sind und alle modernen Annehmlichkeiten bieten. Die Qualit\u00e4t des Service, kombiniert mit der Eleganz des Ambientes, macht Ihre Jubil\u00e4umserfahrung wirklich besonders.<\/p>\n<blockquote data-start=\"1555\" data-end=\"1747\">\n<p class=\"\" style=\"text-align: left;\" data-start=\"1557\" data-end=\"1747\"><strong data-start=\"1557\" data-end=\"1578\">Romantischer Tipp<\/strong>: Buchen Sie eine <strong data-start=\"1596\" data-end=\"1612\">Junior Suite<\/strong> mit Blick auf die venezianischen Kan\u00e4le, wo Sie einen Aperitif genie\u00dfen und den Sonnenuntergang von Ihrem Zimmer aus bewundern k\u00f6nnen.<\/p>\n<\/blockquote>\n<h3 class=\"\" style=\"text-align: left;\" data-start=\"1749\" data-end=\"1796\">Hochzeitsjubil\u00e4um in Venedig: eine Ideale Lage, um die Stadt zu Entdecken<\/h3>\n<p class=\"\" style=\"text-align: left;\" data-start=\"1798\" data-end=\"2259\">Das Hotel befindet sich nur wenige Schritte vom <a href=\"https:\/\/hotelarcadia.net\/de\/das-romantischste-hotel-in-venedig\/ponte-delle-guglie\/\"><strong data-start=\"1846\" data-end=\"1868\">Ponte delle Guglie<\/strong><\/a> und dem <a href=\"https:\/\/hotelarcadia.net\/de\/das-romantischste-hotel-in-venedig\/romantischer-spaziergang-ueber-die-rialtobruecke\/\"><strong data-start=\"1877\" data-end=\"1896\">Ponte di Rialto<\/strong><\/a>, was es perfekt f\u00fcr die Erkundung der Stadt zu Fu\u00df macht. In wenigen Minuten k\u00f6nnen Sie die romantischsten Orte Venedigs besuchen, wie die <a href=\"https:\/\/hotelarcadia.net\/de\/das-romantischste-hotel-in-venedig\/romantischer-spaziergang-zum-markusplatz\/\"><strong data-start=\"2036\" data-end=\"2056\">Piazza San Marco<\/strong><\/a> und den <strong data-start=\"2065\" data-end=\"2081\">Canal Grande<\/strong>. Wenn Sie m\u00f6chten, ist die n\u00e4chste Vaporetto-Station, <strong data-start=\"2136\" data-end=\"2148\">Marcuola<\/strong>, nur zwei Gehminuten entfernt, sodass Sie einfach auf das \u00f6ffentliche Verkehrsnetz der Stadt zugreifen k\u00f6nnen.<\/p>\n<blockquote data-start=\"2261\" data-end=\"2522\">\n<p class=\"\" style=\"text-align: left;\" data-start=\"2263\" data-end=\"2522\"><strong data-start=\"2263\" data-end=\"2284\">Romantischer Tipp<\/strong>: Genie\u00dfen Sie einen Spaziergang bei Sonnenuntergang Hand in Hand entlang des <strong data-start=\"2362\" data-end=\"2378\">Canal Grande<\/strong> oder durch die ruhigen <a href=\"https:\/\/hotelarcadia.net\/de\/das-romantischste-hotel-in-venedig\/fondamenta-della-misericordia\/\"><strong data-start=\"2402\" data-end=\"2435\">Fondamenta della Misericordia<\/strong><\/a>, ein verstecktes Venedig, das eine charmante und intime Aussicht auf die Stadt bietet.<\/p>\n<\/blockquote>\n<h3 class=\"\" style=\"text-align: left;\" data-start=\"2524\" data-end=\"2572\">Ein Romantischer Aufenthalt im Hotel Arcadia<\/h3>\n<p class=\"\" style=\"text-align: left;\" data-start=\"2574\" data-end=\"3109\">Das <strong data-start=\"2578\" data-end=\"2604\">Arcadia Boutique Hotel<\/strong> ist die perfekte Wahl f\u00fcr eine romantische Auszeit, dank der Kombination aus Komfort und Charme. Jeden Morgen k\u00f6nnen Sie den Tag mit einem unvergesslichen Fr\u00fchst\u00fcck beginnen, das unter dem <strong data-start=\"2794\" data-end=\"2822\">dekorierten Deckenfresko<\/strong> unseres Hauptraums serviert wird, einem Ambiente, das den venezianischen Stil widerspiegelt. Das Fr\u00fchst\u00fcck umfasst frisch zubereitete, hochwertige K\u00f6stlichkeiten wie <strong data-start=\"2989\" data-end=\"3012\">handgemachte Kuchen<\/strong>, <strong data-start=\"3014\" data-end=\"3040\">biologische Marmeladen<\/strong>, <strong data-start=\"3042\" data-end=\"3058\">frische Eier<\/strong> und Cappuccinos, die in ganz Venedig ber\u00fchmt sind.<\/p>\n<blockquote data-start=\"3111\" data-end=\"3324\">\n<p class=\"\" style=\"text-align: left;\" data-start=\"3113\" data-end=\"3324\"><strong data-start=\"3113\" data-end=\"3134\">Romantischer Tipp<\/strong>: Beenden Sie den Tag mit einem Drink in unserer <a href=\"https:\/\/hotelarcadia.net\/de\/das-romantischste-hotel-in-venedig\/skyfall-bar\/\"><strong data-start=\"3183\" data-end=\"3198\">Skyfall Bar<\/strong><\/a>, wo Sie einen Aperitif genie\u00dfen k\u00f6nnen, w\u00e4hrend Sie den Sonnenuntergang in einer eleganten und ruhigen Atmosph\u00e4re beobachten.<\/p>\n<\/blockquote>\n<h3 class=\"\" style=\"text-align: left;\" data-start=\"3326\" data-end=\"3375\">Hochzeitsjubil\u00e4um in Venedig: eine Romantische und Unvergessliche Erfahrung<\/h3>\n<p class=\"\" style=\"text-align: left;\" data-start=\"3377\" data-end=\"3778\">Venedig ist eine Stadt, die zur <strong data-start=\"3409\" data-end=\"3423\">Entdeckung<\/strong> und <strong data-start=\"3428\" data-end=\"3438\">Wunder<\/strong> einl\u00e4dt. Ein Spaziergang durch seine Gassen, eine Gondelfahrt bei Sonnenuntergang oder ein romantisches Abendessen in einem der vielen Restaurants am Kanal sind Erlebnisse, die Ihren Aufenthalt wirklich unvergesslich machen. Im <strong data-start=\"3667\" data-end=\"3693\">Arcadia Boutique Hotel<\/strong> bieten wir exklusiven Service f\u00fcr diejenigen, die in jedem Detail Perfektion suchen.<\/p>\n<blockquote data-start=\"3780\" data-end=\"3949\">\n<p class=\"\" style=\"text-align: left;\" data-start=\"3782\" data-end=\"3949\"><strong data-start=\"3782\" data-end=\"3803\">Romantischer Tipp<\/strong>: Verpassen Sie nicht die Gelegenheit zu einer <strong data-start=\"3850\" data-end=\"3874\">privaten <a href=\"https:\/\/hotelarcadia.net\/de\/das-romantischste-hotel-in-venedig\/romantische-gondelfahrt\/\">Gondelfahrt<\/a><\/strong>, um die wahre Magie Venedigs auf intime und einzigartige Weise zu erleben.<\/p>\n<\/blockquote>\n<h3 class=\"\" style=\"text-align: left;\" data-start=\"3951\" data-end=\"4032\">Buchen Sie Ihren Unvergesslichen Aufenthalt f\u00fcr Ihr Jubil\u00e4um im Hotel Arcadia<\/h3>\n<p class=\"\" style=\"text-align: left;\" data-start=\"4034\" data-end=\"4424\">Wenn Sie nach dem idealen Ort suchen, um Ihr Jubil\u00e4um in Venedig zu feiern, ist das <strong data-start=\"4118\" data-end=\"4144\">Arcadia Boutique Hotel<\/strong> die perfekte Wahl. Mit seiner <strong data-start=\"4175\" data-end=\"4193\">zentralen Lage<\/strong>, eleganten Zimmern und makellosem Service bietet das Hotel ein exklusives Erlebnis, das jeden Moment besonders macht. Buchen Sie noch heute und beginnen Sie mit der Planung Ihrer romantischen Flucht in die sch\u00f6nste Stadt der Welt.<\/p>\n<blockquote data-start=\"4426\" data-end=\"4615\">\n<p class=\"\" style=\"text-align: left;\" data-start=\"4428\" data-end=\"4615\"><a href=\"https:\/\/hotelarcadia.net\/de\/\"><strong data-start=\"4428\" data-end=\"4500\">Buchen Sie noch heute Ihren romantischen Aufenthalt im Hotel Arcadia<\/strong><\/a> und feiern Sie Ihr Jubil\u00e4um in einer exklusiven und intimen Atmosph\u00e4re. <strong data-start=\"4573\" data-end=\"4597\">Kontaktieren Sie uns<\/strong> f\u00fcr mehr Details.<\/p>\n<\/blockquote>\n","protected":false},"excerpt":{"rendered":"<p>Venedig ist die Stadt der Liebe, und es gibt keinen besseren Ort, um ein besonderes Hochzeitsjubil\u00e4um zu feiern, als die Serenissima. Ihre Calli voller Geschichte, die ruhigen Kan\u00e4le und die romantische Atmosph\u00e4re, die in jeder Ecke der Stadt sp\u00fcrbar ist, machen sie zum idealen Ziel, um ein besonderes Datum mit Ihrem Partner zu feiern. Das [&hellip;]<\/p>\n","protected":false},"author":1,"featured_media":9026,"parent":5619,"menu_order":0,"comment_status":"closed","ping_status":"closed","template":"","meta":{"_acf_changed":false,"footnotes":""},"class_list":["post-8384","page","type-page","status-publish","has-post-thumbnail","hentry"],"acf":[],"_links":{"self":[{"href":"https:\/\/hotelarcadia.net\/de\/wp-json\/wp\/v2\/pages\/8384","targetHints":{"allow":["GET"]}}],"collection":[{"href":"https:\/\/hotelarcadia.net\/de\/wp-json\/wp\/v2\/pages"}],"about":[{"href":"https:\/\/hotelarcadia.net\/de\/wp-json\/wp\/v2\/types\/page"}],"author":[{"embeddable":true,"href":"https:\/\/hotelarcadia.net\/de\/wp-json\/wp\/v2\/users\/1"}],"replies":[{"embeddable":true,"href":"https:\/\/hotelarcadia.net\/de\/wp-json\/wp\/v2\/comments?post=8384"}],"version-history":[{"count":0,"href":"https:\/\/hotelarcadia.net\/de\/wp-json\/wp\/v2\/pages\/8384\/revisions"}],"up":[{"embeddable":true,"href":"https:\/\/hotelarcadia.net\/de\/wp-json\/wp\/v2\/pages\/5619"}],"wp:featuredmedia":[{"embeddable":true,"href":"https:\/\/hotelarcadia.net\/de\/wp-json\/wp\/v2\/media\/9026"}],"wp:attachment":[{"href":"https:\/\/hotelarcadia.net\/de\/wp-json\/wp\/v2\/media?parent=8384"}],"curies":[{"name":"wp","href":"https:\/\/api.w.org\/{rel}","templated":true}]}}