{"id":8498,"date":"2025-05-20T09:28:00","date_gmt":"2025-05-20T09:28:00","guid":{"rendered":"https:\/\/hotelarcadia.net\/hotel-ideale-per-un-weekend-romantico-a-venezia\/"},"modified":"2025-07-18T08:13:02","modified_gmt":"2025-07-18T08:13:02","slug":"ideal-hotel-fuer-ein-romantisches-wochenende-in-venedig","status":"publish","type":"page","link":"https:\/\/hotelarcadia.net\/de\/das-romantischste-hotel-in-venedig\/ideal-hotel-fuer-ein-romantisches-wochenende-in-venedig\/","title":{"rendered":"Welches Hotel ist ideal f\u00fcr ein Romantisches Wochenende in Venedig?"},"content":{"rendered":"\n<p class=\"\" style=\"text-align: left;\" data-start=\"219\" data-end=\"957\">Venedig ist eine der romantischsten St\u00e4dte der Welt, ein Ort, der seit Jahrhunderten Dichter, K\u00fcnstler und Verliebte inspiriert. Mit seinen ruhigen <strong data-start=\"367\" data-end=\"378\">Kan\u00e4len<\/strong>, den charmanten <strong data-start=\"395\" data-end=\"406\">Br\u00fccken<\/strong> und der einzigartigen Atmosph\u00e4re, die jede Ecke der Stadt erf\u00fcllt, ist Venedig der perfekte Ort f\u00fcr ein <strong data-start=\"511\" data-end=\"538\">romantisches Wochenende<\/strong>. Ob f\u00fcr einen Spaziergang Hand in Hand entlang des <strong data-start=\"590\" data-end=\"606\">Canal Grande<\/strong>, ein Abendessen bei Kerzenlicht in einem Restaurant am Wasser oder eine <strong data-start=\"679\" data-end=\"694\">Gondelfahrt<\/strong> bei Sonnenuntergang, Venedig bietet unz\u00e4hlige M\u00f6glichkeiten, um mit Ihrem Partner unvergessliche Momente zu schaffen. Das <strong data-start=\"817\" data-end=\"843\">Arcadia Boutique Hotel<\/strong>, im Herzen von <strong data-start=\"859\" data-end=\"873\">Cannaregio<\/strong> gelegen, ist der perfekte Ausgangspunkt f\u00fcr Ihr romantisches Wochenende in Venedig.<\/p>\n<h3 class=\"\" style=\"text-align: left;\" data-start=\"959\" data-end=\"1017\">Eine Zentrale und Ideale Lage zur Entdeckung der Stadt<\/h3>\n<p class=\"\" style=\"text-align: left;\" data-start=\"1019\" data-end=\"1529\">Das <strong data-start=\"1023\" data-end=\"1049\">Arcadia Boutique Hotel<\/strong> hat eine ideale Lage, nur wenige Schritte vom <a href=\"https:\/\/hotelarcadia.net\/de\/das-romantischste-hotel-in-venedig\/ponte-delle-guglie\/\"><strong data-start=\"1096\" data-end=\"1118\">Ponte delle Guglie<\/strong><\/a> und dem <a href=\"https:\/\/hotelarcadia.net\/de\/das-romantischste-hotel-in-venedig\/romantischer-spaziergang-ueber-die-rialtobruecke\/\"><strong data-start=\"1127\" data-end=\"1146\">Ponte di Rialto<\/strong><\/a> entfernt, was es perfekt f\u00fcr die Erkundung der Stadt zu Fu\u00df macht. In nur wenigen Minuten k\u00f6nnen Sie durch die romantischsten Orte Venedigs spazieren, wie die <a href=\"https:\/\/hotelarcadia.net\/de\/das-romantischste-hotel-in-venedig\/romantischer-spaziergang-zum-markusplatz\/\"><strong data-start=\"1306\" data-end=\"1326\">Piazza San Marco<\/strong><\/a> und den <strong data-start=\"1335\" data-end=\"1351\">Canal Grande<\/strong>. Wenn Sie m\u00f6chten, ist die n\u00e4chste Vaporetto-Station, <strong data-start=\"1406\" data-end=\"1418\">Marcuola<\/strong>, nur zwei Gehminuten entfernt, sodass Sie einfach auf das \u00f6ffentliche Verkehrsnetz der Stadt zugreifen k\u00f6nnen.<\/p>\n<blockquote data-start=\"1531\" data-end=\"1792\">\n<p class=\"\" style=\"text-align: left;\" data-start=\"1533\" data-end=\"1792\"><strong data-start=\"1533\" data-end=\"1554\">Romantischer Tipp<\/strong>: Genie\u00dfen Sie einen Spaziergang bei Sonnenuntergang Hand in Hand entlang des <strong data-start=\"1632\" data-end=\"1648\">Canal Grande<\/strong> oder durch die ruhigen <a href=\"https:\/\/hotelarcadia.net\/de\/das-romantischste-hotel-in-venedig\/fondamenta-della-misericordia\/\"><strong data-start=\"1672\" data-end=\"1705\">Fondamenta della Misericordia<\/strong><\/a>, ein verstecktes Venedig, das eine charmante und intime Aussicht auf die Stadt bietet.<\/p>\n<\/blockquote>\n<h3 class=\"\" style=\"text-align: left;\" data-start=\"1794\" data-end=\"1864\">Elegante Zimmer f\u00fcr Einen Komfortablen und Romantischen Aufenthalt<\/h3>\n<p class=\"\" style=\"text-align: left;\" data-start=\"1866\" data-end=\"2530\">Die Zimmer im <strong data-start=\"1880\" data-end=\"1906\">Arcadia Boutique Hotel<\/strong> sind so gestaltet, dass sie maximalen Komfort und eine romantische Atmosph\u00e4re bieten. Jedes Zimmer ist einzigartig, geschmackvoll eingerichtet und mit hochwertigen Materialien wie <strong data-start=\"2087\" data-end=\"2095\">Holz<\/strong> und <strong data-start=\"2100\" data-end=\"2125\">\u00e4gyptischer Baumwolle<\/strong> ausgestattet. <a href=\"https:\/\/hotelarcadia.net\/de\/das-romantischste-hotel-in-venedig\/junior-suite-und-deluxe-zimmer-der-perfekte-rueckzugsort-fuer-verliebte\/\">Die <strong data-start=\"2144\" data-end=\"2161\">Junior Suiten<\/strong> und <strong data-start=\"2166\" data-end=\"2183\">Deluxe Zimmer<\/strong><\/a> bieten gro\u00dfz\u00fcgige R\u00e4ume, in denen Paare Privatsph\u00e4re und Komfort genie\u00dfen k\u00f6nnen, w\u00e4hrend der Blick auf die Kan\u00e4le von Venedig einen zus\u00e4tzlichen romantischen Touch verleiht. Jedes Detail, von den bequemen Betten bis zu den exklusiven <strong data-start=\"2419\" data-end=\"2438\">Roberto Cavalli<\/strong>-Pflegeprodukten, wurde sorgf\u00e4ltig durchdacht, um einen perfekten Aufenthalt zu garantieren.<\/p>\n<blockquote data-start=\"2532\" data-end=\"2702\">\n<p class=\"\" style=\"text-align: left;\" data-start=\"2534\" data-end=\"2702\"><strong data-start=\"2534\" data-end=\"2555\">Romantischer Tipp<\/strong>: Buchen Sie eine <strong data-start=\"2573\" data-end=\"2589\">Junior Suite<\/strong> mit Blick auf den Kanal und erwachen Sie mit dem atemberaubenden Blick auf Venedig, das sich im Wasser spiegelt.<\/p>\n<\/blockquote>\n<h3 class=\"\" style=\"text-align: left;\" data-start=\"2704\" data-end=\"2776\">Ein Unvergessliches Fr\u00fchst\u00fcck, Um Ihren Romantischen Tag zu Beginnen<\/h3>\n<p class=\"\" style=\"text-align: left;\" data-start=\"2778\" data-end=\"3267\">Ihr Tag im <strong data-start=\"2789\" data-end=\"2815\">Arcadia Boutique Hotel<\/strong> beginnt mit einem unvergesslichen Fr\u00fchst\u00fcck, das in unserem wundersch\u00f6nen Saal unter dem <strong data-start=\"2905\" data-end=\"2932\">Murano-Glaskronleuchter<\/strong> serviert wird, der der Atmosph\u00e4re eine elegante Note verleiht. Das Fr\u00fchst\u00fcck umfasst frisch zubereitete, hochwertige K\u00f6stlichkeiten wie <strong data-start=\"3069\" data-end=\"3092\">handgemachte Kuchen<\/strong>, <strong data-start=\"3094\" data-end=\"3120\">biologische Marmeladen<\/strong>, <strong data-start=\"3122\" data-end=\"3138\">frische Eier<\/strong> und Cappuccinos, die in ganz Venedig ber\u00fchmt sind. Es ist der perfekte Start in Ihren Tag der romantischen Entdeckung der Stadt.<\/p>\n<blockquote data-start=\"3269\" data-end=\"3456\">\n<p class=\"\" style=\"text-align: left;\" data-start=\"3271\" data-end=\"3456\"><strong data-start=\"3271\" data-end=\"3292\">Romantischer Tipp<\/strong>: F\u00fcr einen noch intimeren Start in den Tag, buchen Sie das <a href=\"https:\/\/hotelarcadia.net\/de\/das-romantischste-hotel-in-venedig\/romantische-verwoehnmomente-im-arcadia\/\"><strong data-start=\"3352\" data-end=\"3375\">Fr\u00fchst\u00fcck im Zimmer<\/strong><\/a> und genie\u00dfen Sie einen friedlichen Moment in Ihrem Zimmer mit Blick auf Venedig.<\/p>\n<\/blockquote>\n<h3 class=\"\" style=\"text-align: left;\" data-start=\"3458\" data-end=\"3503\">Entspannung und Atmosph\u00e4re im Skyfall Bar<\/h3>\n<p class=\"\" style=\"text-align: left;\" data-start=\"3505\" data-end=\"3872\">Um Ihr romantisches Wochenende zu vervollst\u00e4ndigen, ist die <a href=\"https:\/\/hotelarcadia.net\/de\/das-romantischste-hotel-in-venedig\/skyfall-bar\/\"><strong data-start=\"3565\" data-end=\"3580\">Skyfall Bar<\/strong><\/a> des Hotels der perfekte Ort, um mit einem Drink zu entspannen und die Aussicht auf Venedig zu genie\u00dfen. Mit ihrer eleganten und ruhigen Atmosph\u00e4re ist es der ideale Ort, um einen <strong data-start=\"3760\" data-end=\"3772\">Cocktail<\/strong>, Kr\u00e4utertee oder ein Aperitif zu genie\u00dfen, umgeben von einer friedlichen und stilvollen Atmosph\u00e4re.<\/p>\n<blockquote data-start=\"3874\" data-end=\"4071\">\n<p class=\"\" style=\"text-align: left;\" data-start=\"3876\" data-end=\"4071\"><strong data-start=\"3876\" data-end=\"3897\">Romantischer Tipp<\/strong>: Nutzen Sie den besonderen Abend mit einem <strong data-start=\"3941\" data-end=\"3969\">personalisieren Cocktail<\/strong> in der <strong data-start=\"3977\" data-end=\"3992\">Skyfall Bar<\/strong>, w\u00e4hrend Sie den Sonnenuntergang genie\u00dfen und die beleuchtete Stadt bewundern.<\/p>\n<\/blockquote>\n<h3 class=\"\" style=\"text-align: left;\" data-start=\"4073\" data-end=\"4118\">Ein Unvergessliches Romantisches Erlebnis<\/h3>\n<p class=\"\" style=\"text-align: left;\" data-start=\"4120\" data-end=\"4538\">Venedig ist eine Stadt, die zur <strong data-start=\"4152\" data-end=\"4166\">Entdeckung<\/strong> und <strong data-start=\"4171\" data-end=\"4187\">Verwunderung<\/strong> einl\u00e4dt. Ein Spaziergang durch die Gassen, eine Gondelfahrt bei Sonnenuntergang oder ein romantisches Abendessen in einem der vielen Restaurants am Kanal sind Erlebnisse, die Ihr Wochenende wirklich unvergesslich machen werden. Im <strong data-start=\"4419\" data-end=\"4445\">Arcadia Boutique Hotel<\/strong> bieten wir exklusive Gastfreundschaft f\u00fcr diejenigen, die Perfektion in jedem Detail suchen.<\/p>\n<blockquote data-start=\"4540\" data-end=\"4708\">\n<p class=\"\" style=\"text-align: left;\" data-start=\"4542\" data-end=\"4708\"><strong data-start=\"4542\" data-end=\"4563\">Romantischer Tipp<\/strong>: Verpassen Sie nicht die Gelegenheit f\u00fcr eine <strong data-start=\"4610\" data-end=\"4633\">private <a href=\"https:\/\/hotelarcadia.net\/de\/das-romantischste-hotel-in-venedig\/romantische-gondelfahrt\/\">Gondelfahrt<\/a><\/strong>, um die wahre Magie Venedigs auf intime und einzigartige Weise zu erleben.<\/p>\n<\/blockquote>\n<h3 class=\"\" style=\"text-align: left;\" data-start=\"4710\" data-end=\"4771\">Buchen Sie Ihren Romantischen Aufenthalt im Hotel Arcadia<\/h3>\n<p class=\"\" style=\"text-align: left;\" data-start=\"4773\" data-end=\"5176\">Wenn Sie nach dem perfekten Ort f\u00fcr ein <strong data-start=\"4813\" data-end=\"4840\">romantisches Wochenende<\/strong> in Venedig suchen, ist das <strong data-start=\"4868\" data-end=\"4894\">Arcadia Boutique Hotel<\/strong> die ideale Wahl. Mit seiner <strong data-start=\"4923\" data-end=\"4941\">zentralen Lage<\/strong>, eleganten Zimmern und makellosem Service bietet das Hotel ein exklusives Erlebnis, das jeden Moment besonders macht. Buchen Sie noch heute und beginnen Sie mit der Planung Ihrer <a href=\"https:\/\/hotelarcadia.net\/de\/das-romantischste-hotel-in-venedig\/romantische-auszeit-in-venedig\/\"><strong data-start=\"5121\" data-end=\"5144\">romantischen Flucht<\/strong><\/a> in die sch\u00f6nste Stadt der Welt.<\/p>\n<blockquote data-start=\"5178\" data-end=\"5377\">\n<p class=\"\" style=\"text-align: left;\" data-start=\"5180\" data-end=\"5377\"><a href=\"https:\/\/hotelarcadia.net\/de\/\"><strong data-start=\"5180\" data-end=\"5252\">Buchen Sie noch heute Ihren romantischen Aufenthalt im Hotel Arcadia<\/strong><\/a> und erleben Sie die Magie von Venedig in einer exklusiven und intimen Atmosph\u00e4re. <strong data-start=\"5335\" data-end=\"5359\">Kontaktieren Sie uns<\/strong> f\u00fcr mehr Details.<\/p>\n<\/blockquote>\n\n\n","protected":false},"excerpt":{"rendered":"<p>Venedig ist eine der romantischsten St\u00e4dte der Welt, ein Ort, der seit Jahrhunderten Dichter, K\u00fcnstler und Verliebte inspiriert. Mit seinen ruhigen Kan\u00e4len, den charmanten Br\u00fccken und der einzigartigen Atmosph\u00e4re, die jede Ecke der Stadt erf\u00fcllt, ist Venedig der perfekte Ort f\u00fcr ein romantisches Wochenende. Ob f\u00fcr einen Spaziergang Hand in Hand entlang des Canal Grande, [&hellip;]<\/p>\n","protected":false},"author":1,"featured_media":8492,"parent":5619,"menu_order":0,"comment_status":"closed","ping_status":"closed","template":"","meta":{"_acf_changed":false,"footnotes":""},"class_list":["post-8498","page","type-page","status-publish","has-post-thumbnail","hentry"],"acf":[],"_links":{"self":[{"href":"https:\/\/hotelarcadia.net\/de\/wp-json\/wp\/v2\/pages\/8498","targetHints":{"allow":["GET"]}}],"collection":[{"href":"https:\/\/hotelarcadia.net\/de\/wp-json\/wp\/v2\/pages"}],"about":[{"href":"https:\/\/hotelarcadia.net\/de\/wp-json\/wp\/v2\/types\/page"}],"author":[{"embeddable":true,"href":"https:\/\/hotelarcadia.net\/de\/wp-json\/wp\/v2\/users\/1"}],"replies":[{"embeddable":true,"href":"https:\/\/hotelarcadia.net\/de\/wp-json\/wp\/v2\/comments?post=8498"}],"version-history":[{"count":0,"href":"https:\/\/hotelarcadia.net\/de\/wp-json\/wp\/v2\/pages\/8498\/revisions"}],"up":[{"embeddable":true,"href":"https:\/\/hotelarcadia.net\/de\/wp-json\/wp\/v2\/pages\/5619"}],"wp:featuredmedia":[{"embeddable":true,"href":"https:\/\/hotelarcadia.net\/de\/wp-json\/wp\/v2\/media\/8492"}],"wp:attachment":[{"href":"https:\/\/hotelarcadia.net\/de\/wp-json\/wp\/v2\/media?parent=8498"}],"curies":[{"name":"wp","href":"https:\/\/api.w.org\/{rel}","templated":true}]}}