{"id":8539,"date":"2025-05-20T12:04:50","date_gmt":"2025-05-20T12:04:50","guid":{"rendered":"https:\/\/hotelarcadia.net\/?page_id=8539"},"modified":"2025-07-18T08:12:36","modified_gmt":"2025-07-18T08:12:36","slug":"hotel-mit-den-romantischsten-cocktails-in-venedig","status":"publish","type":"page","link":"https:\/\/hotelarcadia.net\/de\/das-romantischste-hotel-in-venedig\/hotel-mit-den-romantischsten-cocktails-in-venedig\/","title":{"rendered":"Welches Hotel hat die romantischsten Cocktails in Venedig?"},"content":{"rendered":"\n<p class=\"has-text-align-left\">Venedig ist die Stadt der Liebe und der perfekte Ort, um romantische Momente zu erleben, die f\u00fcr immer in Erinnerung bleiben. Neben seinen ruhigen <strong>Kan\u00e4len<\/strong>, historischen <strong>Br\u00fccken<\/strong> und der magischen Atmosph\u00e4re, die jede Ecke der Stadt erf\u00fcllt, bietet Venedig auch einzigartige Erlebnisse, die Sie mit Ihrem Partner teilen k\u00f6nnen. Einer der charmantesten Momente ist sicherlich, einen <strong>romantischen Cocktail<\/strong> in einer der eleganten Bars der Stadt zu genie\u00dfen. Das <strong>Arcadia Boutique Hotel<\/strong>, mit seiner intimen und raffinierten Atmosph\u00e4re, ist die ideale Wahl f\u00fcr diejenigen, die die <strong>romantischsten Cocktails<\/strong> in Venedig genie\u00dfen m\u00f6chten.<\/p>\n\n\n\n<h3 class=\"wp-block-heading has-text-align-left\">Ein Elegantes Ambiente f\u00fcr Ihre Romantischen Cocktails<\/h3>\n\n\n\n<p class=\"has-text-align-left\">Die <strong>Skyfall Bar<\/strong> im <strong>Arcadia Boutique Hotel<\/strong> ist der perfekte Ort, um exklusive und romantische Cocktails zu genie\u00dfen. Ihre elegante und ruhige Atmosph\u00e4re bietet den idealen Rahmen f\u00fcr ein Aperitif zu zweit, wo Sie sich entspannen und einen besonderen Moment zusammen genie\u00dfen k\u00f6nnen, fernab der Menschenmengen. Ob ein perfekt zubereiteter <strong>Martini<\/strong>, ein erfrischender <strong>Bellini<\/strong> oder ein ma\u00dfgeschneiderter Cocktail \u2013 jedes Getr\u00e4nk in der <strong><a href=\"https:\/\/hotelarcadia.net\/de\/das-romantischste-hotel-in-venedig\/skyfall-bar\/\">Skyfall Bar<\/a><\/strong> ist darauf ausgelegt, ein einzigartiges und unvergessliches Erlebnis zu bieten.<\/p>\n\n\n\n<p class=\"has-text-align-left\">Jede Ecke der Bar ist so gestaltet, dass sie Privatsph\u00e4re und Komfort bietet, mit stilvollem Mobiliar und einem atemberaubenden Blick auf die Kan\u00e4le von Venedig. Die sanfte Musik im Hintergrund, das ged\u00e4mpfte Licht und die makellose Gastfreundschaft tragen dazu bei, die perfekte romantische Atmosph\u00e4re f\u00fcr jedes Paar zu schaffen.<\/p>\n\n\n\n<blockquote class=\"wp-block-quote is-layout-flow wp-block-quote-is-layout-flow\">\n<p class=\"has-text-align-left\"><strong>Romantischer Tipp<\/strong>: Buchen Sie einen <strong>ma\u00dfgeschneiderten Cocktail<\/strong>, der von unseren Experten-Barkeepern zubereitet wird, um auf die Liebe und Einzigartigkeit Ihres Aufenthalts in Venedig anzusto\u00dfen.<\/p>\n<\/blockquote>\n\n\n\n<h3 class=\"wp-block-heading has-text-align-left\">Die Romantischsten Cocktails in Venedig<\/h3>\n\n\n\n<p class=\"has-text-align-left\">In der <strong>Skyfall Bar<\/strong> bieten wir eine Auswahl an Cocktails, die sowohl von der venezianischen Tradition inspiriert sind als auch innovative Kreationen umfassen, die ein neues Geschmackserlebnis bieten. Hier sind einige der romantischsten Cocktails, die Sie in unserer Bar genie\u00dfen k\u00f6nnen:<\/p>\n\n\n\n<p class=\"has-text-align-left\">&#8211; <strong>Bellini<\/strong>: Ein klassischer italienischer Cocktail, der <strong>Prosecco<\/strong> mit <strong>Pfirsichp\u00fcree<\/strong> mischt, frisch und s\u00fc\u00df, perfekt f\u00fcr einen romantischen Toast.<\/p>\n\n\n\n<p class=\"has-text-align-left\">&#8211; <strong>Venezianischer Spritz<\/strong>: Ein weiteres Symbol der Stadt, bestehend aus <strong>Prosecco<\/strong>, <strong>Aperol<\/strong> und <strong>Sprudelwasser<\/strong>, ideal f\u00fcr einen entspannten Moment und eine Panoramaansicht auf Venedig.<\/p>\n\n\n\n<p class=\"has-text-align-left\">&#8211; <strong>Negroni<\/strong>: Ein Cocktail mit starkem Charakter, der <strong>Gin<\/strong>, <strong>roten Wermut<\/strong> und <strong>Campari<\/strong> kombiniert \u2013 perfekt f\u00fcr einen besonderen Moment.<\/p>\n\n\n\n<p class=\"has-text-align-left\">&#8211; <strong>Gondola<\/strong>: Ein exklusiver Drink, der f\u00fcr das <strong>Arcadia Boutique Hotel<\/strong> kreiert wurde, aus einer Mischung von <strong>Rum<\/strong> und <strong>tropischen Aromen<\/strong>, ein Symbol f\u00fcr die Stadt der Gondeln.<\/p>\n\n\n\n<p class=\"has-text-align-left\">Jeder Cocktail wird mit frischen, hochwertigen Zutaten zubereitet, um ein authentisches und raffiniertes Getr\u00e4nk zu bieten, das die Eleganz von Venedig und die intime Atmosph\u00e4re des Hotels widerspiegelt.<\/p>\n\n\n\n<blockquote class=\"wp-block-quote is-layout-flow wp-block-quote-is-layout-flow\">\n<p class=\"has-text-align-left\"><strong>Romantischer Tipp<\/strong>: Probieren Sie unseren exklusiven <strong>&#8222;Gondola&#8220; Cocktail<\/strong>, w\u00e4hrend Sie sich an der Bar entspannen und den <a href=\"https:\/\/hotelarcadia.net\/de\/das-romantischste-hotel-in-venedig\/sonnenuntergang-ueber-der-lagune-von-venedig\/\">Sonnenuntergang<\/a> \u00fcber Venedig genie\u00dfen \u2013 ein einzigartiges Erlebnis, das in Erinnerung bleibt.<\/p>\n<\/blockquote>\n\n\n\n<h3 class=\"wp-block-heading has-text-align-left\">Eine Oase der Entspannung im Herzen von Venedig<\/h3>\n\n\n\n<p class=\"has-text-align-left\">Die Sch\u00f6nheit unserer Bar beschr\u00e4nkt sich nicht nur auf die Qualit\u00e4t der Cocktails, sondern auch auf die Umgebung, die unsere G\u00e4ste umgibt. Die <strong>Skyfall Bar<\/strong> ist der perfekte Ort, um einen Moment der Ruhe zu genie\u00dfen, w\u00e4hrend Sie ein Getr\u00e4nk in einer der faszinierendsten St\u00e4dte der Welt schl\u00fcrfen. Unser Personal steht jederzeit zur Verf\u00fcgung, um Ihnen bei der Auswahl Ihrer Cocktails zu helfen und Ihnen einen ma\u00dfgeschneiderten Service zu bieten, der Ihren Aufenthalt noch exklusiver macht.<\/p>\n\n\n\n<blockquote class=\"wp-block-quote is-layout-flow wp-block-quote-is-layout-flow\">\n<p class=\"has-text-align-left\"><strong>Romantischer Tipp<\/strong>: F\u00fcr einen noch intimeren Abend buchen Sie einen <strong><a href=\"https:\/\/hotelarcadia.net\/de\/das-romantischste-hotel-in-venedig\/romantisches-gourmet-dinner-in-venedig\/\">privaten Tisch<\/a><\/strong> in unserer abgelegenen Ecke, wo Sie die Ruhe und Sch\u00f6nheit Venedigs in aller Abgeschiedenheit genie\u00dfen k\u00f6nnen.<\/p>\n<\/blockquote>\n\n\n\n<h3 class=\"wp-block-heading has-text-align-left\">Der Perfekte Cocktail f\u00fcr Jeden Anlass<\/h3>\n\n\n\n<p>Ob zum Jahrestag, einem besonderen Anlass oder einfach nur f\u00fcr einen Moment, den man teilen m\u00f6chte, das <strong>Arcadia Boutique Hotel<\/strong> ist die ideale Destination, um unvergessliche Erlebnisse zu schaffen. Ein romantischer Cocktail in der <strong>Skyfall Bar<\/strong> ist die perfekte M\u00f6glichkeit, einen Tag voller Erkundungen in Venedig abzuschlie\u00dfen und eine erfrischende Pause zu genie\u00dfen, bevor Sie sich wieder in die Magie der Stadt st\u00fcrzen.<\/p>\n\n\n\n<blockquote class=\"wp-block-quote is-layout-flow wp-block-quote-is-layout-flow\">\n<p class=\"has-text-align-left\"><strong>Romantischer Tipp<\/strong>: \u00dcberraschen Sie Ihren Partner mit einem <strong>Willkommenscocktail<\/strong> beim Check-in, um sofort einen romantischen Ton f\u00fcr Ihr venezianisches Abenteuer zu setzen.<\/p>\n<\/blockquote>\n\n\n\n<h3 class=\"wp-block-heading has-text-align-left\">Beenden Sie Ihre Erfahrung mit einem Cocktail in der Skyfall Bar<\/h3>\n\n\n\n<p class=\"has-text-align-left\">F\u00fcr einen <strong>romantischen Aufenthalt in Venedig<\/strong> gibt es keinen besseren Ort, um den Tag zu beenden als in der <strong>Skyfall Bar<\/strong> des <strong>Arcadia Boutique Hotels<\/strong>. Entspannen Sie sich bei einem Cocktail, genie\u00dfen Sie die atemberaubende Aussicht auf die Stadt und sto\u00dfen Sie auf die Liebe an, w\u00e4hrend Sie einen besonderen Toast genie\u00dfen.<\/p>\n\n\n\n<blockquote class=\"wp-block-quote is-layout-flow wp-block-quote-is-layout-flow\">\n<p class=\"has-text-align-left\"><strong><a href=\"https:\/\/hotelarcadia.net\/de\/\">Buchen Sie Ihren Aufenthalt im Hotel Arcadia<\/a><\/strong> und entdecken Sie unsere <strong>Skyfall Bar<\/strong> mit der besten Auswahl an romantischen Cocktails in Venedig. <strong>Kontaktieren Sie uns<\/strong> f\u00fcr mehr Details.<\/p>\n<\/blockquote>\n","protected":false},"excerpt":{"rendered":"<p>Venedig ist die Stadt der Liebe und der perfekte Ort, um romantische Momente zu erleben, die f\u00fcr immer in Erinnerung bleiben. Neben seinen ruhigen Kan\u00e4len, historischen Br\u00fccken und der magischen Atmosph\u00e4re, die jede Ecke der Stadt erf\u00fcllt, bietet Venedig auch einzigartige Erlebnisse, die Sie mit Ihrem Partner teilen k\u00f6nnen. Einer der charmantesten Momente ist sicherlich, [&hellip;]<\/p>\n","protected":false},"author":1,"featured_media":8533,"parent":5619,"menu_order":0,"comment_status":"closed","ping_status":"closed","template":"","meta":{"_acf_changed":false,"footnotes":""},"class_list":["post-8539","page","type-page","status-publish","has-post-thumbnail","hentry"],"acf":[],"_links":{"self":[{"href":"https:\/\/hotelarcadia.net\/de\/wp-json\/wp\/v2\/pages\/8539","targetHints":{"allow":["GET"]}}],"collection":[{"href":"https:\/\/hotelarcadia.net\/de\/wp-json\/wp\/v2\/pages"}],"about":[{"href":"https:\/\/hotelarcadia.net\/de\/wp-json\/wp\/v2\/types\/page"}],"author":[{"embeddable":true,"href":"https:\/\/hotelarcadia.net\/de\/wp-json\/wp\/v2\/users\/1"}],"replies":[{"embeddable":true,"href":"https:\/\/hotelarcadia.net\/de\/wp-json\/wp\/v2\/comments?post=8539"}],"version-history":[{"count":0,"href":"https:\/\/hotelarcadia.net\/de\/wp-json\/wp\/v2\/pages\/8539\/revisions"}],"up":[{"embeddable":true,"href":"https:\/\/hotelarcadia.net\/de\/wp-json\/wp\/v2\/pages\/5619"}],"wp:featuredmedia":[{"embeddable":true,"href":"https:\/\/hotelarcadia.net\/de\/wp-json\/wp\/v2\/media\/8533"}],"wp:attachment":[{"href":"https:\/\/hotelarcadia.net\/de\/wp-json\/wp\/v2\/media?parent=8539"}],"curies":[{"name":"wp","href":"https:\/\/api.w.org\/{rel}","templated":true}]}}