{"id":8893,"date":"2025-07-18T08:51:16","date_gmt":"2025-07-18T08:51:16","guid":{"rendered":"https:\/\/hotelarcadia.net\/quali-sono-gli-eventi-piu-romantici-a-venezia\/"},"modified":"2025-07-18T09:50:42","modified_gmt":"2025-07-18T09:50:42","slug":"welche-sind-die-romantischsten-veranstaltungen-in-venedig","status":"publish","type":"page","link":"https:\/\/hotelarcadia.net\/de\/das-romantischste-hotel-in-venedig\/welche-sind-die-romantischsten-veranstaltungen-in-venedig\/","title":{"rendered":"Welche sind die romantischsten Veranstaltungen in Venedig?"},"content":{"rendered":"\n<h3 class=\"wp-block-heading has-text-align-left\">Venedig erleben durch seine bezauberndsten Feste<\/h3>\n\n\n\n<p class=\"has-text-align-left\">Venedig ist eine Stadt, die jeden Tag aufs Neue verzaubert \u2013 doch w\u00e4hrend ihrer bekanntesten Veranstaltungen verwandelt sie sich vollst\u00e4ndig. Die Atmosph\u00e4re wird magisch, die Kan\u00e4le spiegeln ein neues Licht wider, und jede Gasse wird zur perfekten Kulisse f\u00fcr unvergessliche Momente. Wer besondere Erlebnisse zu zweit sucht, findet im venezianischen Veranstaltungskalender eine einzigartige Mischung aus Kunst, Tradition, Spektakel und Poesie. Auf dieser Seite stellen wir Ihnen die romantischsten Veranstaltungen in Venedig vor \u2013 Feierlichkeiten, die der perfekte Anlass sind, sich unter einem Feuerwerk zu k\u00fcssen, durch Kunstausstellungen zu spazieren oder sich zwischen Masken und Geheimnissen zu verlieren.<\/p>\n\n\n\n<h3 class=\"wp-block-heading has-text-align-left\">Ein Jahr voller Emotionen zum Teilen<\/h3>\n\n\n\n<h4 class=\"wp-block-heading has-text-align-left\">Biennale di Venezia: Hand in Hand durch die zeitgen\u00f6ssische Kunst<\/h4>\n\n\n\n<p class=\"has-text-align-left\">Die Biennale von Venedig ist nicht nur ein internationales Kunstevent \u2013 f\u00fcr Paare ist sie eine gemeinsame Reise durch Staunen, Inspiration und Sch\u00f6nheit. Gemeinsam durch die Pavillons der Giardini oder des Arsenals zu schlendern bedeutet, neue Sichtweisen zu entdecken, sich von Installationen ber\u00fchren zu lassen und Eindr\u00fccke miteinander zu teilen. In einer Stadt, die selbst ein Kunstwerk ist, f\u00fcgt die Biennale eine weitere poetische Ebene hinzu, die es zu zweit zu entdecken gilt.<\/p>\n\n\n\n<h4 class=\"wp-block-heading has-text-align-left\">Festa del Redentore: ein Kuss unter den sch\u00f6nsten Feuerwerken der Welt<\/h4>\n\n\n\n<p class=\"has-text-align-left\">Zu den spektakul\u00e4rsten und romantischsten Veranstaltungen \u00fcberhaupt z\u00e4hlt das Redentore-Fest, das jedes Jahr im Juli gefeiert wird. Am Samstagabend versammeln sich Hunderte von Booten im Markusbecken, um eines der eindrucksvollsten Feuerwerke der Welt zu erleben. Lichter tanzen auf dem Wasser, Musik liegt in der Luft \u2013 und der Moment ist perfekt f\u00fcr einen Kuss unter einem Himmel voller Farben.<\/p>\n\n\n\n<h4 class=\"wp-block-heading has-text-align-left\">Festa della Sensa: die Verm\u00e4hlung mit dem Meer<\/h4>\n\n\n\n<p class=\"has-text-align-left\">Weniger bekannt, aber voller Symbolik und Charme: Die Festa della Sensa erinnert an die heilige Verbindung zwischen Venedig und dem Meer. Der Doge warf einst vom Bucintoro aus einen Ring ins Wasser \u2013 als Zeichen ewiger Liebe. Heute wird diese Zeremonie \u00f6ffentlich nachgestellt und ist der ideale Anlass f\u00fcr einen romantischen Tag voller Gondeln, Prozessionen und jahrhundertealter Rituale.<\/p>\n\n\n\n<h4 class=\"wp-block-heading has-text-align-left\">Karneval in Venedig: Geheimnis, Verf\u00fchrung und Masken<\/h4>\n\n\n\n<p class=\"has-text-align-left\">Der Karneval ist einer der ikonischsten und eindrucksvollsten Zeitpunkte f\u00fcr einen Besuch in Venedig. F\u00fcr Paare ist er die perfekte Gelegenheit, ein M\u00e4rchen in Maskerade zu erleben: W\u00e4hlen Sie ein Kost\u00fcm, schlendern Sie durch die beleuchteten Gassen, tanzen Sie auf einem Ball und lassen Sie sich von einer Stadt verzaubern, die sich f\u00fcr einige Tage in eine riesige B\u00fchne verwandelt. Der Karneval ist Spiel, Verf\u00fchrung und visuelle Poesie. Und zu zweit ist er noch magischer.<\/p>\n\n\n\n<h3 class=\"wp-block-heading has-text-align-left\">Jede Jahreszeit hat ihren Zauber<\/h3>\n\n\n\n<p class=\"has-text-align-left\">Es gibt keinen einzigen perfekten Zeitpunkt, um Venedig als Paar zu erleben \u2013 jede Veranstaltung, jede Jahreszeit bringt ihre eigenen Gef\u00fchle mit sich. Der Fr\u00fchling beginnt mit der Festa della Sensa und den ersten Sonnentagen entlang der Kan\u00e4le. W\u00e4hrend des Sommers gipfelt im Redentore mit geschm\u00fcckten Booten und Feuerwerk. Der Herbst geh\u00f6rt der Biennale, mit goldenem Licht und intimeren Spazierg\u00e4ngen. Und der Winter endet mit dem Karneval und seinen geheimnisvollen N\u00e4chten bei Kerzenschein.<\/p>\n\n\n\n<h3 class=\"wp-block-heading has-text-align-left\">Die romantischsten Veranstaltungen in Venedig: ein Aufenthalt f\u00fcr Zwei gemacht<\/h3>\n\n\n\n<p class=\"has-text-align-left\">Ein Aufenthalt im <a href=\"https:\/\/www.hotelarcadia.net\/de\/\">Arcadia Boutique Hotel<\/a> bedeutet, jeden Tag an einem besonderen Ort zu beginnen. Genie\u00dfen Sie ein raffiniertes Fr\u00fchst\u00fcck unter einem Kronleuchter aus Muranoglas, ein herzliches und diskretes Willkommen und eine perfekte Lage, um jede Veranstaltung in wenigen Minuten zu erreichen. Ob Sie sich f\u00fcr die Biennale oder das Redentore entscheiden, f\u00fcr den Karneval oder die Sensa \u2013 wir begleiten Sie durch ein Venedig voller echter Emotionen und unvergesslicher romantischer Momente.<\/p>\n","protected":false},"excerpt":{"rendered":"<p>Venedig erleben durch seine bezauberndsten Feste Venedig ist eine Stadt, die jeden Tag aufs Neue verzaubert \u2013 doch w\u00e4hrend ihrer bekanntesten Veranstaltungen verwandelt sie sich vollst\u00e4ndig. Die Atmosph\u00e4re wird magisch, die Kan\u00e4le spiegeln ein neues Licht wider, und jede Gasse wird zur perfekten Kulisse f\u00fcr unvergessliche Momente. Wer besondere Erlebnisse zu zweit sucht, findet im [&hellip;]<\/p>\n","protected":false},"author":1,"featured_media":8028,"parent":5619,"menu_order":0,"comment_status":"closed","ping_status":"closed","template":"template-pages-arcadia.php","meta":{"_acf_changed":false,"footnotes":""},"class_list":["post-8893","page","type-page","status-publish","has-post-thumbnail","hentry"],"acf":[],"_links":{"self":[{"href":"https:\/\/hotelarcadia.net\/de\/wp-json\/wp\/v2\/pages\/8893","targetHints":{"allow":["GET"]}}],"collection":[{"href":"https:\/\/hotelarcadia.net\/de\/wp-json\/wp\/v2\/pages"}],"about":[{"href":"https:\/\/hotelarcadia.net\/de\/wp-json\/wp\/v2\/types\/page"}],"author":[{"embeddable":true,"href":"https:\/\/hotelarcadia.net\/de\/wp-json\/wp\/v2\/users\/1"}],"replies":[{"embeddable":true,"href":"https:\/\/hotelarcadia.net\/de\/wp-json\/wp\/v2\/comments?post=8893"}],"version-history":[{"count":0,"href":"https:\/\/hotelarcadia.net\/de\/wp-json\/wp\/v2\/pages\/8893\/revisions"}],"up":[{"embeddable":true,"href":"https:\/\/hotelarcadia.net\/de\/wp-json\/wp\/v2\/pages\/5619"}],"wp:featuredmedia":[{"embeddable":true,"href":"https:\/\/hotelarcadia.net\/de\/wp-json\/wp\/v2\/media\/8028"}],"wp:attachment":[{"href":"https:\/\/hotelarcadia.net\/de\/wp-json\/wp\/v2\/media?parent=8893"}],"curies":[{"name":"wp","href":"https:\/\/api.w.org\/{rel}","templated":true}]}}