{"id":9047,"date":"2025-08-06T13:40:35","date_gmt":"2025-08-06T13:40:35","guid":{"rendered":"https:\/\/hotelarcadia.net\/?page_id=9047"},"modified":"2025-08-06T13:40:36","modified_gmt":"2025-08-06T13:40:36","slug":"bestpreis-garantie","status":"publish","type":"page","link":"https:\/\/hotelarcadia.net\/de\/bestpreis-garantie\/","title":{"rendered":"Ihr perfekter Aufenthalt in Venedig beginnt hier: Direkt buchen und den besten Preis im Hotel Arcadia garantiert erhalten"},"content":{"rendered":"\n<p style=\"text-align: left;\">Willkommen im Hotel Arcadia Venedig, einem Juwel der Gastfreundschaft im pulsierenden Herzen von Cannaregio, in einem sorgf\u00e4ltig restaurierten Palast aus dem 17. Jahrhundert. Unsere Mission ist es, jeden Aufenthalt in ein unvergessliches Erlebnis zu verwandeln, gepr\u00e4gt von Eleganz, Komfort und tadellosem Service. Um Ihnen den gr\u00f6\u00dften Wert und absolute Sorgenfreiheit zu gew\u00e4hrleisten, laden wir Sie ein zu entdecken, warum die direkte Buchung auf unserer offiziellen Website immer die vorteilhafteste Wahl ist.<\/p>\n<p style=\"text-align: left;\"><b>Warum direkt auf hotelarcadia.net buchen?<\/b><\/p>\n<p style=\"text-align: left;\">Im Hotel Arcadia Venedig glauben wir, dass Transparenz und greifbare Vorteile im Mittelpunkt Ihres Buchungserlebnisses stehen sollten. Hier sind die exklusiven Vorteile, die Sie erwarten, wenn Sie sich entscheiden, direkt bei uns zu buchen:<\/p>\n<ul style=\"text-align: left;\">\n<li>\n<p><b>Bestpreisgarantie:<\/b> Wir verpflichten uns, Ihnen den wettbewerbsf\u00e4higsten Preis f\u00fcr unsere raffinierten Zimmer und Suiten anzubieten. Sollten Sie aus irgendeinem Grund einen niedrigeren Preis anderswo f\u00fcr die gleichen Daten und Bedingungen finden, kontaktieren Sie uns bitte. Wir werden ihn nicht nur anpassen, sondern unser Bestes tun, um ihn zu unterbieten, um Ihnen maximale Ersparnisse zu sichern.<\/p>\n<\/li>\n<li>\n<p><b>Exklusive Angebote und Pakete:<\/b> Unsere offizielle Website ist Ihr Zugang zu einzigartigen Aktionen und speziellen Paketen, die Ihren Aufenthalt in Venedig bereichern sollen. Diese Angebote sind auf keiner anderen Plattform verf\u00fcgbar und wurden geschaffen, um Ihnen einen unsch\u00e4tzbaren Mehrwert zu bieten. Aktuell k\u00f6nnen Sie unser <b>Fr\u00fchbucherangebot<\/b> nutzen, ideal f\u00fcr Aufenthalte von mindestens 3 N\u00e4chten bei einer Buchung 60 Tage im Voraus, g\u00fcltig f\u00fcr die Kategorien Double Deluxe und Junior Suite. F\u00fcr Paare verspricht unser Angebot &#8222;I Love You \u2013 Romantic Getaway in Venice&#8220; zudem eine sinnliche und unvergessliche Auszeit. Wie wir gerne sagen: &#8222;Booking with us worth if you make it in advance!&#8220; (Es lohnt sich, bei uns im Voraus zu buchen!).<\/p>\n<\/li>\n<li>\n<p><b>Beispiellose Flexibilit\u00e4t:<\/b> Wir verstehen, dass sich Reisepl\u00e4ne \u00e4ndern k\u00f6nnen. Aus diesem Grund bieten Direktbuchungen flexiblere Stornierungs- und \u00c4nderungsbedingungen, die Ihnen mehr Sicherheit und Kontrolle \u00fcber Ihre Reise geben.<\/p>\n<\/li>\n<li>\n<p><b>Personalisierter und bevorzugter Service:<\/b> Unser engagiertes Team steht Ihnen in jeder Phase zur Verf\u00fcgung, von der Buchung bis zum Check-out. Ohne Zwischenh\u00e4ndler k\u00f6nnen wir Ihnen eine direktere und pers\u00f6nlichere Betreuung bieten und umgehend auf all Ihre Bed\u00fcrfnisse oder Sonderw\u00fcnsche eingehen.<\/p>\n<\/li>\n<li>\n<p><b>Exklusive Vorteile und Upgrades:<\/b> Unsere G\u00e4ste, die direkt buchen, profitieren oft als Erste von besonderen Aufmerksamkeiten, wie potenziellen kostenlosen Zimmer-Upgrades (je nach Verf\u00fcgbarkeit) oder zus\u00e4tzlichen Services, die Ihren Aufenthalt noch unvergesslicher machen.<\/p>\n<\/li>\n<li>\n<p><b>Volle Transparenz:<\/b> Keine versteckten Kosten, keine unerwarteten Geb\u00fchren. Der Preis, den Sie sehen, ist der Preis, den Sie zahlen, was Ihnen vom ersten Moment an maximale Klarheit garantiert.<\/p>\n<\/li>\n<\/ul>\n<p style=\"text-align: left;\"><b>Unser Engagement f\u00fcr Ihren Wert:<\/b><\/p>\n<p style=\"text-align: left;\">Das Hotel Arcadia Venedig wird von unseren G\u00e4sten stets f\u00fcr sein hervorragendes &#8222;Preis-Leistungs-Verh\u00e4ltnis&#8220; gelobt. Dieser Ruf ist das Ergebnis unseres Engagements, ein hochwertiges Erlebnis zu bieten, mit eleganten Zimmern, makelloser Sauberkeit, einer strategischen Lage in der N\u00e4he des Hauptbahnhofs und aufmerksamem, professionellem Personal, das sich darum k\u00fcmmert, dass Sie sich verw\u00f6hnt f\u00fchlen. Durch die direkte Buchung sichern Sie sich nicht nur den besten Preis, sondern st\u00e4rken auch unser Engagement, Ihnen ein authentisches und unvergleichliches Venedig-Erlebnis von Wert zu bieten.<span class=\"button-container hide-from-message-actions ng-star-inserted\">\u00a0<\/span><\/p>\n<p style=\"text-align: left;\"><b>Beginnen Sie Ihre Venedig-Reise mit dem Vorteil der Direktbuchung.<\/b><\/p>\n<p style=\"text-align: left;\">Lassen Sie keine Zwischenh\u00e4ndler zwischen sich und Ihrem perfekten Aufenthalt in Venedig stehen. W\u00e4hlen Sie Bequemlichkeit, Flexibilit\u00e4t und exklusive Vorteile.<\/p>\n<p style=\"text-align: left;\"><a href=\"https:\/\/www.simplebooking.it\/ibe\/hotelbooking\/search?hid=2856&amp;lang=DE\" target=\"_blank\" rel=\"noopener\"><b>Jetzt auf unserer offiziellen Website buchen<\/b><\/a><\/p>\n","protected":false},"excerpt":{"rendered":"<p>Willkommen im Hotel Arcadia Venedig, einem Juwel der Gastfreundschaft im pulsierenden Herzen von Cannaregio, in einem sorgf\u00e4ltig restaurierten Palast aus dem 17. Jahrhundert. Unsere Mission ist es, jeden Aufenthalt in ein unvergessliches Erlebnis zu verwandeln, gepr\u00e4gt von Eleganz, Komfort und tadellosem Service. Um Ihnen den gr\u00f6\u00dften Wert und absolute Sorgenfreiheit zu gew\u00e4hrleisten, laden wir Sie [&hellip;]<\/p>\n","protected":false},"author":1,"featured_media":9067,"parent":0,"menu_order":0,"comment_status":"closed","ping_status":"closed","template":"","meta":{"_acf_changed":false,"footnotes":""},"class_list":["post-9047","page","type-page","status-publish","has-post-thumbnail","hentry"],"acf":[],"_links":{"self":[{"href":"https:\/\/hotelarcadia.net\/de\/wp-json\/wp\/v2\/pages\/9047","targetHints":{"allow":["GET"]}}],"collection":[{"href":"https:\/\/hotelarcadia.net\/de\/wp-json\/wp\/v2\/pages"}],"about":[{"href":"https:\/\/hotelarcadia.net\/de\/wp-json\/wp\/v2\/types\/page"}],"author":[{"embeddable":true,"href":"https:\/\/hotelarcadia.net\/de\/wp-json\/wp\/v2\/users\/1"}],"replies":[{"embeddable":true,"href":"https:\/\/hotelarcadia.net\/de\/wp-json\/wp\/v2\/comments?post=9047"}],"version-history":[{"count":0,"href":"https:\/\/hotelarcadia.net\/de\/wp-json\/wp\/v2\/pages\/9047\/revisions"}],"wp:featuredmedia":[{"embeddable":true,"href":"https:\/\/hotelarcadia.net\/de\/wp-json\/wp\/v2\/media\/9067"}],"wp:attachment":[{"href":"https:\/\/hotelarcadia.net\/de\/wp-json\/wp\/v2\/media?parent=9047"}],"curies":[{"name":"wp","href":"https:\/\/api.w.org\/{rel}","templated":true}]}}