{"id":2895,"date":"2017-06-13T08:09:56","date_gmt":"2017-06-13T08:09:56","guid":{"rendered":"https:\/\/www.hotelarcadia.net\/pure-emotions\/"},"modified":"2025-04-02T13:04:46","modified_gmt":"2025-04-02T13:04:46","slug":"pure-emotions","status":"publish","type":"page","link":"https:\/\/hotelarcadia.net\/fr\/hotel\/pure-emotions\/","title":{"rendered":"\u00c9MOTION PURE"},"content":{"rendered":"<p>Laissez notre accueil et notre service courtois et discret r\u00e9chauffer votre esprit et votre c\u0153ur, comme cela se produit lorsque vous \u00eates h\u00e9berg\u00e9 chez de chers amis. L\u2019Arcadia Boutique Hotel est le rafra\u00eechissement parfait pour vos vacances dans la Venise chaotique.<br \/>\nLa n\u00f4tre est une synth\u00e8se inattendue de la simplicit\u00e9 raffin\u00e9e, compos\u00e9e de nombreux petits, mais importants d\u00e9tails, et de l\u2019harmonie discr\u00e8te qui accompagne notre accueil.<\/p>\n<p>Pour notre maison et pour vous, nous avons choisi avec amour et fiert\u00e9 uniquement les meilleurs mat\u00e9riaux. En partie parce que nous aimons bien faire les choses, mais surtout, pour assurer une qualit\u00e9 de s\u00e9jour irr\u00e9prochable et sans compromis.<\/p>\n","protected":false},"excerpt":{"rendered":"<p>Laissez notre accueil et notre service courtois et discret r\u00e9chauffer votre esprit et votre c\u0153ur, comme cela se produit lorsque vous \u00eates h\u00e9berg\u00e9 chez de chers amis. L\u2019Arcadia Boutique Hotel est le rafra\u00eechissement parfait pour vos vacances dans la Venise chaotique. La n\u00f4tre est une synth\u00e8se inattendue de la simplicit\u00e9 raffin\u00e9e, compos\u00e9e de nombreux petits, [&hellip;]<\/p>\n","protected":false},"author":1,"featured_media":4491,"parent":2890,"menu_order":0,"comment_status":"closed","ping_status":"closed","template":"template-pages-arcadia.php","meta":{"_acf_changed":false,"footnotes":""},"class_list":["post-2895","page","type-page","status-publish","has-post-thumbnail","hentry"],"acf":[],"_links":{"self":[{"href":"https:\/\/hotelarcadia.net\/fr\/wp-json\/wp\/v2\/pages\/2895","targetHints":{"allow":["GET"]}}],"collection":[{"href":"https:\/\/hotelarcadia.net\/fr\/wp-json\/wp\/v2\/pages"}],"about":[{"href":"https:\/\/hotelarcadia.net\/fr\/wp-json\/wp\/v2\/types\/page"}],"author":[{"embeddable":true,"href":"https:\/\/hotelarcadia.net\/fr\/wp-json\/wp\/v2\/users\/1"}],"replies":[{"embeddable":true,"href":"https:\/\/hotelarcadia.net\/fr\/wp-json\/wp\/v2\/comments?post=2895"}],"version-history":[{"count":0,"href":"https:\/\/hotelarcadia.net\/fr\/wp-json\/wp\/v2\/pages\/2895\/revisions"}],"up":[{"embeddable":true,"href":"https:\/\/hotelarcadia.net\/fr\/wp-json\/wp\/v2\/pages\/2890"}],"wp:featuredmedia":[{"embeddable":true,"href":"https:\/\/hotelarcadia.net\/fr\/wp-json\/wp\/v2\/media\/4491"}],"wp:attachment":[{"href":"https:\/\/hotelarcadia.net\/fr\/wp-json\/wp\/v2\/media?parent=2895"}],"curies":[{"name":"wp","href":"https:\/\/api.w.org\/{rel}","templated":true}]}}