{"id":2904,"date":"2017-06-16T08:21:15","date_gmt":"2017-06-16T08:21:15","guid":{"rendered":"https:\/\/www.hotelarcadia.net\/staff\/"},"modified":"2022-04-13T09:25:49","modified_gmt":"2022-04-13T09:25:49","slug":"staff","status":"publish","type":"page","link":"https:\/\/hotelarcadia.net\/fr\/hotel\/staff\/","title":{"rendered":"\u00c9QUIPE"},"content":{"rendered":"<p>Chez Arcadia, nous sommes tous profond\u00e9ment passionn\u00e9s par notre travail, que nous menons avec d\u00e9vouement et professionnalisme, par notre petit h\u00f4tel-boutique tr\u00e8s raffin\u00e9 et par notre splendide et unique ville, la plus belle du monde&nbsp;!<\/p>\n<p><strong>Mais surtout, nous sommes honor\u00e9s et privil\u00e9gi\u00e9s de vous avoir comme client chez nous. <\/strong><\/p>\n<p><em>LUIGI ORTOLAN<\/em><\/p>\n\n\n<p><\/p>\n","protected":false},"excerpt":{"rendered":"<p>Chez Arcadia, nous sommes tous profond\u00e9ment passionn\u00e9s par notre travail, que nous menons avec d\u00e9vouement et professionnalisme, par notre petit h\u00f4tel-boutique tr\u00e8s raffin\u00e9 et par notre splendide et unique ville, la plus belle du monde&nbsp;! Mais surtout, nous sommes honor\u00e9s et privil\u00e9gi\u00e9s de vous avoir comme client chez nous. LUIGI ORTOLAN<\/p>\n","protected":false},"author":1,"featured_media":3550,"parent":2890,"menu_order":0,"comment_status":"closed","ping_status":"closed","template":"template-pages-arcadia.php","meta":{"_acf_changed":false,"footnotes":""},"class_list":["post-2904","page","type-page","status-publish","has-post-thumbnail","hentry"],"acf":[],"_links":{"self":[{"href":"https:\/\/hotelarcadia.net\/fr\/wp-json\/wp\/v2\/pages\/2904","targetHints":{"allow":["GET"]}}],"collection":[{"href":"https:\/\/hotelarcadia.net\/fr\/wp-json\/wp\/v2\/pages"}],"about":[{"href":"https:\/\/hotelarcadia.net\/fr\/wp-json\/wp\/v2\/types\/page"}],"author":[{"embeddable":true,"href":"https:\/\/hotelarcadia.net\/fr\/wp-json\/wp\/v2\/users\/1"}],"replies":[{"embeddable":true,"href":"https:\/\/hotelarcadia.net\/fr\/wp-json\/wp\/v2\/comments?post=2904"}],"version-history":[{"count":0,"href":"https:\/\/hotelarcadia.net\/fr\/wp-json\/wp\/v2\/pages\/2904\/revisions"}],"up":[{"embeddable":true,"href":"https:\/\/hotelarcadia.net\/fr\/wp-json\/wp\/v2\/pages\/2890"}],"wp:featuredmedia":[{"embeddable":true,"href":"https:\/\/hotelarcadia.net\/fr\/wp-json\/wp\/v2\/media\/3550"}],"wp:attachment":[{"href":"https:\/\/hotelarcadia.net\/fr\/wp-json\/wp\/v2\/media?parent=2904"}],"curies":[{"name":"wp","href":"https:\/\/api.w.org\/{rel}","templated":true}]}}