{"id":2908,"date":"2017-06-13T08:10:41","date_gmt":"2017-06-13T08:10:41","guid":{"rendered":"https:\/\/www.hotelarcadia.net\/palazzo\/"},"modified":"2025-04-29T09:04:53","modified_gmt":"2025-04-29T09:04:53","slug":"palazzo","status":"publish","type":"page","link":"https:\/\/hotelarcadia.net\/fr\/hotel\/palazzo\/","title":{"rendered":"LE PALAIS"},"content":{"rendered":"<p>La restauration du Palais a \u00e9t\u00e9 r\u00e9alis\u00e9e en tentant de maintenir un \u00e9quilibre dynamique entre l\u2019architecture et les d\u00e9corations d\u2019origine, ainsi que les technologies les plus modernes, et en essayant de faire constamment dialoguer l\u2019ancien avec le moderne. Et surtout, en essayant toujours de pr\u00e9server avec un profond respect la personnalit\u00e9 centenaire d\u2019un b\u00e2timent suggestif et prestigieux.<br \/>\nLe v\u00e9ritable et incontestable ma\u00eetre de la maison est le majestueux lustre en verre de Murano qui, depuis des si\u00e8cles, surveille et domine silencieusement l\u2019\u00e9tage noble du Palais. Qui sait combien d\u2019histoires il a vues durant toutes ces ann\u00e9es, combien d\u2019amours, de complots et d\u2019intrigues, qui sait&#8230; et combien de clients, au cours des mille somptueuses soir\u00e9es, l\u2019ont admir\u00e9 et d\u00e9sir\u00e9, qui sait&#8230;<\/p>\n<p>C\u2019est lui, et lui seul, le v\u00e9ritable t\u00e9moin de la m\u00e9moire de ces murs et des deux familles de riches patriciens qui y ont v\u00e9cu. Et c\u2019est toujours lui qui supervise encore la vie de notre petit h\u00f4tel-boutique, en v\u00e9rifiant silencieusement, mais toujours avec un certain froncement de sourcils autoritaire, que tout se passe bien&#8230;<\/p>\n<p>\u00c0 Venise, il arrive souvent que r\u00e9alit\u00e9 et fiction s\u2019entrem\u00ealent, et chaque palais digne de ce nom, a ici son histoire, ses secrets et ses myst\u00e8res. Bien s\u00fbr, le n\u00f4tre ne fait pas exception. Le lustre antique les a tous vus, et pendant des ann\u00e9es, il a gard\u00e9 une r\u00e9serve silencieuse et aristocratique. Un soir un peu m\u00e9lancolique il y a quelques ann\u00e9es pourtant, il \u00e9tait \u00e9trangement d\u2019humeur \u00e0 faire des confidences et m\u2019a racont\u00e9 un de ses myst\u00e8res&#8230; Si vous voulez en savoir plus, renseignez-vous sur l\u2019&nbsp;<a href=\"\/?page_id=2456\" target=\"_blank\" rel=\"noopener\"><strong>Arcadia History Book.<\/strong><\/a><\/p>\n","protected":false},"excerpt":{"rendered":"<p>La restauration du Palais a \u00e9t\u00e9 r\u00e9alis\u00e9e en tentant de maintenir un \u00e9quilibre dynamique entre l\u2019architecture et les d\u00e9corations d\u2019origine, ainsi que les technologies les plus modernes, et en essayant de faire constamment dialoguer l\u2019ancien avec le moderne. Et surtout, en essayant toujours de pr\u00e9server avec un profond respect la personnalit\u00e9 centenaire d\u2019un b\u00e2timent suggestif [&hellip;]<\/p>\n","protected":false},"author":1,"featured_media":3490,"parent":2890,"menu_order":0,"comment_status":"closed","ping_status":"closed","template":"template-pages-2-arcadia.php","meta":{"_acf_changed":false,"footnotes":""},"class_list":["post-2908","page","type-page","status-publish","has-post-thumbnail","hentry"],"acf":[],"_links":{"self":[{"href":"https:\/\/hotelarcadia.net\/fr\/wp-json\/wp\/v2\/pages\/2908","targetHints":{"allow":["GET"]}}],"collection":[{"href":"https:\/\/hotelarcadia.net\/fr\/wp-json\/wp\/v2\/pages"}],"about":[{"href":"https:\/\/hotelarcadia.net\/fr\/wp-json\/wp\/v2\/types\/page"}],"author":[{"embeddable":true,"href":"https:\/\/hotelarcadia.net\/fr\/wp-json\/wp\/v2\/users\/1"}],"replies":[{"embeddable":true,"href":"https:\/\/hotelarcadia.net\/fr\/wp-json\/wp\/v2\/comments?post=2908"}],"version-history":[{"count":0,"href":"https:\/\/hotelarcadia.net\/fr\/wp-json\/wp\/v2\/pages\/2908\/revisions"}],"up":[{"embeddable":true,"href":"https:\/\/hotelarcadia.net\/fr\/wp-json\/wp\/v2\/pages\/2890"}],"wp:featuredmedia":[{"embeddable":true,"href":"https:\/\/hotelarcadia.net\/fr\/wp-json\/wp\/v2\/media\/3490"}],"wp:attachment":[{"href":"https:\/\/hotelarcadia.net\/fr\/wp-json\/wp\/v2\/media?parent=2908"}],"curies":[{"name":"wp","href":"https:\/\/api.w.org\/{rel}","templated":true}]}}