{"id":2912,"date":"2021-12-01T16:17:57","date_gmt":"2021-12-01T16:17:57","guid":{"rendered":"https:\/\/www.hotelarcadia.net\/feel-safe-with-us\/"},"modified":"2022-04-01T09:35:04","modified_gmt":"2022-04-01T09:35:04","slug":"feel-safe-with-us","status":"publish","type":"page","link":"https:\/\/hotelarcadia.net\/fr\/feel-safe-with-us\/","title":{"rendered":"VOYAGEZ EN TOUTE S\u00c9CURIT\u00c9\u00a0!"},"content":{"rendered":"<p>Maintenant que nous pouvons enfin recommencer \u00e0 voyager, il est essentiel de pouvoir le faire en toute s\u00e9curit\u00e9 et tranquillit\u00e9. C\u2019est pourquoi, nous visons tous \u00e0 rendre votre s\u00e9jour dans notre h\u00f4tel-boutique raffin\u00e9 non seulement inoubliable, mais aussi super s\u00fbr, tous les jours et dans toutes nos activit\u00e9s. Toujours et quoi qu\u2019il arrive. Nous avons donc \u00e9tudi\u00e9 et mis en place toute une s\u00e9rie de mesures, approuv\u00e9es par des experts en s\u00e9curit\u00e9, pour vous garantir et nous garantir \u00e0 parts \u00e9gales, un environnement toujours aseptis\u00e9 et s\u00fbr. Nous savons que ces mesures peuvent parfois \u00eatre g\u00eanantes et, dans certains cas, limiter certains services standard, comme dans la salle du petit-d\u00e9jeuner, mais nous croyons fermement que cela doit \u00eatre fait pour le bien et la s\u00e9curit\u00e9 de tous.<\/p>\n<p>Des services num\u00e9riques avanc\u00e9s pour minimiser les interactions et le contact direct avec les surfaces\u00a0; nous proposons, pour ceux qui le souhaitent, \u00e0 tous nos clients un service en ligne pour le check-in, le check-out, le paiement et le choix de la chambre, limitant les interactions avec le personnel.<\/p>\n<p>Des protocoles d\u2019hygi\u00e8ne et d\u2019assainissement am\u00e9lior\u00e9s\u00a0; notre h\u00f4tel suit des protocoles d\u2019hygi\u00e8ne bas\u00e9s sur des normes sanitaires approuv\u00e9es par l\u2019Organisation mondiale de la sant\u00e9 et certifi\u00e9es. <br \/>\u25cf Nettoyage de la surface dans les espaces communs \u2013\u00a0la r\u00e9ception, le hall, les couloirs, les toilettes et les autres espaces communs de l\u2019h\u00f4tel sont d\u00e9sinfect\u00e9s conform\u00e9ment aux protocoles sanitaires, produits et fr\u00e9quences recommand\u00e9s.<br \/>\u25cf Assainissement des environnements \u2013\u00a0nous utilisons des technologies et des produits de nettoyage hautement efficaces sur toutes les surfaces, objets et meubles, et des protocoles test\u00e9s pour le lavage des tissus. <br \/>\u25cf St\u00e9rilisation de la salle de petit-d\u00e9jeuner et des ustensiles \u2013\u00a0utilisation de produits de nettoyage et pratiques conformes aux protocoles hospitaliers.<\/p>\n<p><strong>Protocoles et dispositifs de protection individuelle <\/strong><\/p>\n<p>Nous offrons des dispositifs de s\u00e9curit\u00e9 \u00e0 tous nos clients, employ\u00e9s et fournisseurs pendant leur s\u00e9jour. <br \/>\u25cf Dispositifs de s\u00e9curit\u00e9 et d\u2019assainissement pour les clients \u2013\u00a0acc\u00e8s au gel d\u00e9sinfectant et aux masques pendant le s\u00e9jour. <br \/>\u25cf Protection des employ\u00e9s \u2013 tous les employ\u00e9s de l\u2019h\u00f4tel ont acc\u00e8s \u00e0 l\u2019\u00e9quipement n\u00e9cessaire pour effectuer leur travail avec des garanties sanitaires maximales.<br \/>\u25cf \u00c9quipement obligatoire pour les fournisseurs \u2013 tous les fournisseurs entrant dans l\u2019h\u00f4tel doivent prendre les mesures de s\u00e9curit\u00e9 requises<\/p>\n<p><strong>Protocoles de sant\u00e9 et de s\u00e9curit\u00e9 des employ\u00e9s <\/strong><\/p>\n<p>Pour plus de s\u00e9curit\u00e9, tout notre personnel est tenu de respecter les r\u00e8gles d\u2019hygi\u00e8ne sur le lieu de travail. <br \/>\u25cf D\u00e9pistage quotidien \u2013 le personnel sera contr\u00f4l\u00e9 avant et apr\u00e8s chaque quart de travail.<br \/>\u25cf Protocoles de d\u00e9tection pr\u00e9coce \u2013 et mesures d\u2019intervention en cas de probl\u00e8mes de sant\u00e9 des clients, avec possibilit\u00e9 d\u2019isolement, dispositifs de protection, interaction avec les services m\u00e9dicaux et logistique de transport.<br \/>\u25cf Formation sp\u00e9cialis\u00e9e du personnel \u2013 relative au respect des protocoles et pratiques de s\u00e9curit\u00e9 conform\u00e9ment aux r\u00e9glementations sanitaires.<\/p>\n<p><strong>Responsable hygi\u00e8ne et s\u00e9curit\u00e9 de l\u2019h\u00f4tel <\/strong><\/p>\n<p>Nous avons un agent de sant\u00e9 et de s\u00e9curit\u00e9 dans notre h\u00f4tel, avec une exp\u00e9rience particuli\u00e8re dans l\u2019introduction de nouvelles mesures et la formation de tous les employ\u00e9s. <br \/>\u25cf Introduction des mesures \u2013 responsable de l\u2019introduction et de la mise \u00e0 jour des mesures n\u00e9cessaires. <br \/>\u25cf Formation des employ\u00e9s \u2013 tous les employ\u00e9s sont form\u00e9s sur les proc\u00e9dures n\u00e9cessaires \u00e0 la protection des autres employ\u00e9s, des clients et des fournisseurs.<\/p>\n","protected":false},"excerpt":{"rendered":"<p>Maintenant que nous pouvons enfin recommencer \u00e0 voyager, il est essentiel de pouvoir le faire en toute s\u00e9curit\u00e9 et tranquillit\u00e9. C\u2019est pourquoi, nous visons tous \u00e0 rendre votre s\u00e9jour dans notre h\u00f4tel-boutique raffin\u00e9 non seulement inoubliable, mais aussi super s\u00fbr, tous les jours et dans toutes nos activit\u00e9s. Toujours et quoi qu\u2019il arrive. Nous avons [&hellip;]<\/p>\n","protected":false},"author":1,"featured_media":0,"parent":0,"menu_order":0,"comment_status":"closed","ping_status":"closed","template":"","meta":{"_acf_changed":false,"footnotes":""},"class_list":["post-2912","page","type-page","status-publish","hentry"],"acf":[],"_links":{"self":[{"href":"https:\/\/hotelarcadia.net\/fr\/wp-json\/wp\/v2\/pages\/2912","targetHints":{"allow":["GET"]}}],"collection":[{"href":"https:\/\/hotelarcadia.net\/fr\/wp-json\/wp\/v2\/pages"}],"about":[{"href":"https:\/\/hotelarcadia.net\/fr\/wp-json\/wp\/v2\/types\/page"}],"author":[{"embeddable":true,"href":"https:\/\/hotelarcadia.net\/fr\/wp-json\/wp\/v2\/users\/1"}],"replies":[{"embeddable":true,"href":"https:\/\/hotelarcadia.net\/fr\/wp-json\/wp\/v2\/comments?post=2912"}],"version-history":[{"count":0,"href":"https:\/\/hotelarcadia.net\/fr\/wp-json\/wp\/v2\/pages\/2912\/revisions"}],"wp:attachment":[{"href":"https:\/\/hotelarcadia.net\/fr\/wp-json\/wp\/v2\/media?parent=2912"}],"curies":[{"name":"wp","href":"https:\/\/api.w.org\/{rel}","templated":true}]}}