{"id":2916,"date":"2017-01-04T11:37:21","date_gmt":"2017-01-04T11:37:21","guid":{"rendered":"https:\/\/www.hotelarcadia.net\/breakfast\/"},"modified":"2022-04-06T10:26:58","modified_gmt":"2022-04-06T10:26:58","slug":"petit-dejeuner","status":"publish","type":"page","link":"https:\/\/hotelarcadia.net\/fr\/hotel\/petit-dejeuner\/","title":{"rendered":"PETIT-D\u00c9JEUNER"},"content":{"rendered":"<p>Prendre son petit-d\u00e9jeuner \u00e0 l\u2019Arcadia Boutique Hotel est une exp\u00e9rience absolument particuli\u00e8re, un moment unique et raffin\u00e9, compos\u00e9 de mille sensations magiques.<br \/>\nLe cadre est celui de la grande salle de notre \u00e9tage noble et l\u2019\u00e9motion ressentie, aid\u00e9e par l\u2019\u00e9l\u00e9gance d\u2019un espace hors du temps, est celle d\u2019\u00eatre catapult\u00e9s dans les ann\u00e9es dor\u00e9es de la Venise des ann\u00e9es&nbsp;1700.<br \/>\nTandis que notre somptueux lustre en verre de Murano v\u00e9rifie silencieusement que tout se passe parfaitement bien, et que la lumi\u00e8re du matin entre par la grande fen\u00eatre \u00e0 quatre lumi\u00e8res du hall, sans aucune h\u00e2te, vous pourrez vous d\u00e9tendre et profiter d\u2019une large s\u00e9lection des meilleurs produits italiens, choisis avec soin afin d\u2019offrir \u00e0 votre go\u00fbt et \u00e0 votre bien-\u00eatre uniquement le meilleur.<br \/>\nDes biscuits et g\u00e2teaux de haute p\u00e2tisserie aux confitures bio, des tartes sal\u00e9es maison aux \u0153ufs, ici tout a \u00e9t\u00e9 s\u00e9lectionn\u00e9 avec amour et est toujours et uniquement frais. Nous serons l\u00e0 pour vous accueillir avec un sourire chaleureux, et \u00e0 votre enti\u00e8re disposition pour vous accompagner dans votre r\u00e9veil le plus savoureux de tous les temps. Et pourquoi pas, vous offrir fi\u00e8rement l\u2019un de nos d\u00e9sormais c\u00e9l\u00e8bres et tr\u00e8s appr\u00e9ci\u00e9s cappuccinos.<\/p>\n","protected":false},"excerpt":{"rendered":"<p>Prendre son petit-d\u00e9jeuner \u00e0 l\u2019Arcadia Boutique Hotel est une exp\u00e9rience absolument particuli\u00e8re, un moment unique et raffin\u00e9, compos\u00e9 de mille sensations magiques. Le cadre est celui de la grande salle de notre \u00e9tage noble et l\u2019\u00e9motion ressentie, aid\u00e9e par l\u2019\u00e9l\u00e9gance d\u2019un espace hors du temps, est celle d\u2019\u00eatre catapult\u00e9s dans les ann\u00e9es dor\u00e9es de la [&hellip;]<\/p>\n","protected":false},"author":1,"featured_media":4617,"parent":2890,"menu_order":0,"comment_status":"closed","ping_status":"closed","template":"template-pages-arcadia.php","meta":{"_acf_changed":false,"footnotes":""},"class_list":["post-2916","page","type-page","status-publish","has-post-thumbnail","hentry"],"acf":[],"_links":{"self":[{"href":"https:\/\/hotelarcadia.net\/fr\/wp-json\/wp\/v2\/pages\/2916","targetHints":{"allow":["GET"]}}],"collection":[{"href":"https:\/\/hotelarcadia.net\/fr\/wp-json\/wp\/v2\/pages"}],"about":[{"href":"https:\/\/hotelarcadia.net\/fr\/wp-json\/wp\/v2\/types\/page"}],"author":[{"embeddable":true,"href":"https:\/\/hotelarcadia.net\/fr\/wp-json\/wp\/v2\/users\/1"}],"replies":[{"embeddable":true,"href":"https:\/\/hotelarcadia.net\/fr\/wp-json\/wp\/v2\/comments?post=2916"}],"version-history":[{"count":0,"href":"https:\/\/hotelarcadia.net\/fr\/wp-json\/wp\/v2\/pages\/2916\/revisions"}],"up":[{"embeddable":true,"href":"https:\/\/hotelarcadia.net\/fr\/wp-json\/wp\/v2\/pages\/2890"}],"wp:featuredmedia":[{"embeddable":true,"href":"https:\/\/hotelarcadia.net\/fr\/wp-json\/wp\/v2\/media\/4617"}],"wp:attachment":[{"href":"https:\/\/hotelarcadia.net\/fr\/wp-json\/wp\/v2\/media?parent=2916"}],"curies":[{"name":"wp","href":"https:\/\/api.w.org\/{rel}","templated":true}]}}