{"id":2920,"date":"2017-01-31T10:39:38","date_gmt":"2017-01-31T10:39:38","guid":{"rendered":"https:\/\/www.hotelarcadia.net\/skyfall-bar\/"},"modified":"2025-04-29T10:58:28","modified_gmt":"2025-04-29T10:58:28","slug":"skyfall-bar","status":"publish","type":"page","link":"https:\/\/hotelarcadia.net\/fr\/hotel\/skyfall-bar\/","title":{"rendered":"SKYFALL BAR"},"content":{"rendered":"<p>Le Skyfall Bar est situ\u00e9 dans le hall \u00e0 l\u2019\u00e9tage noble du Palais et repr\u00e9sente le c\u0153ur le plus intime et le plus authentique de notre \u00e9l\u00e9gant h\u00f4tel-boutique. C\u2019est ici que vous pourrez vous offrir un moment de pure d\u00e9tente, selon l\u2019heure de la journ\u00e9e ou la saison.<\/p>\n<p>Le temps devant notre petit h\u00f4tel passe vite mais au Skyfall Bar, il semble s\u2019arr\u00eater, rester un instant suspendu \u00e0 cheval sur le temps et l\u2019espace, juste le temps de siroter une de nos tisanes ou une boisson, ou pourquoi pas un spritz insouciant, et r\u00e9g\u00e9n\u00e9rer votre esprit avec une nouvelle \u00e9nergie vitale.<br \/>\nAu Skyfall Bar, vous trouverez \u00e0 votre disposition des journaux et des livres d\u2019art italiens et internationaux soigneusement s\u00e9lectionn\u00e9s sur l\u2019excellence de notre immense patrimoine artistique.<\/p>\n","protected":false},"excerpt":{"rendered":"<p>Le Skyfall Bar est situ\u00e9 dans le hall \u00e0 l\u2019\u00e9tage noble du Palais et repr\u00e9sente le c\u0153ur le plus intime et le plus authentique de notre \u00e9l\u00e9gant h\u00f4tel-boutique. C\u2019est ici que vous pourrez vous offrir un moment de pure d\u00e9tente, selon l\u2019heure de la journ\u00e9e ou la saison. Le temps devant notre petit h\u00f4tel passe [&hellip;]<\/p>\n","protected":false},"author":1,"featured_media":1762,"parent":2890,"menu_order":0,"comment_status":"closed","ping_status":"closed","template":"template-pages-arcadia.php","meta":{"_acf_changed":false,"footnotes":""},"class_list":["post-2920","page","type-page","status-publish","has-post-thumbnail","hentry"],"acf":[],"_links":{"self":[{"href":"https:\/\/hotelarcadia.net\/fr\/wp-json\/wp\/v2\/pages\/2920","targetHints":{"allow":["GET"]}}],"collection":[{"href":"https:\/\/hotelarcadia.net\/fr\/wp-json\/wp\/v2\/pages"}],"about":[{"href":"https:\/\/hotelarcadia.net\/fr\/wp-json\/wp\/v2\/types\/page"}],"author":[{"embeddable":true,"href":"https:\/\/hotelarcadia.net\/fr\/wp-json\/wp\/v2\/users\/1"}],"replies":[{"embeddable":true,"href":"https:\/\/hotelarcadia.net\/fr\/wp-json\/wp\/v2\/comments?post=2920"}],"version-history":[{"count":0,"href":"https:\/\/hotelarcadia.net\/fr\/wp-json\/wp\/v2\/pages\/2920\/revisions"}],"up":[{"embeddable":true,"href":"https:\/\/hotelarcadia.net\/fr\/wp-json\/wp\/v2\/pages\/2890"}],"wp:featuredmedia":[{"embeddable":true,"href":"https:\/\/hotelarcadia.net\/fr\/wp-json\/wp\/v2\/media\/1762"}],"wp:attachment":[{"href":"https:\/\/hotelarcadia.net\/fr\/wp-json\/wp\/v2\/media?parent=2920"}],"curies":[{"name":"wp","href":"https:\/\/api.w.org\/{rel}","templated":true}]}}