{"id":2951,"date":"2017-10-18T11:00:23","date_gmt":"2017-10-18T11:00:23","guid":{"rendered":"https:\/\/www.hotelarcadia.net\/privacy\/"},"modified":"2022-04-08T06:33:11","modified_gmt":"2022-04-08T06:33:11","slug":"privacy","status":"publish","type":"page","link":"https:\/\/hotelarcadia.net\/fr\/privacy\/","title":{"rendered":"Privacy"},"content":{"rendered":"<p>Information en vertu de l&rsquo;article 13<br \/>\nR\u00e8glement (UE) 2016\/679<\/p>\n<p>Nous souhaitons vous informer que le r\u00e8glement UE 2016\/679 r\u00e9git le traitement des donn\u00e9es personnelles relatives aux personnes physiques. Conform\u00e9ment au r\u00e8glement pr\u00e9cit\u00e9, ce traitement sera fond\u00e9 sur les principes d&rsquo;exactitude, de lic\u00e9it\u00e9, de transparence et de protection de vos donn\u00e9es personnelles et de vos droits.<br \/>\nLe soussign\u00e9 vous informe que pour l&rsquo;\u00e9tablissement et l&rsquo;ex\u00e9cution des relations contractuelles en cours avec vous, il est en possession de donn\u00e9es vous concernant, acquises \u00e9galement verbalement, directement ou par l&rsquo;interm\u00e9diaire de tiers, qualifi\u00e9es de personnelles par le r\u00e8glement susmentionn\u00e9.<\/p>\n<p>Conform\u00e9ment \u00e0 l&rsquo;article 13 du GDPR, nous vous fournissons donc les informations suivantes :<\/p>\n<p>1. Identit\u00e9 et coordonn\u00e9es du contr\u00f4leur des donn\u00e9es<br \/>\nBianco Hotel S.r.l., Piazza Brescia, 10\/A 30016 Jesolo (VE), P.IVA &#8211; C.F. 03229600279, t\u00e9l\u00e9phone 041 717355, t\u00e9l\u00e9copie 041 714361, courriel : info@hotelarcadia.net.<\/p>\n<p>2. Finalit\u00e9s, base juridique du traitement auquel les donn\u00e9es sont destin\u00e9es Le traitement a les finalit\u00e9s suivantes :<br \/>\na) Analyse des visites agr\u00e9g\u00e9es du site \u00e0 des fins statistiques : les syst\u00e8mes informatiques et les proc\u00e9dures logicielles utilis\u00e9s pour faire fonctionner ce site web acqui\u00e8rent, au cours de leur fonctionnement normal, certaines donn\u00e9es personnelles dont la transmission est implicite dans l&rsquo;utilisation des protocoles de communication Internet. En ce qui concerne les cookies de tiers, il convient de noter que le r\u00e9dacteur a adopt\u00e9 des outils qui r\u00e9duisent la puissance<br \/>\npouvoir identifiant des cookies et le tiers ne croise pas les informations collect\u00e9es avec d&rsquo;autres informations dont il dispose ;<br \/>\nb) Donn\u00e9es fournies volontairement par l&rsquo;utilisateur : l&rsquo;envoi facultatif, explicite et volontaire de courrier \u00e9lectronique aux adresses indiqu\u00e9es sur ce site entra\u00eene l&rsquo;acquisition ult\u00e9rieure de l&rsquo;adresse de l&rsquo;exp\u00e9diteur, n\u00e9cessaire pour r\u00e9pondre aux demandes, ainsi que de toute autre donn\u00e9e personnelle incluse dans le message.<\/p>\n<p>3. P\u00e9riode de conservation des donn\u00e9es<br \/>\nLes cookies sont stock\u00e9s sur l&rsquo;appareil du visiteur pendant la dur\u00e9e pr\u00e9vue pour chaque cookie (voir la page Politique en mati\u00e8re de cookies pour plus d&rsquo;informations).<\/p>\n<p>4. M\u00e9thodes de traitement<br \/>\nLe traitement sera effectu\u00e9 au moyen de : outils informatiques et\/ou supports papier.<\/p>\n<p>5. Nature des donn\u00e9es personnelles<br \/>\nVos donn\u00e9es personnelles et vos donn\u00e9es de navigation sont trait\u00e9es.<\/p>\n<p>6. Caract\u00e8re obligatoire ou facultatif de l&rsquo;attribution<br \/>\nLa communication des donn\u00e9es est obligatoire dans la mesure o\u00f9 elle est n\u00e9cessaire aux fins d\u00e9crites ci-dessus.<\/p>\n<p>7. Port\u00e9e de la communication et de la diffusion des donn\u00e9es<br \/>\nLes donn\u00e9es contenues dans le site web peuvent \u00eatre divulgu\u00e9es \u00e0 des fournisseurs externes pour l&rsquo;entretien et la mise \u00e0 jour du site lui-m\u00eame et par le fournisseur du site lui-m\u00eame. Les donn\u00e9es ne seront toutefois pas diffus\u00e9es en dehors de l&rsquo;UE.<\/p>\n<p>8. Droits de la partie int\u00e9ress\u00e9e<br \/>\nEn ce qui concerne les donn\u00e9es elles-m\u00eames, votre entreprise peut exercer les droits pr\u00e9vus par les articles 15 (acc\u00e8s), 16 (rectification), 17 (annulation), 18 (limitation), 20 (portabilit\u00e9) et 21 (opposition) du r\u00e8glement.<\/p>\n<p>9. Retrait du consentement au traitement et exercice des droits vis\u00e9s \u00e0 la section 8<br \/>\nSi vous souhaitez recevoir des informations compl\u00e9mentaires sur le traitement de vos donn\u00e9es personnelles, ou si vous souhaitez exercer les droits vis\u00e9s au point 8 ci-dessus, ou si vous souhaitez retirer votre consentement au traitement de vos donn\u00e9es personnelles, vous pouvez envoyer une lettre recommand\u00e9e avec accus\u00e9 de r\u00e9ception \u00e0 l&rsquo;adresse indiqu\u00e9e au point 1 ci-dessus.<\/p>\n<p>10. Droit de d\u00e9poser une plainte aupr\u00e8s d&rsquo;une autorit\u00e9 de surveillance<br \/>\nVous avez le droit d&rsquo;introduire une plainte aupr\u00e8s d&rsquo;une autorit\u00e9 de surveillance conform\u00e9ment \u00e0 la loi. Vous trouverez ci-dessous une r\u00e9f\u00e9rence au site web du Garante della Privacy (garant de la vie priv\u00e9e) o\u00f9 vous pourrez trouver des informations sur la protection de vos donn\u00e9es : <a href=\"https:\/\/www.garanteprivacy.it\/home\/diritti\/come-agire-per-tutelare-i-tuoi-dati-personali\" target=\"_blank\" rel=\"noopener\">Garant de la confidentialit\u00e9\u00a0<\/a><\/p>\n<p style=\"text-align: left;\">\n","protected":false},"excerpt":{"rendered":"<p>Information en vertu de l&rsquo;article 13 R\u00e8glement (UE) 2016\/679 Nous souhaitons vous informer que le r\u00e8glement UE 2016\/679 r\u00e9git le traitement des donn\u00e9es personnelles relatives aux personnes physiques. Conform\u00e9ment au r\u00e8glement pr\u00e9cit\u00e9, ce traitement sera fond\u00e9 sur les principes d&rsquo;exactitude, de lic\u00e9it\u00e9, de transparence et de protection de vos donn\u00e9es personnelles et de vos droits. [&hellip;]<\/p>\n","protected":false},"author":1,"featured_media":0,"parent":0,"menu_order":0,"comment_status":"closed","ping_status":"closed","template":"","meta":{"_acf_changed":false,"footnotes":""},"class_list":["post-2951","page","type-page","status-publish","hentry"],"acf":[],"_links":{"self":[{"href":"https:\/\/hotelarcadia.net\/fr\/wp-json\/wp\/v2\/pages\/2951","targetHints":{"allow":["GET"]}}],"collection":[{"href":"https:\/\/hotelarcadia.net\/fr\/wp-json\/wp\/v2\/pages"}],"about":[{"href":"https:\/\/hotelarcadia.net\/fr\/wp-json\/wp\/v2\/types\/page"}],"author":[{"embeddable":true,"href":"https:\/\/hotelarcadia.net\/fr\/wp-json\/wp\/v2\/users\/1"}],"replies":[{"embeddable":true,"href":"https:\/\/hotelarcadia.net\/fr\/wp-json\/wp\/v2\/comments?post=2951"}],"version-history":[{"count":0,"href":"https:\/\/hotelarcadia.net\/fr\/wp-json\/wp\/v2\/pages\/2951\/revisions"}],"wp:attachment":[{"href":"https:\/\/hotelarcadia.net\/fr\/wp-json\/wp\/v2\/media?parent=2951"}],"curies":[{"name":"wp","href":"https:\/\/api.w.org\/{rel}","templated":true}]}}