{"id":2953,"date":"2017-01-30T17:28:43","date_gmt":"2017-01-30T17:28:43","guid":{"rendered":"https:\/\/www.hotelarcadia.net\/from-santa-lucia-train-station\/"},"modified":"2025-04-29T09:33:37","modified_gmt":"2025-04-29T09:33:37","slug":"depuis-la-gare-santa-lucia","status":"publish","type":"page","link":"https:\/\/hotelarcadia.net\/fr\/ou-nous-trouver\/depuis-la-gare-santa-lucia\/","title":{"rendered":"DEPUIS LA GARE SANTA LUCIA"},"content":{"rendered":"<p>Depuis Santa Lucia, prendre le vaporetto ligne&nbsp;4.2 ou&nbsp;5.2 et descendre \u00e0 l\u2019arr\u00eat Guglie. Tourner \u00e0 droite, puis avant le Ponte delle Guglie, tourner \u00e0 gauche le long du Rio Ter\u00e0 San Leonardo. L\u2019Arcadia Boutique Hotel est \u00e0 30&nbsp;m\u00e8tres sur la gauche.<br \/>\nSinon, prendre la ligne&nbsp;2 jusqu\u2019\u00e0 l\u2019arr\u00eat San Marcuola-Casino et descendre \u00e0 l\u2019arr\u00eat Guglie. Lorsque vous atteignez la route principale Rio Ter\u00e0 San Leonardo, tourner \u00e0 gauche vers Ponte delle Guglie. L\u2019Arcadia Boutique Hotel est \u00e0 200&nbsp;m\u00e8tres sur la droite.<\/p>\n<p>L\u2019Arcadia Boutique Hotel est \u00e9galement accessible en seulement 10&nbsp;minutes \u00e0 pied depuis la gare Santa Lucia. Apr\u00e8s le pont Calatrava, continuer tout droit le long de Lista di Spagna et traverser le Ponte delle Guglie. L\u2019Arcadia Boutique Hotel est \u00e0 30&nbsp;m\u00e8tres sur la gauche.<br \/>\nDepuis la gare Santa Lucia, vous pouvez \u00e9galement opter pour un bateau-taxi priv\u00e9 et rejoindre l\u2019embarcad\u00e8re du Ponte delle Guglie en 5&nbsp;minutes. L\u2019Arcadia Boutique Hotel est \u00e0 30&nbsp;m\u00e8tres sur la gauche.<\/p>\n","protected":false},"excerpt":{"rendered":"<p>Depuis Santa Lucia, prendre le vaporetto ligne&nbsp;4.2 ou&nbsp;5.2 et descendre \u00e0 l\u2019arr\u00eat Guglie. Tourner \u00e0 droite, puis avant le Ponte delle Guglie, tourner \u00e0 gauche le long du Rio Ter\u00e0 San Leonardo. L\u2019Arcadia Boutique Hotel est \u00e0 30&nbsp;m\u00e8tres sur la gauche. Sinon, prendre la ligne&nbsp;2 jusqu\u2019\u00e0 l\u2019arr\u00eat San Marcuola-Casino et descendre \u00e0 l\u2019arr\u00eat Guglie. Lorsque [&hellip;]<\/p>\n","protected":false},"author":1,"featured_media":0,"parent":2964,"menu_order":0,"comment_status":"closed","ping_status":"closed","template":"","meta":{"_acf_changed":false,"footnotes":""},"class_list":["post-2953","page","type-page","status-publish","hentry"],"acf":[],"_links":{"self":[{"href":"https:\/\/hotelarcadia.net\/fr\/wp-json\/wp\/v2\/pages\/2953","targetHints":{"allow":["GET"]}}],"collection":[{"href":"https:\/\/hotelarcadia.net\/fr\/wp-json\/wp\/v2\/pages"}],"about":[{"href":"https:\/\/hotelarcadia.net\/fr\/wp-json\/wp\/v2\/types\/page"}],"author":[{"embeddable":true,"href":"https:\/\/hotelarcadia.net\/fr\/wp-json\/wp\/v2\/users\/1"}],"replies":[{"embeddable":true,"href":"https:\/\/hotelarcadia.net\/fr\/wp-json\/wp\/v2\/comments?post=2953"}],"version-history":[{"count":0,"href":"https:\/\/hotelarcadia.net\/fr\/wp-json\/wp\/v2\/pages\/2953\/revisions"}],"up":[{"embeddable":true,"href":"https:\/\/hotelarcadia.net\/fr\/wp-json\/wp\/v2\/pages\/2964"}],"wp:attachment":[{"href":"https:\/\/hotelarcadia.net\/fr\/wp-json\/wp\/v2\/media?parent=2953"}],"curies":[{"name":"wp","href":"https:\/\/api.w.org\/{rel}","templated":true}]}}