{"id":2958,"date":"2017-01-30T17:34:38","date_gmt":"2017-01-30T17:34:38","guid":{"rendered":"https:\/\/www.hotelarcadia.net\/from-cruise-terminal\/"},"modified":"2025-04-29T09:27:24","modified_gmt":"2025-04-29T09:27:24","slug":"depuis-le-terminal-de-croisiere","status":"publish","type":"page","link":"https:\/\/hotelarcadia.net\/fr\/ou-nous-trouver\/depuis-le-terminal-de-croisiere\/","title":{"rendered":"DEPUIS LE TERMINAL DE CROISI\u00c8RE TRONCHETTO"},"content":{"rendered":"<p>Prendre le People Mover et rejoindre Piazzale Roma.<br \/>\nDe Piazzale Roma, prendre le vaporetto ligne&nbsp;4.2 ou&nbsp;5.2 et descendre \u00e0 l\u2019arr\u00eat Guglie. Tourner \u00e0 droite puis \u00e0 gauche le long du Rio Ter\u00e0 San Leonardo. L\u2019Arcadia Boutique Hotel est \u00e0 30&nbsp;m\u00e8tres sur la gauche.<br \/>\nSinon, prendre la ligne&nbsp;2 jusqu\u2019\u00e0 l\u2019arr\u00eat San Marcuola-Casino et descendre \u00e0 l\u2019arr\u00eat Guglie. Lorsque vous atteignez la route principale Rio Ter\u00e0 San Leonardo, tourner \u00e0 gauche vers Ponte delle Guglie. L\u2019Arcadia Boutique Hotel est \u00e0 200&nbsp;m\u00e8tres sur la droite.<\/p>\n<p>L\u2019Arcadia Boutique Hotel est \u00e9galement accessible en seulement 10&nbsp;minutes \u00e0 pied depuis Piazzale Roma. Apr\u00e8s le pont Calatrava, continuer tout droit le long de Lista di Spagna et traverser le Ponte delle Guglie. L\u2019Arcadia Boutique Hotel est \u00e0 30&nbsp;m\u00e8tres sur la gauche.<br \/>\nDe Piazzale Roma, vous pouvez \u00e9galement opter pour un bateau-taxi priv\u00e9 et rejoindre l\u2019embarcad\u00e8re de Ponte delle Guglie en 5&nbsp;minutes. L\u2019Arcadia Boutique Hotel est \u00e0 30&nbsp;m\u00e8tres sur la gauche. Allez \u00e0 l\u2019arr\u00eat People Mover (m\u00e9tro) pour Piazzale Roma. De l\u00e0, prenez le vaporetto ligne&nbsp;4.2 ou&nbsp;5.2 et descendez \u00e0 l\u2019arr\u00eat \u00ab&nbsp;Guglie&nbsp;\u00bb.<\/p>\n<p>Tournez \u00e0 droite vers Ponte delle Guglie puis \u00e0 gauche dans Rio Ter\u00e0 San Leonardo.<br \/>\nL\u2019H\u00f4tel-boutique Arcadia est situ\u00e9 apr\u00e8s 30&nbsp;m\u00e8tres sur la gauche.<\/p>\n<p>Si vous pr\u00e9f\u00e9rez nous rejoindre \u00e0 pied, vous n\u2019aurez besoin que de 10&nbsp;minutes de marche&nbsp;: traversez le pont Calatrava et, apr\u00e8s la gare, prenez la rue \u00ab&nbsp;Lista di Spagna&nbsp;\u00bb et traversez le \u00ab&nbsp;Ponte delle Guglie&nbsp;\u00bb, le deuxi\u00e8me et dernier pont de croix.<br \/>\nL\u2019H\u00f4tel-boutique Arcadia est situ\u00e9 \u00e0 30&nbsp;m\u00e8tres apr\u00e8s le pont sur le c\u00f4t\u00e9 gauche de la route.<\/p>\n<p>Depuis le port, vous pouvez \u00e9galement rejoindre l\u2019h\u00f4tel avec un service de taxi priv\u00e9 avec lequel vous d\u00e9barquez au d\u00e9barcad\u00e8re du Ponte delle Guglie, \u00e0 quelques m\u00e8tres de l\u2019Arcadia Boutique Hotel.<\/p>\n","protected":false},"excerpt":{"rendered":"<p>Prendre le People Mover et rejoindre Piazzale Roma. De Piazzale Roma, prendre le vaporetto ligne&nbsp;4.2 ou&nbsp;5.2 et descendre \u00e0 l\u2019arr\u00eat Guglie. Tourner \u00e0 droite puis \u00e0 gauche le long du Rio Ter\u00e0 San Leonardo. L\u2019Arcadia Boutique Hotel est \u00e0 30&nbsp;m\u00e8tres sur la gauche. Sinon, prendre la ligne&nbsp;2 jusqu\u2019\u00e0 l\u2019arr\u00eat San Marcuola-Casino et descendre \u00e0 l\u2019arr\u00eat [&hellip;]<\/p>\n","protected":false},"author":1,"featured_media":0,"parent":2964,"menu_order":0,"comment_status":"closed","ping_status":"closed","template":"","meta":{"_acf_changed":false,"footnotes":""},"class_list":["post-2958","page","type-page","status-publish","hentry"],"acf":[],"_links":{"self":[{"href":"https:\/\/hotelarcadia.net\/fr\/wp-json\/wp\/v2\/pages\/2958","targetHints":{"allow":["GET"]}}],"collection":[{"href":"https:\/\/hotelarcadia.net\/fr\/wp-json\/wp\/v2\/pages"}],"about":[{"href":"https:\/\/hotelarcadia.net\/fr\/wp-json\/wp\/v2\/types\/page"}],"author":[{"embeddable":true,"href":"https:\/\/hotelarcadia.net\/fr\/wp-json\/wp\/v2\/users\/1"}],"replies":[{"embeddable":true,"href":"https:\/\/hotelarcadia.net\/fr\/wp-json\/wp\/v2\/comments?post=2958"}],"version-history":[{"count":0,"href":"https:\/\/hotelarcadia.net\/fr\/wp-json\/wp\/v2\/pages\/2958\/revisions"}],"up":[{"embeddable":true,"href":"https:\/\/hotelarcadia.net\/fr\/wp-json\/wp\/v2\/pages\/2964"}],"wp:attachment":[{"href":"https:\/\/hotelarcadia.net\/fr\/wp-json\/wp\/v2\/media?parent=2958"}],"curies":[{"name":"wp","href":"https:\/\/api.w.org\/{rel}","templated":true}]}}