{"id":2961,"date":"2017-01-30T17:13:51","date_gmt":"2017-01-30T17:13:51","guid":{"rendered":"https:\/\/www.hotelarcadia.net\/from-airports\/"},"modified":"2025-04-29T09:44:09","modified_gmt":"2025-04-29T09:44:09","slug":"de-aeroports","status":"publish","type":"page","link":"https:\/\/hotelarcadia.net\/fr\/ou-nous-trouver\/de-aeroports\/","title":{"rendered":"DE L\u2019A\u00c9ROPORTS"},"content":{"rendered":"<p><strong>DE L\u2019A\u00c9ROPORT DE VENISE \u00ab&nbsp;MARCO POLO&nbsp;\u00bb<\/strong><\/p>\n<p><strong>Alilaguna \u2013&nbsp;ligne orange<\/strong>&nbsp;: apr\u00e8s 45&nbsp;minutes, descendre \u00e0 l\u2019arr\u00eat Guglie, tourner \u00e0 droite, puis lorsque vous atteignez Ponte delle Guglie, tourner \u00e0 gauche le long du Rio Ter\u00e0 San Leonardo. L\u2019Arcadia Boutique Hotel est \u00e0 30&nbsp;m\u00e8tres sur la gauche.<\/p>\n<p><strong>Bateau-taxi priv\u00e9<\/strong>&nbsp;: l\u2019embarcad\u00e8re du Ponte delle Guglie est accessible en 20&nbsp;minutes. L\u2019Arcadia Boutique Hotel est \u00e0 30&nbsp;m\u00e8tres sur la gauche.<\/p>\n<p><strong>Bus ATVO ou bus ACTV, ligne&nbsp;5<\/strong>&nbsp;: vous pouvez rejoindre Piazzale Roma en 25&nbsp;minutes.<\/p>\n<p><strong>Taxi<\/strong>&nbsp;: Piazzale Roma est accessible en 20&nbsp;minutes<br>* De Piazzale Roma, prendre le vaporetto ligne&nbsp;4.2 ou&nbsp;5.2 et descendre \u00e0 l\u2019arr\u00eat Guglie. Tourner \u00e0 droite puis, lorsque vous atteignez Ponte delle Guglie, tourner \u00e0 gauche le long du Rio Ter\u00e0 San Leonardo. L\u2019Arcadia Boutique Hotel est \u00e0 30&nbsp;m\u00e8tres sur la gauche.<br>Alternativement, prendre la ligne&nbsp;2 avec l\u2019arr\u00eat San Marcuola-Casino. Lorsque vous atteignez la route principale Rio Ter\u00e0 San Leonardo, tourner \u00e0 gauche vers Ponte delle Guglie. L\u2019Arcadia Boutique Hotel est situ\u00e9 \u00e0 200&nbsp;m\u00e8tres sur la droite avant le pont.<\/p>\n<p><strong>\u00c0 pied<\/strong>&nbsp;: l\u2019Arcadia Boutique Hotel est accessible en seulement 10&nbsp;minutes \u00e0 pied. Apr\u00e8s le pont Calatrava, continuer tout droit le long de Lista di Spagna et traverser le Ponte delle Guglie. L\u2019Arcadia Boutique Hotel est \u00e0 30&nbsp;m\u00e8tres sur la gauche.<\/p>\n<p><strong>Bateau-taxi priv\u00e9&nbsp;<\/strong>: depuis l\u2019embarcad\u00e8re de Piazzale Roma, l\u2019embarcad\u00e8re du Ponte delle Guglie est accessible en 5&nbsp;minutes. L\u2019Arcadia Boutique Hotel est \u00e0 30&nbsp;m\u00e8tres sur la gauche.<\/p>\n<hr>\n<p><strong>DEPUIS L\u2019A\u00c9ROPORT CANOVA DE TR\u00c9VISE.<\/strong><\/p>\n<p><strong>Bus ATVO ligne \u00ab&nbsp;Venezia-Piazzale Roma&nbsp;\u00bb<\/strong>&nbsp;: vous pouvez rejoindre Piazzale Roma en 1&nbsp;heure.<\/p>\n\n\n<p><\/p>\n","protected":false},"excerpt":{"rendered":"<p>DE L\u2019A\u00c9ROPORT DE VENISE \u00ab&nbsp;MARCO POLO&nbsp;\u00bb Alilaguna \u2013&nbsp;ligne orange&nbsp;: apr\u00e8s 45&nbsp;minutes, descendre \u00e0 l\u2019arr\u00eat Guglie, tourner \u00e0 droite, puis lorsque vous atteignez Ponte delle Guglie, tourner \u00e0 gauche le long du Rio Ter\u00e0 San Leonardo. L\u2019Arcadia Boutique Hotel est \u00e0 30&nbsp;m\u00e8tres sur la gauche. Bateau-taxi priv\u00e9&nbsp;: l\u2019embarcad\u00e8re du Ponte delle Guglie est accessible en 20&nbsp;minutes. [&hellip;]<\/p>\n","protected":false},"author":1,"featured_media":0,"parent":2964,"menu_order":0,"comment_status":"closed","ping_status":"closed","template":"","meta":{"_acf_changed":false,"footnotes":""},"class_list":["post-2961","page","type-page","status-publish","hentry"],"acf":[],"_links":{"self":[{"href":"https:\/\/hotelarcadia.net\/fr\/wp-json\/wp\/v2\/pages\/2961","targetHints":{"allow":["GET"]}}],"collection":[{"href":"https:\/\/hotelarcadia.net\/fr\/wp-json\/wp\/v2\/pages"}],"about":[{"href":"https:\/\/hotelarcadia.net\/fr\/wp-json\/wp\/v2\/types\/page"}],"author":[{"embeddable":true,"href":"https:\/\/hotelarcadia.net\/fr\/wp-json\/wp\/v2\/users\/1"}],"replies":[{"embeddable":true,"href":"https:\/\/hotelarcadia.net\/fr\/wp-json\/wp\/v2\/comments?post=2961"}],"version-history":[{"count":0,"href":"https:\/\/hotelarcadia.net\/fr\/wp-json\/wp\/v2\/pages\/2961\/revisions"}],"up":[{"embeddable":true,"href":"https:\/\/hotelarcadia.net\/fr\/wp-json\/wp\/v2\/pages\/2964"}],"wp:attachment":[{"href":"https:\/\/hotelarcadia.net\/fr\/wp-json\/wp\/v2\/media?parent=2961"}],"curies":[{"name":"wp","href":"https:\/\/api.w.org\/{rel}","templated":true}]}}