{"id":2964,"date":"2017-01-03T12:12:25","date_gmt":"2017-01-03T12:12:25","guid":{"rendered":"https:\/\/www.hotelarcadia.net\/reach-the-hotel\/"},"modified":"2025-04-29T08:55:08","modified_gmt":"2025-04-29T08:55:08","slug":"ou-nous-trouver","status":"publish","type":"page","link":"https:\/\/hotelarcadia.net\/fr\/ou-nous-trouver\/","title":{"rendered":"O\u00d9 NOUS TROUVER"},"content":{"rendered":"<p>Venise est la plus belle ville du monde, un lieu unique et magique, ayant chang\u00e9 au fil du temps mais qui a finalement toujours \u00e9t\u00e9 fid\u00e8le \u00e0 elle-m\u00eame.<br \/>\nElle se fiche que vous lui rendiez visite pour la premi\u00e8re fois ou que vous la connaissiez m\u00eame dans ses recoins les plus cach\u00e9s. Elle vous parle toujours droit au c\u0153ur et une fois que vous serez ici, vous verrez, tout change et vous commencerez \u00e0 voir les choses avec de nouveaux yeux.<br \/>\nChaque Sestriere de la ville est en soi unique et riche en histoire, mais le n\u00f4tre, Cannaregio, est vraiment le plus beau et le plus fascinant. Vous ne me croyez pas&nbsp;?!<br \/>\nIci, selon l\u2019heure de la journ\u00e9e ou les saisons, tout change constamment.<br \/>\nLe matin, la \u00ab&nbsp;strada nova&nbsp;\u00bb est pleine d\u2019activit\u00e9s, de bruits, de v\u00e9nitiens et d\u2019hommes d\u2019affaires qui bavardent et marchandent, de bars et de boutiques qui divertissent les clients et les touristes, comme s\u2019il s\u2019agissait de la sc\u00e8ne d\u2019un grand th\u00e9\u00e2tre.<br \/>\nLe soir cependant, tout change, et par magie, on n\u2019entend que la brise du lagon ou le chant d\u2019une mouette ou d\u2019un amoureux&#8230;<br \/>\nTournez simplement le coin de notre petit h\u00f4tel et perdez-vous dans les ruelles et les fondations de Cannaregio et imm\u00e9diatement, vous pourrez vous immerger dans la Venise des ann\u00e9es&nbsp;1700 ou des ann\u00e9es&nbsp;1400, 1500 ou bien&nbsp;1600&#8230;<br \/>\nIci, tout rappelle un pass\u00e9 glorieux et troubl\u00e9, un arc trilob\u00e9 byzantin ici, un haut relief ottoman par-l\u00e0, un cimeti\u00e8re napol\u00e9onien de l\u2019autre c\u00f4t\u00e9 du canal&#8230;<br \/>\nVous \u00eates ici, l\u00e0 o\u00f9 le silence rencontre l\u2019eau et o\u00f9 les \u00e9toiles dorlotent vos \u00e9motions.<\/p>\n","protected":false},"excerpt":{"rendered":"<p>Venise est la plus belle ville du monde, un lieu unique et magique, ayant chang\u00e9 au fil du temps mais qui a finalement toujours \u00e9t\u00e9 fid\u00e8le \u00e0 elle-m\u00eame. Elle se fiche que vous lui rendiez visite pour la premi\u00e8re fois ou que vous la connaissiez m\u00eame dans ses recoins les plus cach\u00e9s. Elle vous parle [&hellip;]<\/p>\n","protected":false},"author":1,"featured_media":3675,"parent":0,"menu_order":0,"comment_status":"closed","ping_status":"closed","template":"template-pages-arcadia.php","meta":{"_acf_changed":false,"footnotes":""},"class_list":["post-2964","page","type-page","status-publish","has-post-thumbnail","hentry"],"acf":[],"_links":{"self":[{"href":"https:\/\/hotelarcadia.net\/fr\/wp-json\/wp\/v2\/pages\/2964","targetHints":{"allow":["GET"]}}],"collection":[{"href":"https:\/\/hotelarcadia.net\/fr\/wp-json\/wp\/v2\/pages"}],"about":[{"href":"https:\/\/hotelarcadia.net\/fr\/wp-json\/wp\/v2\/types\/page"}],"author":[{"embeddable":true,"href":"https:\/\/hotelarcadia.net\/fr\/wp-json\/wp\/v2\/users\/1"}],"replies":[{"embeddable":true,"href":"https:\/\/hotelarcadia.net\/fr\/wp-json\/wp\/v2\/comments?post=2964"}],"version-history":[{"count":0,"href":"https:\/\/hotelarcadia.net\/fr\/wp-json\/wp\/v2\/pages\/2964\/revisions"}],"wp:featuredmedia":[{"embeddable":true,"href":"https:\/\/hotelarcadia.net\/fr\/wp-json\/wp\/v2\/media\/3675"}],"wp:attachment":[{"href":"https:\/\/hotelarcadia.net\/fr\/wp-json\/wp\/v2\/media?parent=2964"}],"curies":[{"name":"wp","href":"https:\/\/api.w.org\/{rel}","templated":true}]}}