{"id":2976,"date":"2017-01-03T12:15:05","date_gmt":"2017-01-03T12:15:05","guid":{"rendered":"https:\/\/www.hotelarcadia.net\/junior-suite\/"},"modified":"2025-11-05T17:36:01","modified_gmt":"2025-11-05T17:36:01","slug":"junior-suite","status":"publish","type":"page","link":"https:\/\/hotelarcadia.net\/fr\/chambres\/junior-suite\/","title":{"rendered":"JUNIOR SUITE"},"content":{"rendered":"<p>La Junior Suite est notre chambre la plus exclusive et la meilleure fa\u00e7on de vivre une exp\u00e9rience m\u00e9morable \u00e0 Venise et \u00e0 l\u2019Arcadia Boutique Hotel.<br \/>\nElle est \u00e9quip\u00e9e d\u2019un espace d\u00e9tente avec un parquet<span lang=\"FR\">, d\u2019une connexion Wi-Fi \u00e0 faible \u00e9mission, de la climatisation et du chauffage \u00e0 r\u00e9glage individuel, d\u2019une t\u00e9l\u00e9vision connect\u00e9e avec cha\u00eenes Sky et internationales, d\u2019un mini-bar de derni\u00e8re g\u00e9n\u00e9ration, d\u2019un coffre-fort \u00e9lectronique et d\u2019une bouilloire avec s\u00e9lection de th\u00e9s, caf\u00e9s et tisanes.<br \/>\n<\/span><span lang=\"FR\">Le matelas hypoallerg\u00e9nique et le menu d\u2019oreillers de diff\u00e9rentes densit\u00e9s ont \u00e9t\u00e9 s\u00e9lectionn\u00e9s avec une attention particuli\u00e8re, tandis que les draps brod\u00e9s sont en pur satin de coton \u00e9gyptien.<br \/>\n<\/span><span lang=\"FR\">La salle de bain avec baignoire o douche poss\u00e8de un splendide lavabo en verre de Murano ; les \u00e9ponges douces, le peignoir et les chaussons sont en pur coton am\u00e9ricain et les articles de toilette sont un petit fleuron de notre service, car ils sont une exclusivit\u00e9 pour Venise de Roberto Cavalli \u00e0 l\u2019Arcadia Boutique Hotel.<\/span><\/p>\n<p>PETIT-D\u00c9JEUNER DE 7&nbsp;H&nbsp;30 \u00c0 10&nbsp;H&nbsp;30<br data-rich-text-line-break=\"true\">D\u00c9PART AVANT 11&nbsp;H&nbsp;00<\/p>\n","protected":false},"excerpt":{"rendered":"<p>La Junior Suite est notre chambre la plus exclusive et la meilleure fa\u00e7on de vivre une exp\u00e9rience m\u00e9morable \u00e0 Venise et \u00e0 l\u2019Arcadia Boutique Hotel. Elle est \u00e9quip\u00e9e d\u2019un espace d\u00e9tente avec un parquet, d\u2019une connexion Wi-Fi \u00e0 faible \u00e9mission, de la climatisation et du chauffage \u00e0 r\u00e9glage individuel, d\u2019une t\u00e9l\u00e9vision connect\u00e9e avec cha\u00eenes Sky [&hellip;]<\/p>\n","protected":false},"author":1,"featured_media":518,"parent":2985,"menu_order":0,"comment_status":"closed","ping_status":"closed","template":"template-room-page.php","meta":{"_acf_changed":false,"footnotes":""},"class_list":["post-2976","page","type-page","status-publish","has-post-thumbnail","hentry"],"acf":[],"_links":{"self":[{"href":"https:\/\/hotelarcadia.net\/fr\/wp-json\/wp\/v2\/pages\/2976","targetHints":{"allow":["GET"]}}],"collection":[{"href":"https:\/\/hotelarcadia.net\/fr\/wp-json\/wp\/v2\/pages"}],"about":[{"href":"https:\/\/hotelarcadia.net\/fr\/wp-json\/wp\/v2\/types\/page"}],"author":[{"embeddable":true,"href":"https:\/\/hotelarcadia.net\/fr\/wp-json\/wp\/v2\/users\/1"}],"replies":[{"embeddable":true,"href":"https:\/\/hotelarcadia.net\/fr\/wp-json\/wp\/v2\/comments?post=2976"}],"version-history":[{"count":0,"href":"https:\/\/hotelarcadia.net\/fr\/wp-json\/wp\/v2\/pages\/2976\/revisions"}],"up":[{"embeddable":true,"href":"https:\/\/hotelarcadia.net\/fr\/wp-json\/wp\/v2\/pages\/2985"}],"wp:featuredmedia":[{"embeddable":true,"href":"https:\/\/hotelarcadia.net\/fr\/wp-json\/wp\/v2\/media\/518"}],"wp:attachment":[{"href":"https:\/\/hotelarcadia.net\/fr\/wp-json\/wp\/v2\/media?parent=2976"}],"curies":[{"name":"wp","href":"https:\/\/api.w.org\/{rel}","templated":true}]}}