{"id":2982,"date":"2017-01-03T12:14:22","date_gmt":"2017-01-03T12:14:22","guid":{"rendered":"https:\/\/www.hotelarcadia.net\/double-classic\/"},"modified":"2025-11-04T18:20:32","modified_gmt":"2025-11-04T18:20:32","slug":"double-classique","status":"publish","type":"page","link":"https:\/\/hotelarcadia.net\/fr\/chambres\/double-classique\/","title":{"rendered":"DOUBLE CLASSIQUE"},"content":{"rendered":"<p>La chambre Double Classic dispose de tous les meilleurs conforts, et a \u00e9t\u00e9 cr\u00e9\u00e9e en accordant une attention particuli\u00e8re \u00e0 chaque d\u00e9tail.<br \/>\nElle est \u00e9quip\u00e9e d\u2019un parquet, d\u2019une connexion Wi-Fi \u00e0 faible \u00e9mission, de la climatisation et du chauffage \u00e0 r\u00e9glage individuel, d\u2019une t\u00e9l\u00e9vision connect\u00e9e avec cha\u00eenes Sky et internationales, d\u2019un mini-bar de derni\u00e8re g\u00e9n\u00e9ration, d\u2019un coffre-fort \u00e9lectronique et d\u2019une bouilloire avec s\u00e9lection de th\u00e9s, caf\u00e9s et tisanes.<br \/>\nLe matelas hypoallerg\u00e9nique et le menu d\u2019oreillers de diff\u00e9rentes densit\u00e9s ont \u00e9t\u00e9 s\u00e9lectionn\u00e9s avec une attention particuli\u00e8re, tandis que les draps brod\u00e9s sont en pur satin de coton \u00e9gyptien.<br \/>\nLa salle de bain avec douche poss\u00e8de un splendide lavabo en verre de Murano\u00a0; les \u00e9ponges douces, le peignoir et les chaussons sont en pur coton am\u00e9ricain et les articles de toilette sont un petit fleuron de notre service, car ils sont une exclusivit\u00e9 pour Venise de Roberto Cavalli \u00e0 l\u2019Arcadia Boutique Hotel.<\/p>\n<p>PETIT-D\u00c9JEUNER DE 7\u00a0H\u00a030 \u00c0 10\u00a0H\u00a030<br \/>\nD\u00c9PART AVANT 11\u00a0H\u00a000<\/p>\n","protected":false},"excerpt":{"rendered":"<p>La chambre Double Classic dispose de tous les meilleurs conforts, et a \u00e9t\u00e9 cr\u00e9\u00e9e en accordant une attention particuli\u00e8re \u00e0 chaque d\u00e9tail. Elle est \u00e9quip\u00e9e d\u2019un parquet, d\u2019une connexion Wi-Fi \u00e0 faible \u00e9mission, de la climatisation et du chauffage \u00e0 r\u00e9glage individuel, d\u2019une t\u00e9l\u00e9vision connect\u00e9e avec cha\u00eenes Sky et internationales, d\u2019un mini-bar de derni\u00e8re g\u00e9n\u00e9ration, [&hellip;]<\/p>\n","protected":false},"author":1,"featured_media":461,"parent":2985,"menu_order":0,"comment_status":"closed","ping_status":"closed","template":"template-room-page.php","meta":{"_acf_changed":false,"footnotes":""},"class_list":["post-2982","page","type-page","status-publish","has-post-thumbnail","hentry"],"acf":[],"_links":{"self":[{"href":"https:\/\/hotelarcadia.net\/fr\/wp-json\/wp\/v2\/pages\/2982","targetHints":{"allow":["GET"]}}],"collection":[{"href":"https:\/\/hotelarcadia.net\/fr\/wp-json\/wp\/v2\/pages"}],"about":[{"href":"https:\/\/hotelarcadia.net\/fr\/wp-json\/wp\/v2\/types\/page"}],"author":[{"embeddable":true,"href":"https:\/\/hotelarcadia.net\/fr\/wp-json\/wp\/v2\/users\/1"}],"replies":[{"embeddable":true,"href":"https:\/\/hotelarcadia.net\/fr\/wp-json\/wp\/v2\/comments?post=2982"}],"version-history":[{"count":0,"href":"https:\/\/hotelarcadia.net\/fr\/wp-json\/wp\/v2\/pages\/2982\/revisions"}],"up":[{"embeddable":true,"href":"https:\/\/hotelarcadia.net\/fr\/wp-json\/wp\/v2\/pages\/2985"}],"wp:featuredmedia":[{"embeddable":true,"href":"https:\/\/hotelarcadia.net\/fr\/wp-json\/wp\/v2\/media\/461"}],"wp:attachment":[{"href":"https:\/\/hotelarcadia.net\/fr\/wp-json\/wp\/v2\/media?parent=2982"}],"curies":[{"name":"wp","href":"https:\/\/api.w.org\/{rel}","templated":true}]}}