{"id":2985,"date":"2017-01-03T10:23:32","date_gmt":"2017-01-03T10:23:32","guid":{"rendered":"https:\/\/www.hotelarcadia.net\/rooms\/"},"modified":"2025-04-29T07:16:55","modified_gmt":"2025-04-29T07:16:55","slug":"chambres","status":"publish","type":"page","link":"https:\/\/hotelarcadia.net\/fr\/chambres\/","title":{"rendered":"CHAMBRES"},"content":{"rendered":"<p>\u00ab&nbsp;L\u2019Arcadia est un petit h\u00f4tel-boutique tr\u00e8s raffin\u00e9 et \u00e9l\u00e9gant install\u00e9 dans les \u00e9tages nobles d\u2019un Palais v\u00e9nitien du XVIIe&nbsp;si\u00e8cle.<br \/>\nLa restauration que ma famille a effectu\u00e9e a \u00e9t\u00e9 r\u00e9alis\u00e9e en essayant de pr\u00e9server au maximum l\u2019architecture et les d\u00e9corations d\u2019origine du b\u00e2timent, et en apportant dans ces murs toute la passion et l\u2019amour que nous avons pour notre travail et pour cette ville.<br \/>\nS\u00e9journer ici, c\u2019est comprendre les origines et l\u2019histoire de ce b\u00e2timent et partager notre mission familiale, vou\u00e9e \u00e0 l\u2019hospitalit\u00e9.<br \/>\nPour nous, l\u2019Arcadia Boutique n\u2019est pas seulement un h\u00f4tel, c\u2019est notre maison.<br \/>\nS\u00e9journer ici, c\u2019est aussi partager un petit bout de vie dans notre merveilleuse ville, comprendre ses \u00e9quilibres d\u00e9licats et surr\u00e9alistes, toujours partag\u00e9s entre la terre, l\u2019eau et l\u2019air.<br \/>\nLe r\u00e9sultat de notre travail de conservation est un espace \u00e9l\u00e9gant et confortable, o\u00f9 l\u2019ancien et le contemporain se m\u00ealent avec une fluidit\u00e9 peu commune.&nbsp;\u00bb<\/p>\n<p>L\u2019Arcadia Boutique Hotel dispose de peu de chambres, et bien que chacune soit diff\u00e9rente de l\u2019autre par sa taille et son agencement, chacune est \u00e9quip\u00e9e des meilleurs \u00e9quipements et accessoires. Tous choisis avec un soin obsessionnel et avec la seule et unique volont\u00e9 de vous garantir un confort de premier ordre et un s\u00e9jour d\u2019une qualit\u00e9 absolue.<br \/>\nLa vraie qualit\u00e9 ainsi que le moindre d\u00e9tail sont importants pour nous et ici, rien n\u2019est laiss\u00e9 au hasard. Croyez-le.<br \/>\nLe logo officiel de l\u2019Arcadia est un arc trilob\u00e9 stylis\u00e9 et repr\u00e9sente pour notre projet la fusion magique entre l\u2019Orient et l\u2019Occident.<br \/>\nC\u2019est une synth\u00e8se de notre philosophie et c\u2019est ce que nous avons choisi pour ce petit h\u00f4tel de charme. Vous pouvez le trouver dans de nombreux d\u00e9tails de d\u00e9coration et d\u2019ameublement, tant \u00e0 l\u2019int\u00e9rieur des chambres que dans les espaces communs, et il scelle notre engagement constant \u00e0 traiter avec honneur et respect chaque \u00e9motion que vous souhaitez partager ici avec nous.<\/p>\n","protected":false},"excerpt":{"rendered":"<p>\u00ab&nbsp;L\u2019Arcadia est un petit h\u00f4tel-boutique tr\u00e8s raffin\u00e9 et \u00e9l\u00e9gant install\u00e9 dans les \u00e9tages nobles d\u2019un Palais v\u00e9nitien du XVIIe&nbsp;si\u00e8cle. La restauration que ma famille a effectu\u00e9e a \u00e9t\u00e9 r\u00e9alis\u00e9e en essayant de pr\u00e9server au maximum l\u2019architecture et les d\u00e9corations d\u2019origine du b\u00e2timent, et en apportant dans ces murs toute la passion et l\u2019amour que nous [&hellip;]<\/p>\n","protected":false},"author":1,"featured_media":0,"parent":0,"menu_order":0,"comment_status":"closed","ping_status":"closed","template":"template-pages-arcadia.php","meta":{"_acf_changed":false,"footnotes":""},"class_list":["post-2985","page","type-page","status-publish","hentry"],"acf":[],"_links":{"self":[{"href":"https:\/\/hotelarcadia.net\/fr\/wp-json\/wp\/v2\/pages\/2985","targetHints":{"allow":["GET"]}}],"collection":[{"href":"https:\/\/hotelarcadia.net\/fr\/wp-json\/wp\/v2\/pages"}],"about":[{"href":"https:\/\/hotelarcadia.net\/fr\/wp-json\/wp\/v2\/types\/page"}],"author":[{"embeddable":true,"href":"https:\/\/hotelarcadia.net\/fr\/wp-json\/wp\/v2\/users\/1"}],"replies":[{"embeddable":true,"href":"https:\/\/hotelarcadia.net\/fr\/wp-json\/wp\/v2\/comments?post=2985"}],"version-history":[{"count":0,"href":"https:\/\/hotelarcadia.net\/fr\/wp-json\/wp\/v2\/pages\/2985\/revisions"}],"wp:attachment":[{"href":"https:\/\/hotelarcadia.net\/fr\/wp-json\/wp\/v2\/media?parent=2985"}],"curies":[{"name":"wp","href":"https:\/\/api.w.org\/{rel}","templated":true}]}}