{"id":5618,"date":"2025-03-21T11:30:34","date_gmt":"2025-03-21T11:30:34","guid":{"rendered":"https:\/\/www.hotelarcadia.net\/?page_id=5618"},"modified":"2025-11-13T11:18:31","modified_gmt":"2025-11-13T11:18:31","slug":"hotel-le-plus-romantique-de-venise","status":"publish","type":"page","link":"https:\/\/hotelarcadia.net\/fr\/hotel-le-plus-romantique-de-venise\/","title":{"rendered":"L&rsquo;h\u00f4tel le plus romantique de Venise"},"content":{"rendered":"\n<h3 class=\"wp-block-heading has-text-align-left\">Vivez la magie de l\u2019amour au c\u0153ur authentique de la S\u00e9r\u00e9nissime<\/h3>\n\n\n\n<p class=\"has-text-align-left\">Si vous recherchez l&rsquo;h\u00f4tel le plus romantique de Venise, nous vous accueillons dans un lieu o\u00f9 chaque d\u00e9tail raconte une histoire d&rsquo;amour. Nous ne faisons pas partie du circuit touristique classique: ici, entre ruelles silencieuses et ponts de pierre, on respire l\u2019essence la plus intime et authentique de la ville. Notre boutique-h\u00f4tel, situ\u00e9 dans le charmant quartier de Cannaregio, est le refuge id\u00e9al pour les couples en qu\u00eate d\u2019\u00e9motion, de tranquillit\u00e9 et de beaut\u00e9.<\/p>\n\n\n\n<h3 class=\"wp-block-heading has-text-align-left\">Un s\u00e9jour romantique inoubliable, en toute saison<\/h3>\n\n\n\n<p class=\"has-text-align-left\">Qu\u2019il s\u2019agisse d\u2019une lune de miel, d\u2019un anniversaire ou d\u2019une simple escapade amoureuse, notre h\u00f4tel est con\u00e7u pour accueillir des moments sp\u00e9ciaux. Les chambres, d\u00e9cor\u00e9es avec \u00e9l\u00e9gance v\u00e9nitienne et des touches modernes, offrent confort et charme. Certaines offrent une <strong>vue sur les toits de la ville ou sur des canaux paisibles<\/strong>, id\u00e9ales pour un toast au coucher du soleil avec un verre de prosecco.<\/p>\n\n\n\n<p class=\"has-text-align-left\">Gr\u00e2ce \u00e0 notre <strong>emplacement strat\u00e9gique<\/strong>, \u00e0 quelques pas du Ponte delle Guglie et du Ghetto Juif, vous d\u00e9couvrirez Venise de mani\u00e8re authentique, loin des itin\u00e9raires touristiques bond\u00e9s. Depuis notre porte, partez pour des <strong>itin\u00e9raires romantiques \u00e0 pied<\/strong>, entre vues po\u00e9tiques, bacari cach\u00e9s et coins inattendus o\u00f9 r\u00eaver \u00e0 deux.<\/p>\n\n\n\n<h3 class=\"wp-block-heading has-text-align-left\">Des exp\u00e9riences romantiques sur mesure<\/h3>\n\n\n\n<p class=\"has-text-align-left\">Au-del\u00e0 de l\u2019h\u00e9bergement, nous proposons des exp\u00e9riences pens\u00e9es pour les couples:<\/p>\n\n\n\n<p class=\"has-text-align-left\">&#8211; <strong>D\u00eeners romantiques aux chandelles<\/strong> dans des restaurants traditionnels s\u00e9lectionn\u00e9s<\/p>\n\n\n\n<p class=\"has-text-align-left\">&#8211; <strong>Balades en gondole au coucher du soleil<\/strong> dans des canaux secrets<\/p>\n\n\n\n<p class=\"has-text-align-left\">&#8211; <strong>Kit de bienvenue romantique<\/strong> en chambre (fleurs fra\u00eeches, prosecco, chocolats artisanaux)<\/p>\n\n\n\n<p class=\"has-text-align-left\">&#8211; <strong>Itin\u00e9raires de promenade sugg\u00e9r\u00e9s<\/strong>, \u00e0 la d\u00e9couverte des lieux les plus romantiques de Venise<\/p>\n\n\n\n<p class=\"has-text-align-left\">Chaque d\u00e9tail est pens\u00e9 pour vous faire vivre un film d\u2019amour dans le d\u00e9cor enchanteur de la lagune.<\/p>\n\n\n\n<h3 class=\"wp-block-heading has-text-align-left\">Notre secret? Une Venise \u00e0 vivre \u00e0 deux<\/h3>\n\n\n\n<p class=\"has-text-align-left\">Ce qui rend notre h\u00f4tel si sp\u00e9cial, ce n\u2019est pas seulement l\u2019\u00e9l\u00e9gance des chambres ou la chaleur de notre accueil, mais l\u2019exp\u00e9rience que nous construisons avec vous. Venise est une ville d\u2019\u00e2me, et nous voulons vous la faire vivre <strong>lentement, avec authenticit\u00e9 et passion<\/strong>.<\/p>\n\n\n\n<p class=\"has-text-align-left\">Nous sommes au c\u0153ur d\u2019un quartier v\u00e9nitien encore habit\u00e9 par les locaux, entre ateliers d\u2019artisans, caf\u00e9s d\u2019un autre temps et silences suspendus au-dessus de l\u2019eau. D\u2019ici, chaque promenade devient une d\u00e9couverte. Parmi les \u00e9tapes incontournables pour un couple amoureux:<\/p>\n\n\n\n<p class=\"has-text-align-left\">&#8211; <strong>Le Ponte delle Guglie<\/strong>, parfait au coucher du soleil<\/p>\n\n\n\n<p class=\"has-text-align-left\">&#8211; <strong>Le Ghetto Juif<\/strong>, avec son atmosph\u00e8re recueillie et envo\u00fbtante<\/p>\n\n\n\n<p class=\"has-text-align-left\">&#8211; <strong>Campo dei Mori<\/strong>, plong\u00e9 dans une Venise hors du temps<\/p>\n\n\n\n<p class=\"has-text-align-left\">&#8211; <strong>Les Fondamenta della Misericordia<\/strong>, id\u00e9ales pour un ap\u00e9ritif en bord de canal<\/p>\n\n\n\n<p class=\"has-text-align-left\">Toutes ces exp\u00e9riences sont d\u00e9taill\u00e9es dans nos pages d\u00e9di\u00e9es aux <strong>itin\u00e9raires romantiques<\/strong>, \u00e0 d\u00e9couvrir en bas de cette page.<\/p>\n\n\n\n<h3 class=\"wp-block-heading has-text-align-left\">Offre sp\u00e9ciale romantique pour les couples<\/h3>\n\n\n\n<p class=\"has-text-align-left\">Pour rendre votre s\u00e9jour encore plus inoubliable, nous avons cr\u00e9\u00e9 une <strong>Offre Romantique Exclusive<\/strong>:<\/p>\n\n\n\n<p class=\"has-text-align-left\">&#8211; R\u00e9duction sp\u00e9ciale pour tout s\u00e9jour de minimum 2 nuits<\/p>\n\n\n\n<p class=\"has-text-align-left\">&#8211; Kit romantique offert<\/p>\n\n\n\n<p class=\"has-text-align-left\">&#8211; D\u00e9part tardif sur demande (sous r\u00e9serve de disponibilit\u00e9)<\/p>\n\n\n\n<p class=\"has-text-align-left\">&#8211; Itin\u00e9raire personnalis\u00e9 et carte des lieux romantiques<\/p>\n\n\n\n<p class=\"has-text-align-left\">En r\u00e9servant directement sur notre site, vous b\u00e9n\u00e9ficiez toujours <strong>du meilleur prix garanti<\/strong> et d\u2019un accueil personnalis\u00e9 pour les couples.<\/p>\n\n\n\n<h3 class=\"wp-block-heading has-text-align-left\">Avis r\u00e9els de ceux qui nous ont choisis par amour<\/h3>\n\n\n\n<p class=\"has-text-align-left\"><em>\u00ab\u00a0Nous avons c\u00e9l\u00e9br\u00e9 notre anniversaire dans cet h\u00f4tel et nous avons \u00e9t\u00e9 enchant\u00e9s. L\u2019emplacement est parfait, calme mais central, et le personnel nous a choy\u00e9s.\u00a0\u00bb<\/em><br>\u2014 <strong>Giulia &amp; Andrea<\/strong><\/p>\n\n\n\n<p class=\"has-text-align-left\"><em>\u00ab\u00a0Un lieu magique. La chambre \u00e9tait magnifique, avec des d\u00e9tails raffin\u00e9s et une atmosph\u00e8re de r\u00eave. Nous avons suivi l\u2019itin\u00e9raire romantique propos\u00e9 et nous sommes encore plus tomb\u00e9s amoureux de Venise.\u00a0\u00bb<\/em><br>\u2014 <strong>Sophie &amp; Marc<\/strong><\/p>\n","protected":false},"excerpt":{"rendered":"<p>Vivez la magie de l\u2019amour au c\u0153ur authentique de la S\u00e9r\u00e9nissime Si vous recherchez l&rsquo;h\u00f4tel le plus romantique de Venise, nous vous accueillons dans un lieu o\u00f9 chaque d\u00e9tail raconte une histoire d&rsquo;amour. Nous ne faisons pas partie du circuit touristique classique: ici, entre ruelles silencieuses et ponts de pierre, on respire l\u2019essence la plus [&hellip;]<\/p>\n","protected":false},"author":1,"featured_media":6252,"parent":0,"menu_order":0,"comment_status":"closed","ping_status":"closed","template":"template-pages-arcadia.php","meta":{"_acf_changed":true,"footnotes":""},"class_list":["post-5618","page","type-page","status-publish","has-post-thumbnail","hentry"],"acf":[],"_links":{"self":[{"href":"https:\/\/hotelarcadia.net\/fr\/wp-json\/wp\/v2\/pages\/5618","targetHints":{"allow":["GET"]}}],"collection":[{"href":"https:\/\/hotelarcadia.net\/fr\/wp-json\/wp\/v2\/pages"}],"about":[{"href":"https:\/\/hotelarcadia.net\/fr\/wp-json\/wp\/v2\/types\/page"}],"author":[{"embeddable":true,"href":"https:\/\/hotelarcadia.net\/fr\/wp-json\/wp\/v2\/users\/1"}],"replies":[{"embeddable":true,"href":"https:\/\/hotelarcadia.net\/fr\/wp-json\/wp\/v2\/comments?post=5618"}],"version-history":[{"count":0,"href":"https:\/\/hotelarcadia.net\/fr\/wp-json\/wp\/v2\/pages\/5618\/revisions"}],"wp:featuredmedia":[{"embeddable":true,"href":"https:\/\/hotelarcadia.net\/fr\/wp-json\/wp\/v2\/media\/6252"}],"wp:attachment":[{"href":"https:\/\/hotelarcadia.net\/fr\/wp-json\/wp\/v2\/media?parent=5618"}],"curies":[{"name":"wp","href":"https:\/\/api.w.org\/{rel}","templated":true}]}}