{"id":5882,"date":"2025-03-25T13:46:02","date_gmt":"2025-03-25T13:46:02","guid":{"rendered":"https:\/\/www.hotelarcadia.net\/lhotel-le-plus-romantique-de-venise\/i-luoghi-piu-fotogenici-per-coppie\/"},"modified":"2025-07-21T09:15:02","modified_gmt":"2025-07-21T09:15:02","slug":"ou-prendre-les-photos-de-couple-les-plus-romantiques-a-venise","status":"publish","type":"page","link":"https:\/\/hotelarcadia.net\/fr\/hotel-le-plus-romantique-de-venise\/ou-prendre-les-photos-de-couple-les-plus-romantiques-a-venise\/","title":{"rendered":"O\u00f9 prendre les photos de couple les plus romantiques \u00e0 Venise?"},"content":{"rendered":"\n<p class=\"has-text-align-left\">Venise est une ville faite pour \u00eatre photographi\u00e9e. Ses ruelles, ses canaux et ses places offrent des panoramas dignes d\u2019un r\u00eave, o\u00f9 chaque coin raconte une histoire d\u2019amour. Si vous \u00eates \u00e0 la recherche des <strong>endroits parfaits pour prendre des photos romantiques<\/strong> avec votre partenaire, l\u2019<strong>Arcadia Boutique Hotel<\/strong> est le point de d\u00e9part id\u00e9al pour explorer les coins les plus photog\u00e9niques de cette ville intemporelle.<\/p>\n\n\n\n<h3 class=\"wp-block-heading has-text-align-left\">Le Pont du Rialto: l\u2019ic\u00f4ne romantique de Venise<\/h3>\n\n\n\n<p class=\"has-text-align-left\">Le <strong>Pont du Rialto<\/strong> est l\u2019un des lieux les plus photographi\u00e9s au monde, et ce n\u2019est pas un hasard: de son sommet, on b\u00e9n\u00e9ficie d\u2019une vue imprenable sur le Grand Canal. Ici, les couples s\u2019arr\u00eatent pour immortaliser le moment, notamment au coucher du soleil, lorsque le soleil se refl\u00e8te sur l\u2019eau et les b\u00e2timents avec des teintes dor\u00e9es.<\/p>\n\n\n\n<blockquote class=\"wp-block-quote has-text-align-left is-layout-flow wp-block-quote-is-layout-flow\">\n<p><strong>Conseil romantique<\/strong>: une photo au coucher du soleil, avec le soleil se refl\u00e9tant sur le canal et la ville qui commence \u00e0 briller sous des lumi\u00e8res chaudes, est un souvenir inoubliable.<\/p>\n<\/blockquote>\n\n\n\n<h3 class=\"wp-block-heading has-text-align-left\">La Basilique de Saint-Marc: \u00e9l\u00e9gance intemporelle<\/h3>\n\n\n\n<p class=\"has-text-align-left\"><strong>Place Saint-Marc<\/strong> est un autre lieu embl\u00e9matique pour prendre des photos romantiques. La majestueuse <strong>Basilique de Saint-Marc<\/strong>, avec ses coupoles et ses mosa\u00efques dor\u00e9es, constitue un arri\u00e8re-plan splendide pour chaque photo. Les d\u00e9tails architecturaux, la grandeur de la place et l\u2019atmosph\u00e8re magique en font le cadre id\u00e9al pour les photos.<\/p>\n\n\n\n<blockquote class=\"wp-block-quote has-text-align-left is-layout-flow wp-block-quote-is-layout-flow\">\n<p><strong>Conseil romantique<\/strong>: entrez sur la place t\u00f4t le matin, lorsqu\u2019elle est encore vide, et prenez une photo sous les arcades de la basilique pour capturer toute sa magnificence sans la foule.<\/p>\n<\/blockquote>\n\n\n\n<h3 class=\"wp-block-heading has-text-align-left\">Les gondoles: une ic\u00f4ne de Venise<\/h3>\n\n\n\n<p class=\"has-text-align-left\">Impossible de penser \u00e0 Venise sans imaginer les embl\u00e9matiques <strong>gondoles<\/strong> qui glissent sur les canaux. Un tour en gondole est l\u2019une des exp\u00e9riences les plus romantiques de la ville, et il est indispensable de capturer ce moment en photo. Que ce soit un baiser sous un pont ou une photo de vous glissant lentement sur l\u2019eau, chaque coin de Venise avec une gondole en premier plan est parfait pour un souvenir.<\/p>\n\n\n\n<blockquote class=\"wp-block-quote has-text-align-left is-layout-flow wp-block-quote-is-layout-flow\">\n<p><strong>Conseil romantique<\/strong>: prenez une photo au coucher du soleil, avec la gondole glissant sur l\u2019eau r\u00e9fl\u00e9chissante, c\u2019est une sc\u00e8ne de film que tous les couples r\u00eavent de vivre.<\/p>\n<\/blockquote>\n\n\n\n<h3 class=\"wp-block-heading has-text-align-left\">Le Pont des Guglie: romantique et authentique<\/h3>\n\n\n\n<p class=\"has-text-align-left\">Si vous cherchez un coin plus tranquille et authentique de Venise, le<a href=\"https:\/\/hotelarcadia.net\/fr\/lhotel-le-plus-romantique-de-venise\/ponte-delle-guglie\/\" data-type=\"URL\" data-id=\"https:\/\/hotelarcadia.net\/fr\/lhotel-le-plus-romantique-de-venise\/ponte-delle-guglie\/\"> <strong><em>Pont des Guglie<\/em><\/strong><\/a> est parfait. Situ\u00e9 \u00e0 quelques pas de l\u2019<strong>Arcadia Boutique Hotel<\/strong>, il est moins fr\u00e9quent\u00e9 que d\u2019autres ponts c\u00e9l\u00e8bres mais tout aussi charmant. Ses fl\u00e8ches en pierre blanche se d\u00e9tachent contre le ciel et les reflets sur le canal cr\u00e9ent une sc\u00e8ne sereine et romantique.<\/p>\n\n\n\n<blockquote class=\"wp-block-quote has-text-align-left is-layout-flow wp-block-quote-is-layout-flow\">\n<p><strong>Conseil romantique<\/strong>: prenez une photo au coucher du soleil ou \u00e0 l\u2019aube, lorsque la lumi\u00e8re est plus douce et que le pont se refl\u00e8te sur l\u2019eau, cr\u00e9ant l\u2019ambiance parfaite pour un baiser.<\/p>\n<\/blockquote>\n\n\n\n<h3 class=\"wp-block-heading has-text-align-left\">Les Jardins de Villa Nettuno: verdure et calme<\/h3>\n\n\n\n<p class=\"has-text-align-left\">Un autre endroit \u00e0 ne pas manquer pour des prises de vue romantiques est la <strong><em>Villa Nettuno<\/em><\/strong>, qui offre de magnifiques jardins et des vues panoramiques sur la ville. Ce lieu verdoyant, loin du tumulte touristique, est parfait pour les couples souhaitant prendre des photos entour\u00e9s par la nature.<\/p>\n\n\n\n<blockquote class=\"wp-block-quote has-text-align-left is-layout-flow wp-block-quote-is-layout-flow\">\n<p><strong>Conseil romantique<\/strong>: asseyez-vous sur un banc dans les jardins, avec le Grand Canal en arri\u00e8re-plan, et capturez un moment de s\u00e9r\u00e9nit\u00e9 et de complicit\u00e9 en photo.<\/p>\n<\/blockquote>\n\n\n\n<h3 class=\"wp-block-heading has-text-align-left\">Les calli de Cannaregio: un coin cach\u00e9 de Venise<\/h3>\n\n\n\n<p class=\"has-text-align-left\">Si vous souhaitez vivre la vraie Venise, faite de <strong>calli \u00e9troites et de ruelles secr\u00e8tes<\/strong>, <em>Cannaregio<\/em> est l\u2019endroit qu\u2019il vous faut. Ici, chaque coin est parfait pour une photo romantique: petits ponts, reflets sur l\u2019eau et cours int\u00e9rieures cach\u00e9es offrent de charmants d\u00e9cors pour des clich\u00e9s.<\/p>\n\n\n\n<blockquote class=\"wp-block-quote has-text-align-left is-layout-flow wp-block-quote-is-layout-flow\">\n<p><strong>Conseil romantique<\/strong>: laissez votre appareil capturer un baiser en vous promenant le long d\u2019une des fondamenta tranquilles, loin des foules.<\/p>\n<\/blockquote>\n\n\n\n<h3 class=\"wp-block-heading has-text-align-left\">L\u2019Arcadia: l\u2019h\u00f4tel qui inspire<\/h3>\n\n\n\n<p class=\"has-text-align-left\">L\u2019<strong>Arcadia Boutique Hotel<\/strong> lui-m\u00eame est un lieu romantique \u00e0 photographier. Ses <strong>salons \u00e9l\u00e9gants<\/strong>, le <strong>lustre en verre de Murano<\/strong> qui \u00e9claire le hall principal et ses <strong>chambres intimes<\/strong> sont le cadre id\u00e9al pour des photos plus personnelles, o\u00f9 l\u2019atmosph\u00e8re romantique se m\u00eale \u00e0 l\u2019\u00e9l\u00e9gance du lieu.<\/p>\n\n\n\n<blockquote class=\"wp-block-quote has-text-align-left is-layout-flow wp-block-quote-is-layout-flow\">\n<p><strong>Conseil romantique<\/strong>: profitez de la lumi\u00e8re douce du soir et prenez une photo dans le salon, avec le lustre de Murano ajoutant une lumi\u00e8re chaleureuse et accueillante.<\/p>\n<\/blockquote>\n\n\n\n<h3 class=\"wp-block-heading has-text-align-left\">Conseils de l\u2019\u00e9quipe Arcadia<\/h3>\n\n\n\n<blockquote class=\"wp-block-quote has-text-align-left is-layout-flow wp-block-quote-is-layout-flow\">\n<p>\u201cApportez toujours un appareil photo ou un smartphone avec beaucoup de m\u00e9moire : Venise est trop belle pour ne pas la capturer \u00e0 chaque coin.\u201d<br>\u201cLe coucher du soleil est le moment id\u00e9al pour des photos romantiques : la lumi\u00e8re est chaude et cr\u00e9e une magie que vous ne trouverez nulle part ailleurs.\u201d<br>\u201cN\u2019oubliez pas de faire un selfie sous le Pont du Rialto ou avec les gondoles en arri\u00e8re-plan.\u201d<\/p>\n<\/blockquote>\n\n\n\n<p class=\"has-text-align-left\"><strong>R\u00e9servez votre s\u00e9jour \u00e0 l\u2019Arcadia Boutique Hotel<\/strong> et d\u00e9couvrez les endroits les plus romantiques de Venise \u00e0 travers l\u2019objectif de votre appareil photo.<br>Ou <strong><a href=\"https:\/\/hotelarcadia.net\/fr\/\" data-type=\"URL\" data-id=\"https:\/\/hotelarcadia.net\/fr\/\">contactez-nous<\/a><\/strong> pour des conseils personnalis\u00e9s sur les lieux les plus photog\u00e9niques et romantiques de Venise.<\/p>\n","protected":false},"excerpt":{"rendered":"<p>Venise est une ville faite pour \u00eatre photographi\u00e9e. Ses ruelles, ses canaux et ses places offrent des panoramas dignes d\u2019un r\u00eave, o\u00f9 chaque coin raconte une histoire d\u2019amour. Si vous \u00eates \u00e0 la recherche des endroits parfaits pour prendre des photos romantiques avec votre partenaire, l\u2019Arcadia Boutique Hotel est le point de d\u00e9part id\u00e9al pour [&hellip;]<\/p>\n","protected":false},"author":1,"featured_media":8971,"parent":5618,"menu_order":0,"comment_status":"closed","ping_status":"closed","template":"","meta":{"_acf_changed":false,"footnotes":""},"class_list":["post-5882","page","type-page","status-publish","has-post-thumbnail","hentry"],"acf":[],"_links":{"self":[{"href":"https:\/\/hotelarcadia.net\/fr\/wp-json\/wp\/v2\/pages\/5882","targetHints":{"allow":["GET"]}}],"collection":[{"href":"https:\/\/hotelarcadia.net\/fr\/wp-json\/wp\/v2\/pages"}],"about":[{"href":"https:\/\/hotelarcadia.net\/fr\/wp-json\/wp\/v2\/types\/page"}],"author":[{"embeddable":true,"href":"https:\/\/hotelarcadia.net\/fr\/wp-json\/wp\/v2\/users\/1"}],"replies":[{"embeddable":true,"href":"https:\/\/hotelarcadia.net\/fr\/wp-json\/wp\/v2\/comments?post=5882"}],"version-history":[{"count":0,"href":"https:\/\/hotelarcadia.net\/fr\/wp-json\/wp\/v2\/pages\/5882\/revisions"}],"up":[{"embeddable":true,"href":"https:\/\/hotelarcadia.net\/fr\/wp-json\/wp\/v2\/pages\/5618"}],"wp:featuredmedia":[{"embeddable":true,"href":"https:\/\/hotelarcadia.net\/fr\/wp-json\/wp\/v2\/media\/8971"}],"wp:attachment":[{"href":"https:\/\/hotelarcadia.net\/fr\/wp-json\/wp\/v2\/media?parent=5882"}],"curies":[{"name":"wp","href":"https:\/\/api.w.org\/{rel}","templated":true}]}}