{"id":5930,"date":"2025-03-26T08:10:29","date_gmt":"2025-03-26T08:10:29","guid":{"rendered":"https:\/\/www.hotelarcadia.net\/lhotel-le-plus-romantique-de-venise\/passeggiata-romantica-in-gondola\/"},"modified":"2025-07-16T09:38:17","modified_gmt":"2025-07-16T09:38:17","slug":"ou-faire-un-tour-romantique-en-gondole-a-venise","status":"publish","type":"page","link":"https:\/\/hotelarcadia.net\/fr\/hotel-le-plus-romantique-de-venise\/ou-faire-un-tour-romantique-en-gondole-a-venise\/","title":{"rendered":"O\u00f9 faire un tour romantique en gondole \u00e0 Venise?"},"content":{"rendered":"\n<p class=\"has-text-align-left\">Aucune visite de Venise n\u2019est compl\u00e8te sans u<strong><a data-type=\"URL\" data-id=\"https:\/\/hotelarcadia.net\/fr\/exhibition\/venis-gondole-conseils\/\" href=\"https:\/\/hotelarcadia.net\/fr\/exhibition\/venis-gondole-conseils\/\">n tour romantique en gondole<\/a><\/strong>. Glisser silencieusement sur les canaux les plus pittoresques de la ville, serr\u00e9s l\u2019un contre l\u2019autre et entour\u00e9s par la magie d\u2019un paysage unique, c\u2019est l\u2019exp\u00e9rience romantique par excellence. Pour les couples en qu\u00eate d\u2019intimit\u00e9 et de merveilles, la gondole est le moyen id\u00e9al pour d\u00e9couvrir une Venise cach\u00e9e, loin des foules.<\/p>\n\n\n\n<p class=\"has-text-align-left\">\u00c0 quelques pas de l\u2019<strong><a href=\"https:\/\/hotelarcadia.net\/fr\/lhotel-le-plus-romantique-de-venise\/hotel-arcadia-une-retraite-romantique-pour-couples-au-coeur-de-venise\/\" data-type=\"URL\" data-id=\"https:\/\/hotelarcadia.net\/fr\/lhotel-le-plus-romantique-de-venise\/hotel-arcadia-une-retraite-romantique-pour-couples-au-coeur-de-venise\/\">Arcadia Boutique Hote<\/a><\/strong><a href=\"https:\/\/hotelarcadia.net\/fr\/lhotel-le-plus-romantique-de-venise\/hotel-arcadia-une-retraite-romantique-pour-couples-au-coeur-de-venise\/\" data-type=\"URL\" data-id=\"https:\/\/hotelarcadia.net\/fr\/lhotel-le-plus-romantique-de-venise\/hotel-arcadia-une-retraite-romantique-pour-couples-au-coeur-de-venise\/\"><strong>l<\/strong><\/a>, vous aurez l\u2019opportunit\u00e9 de monter \u00e0 bord d\u2019une gondole et de commencer un voyage qui deviendra une partie inoubliable de votre histoire d\u2019amour.<\/p>\n\n\n\n<h3 class=\"wp-block-heading has-text-align-left\">Une gondole qui raconte des histoires d\u2019amour<\/h3>\n\n\n\n<p class=\"has-text-align-left\">La gondole est bien plus qu\u2019un simple moyen de transport. Par sa forme \u00e9l\u00e9gante et son mouvement lent, elle incarne la s\u00e9r\u00e9nit\u00e9 et la beaut\u00e9 de Venise. Chacune de ces embarcations raconte des histoires d\u2019amour s\u00e9culaires, en traversant les canaux plus \u00e9troits et plus romantiques. Le <strong>calme du moment<\/strong> et la <strong>vue unique<\/strong> qu\u2019offre une gondole rendent chaque promenade sp\u00e9ciale.<\/p>\n\n\n\n<blockquote class=\"wp-block-quote has-text-align-left is-layout-flow wp-block-quote-is-layout-flow\">\n<p><strong>Conseil romantique<\/strong>: r\u00e9servez une gondole au coucher du soleil, lorsque la ville est baign\u00e9e de teintes dor\u00e9es, pour vivre une atmosph\u00e8re digne d\u2019un r\u00eave, parfaite pour un baiser.<\/p>\n<\/blockquote>\n\n\n\n<h3 class=\"wp-block-heading has-text-align-left\">Tour romantique en gondole: d\u00e9couvrez les canaux cach\u00e9s de Venise<\/h3>\n\n\n\n<p class=\"has-text-align-left\">Bien que les canaux c\u00e9l\u00e8bres comme le <strong>Canal Grande<\/strong> soient magnifiques, les canaux plus \u00e9troits, calmes et \u00e9loign\u00e9s de l\u2019agitation offrent une <strong>vue plus intime et authentique<\/strong> de la ville. La gondole vous permet de passer \u00e0 travers des coins cach\u00e9s de Venise qui ne sont pas facilement accessibles \u00e0 pied. Passer sous de petits ponts, traverser des voies d\u2019eau tranquilles et d\u00e9couvrir des cours int\u00e9rieures secr\u00e8tes sont des exp\u00e9riences que seule la gondole peut offrir.<\/p>\n\n\n\n<blockquote class=\"wp-block-quote has-text-align-left is-layout-flow wp-block-quote-is-layout-flow\">\n<p><strong>Conseil romantique<\/strong>: demandez au gondolier de vous emmener dans les canaux moins connus du <strong><em>sestiere<\/em> de <em>San Marco<\/em><\/strong> ou du <strong><em>Cannaregio<\/em><\/strong>, pour d\u00e9couvrir un c\u00f4t\u00e9 plus intime de Venise.<\/p>\n<\/blockquote>\n\n\n\n<h3 class=\"wp-block-heading has-text-align-left\">Un gondolier qui chante pour vous<\/h3>\n\n\n\n<p class=\"has-text-align-left\">Beaucoup de gondoliers chantent des chansons traditionnelles pendant qu\u2019ils glissent silencieusement sur les canaux. Imaginez profiter d\u2019une promenade \u00e0 deux, avec les douces m\u00e9lodies d\u2019une s\u00e9r\u00e9nade se m\u00ealant au bruit de l\u2019eau. C\u2019est l\u2019un des moments <strong>les plus romantiques<\/strong> qu\u2019un couple puisse vivre \u00e0 Venise.<\/p>\n\n\n\n<blockquote class=\"wp-block-quote has-text-align-left is-layout-flow wp-block-quote-is-layout-flow\">\n<p><strong>Conseil romantique<\/strong>: demandez au gondolier de chanter pendant votre promenade, pour ajouter une touche sp\u00e9ciale \u00e0 l\u2019exp\u00e9rience.<\/p>\n<\/blockquote>\n\n\n\n<h3 class=\"wp-block-heading has-text-align-left\">Une exp\u00e9rience \u00e0 partager, un souvenir \u00e0 garder<\/h3>\n\n\n\n<p class=\"has-text-align-left\">Chaque promenade en gondole est unique. Elle dure entre 30 minutes et une heure, mais chaque instant est pr\u00e9cieux. Vous aurez l\u2019occasion de vous arr\u00eater, d\u2019observer <strong>le reflet des b\u00e2timents<\/strong> dans l\u2019eau, de vous \u00e9changer des regards tendres et de parler \u00e0 votre rythme. Apr\u00e8s la promenade, beaucoup de couples choisissent de s\u2019arr\u00eater pour un <strong>ap\u00e9ritif<\/strong> au bord d\u2019un des canaux, en continuant de profiter de la magie de Venise.<\/p>\n\n\n\n<blockquote class=\"wp-block-quote has-text-align-left is-layout-flow wp-block-quote-is-layout-flow\">\n<p><strong>Conseil romantique<\/strong>: apr\u00e8s votre promenade en gondole, arr\u00eatez-vous \u00e0 <strong><em>Piazza San Marco<\/em><\/strong> pour une promenade nocturne sous les r\u00e9verb\u00e8res. C\u2019est la fa\u00e7on id\u00e9ale de clore l\u2019exp\u00e9rience.<\/p>\n<\/blockquote>\n\n\n\n<h3 class=\"wp-block-heading has-text-align-left\">Ce que disent les h\u00f4tes de l\u2019Arcadia<\/h3>\n\n\n\n<blockquote class=\"wp-block-quote has-text-align-left is-layout-flow wp-block-quote-is-layout-flow\">\n<p>\u201cLa promenade en gondole a \u00e9t\u00e9 le moment le plus romantique de notre voyage. Le gondolier a chant\u00e9 pour nous pendant que nous traversions les canaux. C\u2019\u00e9tait pur magique.\u201d<br>\u201cNous avons fait une promenade priv\u00e9e en gondole, juste nous deux. C\u2019\u00e9tait la chose la plus romantique que nous ayons jamais v\u00e9cue. \u00c0 faire absolument!\u201d<br>\u201cLa promenade en gondole \u00e9tait parfaite, tout a \u00e9t\u00e9 organis\u00e9 par notre h\u00f4tel. Nous nous sommes sentis si sp\u00e9ciaux.\u201d<\/p>\n<\/blockquote>\n\n\n\n<h3 class=\"wp-block-heading has-text-align-left\">Pourquoi choisir une gondole avec l\u2019Arcadia<\/h3>\n\n\n\n<p class=\"has-text-align-left\">L\u2019<strong>Arcadia Boutique Hotel<\/strong> est le point de d\u00e9part id\u00e9al pour organiser votre promenade en gondole. Notre \u00e9quipe sera ravie de r\u00e9server pour vous une exp\u00e9rience unique, en choisissant le moment et l\u2019itin\u00e9raire qui vous conviennent, que ce soit un tour au coucher du soleil ou une aventure romantique la nuit sous les \u00e9toiles.<\/p>\n\n\n\n<p class=\"has-text-align-left\"><strong>R\u00e9servez votre s\u00e9jour \u00e0 l\u2019Arcadia Boutique Hotel<\/strong> et vivez l\u2019exp\u00e9rience romantique de la gondole \u00e0 Venise.<br>Ou <strong><a href=\"https:\/\/hotelarcadia.net\/fr\/\" data-type=\"URL\" data-id=\"https:\/\/hotelarcadia.net\/fr\/\">contactez-nous<\/a><\/strong> pour organiser une visite en gondole personnalis\u00e9e, avec le parcours id\u00e9al pour votre histoire d\u2019amour.<\/p>\n","protected":false},"excerpt":{"rendered":"<p>Aucune visite de Venise n\u2019est compl\u00e8te sans un tour romantique en gondole. Glisser silencieusement sur les canaux les plus pittoresques de la ville, serr\u00e9s l\u2019un contre l\u2019autre et entour\u00e9s par la magie d\u2019un paysage unique, c\u2019est l\u2019exp\u00e9rience romantique par excellence. Pour les couples en qu\u00eate d\u2019intimit\u00e9 et de merveilles, la gondole est le moyen id\u00e9al [&hellip;]<\/p>\n","protected":false},"author":1,"featured_media":6362,"parent":5618,"menu_order":0,"comment_status":"closed","ping_status":"closed","template":"","meta":{"_acf_changed":false,"footnotes":""},"class_list":["post-5930","page","type-page","status-publish","has-post-thumbnail","hentry"],"acf":[],"_links":{"self":[{"href":"https:\/\/hotelarcadia.net\/fr\/wp-json\/wp\/v2\/pages\/5930","targetHints":{"allow":["GET"]}}],"collection":[{"href":"https:\/\/hotelarcadia.net\/fr\/wp-json\/wp\/v2\/pages"}],"about":[{"href":"https:\/\/hotelarcadia.net\/fr\/wp-json\/wp\/v2\/types\/page"}],"author":[{"embeddable":true,"href":"https:\/\/hotelarcadia.net\/fr\/wp-json\/wp\/v2\/users\/1"}],"replies":[{"embeddable":true,"href":"https:\/\/hotelarcadia.net\/fr\/wp-json\/wp\/v2\/comments?post=5930"}],"version-history":[{"count":0,"href":"https:\/\/hotelarcadia.net\/fr\/wp-json\/wp\/v2\/pages\/5930\/revisions"}],"up":[{"embeddable":true,"href":"https:\/\/hotelarcadia.net\/fr\/wp-json\/wp\/v2\/pages\/5618"}],"wp:featuredmedia":[{"embeddable":true,"href":"https:\/\/hotelarcadia.net\/fr\/wp-json\/wp\/v2\/media\/6362"}],"wp:attachment":[{"href":"https:\/\/hotelarcadia.net\/fr\/wp-json\/wp\/v2\/media?parent=5930"}],"curies":[{"name":"wp","href":"https:\/\/api.w.org\/{rel}","templated":true}]}}