{"id":5949,"date":"2025-03-26T08:50:11","date_gmt":"2025-03-26T08:50:11","guid":{"rendered":"https:\/\/www.hotelarcadia.net\/lhotel-le-plus-romantique-de-venise\/passeggiata-romantica-sul-ponte-di-rialto\/"},"modified":"2025-04-02T10:53:42","modified_gmt":"2025-04-02T10:53:42","slug":"promenade-romantique-au-pont-du-rialto","status":"publish","type":"page","link":"https:\/\/hotelarcadia.net\/fr\/hotel-le-plus-romantique-de-venise\/promenade-romantique-au-pont-du-rialto\/","title":{"rendered":"Promenade romantique au Pont du Rialto: histoire, art et vues \u00e0 couper le souffle"},"content":{"rendered":"\n<p class=\"has-text-align-left\">Le <strong>Pont du Rialto<\/strong> est sans doute l\u2019un des lieux les plus embl\u00e9matiques de Venise et l\u2019un des \u00e9l\u00e9ments qui d\u00e9finissent l\u2019image de la ville dans le monde entier. Avec son architecture spectaculaire, sa vue imprenable sur le <strong><em>Canal Grande<\/em><\/strong> et sa position historique au c\u0153ur de Venise, il est un incontournable pour quiconque souhaite s\u2019impr\u00e9gner de l\u2019histoire et de la beaut\u00e9 de la ville.<\/p>\n\n\n\n<p class=\"has-text-align-left\">Pour les couples en qu\u00eate d\u2019une <strong>promenade romantique entre art, histoire et beaut\u00e9 intemporelle<\/strong>, le Pont du Rialto est l\u2019endroit id\u00e9al pour s\u2019arr\u00eater, prendre quelques photos et, bien s\u00fbr, vivre un moment d\u2019intimit\u00e9 loin de la foule.<\/p>\n\n\n\n<h3 class=\"has-text-align-left wp-block-heading\">L\u2019histoire racont\u00e9e par le pont<\/h3>\n\n\n\n<p class=\"has-text-align-left\">Construit entre <strong>1588<\/strong> et <strong>1591<\/strong>, le Pont du Rialto est l\u2019un des symboles les plus c\u00e9l\u00e8bres et les plus anciens de Venise et repr\u00e9sente un v\u00e9ritable chef-d\u2019\u0153uvre d\u2019ing\u00e9nierie pour son \u00e9poque. Con\u00e7u par l\u2019architecte <strong>Antonio da Ponte<\/strong>, le pont traverse le Canal Grande, reliant les deux rives et permettant le passage des marchands, des touristes et des V\u00e9nitiens. Avec sa structure unique en <strong>un seul arc<\/strong>, il a r\u00e9sist\u00e9 au temps, aux incendies et aux inondations, devenant un symbole de la r\u00e9silience et de la beaut\u00e9 de la ville.<\/p>\n\n\n\n<p class=\"has-text-align-left\">En marchant sous le pont, on peut sentir le poids de l\u2019histoire qui se refl\u00e8te dans les pierres, les d\u00e9tails architecturaux et le trafic incessant des gondoles et des bateaux qui traversent le canal. <strong><a href=\"https:\/\/hotelarcadia.net\/live-venice\/\" data-type=\"URL\" data-id=\"https:\/\/hotelarcadia.net\/live-venice\/\">Chaque pas sur le Pont du Rialto est un retour dans le pass\u00e9 v\u00e9nitien<\/a><\/strong>.<\/p>\n\n\n\n<h3 class=\"has-text-align-left wp-block-heading\">La vue \u00e0 couper le souffle depuis le pont<\/h3>\n\n\n\n<p class=\"has-text-align-left\">La <strong>vue depuis le Pont du Rialto<\/strong> est sans aucun doute l\u2019une des plus spectaculaires de la ville. D\u2019un c\u00f4t\u00e9, la vue sur le <em><strong>Canal Grande<\/strong><\/em>, avec ses gondoles et ses bateaux qui glissent sur l\u2019eau \u2013 un spectacle digne d\u2019une \u0153uvre d\u2019art. De l\u2019autre c\u00f4t\u00e9, l\u2019architecture des <strong>anciennes boutiques<\/strong> qui bordent le pont cr\u00e9e un effet visuel qui nous ram\u00e8ne dans le pass\u00e9, \u00e9voquant le commerce qui a toujours fait partie int\u00e9grante de la vie v\u00e9nitienne.<\/p>\n\n\n\n<p class=\"has-text-align-left\">Pour une <strong>promenade romantique<\/strong>, le Pont du Rialto offre l\u2019un des lieux les plus pittoresques pour s\u2019arr\u00eater, admirer la vue \u00e0 deux et <strong>capturer le moment<\/strong> dans une photographie. Si vous \u00eates chanceux, une <strong>journ\u00e9e ensoleill\u00e9e<\/strong> \u00e0 Venise offre des reflets sur l\u2019eau qui semblent peints, cr\u00e9ant la sc\u00e8ne parfaite pour un baiser ou une promenade main dans la main.<\/p>\n\n\n\n<blockquote class=\"wp-block-quote has-text-align-left is-layout-flow wp-block-quote-is-layout-flow\"><p><strong>Conseil romantique<\/strong>: si vous voulez vivre la magie du Pont du Rialto sans la foule, <strong>allez-y t\u00f4t le matin<\/strong>, lorsque la ville se r\u00e9veille et que l\u2019atmosph\u00e8re est encore calme. La lumi\u00e8re douce du matin et la ville qui prend lentement vie en font le moment id\u00e9al pour une promenade tranquille et une pause en amoureux.<\/p><\/blockquote>\n\n\n\n<h3 class=\"has-text-align-left wp-block-heading\">Le march\u00e9 du Rialto: un coin vivant et authentique de Venise<\/h3>\n\n\n\n<p class=\"has-text-align-left\">\u00c0 c\u00f4t\u00e9 du pont, le <strong>march\u00e9 du Rialto<\/strong> repr\u00e9sente l\u2019un des endroits les plus vivants et authentiques de Venise. Ici, parmi les \u00e9tals de poissons frais, de l\u00e9gumes color\u00e9s et de fruits de saison, on respire la vraie vie de la ville. Bien que le march\u00e9 soit l\u2019une des principales attractions touristiques de Venise, il a su conserver <strong>son charme authentique et quotidien<\/strong>, et s\u2019y promener est l\u2019une des exp\u00e9riences les plus pittoresques de la ville.<\/p>\n\n\n\n<blockquote class=\"wp-block-quote has-text-align-left is-layout-flow wp-block-quote-is-layout-flow\"><p><strong>Conseil romantique<\/strong>: traversez le march\u00e9 et arr\u00eatez-vous dans une des <strong>osterias traditionnelles<\/strong> pour go\u00fbter quelques <strong><em>cicchetti<\/em><\/strong> v\u00e9nitiens (tapas locales). Un petit go\u00fbt de la cuisine locale est un excellent moyen d\u2019enrichir votre exp\u00e9rience romantique.<\/p><\/blockquote>\n\n\n\n<h3 class=\"has-text-align-left wp-block-heading\">Une promenade romantique le long du Canal Grande<\/h3>\n\n\n\n<p class=\"has-text-align-left\">Au-del\u00e0 du Pont du Rialto, le <strong><em>Canal Grande<\/em><\/strong> est le protagoniste principal de la ville. Avec ses <strong>palais historiques<\/strong> qui se refl\u00e8tent sur l\u2019eau et les gondoles qui passent, c\u2019est l\u2019un des endroits les plus charmants pour une promenade romantique. L\u2019id\u00e9al est de se promener le long des fondamenta, l\u00e0 o\u00f9 l\u2019on trouve des coins plus tranquilles, loin des foules. Cela permet de s\u2019immerger pleinement dans la beaut\u00e9 de Venise.<\/p>\n\n\n\n<blockquote class=\"wp-block-quote has-text-align-left is-layout-flow wp-block-quote-is-layout-flow\"><p><strong>Conseil romantique<\/strong>: profitez d\u2019une promenade tranquille le long du <strong>Canal Grande<\/strong> au coucher du soleil. La lumi\u00e8re qui se refl\u00e8te sur l\u2019eau cr\u00e9e une atmosph\u00e8re unique pour un baiser romantique ou une conversation \u00e0 c\u0153ur ouvert.<\/p><\/blockquote>\n\n\n\n<h3 class=\"has-text-align-left wp-block-heading\">Un coucher de soleil inoubliable<\/h3>\n\n\n\n<p class=\"has-text-align-left\">Quoi de plus romantique que de regarder le <strong>coucher du soleil sur le <em>Canal Grande<\/em><\/strong>, avec la lumi\u00e8re dor\u00e9e qui effleure les fa\u00e7ades des b\u00e2timents et le pont qui s\u2019\u00e9tend au-dessus du canal? Le coucher de soleil \u00e0 Venise a une beaut\u00e9 incomparable, qui peut \u00eatre pleinement appr\u00e9ci\u00e9e depuis le <strong>Pont du Rialto<\/strong>.<\/p>\n\n\n\n<blockquote class=\"wp-block-quote has-text-align-left is-layout-flow wp-block-quote-is-layout-flow\"><p><strong>Conseil romantique<\/strong>: apportez un <strong>verre de Prosecco<\/strong> et profitez du coucher du soleil ensemble, peut-\u00eatre en vous arr\u00eatant dans l\u2019un des caf\u00e9s panoramiques pr\u00e8s du pont. <strong>Le coucher de soleil \u00e0 Venise est une exp\u00e9rience que chaque couple devrait vivre ensemble<\/strong>.<\/p><\/blockquote>\n\n\n\n<h3 class=\"has-text-align-left wp-block-heading\">Les \u00e9motions qui restent<\/h3>\n\n\n\n<p class=\"has-text-align-left\">Chaque couple qui visite Venise a un souvenir sp\u00e9cial li\u00e9 au <strong>Pont du Rialto<\/strong>. Pour certains, c\u2019est le premier lieu qu\u2019ils rencontrent en arrivant dans la ville, pour d\u2019autres, il marque le d\u00e9but d\u2019un voyage inoubliable. Quelle que soit votre histoire, le Pont du Rialto restera toujours un lieu magique pour s\u2019arr\u00eater, <strong>prendre une photo et se souvenir d\u2019un moment sp\u00e9cial<\/strong>.<\/p>\n\n\n\n<blockquote class=\"wp-block-quote has-text-align-left is-layout-flow wp-block-quote-is-layout-flow\"><p><strong>Conseil romantique<\/strong>: avant de partir, arr\u00eatez-vous pour une <strong>photo sous le pont<\/strong>, avec <strong>le canal en arri\u00e8re-plan<\/strong> qui coule sous vous. Une photo souvenir d\u2019un amour qui grandira avec la ville.<\/p><\/blockquote>\n\n\n\n<h3 class=\"has-text-align-left wp-block-heading\">Conseils de l\u2019\u00e9quipe Arcadia<\/h3>\n\n\n\n<blockquote class=\"wp-block-quote has-text-align-left is-layout-flow wp-block-quote-is-layout-flow\"><p class=\"\">\u201cLe Pont du Rialto est le c\u0153ur de Venise. Profitez du coucher du soleil pour une promenade tranquille.\u201d<br>\u201cSi vous souhaitez vivre une Venise plus intime, promenez-vous le long des rives du canal et d\u00e9couvrez des coins cach\u00e9s.\u201d<br>\u201cLe march\u00e9 du Rialto est l\u2019endroit id\u00e9al pour une pause gastronomique romantique.\u201d<\/p><\/blockquote>\n\n\n\n<p class=\"has-text-align-left\"><strong>R\u00e9servez votre s\u00e9jour \u00e0 l\u2019Arcadia Boutique Hotel<\/strong> et commencez votre promenade romantique \u00e0 Venise depuis le Pont du Rialto.<br>Ou <strong><a href=\"https:\/\/hotelarcadia.net\/fr\/\" data-type=\"URL\" data-id=\"https:\/\/hotelarcadia.net\/fr\/\">contactez-nous<\/a><\/strong> pour des conseils personnalis\u00e9s sur la mani\u00e8re de rendre votre exp\u00e9rience romantique \u00e0 Venise encore plus sp\u00e9ciale.<\/p>\n","protected":false},"excerpt":{"rendered":"<p>Le Pont du Rialto est sans doute l\u2019un des lieux les plus embl\u00e9matiques de Venise et l\u2019un des \u00e9l\u00e9ments qui d\u00e9finissent l\u2019image de la ville dans le monde entier. Avec son architecture spectaculaire, sa vue imprenable sur le Canal Grande et sa position historique au c\u0153ur de Venise, il est un incontournable pour quiconque souhaite [&hellip;]<\/p>\n","protected":false},"author":1,"featured_media":6417,"parent":5618,"menu_order":0,"comment_status":"closed","ping_status":"closed","template":"","meta":{"_acf_changed":false,"footnotes":""},"class_list":["post-5949","page","type-page","status-publish","has-post-thumbnail","hentry"],"acf":[],"_links":{"self":[{"href":"https:\/\/hotelarcadia.net\/fr\/wp-json\/wp\/v2\/pages\/5949","targetHints":{"allow":["GET"]}}],"collection":[{"href":"https:\/\/hotelarcadia.net\/fr\/wp-json\/wp\/v2\/pages"}],"about":[{"href":"https:\/\/hotelarcadia.net\/fr\/wp-json\/wp\/v2\/types\/page"}],"author":[{"embeddable":true,"href":"https:\/\/hotelarcadia.net\/fr\/wp-json\/wp\/v2\/users\/1"}],"replies":[{"embeddable":true,"href":"https:\/\/hotelarcadia.net\/fr\/wp-json\/wp\/v2\/comments?post=5949"}],"version-history":[{"count":0,"href":"https:\/\/hotelarcadia.net\/fr\/wp-json\/wp\/v2\/pages\/5949\/revisions"}],"up":[{"embeddable":true,"href":"https:\/\/hotelarcadia.net\/fr\/wp-json\/wp\/v2\/pages\/5618"}],"wp:featuredmedia":[{"embeddable":true,"href":"https:\/\/hotelarcadia.net\/fr\/wp-json\/wp\/v2\/media\/6417"}],"wp:attachment":[{"href":"https:\/\/hotelarcadia.net\/fr\/wp-json\/wp\/v2\/media?parent=5949"}],"curies":[{"name":"wp","href":"https:\/\/api.w.org\/{rel}","templated":true}]}}